{"id":5747,"date":"2020-04-19T08:45:33","date_gmt":"2020-04-19T08:45:33","guid":{"rendered":"http:\/\/koduspa.ee\/?post_type=product&#038;p=5747"},"modified":"2025-10-28T12:37:12","modified_gmt":"2025-10-28T12:37:12","slug":"el-keris-tylo-sense-elite-juhtpaneel","status":"publish","type":"product","link":"https:\/\/koduspa.ee\/en\/pood\/tylo-elektrikerised-en\/el-keris-tylo-sense-elite-juhtpaneel\/","title":{"rendered":"ELEKTRIKERIS TYL\u00d6 SENSE ELITE CLOUD"},"content":{"rendered":"<p><span style=\"color: #000000;\">Uusim saunakeris Sense elektrikeriste tootevalikus.<\/span><\/p>\n<p><span style=\"color: #000000;\">See on varustatud paljude nutikate ja patenteeritud funktsioonidega,<\/span><\/p>\n<p><span style=\"color: #000000;\">teeb t\u00e4iusliku valiku energias\u00e4\u00e4stlikuks saunask\u00e4imiseks.<\/span><\/p>\n<p><span style=\"color: #000000;\">Komplekti kuulub WiFi-\u00fchendusega Elite Cloud juhtimispaneel,<\/span><\/p>\n<p><span style=\"color: #000000;\">mis tagab maksimaalse eelise ja mugavuse.<\/span><\/p>\n<p><span style=\"color: #000000;\">Automatiseeritud ja ajastatud <\/span><span style=\"color: #000000;\">kasutamine maksimaalse vabaduse ja paindlikkuse saavutamiseks.<\/span><\/p>\n<p><span style=\"color: #000000;\">Jaotatud v\u00e4ljundi funktsionaalsus. V\u00e4hendab v\u00f5imsust, kui seatud temperatuur on saavutatud.<\/span><\/p>\n<p><span style=\"color: #000000;\">Kerisekivid ei kuulu komplekti.<\/span><\/p>\n<p><span style=\"color: #000000;\">Tehnilised andmed:<\/span><\/p>\n<p><a href=\"https:\/\/cdn2.hubspot.net\/hubfs\/379485\/Tyl%C3%B6Helo%20downloads%20(product%20data)\/Tyl%C3%B6%20manuals\/2900%205300%20SENSE%20COMMERCIAL%20installation%20guide.pdf\">https:\/\/cdn2.hubspot.net\/hubfs\/379485\/Tyl%C3%B6Helo%20downloads%20(product%20data)\/Tyl%C3%B6%20manuals\/2900%205300%20SENSE%20COMMERCIAL%20installation%20guide.pdf<\/a><\/p>\n<p><span style=\"color: #000000;\">Garantiitingimused:<\/span><\/p>\n<p><a href=\"https:\/\/cdn2.hubspot.net\/hubfs\/379485\/Tyl%C3%B6Helo%20downloads%20(product%20data)\/Helo%20manuals\/Warranty%20policy.pdf\">https:\/\/cdn2.hubspot.net\/hubfs\/379485\/Tyl%C3%B6Helo%20downloads%20(product%20data)\/Helo%20manuals\/Warranty%20policy.pdf<\/a><\/p>\n<p>&nbsp;<\/p>\n<p>&nbsp;<\/p>\n","protected":false},"excerpt":{"rendered":"<p>Uusim saunakeris Sense elektrikeriste tootevalikus. See on varustatud paljude nutikate ja patenteeritud funktsioonidega, teeb t\u00e4iusliku valiku energias\u00e4\u00e4stlikuks saunask\u00e4imiseks. Komplekti kuulub WiFi-\u00fchendusega Elite Cloud juhtimispaneel, mis tagab maksimaalse eelise ja mugavuse. Automatiseeritud ja ajastatud kasutamine maksimaalse vabaduse ja paindlikkuse saavutamiseks. Jaotatud v\u00e4ljundi funktsionaalsus. V\u00e4hendab v\u00f5imsust, kui seatud temperatuur on saavutatud. Kerisekivid ei kuulu komplekti. Tehnilised andmed: [&hellip;]<\/p>\n","protected":false},"featured_media":5748,"comment_status":"open","ping_status":"closed","template":"","meta":{"_acf_changed":false,"_genesis_hide_title":false,"_genesis_hide_breadcrumbs":false,"_genesis_hide_singular_image":false,"_genesis_hide_footer_widgets":false,"_genesis_custom_body_class":"","_genesis_custom_post_class":"","_genesis_layout":""},"product_brand":[],"product_cat":[173],"product_tag":[],"class_list":{"0":"post-5747","1":"product","2":"type-product","3":"status-publish","4":"has-post-thumbnail","6":"product_cat-tylo-elektrikerised","7":"entry","8":"override","10":"first","11":"instock","12":"shipping-taxable","13":"purchasable","14":"product-type-variable"},"acf":[],"_links":{"self":[{"href":"https:\/\/koduspa.ee\/en\/wp-json\/wp\/v2\/product\/5747","targetHints":{"allow":["GET"]}}],"collection":[{"href":"https:\/\/koduspa.ee\/en\/wp-json\/wp\/v2\/product"}],"about":[{"href":"https:\/\/koduspa.ee\/en\/wp-json\/wp\/v2\/types\/product"}],"replies":[{"embeddable":true,"href":"https:\/\/koduspa.ee\/en\/wp-json\/wp\/v2\/comments?post=5747"}],"wp:featuredmedia":[{"embeddable":true,"href":"https:\/\/koduspa.ee\/en\/wp-json\/wp\/v2\/media\/5748"}],"wp:attachment":[{"href":"https:\/\/koduspa.ee\/en\/wp-json\/wp\/v2\/media?parent=5747"}],"wp:term":[{"taxonomy":"product_brand","embeddable":true,"href":"https:\/\/koduspa.ee\/en\/wp-json\/wp\/v2\/product_brand?post=5747"},{"taxonomy":"product_cat","embeddable":true,"href":"https:\/\/koduspa.ee\/en\/wp-json\/wp\/v2\/product_cat?post=5747"},{"taxonomy":"product_tag","embeddable":true,"href":"https:\/\/koduspa.ee\/en\/wp-json\/wp\/v2\/product_tag?post=5747"}],"curies":[{"name":"wp","href":"https:\/\/api.w.org\/{rel}","templated":true}]}}