{"id":5744,"date":"2020-04-19T08:37:00","date_gmt":"2020-04-19T08:37:00","guid":{"rendered":"http:\/\/koduspa.ee\/?post_type=product&#038;p=5744"},"modified":"2025-10-28T12:44:11","modified_gmt":"2025-10-28T12:44:11","slug":"el-keris-tylo-sense-pure-juhtpaneel","status":"publish","type":"product","link":"https:\/\/koduspa.ee\/en\/pood\/tylo-elektrikerised-en\/el-keris-tylo-sense-pure-juhtpaneel\/","title":{"rendered":"ELEKTRIKERIS TYL\u00d6 SENSE PURE"},"content":{"rendered":"<p><span style=\"color: #000000;\">Nagu \u00fclej\u00e4\u00e4nud Sense perekond elektrilisi keriseid,<\/span><\/p>\n<p><span style=\"color: #000000;\">edastab soojust kiiresti ja t\u00f5husalt. See on standardvarustuses digitaalse<\/span><\/p>\n<p><span style=\"color: #000000;\">puutetundliku juhtimispaneeliga Pure, mis h\u00f5lbustab kasutamist ja mugavust.<\/span><\/p>\n<p><span style=\"color: #000000;\">Viivitatud k\u00e4ivitamiseks on vaja ukse kontakti. Kvaliteetsest roostevabast terasest<\/span><\/p>\n<p><span style=\"color: #000000;\">konstruktsioon kiviruumi jaoks. Jaotatud v\u00e4ljundi funktsionaalsus.<\/span><\/p>\n<p><span style=\"color: #000000;\">V\u00e4hendab v\u00f5imsust, kui seatud temperatuur on saavutatud. <\/span><\/p>\n<p><span style=\"color: #000000;\">Termokaitsega kaitsekate, hoiab \u00e4ra tahtmatu nahap\u00f5letuse.<\/span><\/p>\n<p><span style=\"color: #000000;\">Kerisekivid ei kuulu komplekti.<\/span><\/p>\n<p><span style=\"color: #000000;\">Tehnilised andmed:<\/span><\/p>\n<p><a href=\"https:\/\/cdn2.hubspot.net\/hubfs\/379485\/Tyl%C3%B6Helo%20downloads%20(product%20data)\/Tyl%C3%B6%20manuals\/2900%205190%20SENSE%20PURE%20installation%20guide.pdf\">https:\/\/cdn2.hubspot.net\/hubfs\/379485\/Tyl%C3%B6Helo%20downloads%20(product%20data)\/Tyl%C3%B6%20manuals\/2900%205190%20SENSE%20PURE%20installation%20guide.pdf<\/a><\/p>\n<p><span style=\"color: #000000;\">Garantiitingimused:<\/span><\/p>\n<p><a href=\"https:\/\/cdn2.hubspot.net\/hubfs\/379485\/Tyl%C3%B6Helo%20downloads%20(product%20data)\/Helo%20manuals\/Warranty%20policy.pdf\">https:\/\/cdn2.hubspot.net\/hubfs\/379485\/Tyl%C3%B6Helo%20downloads%20(product%20data)\/Helo%20manuals\/Warranty%20policy.pdf<\/a><\/p>\n","protected":false},"excerpt":{"rendered":"<p>Nagu \u00fclej\u00e4\u00e4nud Sense perekond elektrilisi keriseid, edastab soojust kiiresti ja t\u00f5husalt. See on standardvarustuses digitaalse puutetundliku juhtimispaneeliga Pure, mis h\u00f5lbustab kasutamist ja mugavust. Viivitatud k\u00e4ivitamiseks on vaja ukse kontakti. Kvaliteetsest roostevabast terasest konstruktsioon kiviruumi jaoks. Jaotatud v\u00e4ljundi funktsionaalsus. V\u00e4hendab v\u00f5imsust, kui seatud temperatuur on saavutatud. Termokaitsega kaitsekate, hoiab \u00e4ra tahtmatu nahap\u00f5letuse. Kerisekivid ei kuulu komplekti. [&hellip;]<\/p>\n","protected":false},"featured_media":5745,"comment_status":"open","ping_status":"closed","template":"","meta":{"_acf_changed":false,"_genesis_hide_title":false,"_genesis_hide_breadcrumbs":false,"_genesis_hide_singular_image":false,"_genesis_hide_footer_widgets":false,"_genesis_custom_body_class":"","_genesis_custom_post_class":"","_genesis_layout":""},"product_brand":[],"product_cat":[173],"product_tag":[],"class_list":{"0":"post-5744","1":"product","2":"type-product","3":"status-publish","4":"has-post-thumbnail","6":"product_cat-tylo-elektrikerised","7":"entry","8":"override","10":"first","11":"instock","12":"shipping-taxable","13":"purchasable","14":"product-type-variable"},"acf":[],"_links":{"self":[{"href":"https:\/\/koduspa.ee\/en\/wp-json\/wp\/v2\/product\/5744","targetHints":{"allow":["GET"]}}],"collection":[{"href":"https:\/\/koduspa.ee\/en\/wp-json\/wp\/v2\/product"}],"about":[{"href":"https:\/\/koduspa.ee\/en\/wp-json\/wp\/v2\/types\/product"}],"replies":[{"embeddable":true,"href":"https:\/\/koduspa.ee\/en\/wp-json\/wp\/v2\/comments?post=5744"}],"wp:featuredmedia":[{"embeddable":true,"href":"https:\/\/koduspa.ee\/en\/wp-json\/wp\/v2\/media\/5745"}],"wp:attachment":[{"href":"https:\/\/koduspa.ee\/en\/wp-json\/wp\/v2\/media?parent=5744"}],"wp:term":[{"taxonomy":"product_brand","embeddable":true,"href":"https:\/\/koduspa.ee\/en\/wp-json\/wp\/v2\/product_brand?post=5744"},{"taxonomy":"product_cat","embeddable":true,"href":"https:\/\/koduspa.ee\/en\/wp-json\/wp\/v2\/product_cat?post=5744"},{"taxonomy":"product_tag","embeddable":true,"href":"https:\/\/koduspa.ee\/en\/wp-json\/wp\/v2\/product_tag?post=5744"}],"curies":[{"name":"wp","href":"https:\/\/api.w.org\/{rel}","templated":true}]}}