{"id":5718,"date":"2020-04-16T15:54:18","date_gmt":"2020-04-16T15:54:18","guid":{"rendered":"http:\/\/koduspa.ee\/?post_type=product&#038;p=5718"},"modified":"2025-10-28T13:03:11","modified_gmt":"2025-10-28T13:03:11","slug":"5718","status":"publish","type":"product","link":"https:\/\/koduspa.ee\/en\/pood\/tylo-elektrikerised-en\/5718\/","title":{"rendered":"ELEKTRIKERIS TYL\u00d6 SENSE COMBI PURE\/ELITE CLOUD"},"content":{"rendered":"<p><strong>S<\/strong><span style=\"color: #000000;\">ama t\u00f5hus ja kiire t\u00f6\u00f6 nagu \u00fclej\u00e4\u00e4nud Sense kerisevalikus,<\/span><\/p>\n<p><span style=\"color: #000000;\">kuid Sense Combi Pure\/Elite Cloud pakub traditsioonilisi<\/span><\/p>\n<p><span style=\"color: #000000;\">kuiva sauna elamusi koos rikkaliku ja \u00fcmbritseva auruga veelgi<\/span><\/p>\n<p><span style=\"color: #000000;\">suurema mitmek\u00fclgsuse ja naudingu saamiseks.<\/span><\/p>\n<p><span style=\"color: #000000;\">Aurusauna v\u00f5imalus koos aroomi- ja mineraalteraapiatega.<\/span><\/p>\n<p><span style=\"color: #000000;\"> Jaotatud v\u00e4ljundi funktsionaalsus.<\/span><\/p>\n<p><span style=\"color: #000000;\">Hoolikas automaatne temperatuuri j\u00e4lgimine.<\/span><\/p>\n<p><span style=\"color: #000000;\"> V\u00e4hendab v\u00f5imsust, kui seatud temperatuur on saavutatud.<\/span><\/p>\n<p><span style=\"color: #000000;\">Termokaitsega kaitsekate, hoiab \u00e4ra tahtmatu nahap\u00f5letuse.<\/span><\/p>\n<p><span style=\"color: #000000;\">Kvaliteetsest roostevabast terasest konstruktsioon kiviruumi jaoks.<\/span><\/p>\n<p><span style=\"color: #000000;\">Elite juhtpaneel wifi-ga \u00fchendamise v\u00f5imalu.<\/span><\/p>\n<p><span style=\"color: #000000;\">Kerisekivid ei kuulu komplekti.<\/span><\/p>\n<p><span style=\"color: #000000;\">Tehnilised andmed:<\/span><\/p>\n<p><a href=\"https:\/\/cdn2.hubspot.net\/hubfs\/379485\/Tyl%C3%B6Helo%20downloads%20(product%20data)\/Tyl%C3%B6%20manuals\/2900%205210%20SENSE%20COMBI%20Elite%20Pure%20installation%20guide.pdf\">https:\/\/cdn2.hubspot.net\/hubfs\/379485\/Tyl%C3%B6Helo%20downloads%20(product%20data)\/Tyl%C3%B6%20manuals\/2900%205210%20SENSE%20COMBI%20Elite%20Pure%20installation%20guide.pdf<\/a><\/p>\n<p><span style=\"color: #000000;\">Garantiitingimused:<\/span><\/p>\n<p><a href=\"https:\/\/cdn2.hubspot.net\/hubfs\/379485\/Tyl%C3%B6Helo%20downloads%20(product%20data)\/Helo%20manuals\/Warranty%20policy.pdf\">https:\/\/cdn2.hubspot.net\/hubfs\/379485\/Tyl%C3%B6Helo%20downloads%20(product%20data)\/Helo%20manuals\/Warranty%20policy.pdf<\/a><\/p>\n","protected":false},"excerpt":{"rendered":"<p>Sama t\u00f5hus ja kiire t\u00f6\u00f6 nagu \u00fclej\u00e4\u00e4nud Sense kerisevalikus, kuid Sense Combi Pure\/Elite Cloud pakub traditsioonilisi kuiva sauna elamusi koos rikkaliku ja \u00fcmbritseva auruga veelgi suurema mitmek\u00fclgsuse ja naudingu saamiseks. Aurusauna v\u00f5imalus koos aroomi- ja mineraalteraapiatega. Jaotatud v\u00e4ljundi funktsionaalsus. Hoolikas automaatne temperatuuri j\u00e4lgimine. V\u00e4hendab v\u00f5imsust, kui seatud temperatuur on saavutatud. Termokaitsega kaitsekate, hoiab \u00e4ra tahtmatu [&hellip;]<\/p>\n","protected":false},"featured_media":8697,"comment_status":"open","ping_status":"closed","template":"","meta":{"_acf_changed":false,"_genesis_hide_title":false,"_genesis_hide_breadcrumbs":false,"_genesis_hide_singular_image":false,"_genesis_hide_footer_widgets":false,"_genesis_custom_body_class":"","_genesis_custom_post_class":"","_genesis_layout":""},"product_brand":[],"product_cat":[173],"product_tag":[],"class_list":{"0":"post-5718","1":"product","2":"type-product","3":"status-publish","4":"has-post-thumbnail","6":"product_cat-tylo-elektrikerised","7":"entry","8":"override","10":"first","11":"instock","12":"shipping-taxable","13":"purchasable","14":"product-type-variable"},"acf":[],"_links":{"self":[{"href":"https:\/\/koduspa.ee\/en\/wp-json\/wp\/v2\/product\/5718","targetHints":{"allow":["GET"]}}],"collection":[{"href":"https:\/\/koduspa.ee\/en\/wp-json\/wp\/v2\/product"}],"about":[{"href":"https:\/\/koduspa.ee\/en\/wp-json\/wp\/v2\/types\/product"}],"replies":[{"embeddable":true,"href":"https:\/\/koduspa.ee\/en\/wp-json\/wp\/v2\/comments?post=5718"}],"wp:featuredmedia":[{"embeddable":true,"href":"https:\/\/koduspa.ee\/en\/wp-json\/wp\/v2\/media\/8697"}],"wp:attachment":[{"href":"https:\/\/koduspa.ee\/en\/wp-json\/wp\/v2\/media?parent=5718"}],"wp:term":[{"taxonomy":"product_brand","embeddable":true,"href":"https:\/\/koduspa.ee\/en\/wp-json\/wp\/v2\/product_brand?post=5718"},{"taxonomy":"product_cat","embeddable":true,"href":"https:\/\/koduspa.ee\/en\/wp-json\/wp\/v2\/product_cat?post=5718"},{"taxonomy":"product_tag","embeddable":true,"href":"https:\/\/koduspa.ee\/en\/wp-json\/wp\/v2\/product_tag?post=5718"}],"curies":[{"name":"wp","href":"https:\/\/api.w.org\/{rel}","templated":true}]}}