{"id":5717,"date":"2020-04-16T15:50:21","date_gmt":"2020-04-16T15:50:21","guid":{"rendered":"http:\/\/koduspa.ee\/?post_type=product&#038;p=5717"},"modified":"2025-10-28T11:45:09","modified_gmt":"2025-10-28T11:45:09","slug":"5717","status":"publish","type":"product","link":"https:\/\/koduspa.ee\/en\/pood\/tylo-elektrikerised-en\/5717\/","title":{"rendered":"ELEKTRIKERIS TYL\u00d6 SENSE SPORT 2\/4 KW"},"content":{"rendered":"<p><span style=\"color: #000000;\">See kompaktne elektrikeris on konstrueeritud nii, <\/span><span style=\"color: #000000;\">et see sobib v\u00e4iksema <\/span><\/p>\n<p><span style=\"color: #000000;\">suurusega saunaruumidesse <\/span><span style=\"color: #000000;\">ilma, et see kahjustaks stiili, kvaliteeti ja t\u00f5husust. <\/span><\/p>\n<p><span style=\"color: #000000;\">Integreeritud juhtpaneel ja Thermosafe kaitsekate <\/span><span style=\"color: #000000;\">v\u00f5imaldavad h\u00f5lpsat <\/span><\/p>\n<p><span style=\"color: #000000;\">seadistamist ja paremat ohutust.<\/span><\/p>\n<p><span style=\"color: #000000;\">Termokaitsega kaitsekate, hoiab \u00e4ra tahtmatu nahap\u00f5letuse.<\/span><\/p>\n<p><span style=\"color: #000000;\">Kiired kuumutamisajad, sisseehitatud juhtpaneel.<\/span><\/p>\n<p><span style=\"color: #000000;\">Nuppudega, manuaalne juhtimine.<\/span><\/p>\n<p><span style=\"color: #000000;\">M\u00f5\u00f5t 384x214x480, saunale 2 &#8211; 4 m3, kivi kaal 7 kg.<\/span><\/p>\n<p><span style=\"color: #000000;\">Ohutuskaugus: k\u00fclg-sein 20 mm, lagi 1900 mm.<\/span><\/p>\n<p><span style=\"color: #000000;\">Kerisekivid ei kuulu komplekti.<\/span><\/p>\n<p><span style=\"color: #000000;\">Tehnilised andmed:<\/span><\/p>\n<p><a href=\"https:\/\/www.tylohelo.com\/hubfs\/2900%205252%20SENSE%20SPORT%202-4%20installation.pdf?hsLang=en\">https:\/\/www.tylohelo.com\/hubfs\/2900%205252%20SENSE%20SPORT%202-4%20installation.pdf?hsLang=en<\/a><\/p>\n<p><span style=\"color: #000000;\">Garantiitingimused:<\/span><\/p>\n<p><a href=\"https:\/\/cdn2.hubspot.net\/hubfs\/379485\/Tyl%C3%B6Helo%20downloads%20(product%20data)\/Helo%20manuals\/Warranty%20policy.pdf\">https:\/\/cdn2.hubspot.net\/hubfs\/379485\/Tyl%C3%B6Helo%20downloads%20(product%20data)\/Helo%20manuals\/Warranty%20policy.pdf<\/a><\/p>\n<p>&nbsp;<\/p>\n<div class=\"container container--library row\">\n<div class=\"mod mod-library o-library js-o-library\" data-document-mode=\"MEDIALIBRARY\" data-setting-collection-show-border=\"1\" data-setting-collection-show-image-count=\"\" data-setting-collection-preview-type=\"tiled\" data-setting-collection-size=\"small\" data-setting-collection-layout=\"slider\" data-setting-facettes-layout=\"pills\" data-setting-tags-style-small=\"\" data-setting-tag-based-style-active=\"\" data-setting-image-max-height=\"\">\n<div class=\"o-library__asset-list js-o-library__asset-list\">\n<div class=\"o-library__asset-item js-o-library__asset-item \" data-w=\"4483\" data-h=\"5131\" data-asset-id=\"2939242\" data-o-viewer-token=\"eyJpZCI6MjkzOTI0Mn0:frontify:-svreXKifQEA-E56tqxV0-NpzWY5jVpXy_mMEUX65Kg\"><\/div>\n<\/div>\n<\/div>\n<\/div>\n","protected":false},"excerpt":{"rendered":"<p>See kompaktne elektrikeris on konstrueeritud nii, et see sobib v\u00e4iksema suurusega saunaruumidesse ilma, et see kahjustaks stiili, kvaliteeti ja t\u00f5husust. Integreeritud juhtpaneel ja Thermosafe kaitsekate v\u00f5imaldavad h\u00f5lpsat seadistamist ja paremat ohutust. Termokaitsega kaitsekate, hoiab \u00e4ra tahtmatu nahap\u00f5letuse. Kiired kuumutamisajad, sisseehitatud juhtpaneel. Nuppudega, manuaalne juhtimine. M\u00f5\u00f5t 384x214x480, saunale 2 &#8211; 4 m3, kivi kaal 7 kg. [&hellip;]<\/p>\n","protected":false},"featured_media":5974,"comment_status":"open","ping_status":"closed","template":"","meta":{"_acf_changed":false,"_genesis_hide_title":false,"_genesis_hide_breadcrumbs":false,"_genesis_hide_singular_image":false,"_genesis_hide_footer_widgets":false,"_genesis_custom_body_class":"","_genesis_custom_post_class":"","_genesis_layout":""},"product_brand":[],"product_cat":[173],"product_tag":[],"class_list":{"0":"post-5717","1":"product","2":"type-product","3":"status-publish","4":"has-post-thumbnail","6":"product_cat-tylo-elektrikerised","7":"entry","8":"override","10":"first","11":"instock","12":"shipping-taxable","13":"purchasable","14":"product-type-simple"},"acf":[],"_links":{"self":[{"href":"https:\/\/koduspa.ee\/en\/wp-json\/wp\/v2\/product\/5717","targetHints":{"allow":["GET"]}}],"collection":[{"href":"https:\/\/koduspa.ee\/en\/wp-json\/wp\/v2\/product"}],"about":[{"href":"https:\/\/koduspa.ee\/en\/wp-json\/wp\/v2\/types\/product"}],"replies":[{"embeddable":true,"href":"https:\/\/koduspa.ee\/en\/wp-json\/wp\/v2\/comments?post=5717"}],"wp:featuredmedia":[{"embeddable":true,"href":"https:\/\/koduspa.ee\/en\/wp-json\/wp\/v2\/media\/5974"}],"wp:attachment":[{"href":"https:\/\/koduspa.ee\/en\/wp-json\/wp\/v2\/media?parent=5717"}],"wp:term":[{"taxonomy":"product_brand","embeddable":true,"href":"https:\/\/koduspa.ee\/en\/wp-json\/wp\/v2\/product_brand?post=5717"},{"taxonomy":"product_cat","embeddable":true,"href":"https:\/\/koduspa.ee\/en\/wp-json\/wp\/v2\/product_cat?post=5717"},{"taxonomy":"product_tag","embeddable":true,"href":"https:\/\/koduspa.ee\/en\/wp-json\/wp\/v2\/product_tag?post=5717"}],"curies":[{"name":"wp","href":"https:\/\/api.w.org\/{rel}","templated":true}]}}