{"id":19458,"date":"2026-04-22T06:23:39","date_gmt":"2026-04-22T06:23:39","guid":{"rendered":"https:\/\/koduspa.ee\/?post_type=product&#038;p=19458"},"modified":"2026-04-22T06:28:29","modified_gmt":"2026-04-22T06:28:29","slug":"eos-veskisaun-standardversioon-professionaalne","status":"publish","type":"product","link":"https:\/\/koduspa.ee\/en\/pood\/eos-elektrikerised\/eos-veskisaun-standardversioon-professionaalne\/","title":{"rendered":"EOS VESKISAUN standardversioon \/ professionaalne"},"content":{"rendered":"<h6><span style=\"color: #000000;\">K\u00dcSI PAKKUMIST!<\/span><br \/>\n<span style=\"color: #000000;\">Saadaval 18, 24, 30 ja 36 kW.<\/span><\/h6>\n<h6><span dir=\"auto\" style=\"color: #000000;\">Eksklusiivne veskisaun ainulaadse ja uuendusliku \u00fcrituste infusiooniefektiga.<\/span><\/h6>\n<h6><span dir=\"auto\" style=\"color: #000000;\">Ideaalne suurtesse \u00e4risaunadesse.<\/span><\/h6>\n<h6><span style=\"color: #000000;\"><span dir=\"auto\">Veski-saunakeris lisab\u00a0<\/span><span dir=\"auto\">teie saunale mitmekesisust ja &#8220;tegevust&#8221;<\/span><span dir=\"auto\">\u00a0.<\/span><\/span><\/h6>\n<h6><span style=\"color: #000000;\"><span dir=\"auto\"> Sellel on veskiratas koos ajami ja juhtseadmega. <\/span><\/span><\/h6>\n<h6><span style=\"color: #000000;\"><span dir=\"auto\">Veski saab kombineerida iga saunakerisega.<\/span><\/span><\/h6>\n<h6><span style=\"color: #000000;\"><span dir=\"auto\">T\u00f6\u00f6tamise ajal p\u00f6\u00f6rleb vesiratas aeglaselt vastup\u00e4eva,<\/span><\/span><\/h6>\n<h6><span style=\"color: #000000;\"><span dir=\"auto\">mis teeb sellest <\/span><b><span dir=\"auto\">igas saunas silmatorkava detaili<\/span><\/b><span dir=\"auto\">\u00a0. <\/span><\/span><\/h6>\n<h6><span style=\"color: #000000;\"><span dir=\"auto\">P\u00e4rast automaatset signaali muudab ratas suunda, <\/span><\/span><\/h6>\n<h6><span style=\"color: #000000;\"><span dir=\"auto\">suunates vee kerise kohal asuvale kaskaadile, t<\/span><\/span><\/h6>\n<h6><span style=\"color: #000000;\"><span dir=\"auto\">ekitades rea ergutavaid ja v\u00f5imsaid aurupurskeid\u00a0<\/span><a style=\"color: #000000;\" href=\"https:\/\/www.eos-sauna.com\/ratgeber\/wellness-abc?tx_riglossar_glossar%5Bglossar%5D=2&amp;cHash=5c487adcba333e097dd7cca3e5b351ed\" target=\"_blank\" rel=\"noopener\"><span dir=\"auto\">.<\/span><\/a><span dir=\"auto\">\u00a0<\/span><\/span><\/h6>\n<h6><span style=\"color: #000000;\"><span dir=\"auto\">Suur kivide maht tagab erakordselt \u00fchtlase kiirgussoojuse ja suurep\u00e4rase soojuse s\u00e4ilitamise.<\/span><\/span><\/h6>\n<h6><span dir=\"auto\" style=\"color: #000000;\">Veskiratas sisaldab ajamit, juhtseadet ja veevarustust (automaatne t\u00e4itmine).<\/span><\/h6>\n<h6><span dir=\"auto\" style=\"color: #000000;\">Disainin\u00f5uanne: Koos sobivate v\u00e4rviliste valgusefektidega saate muuta <\/span><\/h6>\n<h6><span dir=\"auto\" style=\"color: #000000;\">saunainfusiooni suurejooneliseks tseremooniaks ja <\/span><\/h6>\n<h6><span dir=\"auto\" style=\"color: #000000;\">ainulaadseks kogemuseks oma suplevatele k\u00fclalistele.<\/span><\/h6>\n<h6><strong><span dir=\"auto\" style=\"color: #000000;\">M\u00e4rkus: Saunak\u00fctteseadme juhtseade ei kuulu komplekti ja see tuleb eraldi tellida.<\/span><\/strong><\/h6>\n<h6><span style=\"color: #000000;\">Veskit on v\u00f5imalik tellida ka ilma saunakeriseta!<\/span><\/h6>\n<h6><span style=\"color: #000000;\">Tehnilised andmed:<\/span><\/h6>\n<table class=\"contenttable\" border=\"0\" cellspacing=\"0\" cellpadding=\"0\">\n<tbody>\n<tr>\n<td valign=\"top\" width=\"302\">\n<h6><span style=\"color: #000000;\"><b><span dir=\"auto\">Elektri\u00fchendus<\/span><\/b><\/span><\/h6>\n<\/td>\n<td valign=\"top\" width=\"302\">\n<h6><span dir=\"auto\" style=\"color: #000000;\">400 V 3N ~ 50\/60 Hz<\/span><\/h6>\n<\/td>\n<\/tr>\n<tr>\n<td valign=\"top\" width=\"302\">\n<h6><span style=\"color: #000000;\"><b><span dir=\"auto\">\u00dcldm\u00f5\u00f5tmed K\/L\/S, mm<\/span><\/b><\/span><\/h6>\n<\/td>\n<td valign=\"top\" width=\"302\">\n<h6><span dir=\"auto\" style=\"color: #000000;\">1700 \/ 1200 \/ 980<\/span><\/h6>\n<\/td>\n<\/tr>\n<tr>\n<td valign=\"top\" width=\"302\">\n<h6><span style=\"color: #000000;\"><b><span dir=\"auto\">salongi mahutavuse jaoks (18,0 \/ 24,0 \/ 30,0 \/ 36,0 kW)<\/span><\/b><\/span><\/h6>\n<\/td>\n<td valign=\"top\" width=\"302\">\n<h6><span dir=\"auto\" style=\"color: #000000;\">24\u201335 m\u00b3 \/ 35\u201345 m\u00b3 \/ 45\u201365 m\u00b3 \/ 65\u201375 m\u00b3<\/span><\/h6>\n<\/td>\n<\/tr>\n<tr>\n<td valign=\"top\" width=\"302\">\n<h6><span style=\"color: #000000;\"><b><span dir=\"auto\">Vajalik on toitel\u00fcliti (18,0 \/ 24,0 \/ 30,0 \/ 36,0 kW)<\/span><\/b><\/span><\/h6>\n<\/td>\n<td valign=\"top\" width=\"302\">\n<h6><span dir=\"auto\" style=\"color: #000000;\">PEB 10 \/ PEB 18 \/ PEB 36 \/ PEB 36<\/span><\/h6>\n<\/td>\n<\/tr>\n<\/tbody>\n<\/table>\n<h6><a href=\"https:\/\/www.eos-sauna.com\/fileadmin\/user_upload\/EOS\/EOS_Daten\/Videos\/EOS_Muehlensauna.mp4\">https:\/\/www.eos-sauna.com\/fileadmin\/user_upload\/EOS\/EOS_Daten\/Videos\/EOS_Muehlensauna.mp4<\/a><\/h6>\n","protected":false},"excerpt":{"rendered":"<p>K\u00dcSI PAKKUMIST! Saadaval 18, 24, 30 ja 36 kW. Eksklusiivne veskisaun ainulaadse ja uuendusliku \u00fcrituste infusiooniefektiga. Ideaalne suurtesse \u00e4risaunadesse. Veski-saunakeris lisab\u00a0teie saunale mitmekesisust ja &#8220;tegevust&#8221;\u00a0. Sellel on veskiratas koos ajami ja juhtseadmega. Veski saab kombineerida iga saunakerisega. T\u00f6\u00f6tamise ajal p\u00f6\u00f6rleb vesiratas aeglaselt vastup\u00e4eva, mis teeb sellest igas saunas silmatorkava detaili\u00a0. P\u00e4rast automaatset signaali muudab ratas [&hellip;]<\/p>\n","protected":false},"featured_media":19459,"comment_status":"open","ping_status":"closed","template":"","meta":{"_acf_changed":false,"_genesis_hide_title":false,"_genesis_hide_breadcrumbs":false,"_genesis_hide_singular_image":false,"_genesis_hide_footer_widgets":false,"_genesis_custom_body_class":"","_genesis_custom_post_class":"","_genesis_layout":""},"product_brand":[],"product_cat":[392],"product_tag":[],"class_list":{"0":"post-19458","1":"product","2":"type-product","3":"status-publish","4":"has-post-thumbnail","6":"product_cat-eos-elektrikerised","7":"entry","8":"override","10":"first","11":"instock","12":"shipping-taxable","13":"product-type-simple"},"acf":[],"_links":{"self":[{"href":"https:\/\/koduspa.ee\/en\/wp-json\/wp\/v2\/product\/19458","targetHints":{"allow":["GET"]}}],"collection":[{"href":"https:\/\/koduspa.ee\/en\/wp-json\/wp\/v2\/product"}],"about":[{"href":"https:\/\/koduspa.ee\/en\/wp-json\/wp\/v2\/types\/product"}],"replies":[{"embeddable":true,"href":"https:\/\/koduspa.ee\/en\/wp-json\/wp\/v2\/comments?post=19458"}],"wp:featuredmedia":[{"embeddable":true,"href":"https:\/\/koduspa.ee\/en\/wp-json\/wp\/v2\/media\/19459"}],"wp:attachment":[{"href":"https:\/\/koduspa.ee\/en\/wp-json\/wp\/v2\/media?parent=19458"}],"wp:term":[{"taxonomy":"product_brand","embeddable":true,"href":"https:\/\/koduspa.ee\/en\/wp-json\/wp\/v2\/product_brand?post=19458"},{"taxonomy":"product_cat","embeddable":true,"href":"https:\/\/koduspa.ee\/en\/wp-json\/wp\/v2\/product_cat?post=19458"},{"taxonomy":"product_tag","embeddable":true,"href":"https:\/\/koduspa.ee\/en\/wp-json\/wp\/v2\/product_tag?post=19458"}],"curies":[{"name":"wp","href":"https:\/\/api.w.org\/{rel}","templated":true}]}}