{"id":19444,"date":"2026-04-22T06:12:51","date_gmt":"2026-04-22T06:12:51","guid":{"rendered":"https:\/\/koduspa.ee\/?post_type=product&#038;p=19444"},"modified":"2026-04-22T06:12:51","modified_gmt":"2026-04-22T06:12:51","slug":"eos-mega-hd-seeria","status":"publish","type":"product","link":"https:\/\/koduspa.ee\/en\/pood\/eos-elektrikerised\/eos-mega-hd-seeria\/","title":{"rendered":"EOS MEGA HD seeria"},"content":{"rendered":"<h6><span style=\"color: #000000;\">K\u00dcSI PAKKUMIST!<\/span><\/h6>\n<h6><span style=\"color: #000000;\">Saadaval 36, 42, 48, 54, 60 ja 72 kW.<\/span><\/h6>\n<h6><span style=\"color: #000000;\"><span dir=\"auto\">Maailma\u00a0v\u00f5imsaim elektriline\u00a0<\/span><span dir=\"auto\">saunakeris<\/span><span dir=\"auto\">.<\/span><\/span><\/h6>\n<h6><span style=\"color: #000000;\"><span dir=\"auto\">V\u00f5imas ja v\u00f5imas\u00a0<\/span><span dir=\"auto\">\u00a0\u2013\u00a0<\/span><span dir=\"auto\">parim saunakeris \u00e4riliseks kasutamiseks.<\/span><\/span><\/h6>\n<h6><span style=\"color: #000000;\"><span dir=\"auto\">Spetsiaalselt loodud\u00a0intensiivsete\u00a0<\/span><span dir=\"auto\">saunatseremooniatega<\/span><span dir=\"auto\"> v\u00e4ga suurte \u00e4ri\u00fcrituste jaoks. <\/span><\/span><\/h6>\n<h6><span style=\"color: #000000;\"><span dir=\"auto\">Selle keerukas tehnoloogia tagab t\u00e4iusliku \u00f5huringluse ja seega parimad saunaseansid<\/span><span dir=\"auto\">.<\/span><\/span><\/h6>\n<h6><span dir=\"auto\" style=\"color: #000000;\">\u201eTugevdatud\u201c versioon standardse juhtmestikuga, kasutades vasksiini. <\/span><\/h6>\n<h6><span dir=\"auto\" style=\"color: #000000;\">See juhtmestik muudab Mega HD ideaalseks intensiivseks ja <\/span><\/h6>\n<h6><span dir=\"auto\" style=\"color: #000000;\">n\u00f5udlikuks \u00e4riliseks kasutamiseks.<\/span><\/h6>\n<h6><span style=\"color: #000000;\"><span dir=\"auto\">EOS Mega avaldab muljet oma erakordse v\u00f5imsusega\u00a0<\/span><span dir=\"auto\">42 kW kuni 72 kW<\/span><span dir=\"auto\">\u00a0\u00a0<\/span><\/span><\/h6>\n<h6><span style=\"color: #000000;\"><span dir=\"auto\">(Mega S: 36 kW kuni 48 kW). Lisavarustusena saate oma Mega saunakerisest <\/span><\/span><\/h6>\n<h6><span style=\"color: #000000;\"><span dir=\"auto\">maksimumi v\u00f5tta EOS juhtseadme ja vastava toitemooduli abil.<\/span><\/span><\/h6>\n<h6><span style=\"color: #000000;\"><span dir=\"auto\">Eriti suur\u00a0<\/span><span dir=\"auto\">150 kg kivikorv<\/span><span dir=\"auto\">\u00a0\u00a0(Mega S: 100 kg) asub k\u00fctteelementide kohal <\/span><\/span><\/h6>\n<h6><span style=\"color: #000000;\"><span dir=\"auto\">ja garanteerib kiirema kuumenemisaja ning veelgi v\u00f5imsama keedu.<\/span><\/span><\/h6>\n<h6><span style=\"color: #000000;\"><span dir=\"auto\"> Spetsiaalsed V-kujulised ribid kahes reas kivide all tagavad <\/span><\/span><\/h6>\n<h6><span style=\"color: #000000;\"><span dir=\"auto\">optimaalse ja t\u00e4ieliku aurustumise keedu ajal, <\/span><\/span><\/h6>\n<h6><span style=\"color: #000000;\"><span dir=\"auto\">s\u00e4ilitades samal ajal stabiilse \u00f5hukonvektsiooni.<\/span><\/span><\/h6>\n<h6><span dir=\"auto\" style=\"color: #000000;\">Looge oma megasaunas mega\u00f5hkkond ja pakkuge oma k\u00fclalistele <\/span><\/h6>\n<h6><span dir=\"auto\" style=\"color: #000000;\">ideaalset saunakogemust isegi suurtes seltskondades.<\/span><\/h6>\n<h6><span style=\"color: #000000;\">Tehnilised andmed:<\/span><\/h6>\n<table class=\"contenttable\" border=\"0\" cellspacing=\"0\" cellpadding=\"0\">\n<tbody>\n<tr>\n<td valign=\"top\" width=\"302\">\n<h6><span style=\"color: #000000;\"><b><span dir=\"auto\">Elektri\u00fchendus<\/span><\/b><\/span><\/h6>\n<\/td>\n<td valign=\"top\" width=\"302\">\n<h6><span dir=\"auto\" style=\"color: #000000;\">400 V 3N ~ 50\/60 Hz<\/span><\/h6>\n<\/td>\n<\/tr>\n<tr>\n<td valign=\"top\" width=\"302\">\n<h6><span style=\"color: #000000;\"><b><span dir=\"auto\">Juhtseadme kaitse<\/span><\/b><\/span><\/h6>\n<\/td>\n<td valign=\"top\" width=\"302\">\n<h6><span dir=\"auto\" style=\"color: #000000;\">1 x 16 A<\/span><\/h6>\n<\/td>\n<\/tr>\n<tr>\n<td valign=\"top\" width=\"302\">\n<h6><span style=\"color: #000000;\"><b><span dir=\"auto\">Seadme m\u00f5\u00f5tmed (K\/L\/S), cm<\/span><\/b><\/span><\/h6>\n<\/td>\n<td valign=\"top\" width=\"302\">\n<h6><span dir=\"auto\" style=\"color: #000000;\">100 \/ 120 \/ 80 (Mega HD)<\/span><br \/>\n<span dir=\"auto\" style=\"color: #000000;\">100 \/ 90 \/ 80 (Mega S HD)<\/span><\/h6>\n<\/td>\n<\/tr>\n<tr>\n<td valign=\"top\" width=\"302\">\n<h6><span style=\"color: #000000;\"><b><span dir=\"auto\">Kivit\u00e4idis<\/span><\/b><\/span><\/h6>\n<\/td>\n<td valign=\"top\" width=\"302\">\n<h6><span dir=\"auto\" style=\"color: #000000;\">u. 150 kg (Mega HD)<\/span><br \/>\n<span dir=\"auto\" style=\"color: #000000;\">u. 100 kg (Mega S HD)<\/span><\/h6>\n<\/td>\n<\/tr>\n<tr>\n<td valign=\"top\" width=\"302\">\n<h6><span style=\"color: #000000;\"><b><span dir=\"auto\">Vajalik on v\u00f5imsusl\u00fcliti (36 \/ 42-54 \/ 60-72 kW)<\/span><\/b><\/span><\/h6>\n<\/td>\n<td valign=\"top\" width=\"302\">\n<h6><span dir=\"auto\" style=\"color: #000000;\">PEB 36 \/ 1 x PEB 18 + 1 x PEB 36 \/ 2 x PEB 36<\/span><\/h6>\n<\/td>\n<\/tr>\n<\/tbody>\n<\/table>\n<table class=\"contenttable\" border=\"0\" cellspacing=\"0\" cellpadding=\"0\">\n<tbody>\n<tr>\n<td valign=\"top\" width=\"87\">\n<h6><span style=\"color: #000000;\"><b><span dir=\"auto\">J\u00f5udlus<\/span><\/b><\/span><\/h6>\n<\/td>\n<td valign=\"top\" width=\"132\">\n<h6><span style=\"color: #000000;\"><b><span dir=\"auto\">Saunaruumi mahu jaoks<\/span><\/b><\/span><\/h6>\n<\/td>\n<td valign=\"top\" width=\"101\">\n<h6><span style=\"color: #000000;\"><b><span dir=\"auto\">Minimaalne ventilatsioonitase<\/span><\/b><\/span><\/h6>\n<\/td>\n<td valign=\"top\" width=\"139\">\n<h6><span style=\"color: #000000;\"><b><span dir=\"auto\">Kaal ilma kivide ja pakendita (Mega \/ Mega S)<\/span><\/b><\/span><\/h6>\n<\/td>\n<\/tr>\n<tr>\n<td valign=\"top\" width=\"87\">\n<h6><span dir=\"auto\" style=\"color: #000000;\">36,0 kW<\/span><\/h6>\n<\/td>\n<td valign=\"top\" width=\"132\">\n<h6><span dir=\"auto\" style=\"color: #000000;\">60\u201375 m\u00b3\u00a0<\/span><\/h6>\n<\/td>\n<td valign=\"top\" width=\"101\">\n<h6><span dir=\"auto\" style=\"color: #000000;\">50 x 10 cm<\/span><\/h6>\n<\/td>\n<td valign=\"top\" width=\"139\">\n<h6><span dir=\"auto\" style=\"color: #000000;\">&#8211; \/ 110 kg<\/span><\/h6>\n<\/td>\n<\/tr>\n<tr>\n<td valign=\"top\" width=\"87\">\n<h6><span dir=\"auto\" style=\"color: #000000;\">42,0 kW<\/span><\/h6>\n<\/td>\n<td valign=\"top\" width=\"132\">\n<h6><span dir=\"auto\" style=\"color: #000000;\">65\u201380 m\u00b3<\/span><\/h6>\n<\/td>\n<td valign=\"top\" width=\"101\">\n<h6><span dir=\"auto\" style=\"color: #000000;\">50 x 12 cm<\/span><\/h6>\n<\/td>\n<td valign=\"top\" width=\"139\">\n<h6><span dir=\"auto\" style=\"color: #000000;\">112 kg \/ 111 kg<\/span><\/h6>\n<\/td>\n<\/tr>\n<tr>\n<td valign=\"top\" width=\"87\">\n<h6><span dir=\"auto\" style=\"color: #000000;\">48,0 kW<\/span><\/h6>\n<\/td>\n<td valign=\"top\" width=\"132\">\n<h6><span dir=\"auto\" style=\"color: #000000;\">70\u201390 m\u00b3<\/span><\/h6>\n<\/td>\n<td valign=\"top\" width=\"101\">\n<h6><span dir=\"auto\" style=\"color: #000000;\">60 x 12 cm<\/span><\/h6>\n<\/td>\n<td valign=\"top\" width=\"139\">\n<h6><span dir=\"auto\" style=\"color: #000000;\">114 kg \/ 112 kg<\/span><\/h6>\n<\/td>\n<\/tr>\n<tr>\n<td valign=\"top\" width=\"87\">\n<h6><span dir=\"auto\" style=\"color: #000000;\">54,0 kW<\/span><\/h6>\n<\/td>\n<td valign=\"top\" width=\"132\">\n<h6><span dir=\"auto\" style=\"color: #000000;\">80\u2013100 m\u00b3<\/span><\/h6>\n<\/td>\n<td valign=\"top\" width=\"101\">\n<h6><span dir=\"auto\" style=\"color: #000000;\">70 x 12 cm<\/span><\/h6>\n<\/td>\n<td valign=\"top\" width=\"139\">\n<h6><span dir=\"auto\" style=\"color: #000000;\">116 kg \/ &#8211;<\/span><\/h6>\n<\/td>\n<\/tr>\n<tr>\n<td valign=\"top\" width=\"87\">\n<h6><span dir=\"auto\" style=\"color: #000000;\">60,0 kW<\/span><\/h6>\n<\/td>\n<td valign=\"top\" width=\"132\">\n<h6><span dir=\"auto\" style=\"color: #000000;\">100\u2013130 m\u00b3<\/span><\/h6>\n<\/td>\n<td valign=\"top\" width=\"101\">\n<h6><span dir=\"auto\" style=\"color: #000000;\">70 x 12 cm<\/span><\/h6>\n<\/td>\n<td valign=\"top\" width=\"139\">\n<h6><span dir=\"auto\" style=\"color: #000000;\">118 kg \/ &#8211;<\/span><\/h6>\n<\/td>\n<\/tr>\n<tr>\n<td valign=\"top\" width=\"87\">\n<h6><span dir=\"auto\" style=\"color: #000000;\">72,0 kW<\/span><\/h6>\n<\/td>\n<td valign=\"top\" width=\"132\">\n<h6><span dir=\"auto\" style=\"color: #000000;\">130\u2013160 m\u00b3<\/span><\/h6>\n<\/td>\n<td valign=\"top\" width=\"101\">\n<h6><span dir=\"auto\" style=\"color: #000000;\">80 x 12 cm<\/span><\/h6>\n<\/td>\n<td valign=\"top\" width=\"139\">\n<h6><span dir=\"auto\" style=\"color: #000000;\">120 kg \/ &#8211;<\/span><\/h6>\n<\/td>\n<\/tr>\n<\/tbody>\n<\/table>\n","protected":false},"excerpt":{"rendered":"<p>K\u00dcSI PAKKUMIST! Saadaval 36, 42, 48, 54, 60 ja 72 kW. Maailma\u00a0v\u00f5imsaim elektriline\u00a0saunakeris. V\u00f5imas ja v\u00f5imas\u00a0\u00a0\u2013\u00a0parim saunakeris \u00e4riliseks kasutamiseks. Spetsiaalselt loodud\u00a0intensiivsete\u00a0saunatseremooniatega v\u00e4ga suurte \u00e4ri\u00fcrituste jaoks. Selle keerukas tehnoloogia tagab t\u00e4iusliku \u00f5huringluse ja seega parimad saunaseansid. \u201eTugevdatud\u201c versioon standardse juhtmestikuga, kasutades vasksiini. See juhtmestik muudab Mega HD ideaalseks intensiivseks ja n\u00f5udlikuks \u00e4riliseks kasutamiseks. EOS Mega avaldab [&hellip;]<\/p>\n","protected":false},"featured_media":19445,"comment_status":"open","ping_status":"closed","template":"","meta":{"_acf_changed":false,"_genesis_hide_title":false,"_genesis_hide_breadcrumbs":false,"_genesis_hide_singular_image":false,"_genesis_hide_footer_widgets":false,"_genesis_custom_body_class":"","_genesis_custom_post_class":"","_genesis_layout":""},"product_brand":[],"product_cat":[392],"product_tag":[],"class_list":{"0":"post-19444","1":"product","2":"type-product","3":"status-publish","4":"has-post-thumbnail","6":"product_cat-eos-elektrikerised","7":"entry","8":"override","10":"first","11":"instock","12":"shipping-taxable","13":"product-type-simple"},"acf":[],"_links":{"self":[{"href":"https:\/\/koduspa.ee\/en\/wp-json\/wp\/v2\/product\/19444","targetHints":{"allow":["GET"]}}],"collection":[{"href":"https:\/\/koduspa.ee\/en\/wp-json\/wp\/v2\/product"}],"about":[{"href":"https:\/\/koduspa.ee\/en\/wp-json\/wp\/v2\/types\/product"}],"replies":[{"embeddable":true,"href":"https:\/\/koduspa.ee\/en\/wp-json\/wp\/v2\/comments?post=19444"}],"wp:featuredmedia":[{"embeddable":true,"href":"https:\/\/koduspa.ee\/en\/wp-json\/wp\/v2\/media\/19445"}],"wp:attachment":[{"href":"https:\/\/koduspa.ee\/en\/wp-json\/wp\/v2\/media?parent=19444"}],"wp:term":[{"taxonomy":"product_brand","embeddable":true,"href":"https:\/\/koduspa.ee\/en\/wp-json\/wp\/v2\/product_brand?post=19444"},{"taxonomy":"product_cat","embeddable":true,"href":"https:\/\/koduspa.ee\/en\/wp-json\/wp\/v2\/product_cat?post=19444"},{"taxonomy":"product_tag","embeddable":true,"href":"https:\/\/koduspa.ee\/en\/wp-json\/wp\/v2\/product_tag?post=19444"}],"curies":[{"name":"wp","href":"https:\/\/api.w.org\/{rel}","templated":true}]}}