{"id":19430,"date":"2026-04-22T06:00:23","date_gmt":"2026-04-22T06:00:23","guid":{"rendered":"https:\/\/koduspa.ee\/?post_type=product&#038;p=19430"},"modified":"2026-04-22T06:01:19","modified_gmt":"2026-04-22T06:01:19","slug":"eos-goliath-hd-standardversioon-professionaalne","status":"publish","type":"product","link":"https:\/\/koduspa.ee\/en\/pood\/eos-elektrikerised\/eos-goliath-hd-standardversioon-professionaalne\/","title":{"rendered":"EOS GOLIATH HD standardversioon \/ professionaalne"},"content":{"rendered":"<h6><span style=\"color: #000000;\">K\u00dcSI PAKKUMIST!<\/span><\/h6>\n<h6><span style=\"color: #000000;\">Saadaval 18, 24, 30 ja 36 kW.<\/span><\/h6>\n<h6><span dir=\"auto\" style=\"color: #000000;\">Esmaklassiline eraldiseisev keris intensiivseks ja n\u00f5udlikuks \u00e4riliseks kasutamiseks.<\/span><\/h6>\n<h6><span style=\"color: #000000;\"><span dir=\"auto\">EOS Goliath HD\u00a0<\/span><span dir=\"auto\">saunakeris<\/span><span dir=\"auto\">\u00a0\u00fchendab endas moodsa disaini ja usaldusv\u00e4\u00e4rse tippj\u00f5udluse. <\/span><\/span><\/h6>\n<h6><span style=\"color: #000000;\"><span dir=\"auto\">Sobib\u00a0<\/span><span dir=\"auto\">kasutamiseks Soome saunas<\/span><span dir=\"auto\">\u00a0klientidele, <\/span><\/span><\/h6>\n<h6><span style=\"color: #000000;\"><span dir=\"auto\">kellel on k\u00f5rged n\u00f5udmised disaini ja j\u00f5udluse osas.<\/span><\/span><\/h6>\n<h6><span dir=\"auto\" style=\"color: #000000;\">Moodne disain antratsiitv\u00e4rvi pulberv\u00e4rvimise ja<\/span><\/h6>\n<h6><span dir=\"auto\" style=\"color: #000000;\"> harjatud roostevabast terasest pealispinnaga. <\/span><\/h6>\n<h6><span dir=\"auto\" style=\"color: #000000;\">V\u00e4ga stabiilne, tugevdatud konstruktsioon. <\/span><\/h6>\n<h6><span dir=\"auto\" style=\"color: #000000;\">Valmistatud t\u00e4ielikult roostevabast terasest. <\/span><\/h6>\n<h6><span dir=\"auto\" style=\"color: #000000;\">Seinakonstruktsioon kolmekihilise tehnika abil. <\/span><\/h6>\n<h6><span dir=\"auto\" style=\"color: #000000;\">Punakaspruun pulberv\u00e4rv &#8220;Rust Marble&#8221; toonis on saadaval soovi korral.<\/span><\/h6>\n<h6><span dir=\"auto\" style=\"color: #000000;\">\u201eTugevdatud\u201c versioon standardse juhtmestikuga, kasutades vasksiini. <\/span><\/h6>\n<h6><span dir=\"auto\" style=\"color: #000000;\">See juhtmestik muudab Goliath HD ideaalseks<\/span><\/h6>\n<h6><span dir=\"auto\" style=\"color: #000000;\"> intensiivseks ja n\u00f5udlikuks \u00e4riliseks kasutamiseks.<\/span><\/h6>\n<h6><span style=\"color: #000000;\"><span dir=\"auto\">Eriti suur roostevabast terasest kivikorv ja suurendatud \u00f5huavad \u00fchendavad <\/span><\/span><\/h6>\n<h6><span style=\"color: #000000;\"><span dir=\"auto\">stabiilse\u00a0<\/span><span dir=\"auto\">\u00f5hukonvektsiooni<\/span><span dir=\"auto\">\u00a0suure soojuse salvestusv\u00f5imega. <\/span><\/span><\/h6>\n<h6><span style=\"color: #000000;\"><span dir=\"auto\">18 suure j\u00f5udlusega k\u00fctteelementi ei puutu kivikorviga kokku, <\/span><\/span><\/h6>\n<h6><span style=\"color: #000000;\"><span dir=\"auto\">mis pikendab oluliselt <\/span><\/span><span style=\"color: #000000; font-size: 16px;\">nende eluiga ja lihtsustab hooldust.<\/span><\/h6>\n<h6><span style=\"color: #000000;\"><span dir=\"auto\">Hoolikalt optimeeritud disain tagab kiire kuumenemisaja, <\/span><\/span><\/h6>\n<h6><span style=\"color: #000000;\"><span dir=\"auto\">v\u00f5imsa\u00a0<\/span><span dir=\"auto\">infusiooni<\/span><span dir=\"auto\">\u00a0ning samal ajal madalamad k\u00e4itus- ja hoolduskulud.<\/span><\/span><\/h6>\n<h6><span dir=\"auto\" style=\"color: #000000;\">Kivikorv mahutavusega umbes 75 kg.<\/span><\/h6>\n<h6><span style=\"color: #000000;\"><span dir=\"auto\">Lisatarvikute hulka kuuluvad<\/span><span dir=\"auto\">\u00a0\u00fcrdialus, kivikorvi kinnitus ja kerise puutekaitse. <\/span><\/span><\/h6>\n<h6><span style=\"color: #000000;\"><span dir=\"auto\">Valikuliste kronsteinide abil saate EOS Goliath HD kerise k\u00fclge <\/span><\/span><\/h6>\n<h6><span style=\"color: #000000;\"><span dir=\"auto\">otse kinnitada eritellimusel valmistatud k\u00e4sipuu. <\/span><\/span><\/h6>\n<h6><span style=\"color: #000000;\"><span dir=\"auto\">Valikuline\u00a0<\/span><span dir=\"auto\">EOSafe L<\/span><span dir=\"auto\">\u00a0turvas\u00fcsteem \u00a0tagab teie\u00a0<\/span><span dir=\"auto\">saunas<\/span><span dir=\"auto\">\u00a0ohutuse .<\/span><\/span><\/h6>\n<h6><span style=\"color: #000000;\">Tehnilised andmed:<\/span><\/h6>\n<table class=\"contenttable\" border=\"0\" cellspacing=\"0\" cellpadding=\"0\">\n<tbody>\n<tr>\n<td valign=\"top\" width=\"302\">\n<h6><span style=\"color: #000000;\"><span dir=\"auto\">Elektri\u00fchendus<\/span><\/span><\/h6>\n<\/td>\n<td valign=\"top\" width=\"302\">\n<h6><span dir=\"auto\" style=\"color: #000000;\">400 V 3N ~ 50\/60 Hz<\/span><\/h6>\n<\/td>\n<\/tr>\n<tr>\n<td valign=\"top\" width=\"302\">\n<h6><span style=\"color: #000000;\"><span dir=\"auto\">Juhtseadme kaitse<\/span><\/span><\/h6>\n<\/td>\n<td valign=\"top\" width=\"302\">\n<h6><span dir=\"auto\" style=\"color: #000000;\">3 x 16 A<\/span><\/h6>\n<\/td>\n<\/tr>\n<tr>\n<td valign=\"top\" width=\"302\">\n<h6><span style=\"color: #000000;\"><span dir=\"auto\">LSG kaitse (18,0 \/ 24,0 \/ 30,0 \/ 36,0 kW)<\/span><\/span><\/h6>\n<\/td>\n<td valign=\"top\" width=\"302\">\n<h6><span dir=\"auto\" style=\"color: #000000;\">3 \u00d7 16 A \/ 3 \u00d7 35 A \/ 3 \u00d7 35 A \/ 3 \u00d7 63 A<\/span><\/h6>\n<\/td>\n<\/tr>\n<tr>\n<td valign=\"top\" width=\"302\">\n<h6><span style=\"color: #000000;\"><span dir=\"auto\">Seadme m\u00f5\u00f5tmed (K\/L\/S), cm<\/span><\/span><\/h6>\n<\/td>\n<td valign=\"top\" width=\"302\">\n<h6><span dir=\"auto\" style=\"color: #000000;\">83 \/ 96 \/ 47<\/span><\/h6>\n<\/td>\n<\/tr>\n<tr>\n<td valign=\"top\" width=\"302\">\n<h6><span style=\"color: #000000;\"><span dir=\"auto\">salongi mahutavuse jaoks (18,0 \/ 24,0 \/ 30,0 \/ 36,0 kW)<\/span><\/span><\/h6>\n<\/td>\n<td valign=\"top\" width=\"302\">\n<h6><span dir=\"auto\" style=\"color: #000000;\">24\u201335 m\u00b3 \/ 35\u201345 m\u00b3 \/ 45\u201365 m\u00b3 \/ 65\u201375 m\u00b3<\/span><\/h6>\n<\/td>\n<\/tr>\n<tr>\n<td valign=\"top\" width=\"302\">\n<h6><span style=\"color: #000000;\"><span dir=\"auto\">Minimaalne ventilatsiooniv\u00f5imsus (18,0 \/ 24,0 \/ 30,0 \/ 36,0 kW)<\/span><\/span><\/h6>\n<\/td>\n<td valign=\"top\" width=\"302\">\n<h6><span dir=\"auto\" style=\"color: #000000;\">50x6cm \/ 50x8cm \/ 50x10cm \/ 50x10cm<\/span><\/h6>\n<\/td>\n<\/tr>\n<tr>\n<td valign=\"top\" width=\"302\">\n<h6><span style=\"color: #000000;\"><span dir=\"auto\">Kaal ilma kivide ja pakendita<\/span><\/span><\/h6>\n<\/td>\n<td valign=\"top\" width=\"302\">\n<h6><span dir=\"auto\" style=\"color: #000000;\">umbes 85,0 kg<\/span><\/h6>\n<\/td>\n<\/tr>\n<tr>\n<td valign=\"top\" width=\"302\">\n<h6><span style=\"color: #000000;\"><span dir=\"auto\">Vajalik on v\u00f5imsusl\u00fcliti (18,0 \/ 24,0 &#8211; 36,0 kW)<\/span><\/span><\/h6>\n<\/td>\n<td valign=\"top\" width=\"302\">\n<h6><span dir=\"auto\" style=\"color: #000000;\">PEB 10 \/ PEB 36<\/span><\/h6>\n<\/td>\n<\/tr>\n<\/tbody>\n<\/table>\n<h6><\/h6>\n","protected":false},"excerpt":{"rendered":"<p>K\u00dcSI PAKKUMIST! Saadaval 18, 24, 30 ja 36 kW. Esmaklassiline eraldiseisev keris intensiivseks ja n\u00f5udlikuks \u00e4riliseks kasutamiseks. EOS Goliath HD\u00a0saunakeris\u00a0\u00fchendab endas moodsa disaini ja usaldusv\u00e4\u00e4rse tippj\u00f5udluse. Sobib\u00a0kasutamiseks Soome saunas\u00a0klientidele, kellel on k\u00f5rged n\u00f5udmised disaini ja j\u00f5udluse osas. Moodne disain antratsiitv\u00e4rvi pulberv\u00e4rvimise ja harjatud roostevabast terasest pealispinnaga. V\u00e4ga stabiilne, tugevdatud konstruktsioon. Valmistatud t\u00e4ielikult roostevabast terasest. Seinakonstruktsioon [&hellip;]<\/p>\n","protected":false},"featured_media":19431,"comment_status":"open","ping_status":"closed","template":"","meta":{"_acf_changed":false,"_genesis_hide_title":false,"_genesis_hide_breadcrumbs":false,"_genesis_hide_singular_image":false,"_genesis_hide_footer_widgets":false,"_genesis_custom_body_class":"","_genesis_custom_post_class":"","_genesis_layout":""},"product_brand":[],"product_cat":[392],"product_tag":[],"class_list":{"0":"post-19430","1":"product","2":"type-product","3":"status-publish","4":"has-post-thumbnail","6":"product_cat-eos-elektrikerised","7":"entry","8":"override","10":"first","11":"instock","12":"shipping-taxable","13":"product-type-simple"},"acf":[],"_links":{"self":[{"href":"https:\/\/koduspa.ee\/en\/wp-json\/wp\/v2\/product\/19430","targetHints":{"allow":["GET"]}}],"collection":[{"href":"https:\/\/koduspa.ee\/en\/wp-json\/wp\/v2\/product"}],"about":[{"href":"https:\/\/koduspa.ee\/en\/wp-json\/wp\/v2\/types\/product"}],"replies":[{"embeddable":true,"href":"https:\/\/koduspa.ee\/en\/wp-json\/wp\/v2\/comments?post=19430"}],"wp:featuredmedia":[{"embeddable":true,"href":"https:\/\/koduspa.ee\/en\/wp-json\/wp\/v2\/media\/19431"}],"wp:attachment":[{"href":"https:\/\/koduspa.ee\/en\/wp-json\/wp\/v2\/media?parent=19430"}],"wp:term":[{"taxonomy":"product_brand","embeddable":true,"href":"https:\/\/koduspa.ee\/en\/wp-json\/wp\/v2\/product_brand?post=19430"},{"taxonomy":"product_cat","embeddable":true,"href":"https:\/\/koduspa.ee\/en\/wp-json\/wp\/v2\/product_cat?post=19430"},{"taxonomy":"product_tag","embeddable":true,"href":"https:\/\/koduspa.ee\/en\/wp-json\/wp\/v2\/product_tag?post=19430"}],"curies":[{"name":"wp","href":"https:\/\/api.w.org\/{rel}","templated":true}]}}