{"id":19397,"date":"2026-04-22T05:14:47","date_gmt":"2026-04-22T05:14:47","guid":{"rendered":"https:\/\/koduspa.ee\/?post_type=product&#038;p=19397"},"modified":"2026-04-22T05:21:11","modified_gmt":"2026-04-22T05:21:11","slug":"eos-zeus-hd-seeria-standardversioon-professionaalne","status":"publish","type":"product","link":"https:\/\/koduspa.ee\/en\/pood\/eos-elektrikerised\/eos-zeus-hd-seeria-standardversioon-professionaalne\/","title":{"rendered":"EOS ZEUS HD seeria standardversioon \/ professionaalne"},"content":{"rendered":"<h6><span style=\"color: #000000;\">K\u00dcSI PAKKUMIST!<\/span><\/h6>\n<h6><span style=\"color: #000000;\">Saadaval 20, 24, 30 ja 36kW<\/span><\/h6>\n<h6><span style=\"color: #000000;\"><span dir=\"auto\">Luksusklassi<\/span><span dir=\"auto\"> disainsaunakeris.<\/span><\/span><\/h6>\n<h6><span style=\"color: #000000;\"><span dir=\"auto\">Kvaliteetne eraldiseisev saunakeris intensiivseks ja n\u00f5udlikuks \u00e4rikasutuseks. <\/span><\/span><\/h6>\n<h6><span style=\"color: #000000;\"><span dir=\"auto\">Sobib\u00a0<\/span><span dir=\"auto\">Soome saunadele<\/span><span dir=\"auto\"> , ideaalne 24\u201375 m\u00b3 suurustele saunaruumidele.\u00a0<\/span><\/span><\/h6>\n<h6><span style=\"color: #000000;\"><span dir=\"auto\">See avaldab muljet oma erilise v\u00e4limusega t\u00e4nu kvaliteetsele <\/span><\/span><\/h6>\n<h6><span style=\"color: #000000;\"><span dir=\"auto\">punakaspruunile\u00a0<\/span><span dir=\"auto\">pulberv\u00e4rvile &#8220;Rust Marble&#8221;\u00a0<\/span><span dir=\"auto\">.<\/span><span dir=\"auto\">\u00a0<\/span><\/span><\/h6>\n<h6><span style=\"color: #000000;\"><span dir=\"auto\">Soovi korral saadaval ka mattmusta ja antratsiit-p\u00e4rlmutterefektiga.<\/span><\/span><\/h6>\n<h6><span dir=\"auto\" style=\"color: #000000;\">Selle mudeli esilet\u00f5stmiseks on \u00fcmar, tugevast terasest korpus koos 60 kg kivikorviga. <\/span><\/h6>\n<h6><span dir=\"auto\" style=\"color: #000000;\">Suur kivikogus tagab optimaalse temperatuuri stabiilsuse, <\/span><\/h6>\n<h6><span dir=\"auto\" style=\"color: #000000;\">mis sobib ideaalselt \u00fcrituste saunadesse.<\/span><\/h6>\n<h6><span dir=\"auto\" style=\"color: #000000;\">\u201eTugevdatud\u201c versioon standardse juhtmestikuga, kasutades vasksiini. <\/span><\/h6>\n<h6><span dir=\"auto\" style=\"color: #000000;\">See juhtmestik muudab Zeus HD ideaalseks intensiivseks ja <\/span><\/h6>\n<h6><span dir=\"auto\" style=\"color: #000000;\">n\u00f5udlikuks \u00e4riliseks kasutamiseks.<\/span><\/h6>\n<h6><span style=\"color: #000000;\"><span dir=\"auto\">Tugev 8 mm terasest v\u00e4liskest tagab \u00e4\u00e4rmiselt vastupidava, <\/span><\/span><\/h6>\n<h6><span style=\"color: #000000;\"><span dir=\"auto\">stabiilse ja vastupidava konstruktsiooni. <\/span><\/span><\/h6>\n<h6><span style=\"color: #000000;\"><span dir=\"auto\">Laserl\u00f5igatud \u00f5huavad r\u00f5hutavad erakordset disaini ja tagavad optimaalse\u00a0<\/span><span dir=\"auto\">\u00f5hukonvektsiooni<\/span><span dir=\"auto\">\u00a0. <\/span><\/span><\/h6>\n<h6><span style=\"color: #000000;\"><span dir=\"auto\">Saunakerise muljetavaldavat disaini t\u00e4iendab ideaalselt\u00a0<\/span><\/span><\/h6>\n<h6><span style=\"color: #000000;\"><span dir=\"auto\">valikuline tugev<\/span><span dir=\"auto\"> r\u00f5ngakujuline\u00a0<\/span><span dir=\"auto\">kerisekaitse<\/span><span dir=\"auto\">\u00a0, <\/span><\/span><\/h6>\n<h6><span style=\"color: #000000;\"><span dir=\"auto\">mis on saadaval 360\u00b0 v\u00f5i 270\u00b0 versioonina ja on valmistatud erinevatest puiduliikidest. <\/span><\/span><\/h6>\n<h6><span style=\"color: #000000;\"><span dir=\"auto\">Optimeeritud sisekujundus tagab parema \u00f5hukonvektsiooni ja kiirema kuumenemisaja.<\/span><\/span><\/h6>\n<h6><span dir=\"auto\" style=\"color: #000000;\">20 kW kuni 24 kW v\u00f5imsusega variandid on varustatud tugiliistudega. <\/span><\/h6>\n<h6><span dir=\"auto\" style=\"color: #000000;\">0 kW ja 36 kW variantidel on lisaks kivitugiraam.<\/span><\/h6>\n<h6><span style=\"color: #000000;\"><span dir=\"auto\">EOS\u00a0<\/span><span dir=\"auto\">Zeus L HD<\/span><span dir=\"auto\">\u00a0variandil on alternatiivne disain voolujoonelise \u00fclaosaga. <\/span><\/span><\/h6>\n<h6><span style=\"color: #000000;\"><span dir=\"auto\">See disainivariant p\u00f5hineb samal tehnilisel platvormil kui EOS Zeus ahi ja <\/span><\/span><\/h6>\n<h6><span style=\"color: #000000;\"><span dir=\"auto\">sobib eriti h\u00e4sti kesksele paigutamisele.<\/span><\/span><\/h6>\n<h6><span dir=\"auto\" style=\"color: #000000;\">Kivikorv umbes 60 kg kivide jaoks.<\/span><\/h6>\n<h6><span style=\"color: #000000;\">Tehnilised andmed:<\/span><\/h6>\n<table class=\"contenttable\" border=\"0\" cellspacing=\"0\" cellpadding=\"0\">\n<tbody>\n<tr>\n<td valign=\"top\" width=\"302\">\n<h6><span style=\"color: #000000;\"><b><span dir=\"auto\">Elektri\u00fchendus<\/span><\/b><\/span><\/h6>\n<\/td>\n<td valign=\"top\" width=\"302\">\n<h6><span dir=\"auto\" style=\"color: #000000;\">400 V 3N ~ 50\/60 Hz<\/span><\/h6>\n<\/td>\n<\/tr>\n<tr>\n<td valign=\"top\" width=\"302\">\n<h6><span style=\"color: #000000;\"><b><span dir=\"auto\">Seadme m\u00f5\u00f5tmed S x K<\/span><\/b><\/span><\/h6>\n<\/td>\n<td valign=\"top\" width=\"302\">\n<h6><span dir=\"auto\" style=\"color: #000000;\">70 x 125 cm (Zeus)<\/span><br \/>\n<span dir=\"auto\" style=\"color: #000000;\">70 x 79 cm (Zeus L)<\/span><\/h6>\n<\/td>\n<\/tr>\n<tr>\n<td valign=\"top\" width=\"302\">\n<h6><span style=\"color: #000000;\"><b><span dir=\"auto\">Juhtseadme kaitse<\/span><\/b><\/span><\/h6>\n<\/td>\n<td valign=\"top\" width=\"302\">\n<h6><span dir=\"auto\" style=\"color: #000000;\">3 x 16 A \/ 1 x 16 A (30 ja 36 kW puhul)<\/span><\/h6>\n<\/td>\n<\/tr>\n<tr>\n<td valign=\"top\" width=\"302\">\n<h6><span style=\"color: #000000;\"><b><span dir=\"auto\">Minimaalne ventilatsiooniv\u00f5imsus (20\u201324 \/ 30\u201336 kW)<\/span><\/b><\/span><\/h6>\n<\/td>\n<td valign=\"top\" width=\"302\">\n<h6><span dir=\"auto\" style=\"color: #000000;\">50 x 8 cm ~\u00d8 25-30 cm \/ 50 x 10 cm ~\u00d8 25-30 cm<\/span><\/h6>\n<\/td>\n<\/tr>\n<tr>\n<td valign=\"top\" width=\"302\">\n<h6><span style=\"color: #000000;\"><b><span dir=\"auto\">Kaal ilma kivide ja pakendita<\/span><\/b><\/span><\/h6>\n<\/td>\n<td valign=\"top\" width=\"302\">\n<h6><span dir=\"auto\" style=\"color: #000000;\">~140 kg<\/span><\/h6>\n<\/td>\n<\/tr>\n<tr>\n<td valign=\"top\" width=\"302\">\n<h6><span style=\"color: #000000;\"><b><span dir=\"auto\">Kivit\u00e4idis<\/span><\/b><\/span><\/h6>\n<\/td>\n<td valign=\"top\" width=\"302\">\n<h6><span dir=\"auto\" style=\"color: #000000;\">~60 kg<\/span><\/h6>\n<\/td>\n<\/tr>\n<\/tbody>\n<\/table>\n<table class=\"contenttable\" border=\"0\" cellspacing=\"0\" cellpadding=\"0\">\n<tbody>\n<tr>\n<td valign=\"top\" width=\"66\">\n<h6><span dir=\"auto\" style=\"color: #000000;\">J\u00f5udlus<\/span><\/h6>\n<\/td>\n<td valign=\"top\" width=\"91\">\n<h6><span dir=\"auto\" style=\"color: #000000;\">LSG kaitse<\/span><\/h6>\n<\/td>\n<td valign=\"top\" width=\"120\">\n<h6><span dir=\"auto\" style=\"color: #000000;\">saunaruumi mahu jaoks<\/span><\/h6>\n<\/td>\n<td valign=\"top\" width=\"140\">\n<h6><span dir=\"auto\" style=\"color: #000000;\">Vajalik on toitel\u00fcliti<\/span><\/h6>\n<\/td>\n<\/tr>\n<tr>\n<td valign=\"top\" width=\"66\">\n<h6><span dir=\"auto\" style=\"color: #000000;\">20,0 kW<\/span><\/h6>\n<\/td>\n<td valign=\"top\" width=\"91\">\n<h6><span dir=\"auto\" style=\"color: #000000;\">3 x 25 A<\/span><\/h6>\n<\/td>\n<td valign=\"top\" width=\"120\">\n<h6><span dir=\"auto\" style=\"color: #000000;\">24\u201330 m\u00b3<\/span><\/h6>\n<\/td>\n<td valign=\"top\" width=\"140\">\n<h6><span dir=\"auto\" style=\"color: #000000;\">PEB 18<\/span><\/h6>\n<\/td>\n<\/tr>\n<tr>\n<td valign=\"top\" width=\"66\">\n<h6><span dir=\"auto\" style=\"color: #000000;\">24,0 kW<\/span><\/h6>\n<\/td>\n<td valign=\"top\" width=\"91\">\n<h6><span dir=\"auto\" style=\"color: #000000;\">3 x 35 A<\/span><\/h6>\n<\/td>\n<td valign=\"top\" width=\"120\">\n<h6><span dir=\"auto\" style=\"color: #000000;\">35\u201340 m\u00b3<\/span><\/h6>\n<\/td>\n<td valign=\"top\" width=\"140\">\n<h6><span dir=\"auto\" style=\"color: #000000;\">PEB 18<\/span><\/h6>\n<\/td>\n<\/tr>\n<tr>\n<td valign=\"top\" width=\"66\">\n<h6><span dir=\"auto\" style=\"color: #000000;\">30,0 kW<\/span><\/h6>\n<\/td>\n<td valign=\"top\" width=\"91\">\n<h6><span dir=\"auto\" style=\"color: #000000;\">3 x 50 A<\/span><\/h6>\n<\/td>\n<td valign=\"top\" width=\"120\">\n<h6><span dir=\"auto\" style=\"color: #000000;\">50\u201365 m\u00b3<\/span><\/h6>\n<\/td>\n<td valign=\"top\" width=\"140\">\n<h6><span dir=\"auto\" style=\"color: #000000;\">PEB 36<\/span><\/h6>\n<\/td>\n<\/tr>\n<tr>\n<td valign=\"top\" width=\"66\">\n<h6><span dir=\"auto\" style=\"color: #000000;\">36,0 kW<\/span><\/h6>\n<\/td>\n<td valign=\"top\" width=\"91\">\n<h6><span dir=\"auto\" style=\"color: #000000;\">3 x 63 A<\/span><\/h6>\n<\/td>\n<td valign=\"top\" width=\"120\">\n<h6><span dir=\"auto\" style=\"color: #000000;\">65\u201375 m\u00b3<\/span><\/h6>\n<\/td>\n<td valign=\"top\" width=\"140\">\n<h6><span dir=\"auto\" style=\"color: #000000;\">PEB 36<\/span><\/h6>\n<\/td>\n<\/tr>\n<\/tbody>\n<\/table>\n","protected":false},"excerpt":{"rendered":"<p>K\u00dcSI PAKKUMIST! Saadaval 20, 24, 30 ja 36kW Luksusklassi disainsaunakeris. Kvaliteetne eraldiseisev saunakeris intensiivseks ja n\u00f5udlikuks \u00e4rikasutuseks. Sobib\u00a0Soome saunadele , ideaalne 24\u201375 m\u00b3 suurustele saunaruumidele.\u00a0 See avaldab muljet oma erilise v\u00e4limusega t\u00e4nu kvaliteetsele punakaspruunile\u00a0pulberv\u00e4rvile &#8220;Rust Marble&#8221;\u00a0.\u00a0 Soovi korral saadaval ka mattmusta ja antratsiit-p\u00e4rlmutterefektiga. Selle mudeli esilet\u00f5stmiseks on \u00fcmar, tugevast terasest korpus koos 60 kg kivikorviga. [&hellip;]<\/p>\n","protected":false},"featured_media":19398,"comment_status":"open","ping_status":"closed","template":"","meta":{"_acf_changed":false,"_genesis_hide_title":false,"_genesis_hide_breadcrumbs":false,"_genesis_hide_singular_image":false,"_genesis_hide_footer_widgets":false,"_genesis_custom_body_class":"","_genesis_custom_post_class":"","_genesis_layout":""},"product_brand":[],"product_cat":[392],"product_tag":[],"class_list":{"0":"post-19397","1":"product","2":"type-product","3":"status-publish","4":"has-post-thumbnail","6":"product_cat-eos-elektrikerised","7":"entry","8":"override","10":"first","11":"instock","12":"shipping-taxable","13":"product-type-simple"},"acf":[],"_links":{"self":[{"href":"https:\/\/koduspa.ee\/en\/wp-json\/wp\/v2\/product\/19397","targetHints":{"allow":["GET"]}}],"collection":[{"href":"https:\/\/koduspa.ee\/en\/wp-json\/wp\/v2\/product"}],"about":[{"href":"https:\/\/koduspa.ee\/en\/wp-json\/wp\/v2\/types\/product"}],"replies":[{"embeddable":true,"href":"https:\/\/koduspa.ee\/en\/wp-json\/wp\/v2\/comments?post=19397"}],"wp:featuredmedia":[{"embeddable":true,"href":"https:\/\/koduspa.ee\/en\/wp-json\/wp\/v2\/media\/19398"}],"wp:attachment":[{"href":"https:\/\/koduspa.ee\/en\/wp-json\/wp\/v2\/media?parent=19397"}],"wp:term":[{"taxonomy":"product_brand","embeddable":true,"href":"https:\/\/koduspa.ee\/en\/wp-json\/wp\/v2\/product_brand?post=19397"},{"taxonomy":"product_cat","embeddable":true,"href":"https:\/\/koduspa.ee\/en\/wp-json\/wp\/v2\/product_cat?post=19397"},{"taxonomy":"product_tag","embeddable":true,"href":"https:\/\/koduspa.ee\/en\/wp-json\/wp\/v2\/product_tag?post=19397"}],"curies":[{"name":"wp","href":"https:\/\/api.w.org\/{rel}","templated":true}]}}