{"id":19363,"date":"2026-04-21T10:56:19","date_gmt":"2026-04-21T10:56:19","guid":{"rendered":"https:\/\/koduspa.ee\/?post_type=product&#038;p=19363"},"modified":"2026-04-21T11:04:14","modified_gmt":"2026-04-21T11:04:14","slug":"eos-invisio-seeria-toopinna-alla-paigaldatavad-kerised","status":"publish","type":"product","link":"https:\/\/koduspa.ee\/en\/pood\/eos-elektrikerised\/eos-invisio-seeria-toopinna-alla-paigaldatavad-kerised\/","title":{"rendered":"EOS INVISIO seeria, t\u00f6\u00f6pinna alla paigaldatavad kerised"},"content":{"rendered":"<h6><span style=\"color: #000000;\">K\u00dcSI PAKKUMIST!<\/span><\/h6>\n<h6><span style=\"color: #000000;\">SAADAVAL 3 &#8211; 12 kW<\/span><\/h6>\n<h6><span style=\"color: #000000;\"><span dir=\"auto\">Kvaliteetne\u00a0<\/span><span dir=\"auto\">saunakeris<\/span><span dir=\"auto\">\u00a0peidetud paigaldamiseks saunapinkide alla.<\/span><\/span><\/h6>\n<h6><span dir=\"auto\" style=\"color: #000000;\">EOS Invisio seeriaga esitleb EOS ainulaadset n\u00e4htamatult lava alla <\/span><\/h6>\n<h6><span dir=\"auto\" style=\"color: #000000;\">paigaldatavate keriste sarja: <\/span><\/h6>\n<h6><span dir=\"auto\" style=\"color: #000000;\">eriti ruumis\u00e4\u00e4stlikud EOS Invisio saunakerised asuvad peaaegu n\u00e4htamatult lava all ja <\/span><\/h6>\n<h6><span dir=\"auto\" style=\"color: #000000;\">on eraldatud lisaseinaga, mis asub saunast ja vaheseinast vaid 10 cm kaugusel.<\/span><\/h6>\n<h6><span style=\"color: #000000;\"><span dir=\"auto\">T\u00e4nu oma ainulaadsele disainile pakuvad need ahjud\u00a0<\/span><span dir=\"auto\">v\u00e4ga k\u00f5rget ohutustaset<\/span><span dir=\"auto\">\u00a0\u2013 <\/span><\/span><\/h6>\n<h6><span dir=\"auto\" style=\"color: #000000;\">otsene kokkupuude ahjuga on v\u00f5imatu ning v\u00f5rreldes traditsiooniliste <\/span><\/h6>\n<h6><span dir=\"auto\" style=\"color: #000000;\">eraldiseisvate ahjudega <\/span><span style=\"color: #000000; font-size: 16px;\">s\u00e4\u00e4stavad need v\u00e4\u00e4rtuslikku ruumi. <\/span><\/h6>\n<h6><span style=\"color: #000000; font-size: 16px;\">See v\u00f5imaldab sageli kabiini paigutada lisapingi,<\/span><\/h6>\n<h6><span style=\"color: #000000;\"><span dir=\"auto\">mis muudab\u00a0<\/span><span dir=\"auto\">sauna<\/span><span dir=\"auto\">\u00a0avaramaks\u00a0.<\/span><b><\/b><\/span><\/h6>\n<h6><span style=\"color: #000000;\"><span dir=\"auto\">Vaatamata varjatud paigaldusele on traditsiooniline\u00a0<\/span><span dir=\"auto\">valamismeetod<\/span><span dir=\"auto\">\u00a0siiski v\u00f5imalik. <\/span><\/span><\/h6>\n<h6><span dir=\"auto\" style=\"color: #000000;\">K\u00f5ik EOS Inviso ahjud on varustatud valamislehtri ja silikoonvoolikuga. <\/span><\/h6>\n<h6><span dir=\"auto\" style=\"color: #000000;\">Vesi jaotub spetsiaalse v\u00f5re abil kogu ahju laiusele, tagades kiire ja \u00fchtlase aurustumise.<\/span><\/h6>\n<h6><span style=\"color: #000000;\"><span dir=\"auto\">Soome saunade<\/span><span dir=\"auto\">\u00a0EOS Invisio lavaalused kerised\u00a0sobivad nii era- kui ka \u00e4rikasutuseks. <\/span><\/span><\/h6>\n<h6><span dir=\"auto\" style=\"color: #000000;\">Neil on integreeritud keedukanal kogu kerise laiuses, \u00fchendused vasakul ja paremal. <\/span><\/h6>\n<h6><span dir=\"auto\" style=\"color: #000000;\">K\u00f5rgus on reguleeritav. XL-versioon, mille kivide mahutavus on kuni 75 kg.<\/span><\/h6>\n<h6><span style=\"color: #000000;\"><span dir=\"auto\">T\u00e4nu\u00a0\u00a0<\/span><span dir=\"auto\">valikulisele aurutile <\/span><span dir=\"auto\">\u00a0(2,0 kW \/ 3,0 kW) saab seda kasutada ka\u00a0\u00a0<\/span><\/span><\/h6>\n<h6><span style=\"color: #000000;\"><span dir=\"auto\">Bi-O<\/span><span dir=\"auto\">\u00a0\u00a0versioonina niiskuse reguleerimisega saunades. <\/span><\/span><\/h6>\n<h6><span style=\"color: #000000;\"><span dir=\"auto\">Kohapeal on v\u00f5imalik ka j\u00e4relpaigaldus.<\/span><\/span><\/h6>\n","protected":false},"excerpt":{"rendered":"<p>K\u00dcSI PAKKUMIST! SAADAVAL 3 &#8211; 12 kW Kvaliteetne\u00a0saunakeris\u00a0peidetud paigaldamiseks saunapinkide alla. EOS Invisio seeriaga esitleb EOS ainulaadset n\u00e4htamatult lava alla paigaldatavate keriste sarja: eriti ruumis\u00e4\u00e4stlikud EOS Invisio saunakerised asuvad peaaegu n\u00e4htamatult lava all ja on eraldatud lisaseinaga, mis asub saunast ja vaheseinast vaid 10 cm kaugusel. T\u00e4nu oma ainulaadsele disainile pakuvad need ahjud\u00a0v\u00e4ga k\u00f5rget ohutustaset\u00a0\u2013 [&hellip;]<\/p>\n","protected":false},"featured_media":19364,"comment_status":"open","ping_status":"closed","template":"","meta":{"_acf_changed":false,"_genesis_hide_title":false,"_genesis_hide_breadcrumbs":false,"_genesis_hide_singular_image":false,"_genesis_hide_footer_widgets":false,"_genesis_custom_body_class":"","_genesis_custom_post_class":"","_genesis_layout":""},"product_brand":[],"product_cat":[392],"product_tag":[],"class_list":{"0":"post-19363","1":"product","2":"type-product","3":"status-publish","4":"has-post-thumbnail","6":"product_cat-eos-elektrikerised","7":"entry","8":"override","10":"first","11":"instock","12":"shipping-taxable","13":"product-type-simple"},"acf":[],"_links":{"self":[{"href":"https:\/\/koduspa.ee\/en\/wp-json\/wp\/v2\/product\/19363","targetHints":{"allow":["GET"]}}],"collection":[{"href":"https:\/\/koduspa.ee\/en\/wp-json\/wp\/v2\/product"}],"about":[{"href":"https:\/\/koduspa.ee\/en\/wp-json\/wp\/v2\/types\/product"}],"replies":[{"embeddable":true,"href":"https:\/\/koduspa.ee\/en\/wp-json\/wp\/v2\/comments?post=19363"}],"wp:featuredmedia":[{"embeddable":true,"href":"https:\/\/koduspa.ee\/en\/wp-json\/wp\/v2\/media\/19364"}],"wp:attachment":[{"href":"https:\/\/koduspa.ee\/en\/wp-json\/wp\/v2\/media?parent=19363"}],"wp:term":[{"taxonomy":"product_brand","embeddable":true,"href":"https:\/\/koduspa.ee\/en\/wp-json\/wp\/v2\/product_brand?post=19363"},{"taxonomy":"product_cat","embeddable":true,"href":"https:\/\/koduspa.ee\/en\/wp-json\/wp\/v2\/product_cat?post=19363"},{"taxonomy":"product_tag","embeddable":true,"href":"https:\/\/koduspa.ee\/en\/wp-json\/wp\/v2\/product_tag?post=19363"}],"curies":[{"name":"wp","href":"https:\/\/api.w.org\/{rel}","templated":true}]}}