{"id":19223,"date":"2026-03-18T09:10:45","date_gmt":"2026-03-18T09:10:45","guid":{"rendered":"https:\/\/koduspa.ee\/?post_type=product&#038;p=19223"},"modified":"2026-04-21T11:28:51","modified_gmt":"2026-04-21T11:28:51","slug":"eos-disainkeris-zeus-s-zeus-sl","status":"publish","type":"product","link":"https:\/\/koduspa.ee\/en\/pood\/eos-elektrikerised\/eos-disainkeris-zeus-s-zeus-sl\/","title":{"rendered":"EOS ZEUS S \/ ZEUS SL"},"content":{"rendered":"<h6><span style=\"color: #000000;\">K\u00dcSI PAKKUMIST!<\/span><\/h6>\n<h6><span style=\"color: #000000;\">SAADAVAL\u00a0 7,5kW, 9kW JA 12kW.<\/span><\/h6>\n<h6><span style=\"color: #000000;\"><span dir=\"auto\">Unikaalse \u00fcmara disainiga disainkeris, <\/span><\/span><\/h6>\n<h6><span style=\"color: #000000;\"><span dir=\"auto\">mille kivimaht on 25 kg kuiva\u00a0\u00a0<\/span><span dir=\"auto\">soome sauna<\/span><span dir=\"auto\"> jaoks.<\/span><\/span><\/h6>\n<h6><span dir=\"auto\" style=\"color: #000000;\">Zeus LS sobib eriti h\u00e4sti saunaruumi kesksele paigutamiseks.<\/span><\/h6>\n<h6><span style=\"color: #000000;\"><span dir=\"auto\">Zeusi perekonna v\u00e4ikevend toob n\u00fc\u00fcd isegi kompaktsetesse ja <\/span><\/span><\/h6>\n<h6><span style=\"color: #000000;\"><span dir=\"auto\">keskmise suurusega\u00a0<\/span><span dir=\"auto\">saunadesse<\/span><span dir=\"auto\">\u00a0erilise h\u00f5ngu . <\/span><\/span><\/h6>\n<h6><span style=\"color: #000000;\"><span dir=\"auto\">Oma ainulaadse v\u00e4limusega on EOS Zeus S-il ainulaadne aura, <\/span><\/span><\/h6>\n<h6><span style=\"color: #000000;\"><span dir=\"auto\">mis kutsub teid saunask\u00e4iku nautima. S<\/span><\/span><\/h6>\n<h6><span style=\"color: #000000;\"><span dir=\"auto\">elle eksklusiivne disain on teie sauna keskpunkt. <\/span><\/span><\/h6>\n<h6><span style=\"color: #000000;\"><span dir=\"auto\">Tugev eraldiseisev keris tagab ka stabiilse temperatuuri ja v\u00f5imsa\u00a0<\/span><span dir=\"auto\">auru<\/span><span dir=\"auto\">\u00a0.<\/span><\/span><\/h6>\n<h6><span style=\"color: #000000;\"><span dir=\"auto\">Era- ja \u00e4riliseks kasutamiseks.\u00a0<\/span><\/span><\/h6>\n<h6><span style=\"color: #000000;\"><strong><span dir=\"auto\">Punakaspruun pulberv\u00e4rv toonis &#8220;Rust Marble&#8221;,\u00a0<\/span><\/strong><\/span><\/h6>\n<h6><span style=\"color: #000000;\"><b><span dir=\"auto\">saadaval ka mattmusta ja antratsiithall p\u00e4rlmutterefektiga.<\/span><\/b><\/span><\/h6>\n<h6><span style=\"color: #000000;\"><span dir=\"auto\">EOS\u00a0\u00a0<\/span><strong><span dir=\"auto\">Zeus SL<\/span><\/strong><span dir=\"auto\">\u00a0variandil on alternatiivne disain voolujoonelise \u00fclaosaga. <\/span><\/span><\/h6>\n<h6><span style=\"color: #000000;\"><span dir=\"auto\">See disainivariant p\u00f5hineb samal tehnilisel platvormil kui <\/span><\/span><\/h6>\n<h6><span style=\"color: #000000;\"><span dir=\"auto\">EOS Zeus S saunakeris ja sobib eriti h\u00e4sti kesksele paigutusele.<\/span><\/span><\/h6>\n<h6><span dir=\"auto\" style=\"color: #000000;\">Kivikorv umbes 25 kg kivide jaoks.<\/span><\/h6>\n<h6><span style=\"color: #000000;\"><b><span dir=\"auto\">Lisavarustusena\u00a0<\/span><\/b><span dir=\"auto\"><strong>on saadaval eksklusiivsetest puiduliikidest valmistatud ahju kontaktkaitse, <\/strong><\/span><\/span><\/h6>\n<h6><span style=\"color: #000000;\"><span dir=\"auto\"><strong>sh kronsteinid,<\/strong>\u00a0mis mitte ainult ei suurenda EOS Zeus S visuaalset atraktiivsust, <\/span><\/span><\/h6>\n<h6><span style=\"color: #000000;\"><span dir=\"auto\">vaid pakub ka veelgi suuremat ohutust.<\/span><\/span><\/h6>\n<h6><span style=\"color: #000000;\">EELISED:<\/span><\/h6>\n<ul>\n<li>\n<h6><span dir=\"auto\" style=\"color: #000000;\">Eksklusiivne \u00fcmar disain kahes alternatiivses versioonis.<\/span><\/h6>\n<\/li>\n<li>\n<h6><span dir=\"auto\" style=\"color: #000000;\">Massiivne ja \u00e4\u00e4rmiselt vastupidav konstruktsioon 6 mm terasseintega.<\/span><\/h6>\n<\/li>\n<li>\n<h6><span dir=\"auto\" style=\"color: #000000;\">Saadaval kolmes viimistluses: \u201eRoostemarmor\u201d (punakaspruun), antratsiit ja must.<\/span><\/h6>\n<\/li>\n<li>\n<h6><span dir=\"auto\" style=\"color: #000000;\">Ideaalne paigutamiseks klaaspindade ette v\u00f5i sauna keskele.<\/span><\/h6>\n<\/li>\n<li>\n<h6><span dir=\"auto\" style=\"color: #000000;\">Lisavarustusena on saadaval luksuslik pliidi puutekaitse, <\/span><\/h6>\n<\/li>\n<\/ul>\n<h6><span dir=\"auto\" style=\"color: #000000;\">mis on valmistatud erinevatest kvaliteetsetest puiduliikidest. 360\u00b0 v\u00f5i 270\u00b0 versioon.<\/span><\/h6>\n<ul>\n<li>\n<h6><span dir=\"auto\" style=\"color: #000000;\">5 m \u00fchenduskaabel kuulub tarnekomplekti.<\/span><\/h6>\n<\/li>\n<li>\n<h6><span dir=\"auto\" style=\"color: #000000;\">Kivikorv, mille kivimaht on u 25 kg.<\/span><\/h6>\n<\/li>\n<\/ul>\n<table class=\"contenttable\" border=\"0\" cellspacing=\"0\" cellpadding=\"0\">\n<tbody>\n<tr>\n<td valign=\"top\" width=\"201\">\n<h6><span dir=\"auto\" style=\"color: #000000;\">J\u00f5udlus<\/span><\/h6>\n<\/td>\n<td valign=\"top\" width=\"201\">\n<h6><span dir=\"auto\" style=\"color: #000000;\">Saunaruumile<\/span><\/h6>\n<\/td>\n<td valign=\"top\" width=\"201\">\n<h6><span dir=\"auto\" style=\"color: #000000;\">Minimaalne ventilatsioonitase<\/span><\/h6>\n<\/td>\n<\/tr>\n<tr>\n<td valign=\"top\" width=\"201\">\n<h6><span dir=\"auto\" style=\"color: #000000;\">7,5 kW<\/span><\/h6>\n<\/td>\n<td valign=\"top\" width=\"201\">\n<h6><span dir=\"auto\" style=\"color: #000000;\">7\u201310 m\u00b3<\/span><\/h6>\n<\/td>\n<td valign=\"top\" width=\"201\">\n<h6><span dir=\"auto\" style=\"color: #000000;\">35 x 5 cm<\/span><\/h6>\n<\/td>\n<\/tr>\n<tr>\n<td valign=\"top\" width=\"201\">\n<h6><span dir=\"auto\" style=\"color: #000000;\">9,0 kW<\/span><\/h6>\n<\/td>\n<td valign=\"top\" width=\"201\">\n<h6><span dir=\"auto\" style=\"color: #000000;\">9\u201314 m\u00b3<\/span><\/h6>\n<\/td>\n<td valign=\"top\" width=\"201\">\n<h6><span dir=\"auto\" style=\"color: #000000;\">35 x 6 cm<\/span><\/h6>\n<\/td>\n<\/tr>\n<tr>\n<td valign=\"top\" width=\"201\">\n<h6><span dir=\"auto\" style=\"color: #000000;\">12,0 kW<\/span><\/h6>\n<\/td>\n<td valign=\"top\" width=\"201\">\n<h6><span dir=\"auto\" style=\"color: #000000;\">14\u201318 m\u00b3<\/span><\/h6>\n<\/td>\n<td valign=\"top\" width=\"201\">\n<h6><span dir=\"auto\" style=\"color: #000000;\">35 x 7 cm<\/span><\/h6>\n<\/td>\n<\/tr>\n<\/tbody>\n<\/table>\n<p>&nbsp;<\/p>\n<table class=\"contenttable\" border=\"0\" cellspacing=\"0\" cellpadding=\"0\">\n<tbody>\n<tr>\n<td valign=\"top\" width=\"302\">\n<h6><span style=\"color: #000000;\"><b><span dir=\"auto\">Elektri\u00fchendus<\/span><\/b><\/span><\/h6>\n<\/td>\n<td valign=\"top\" width=\"302\">\n<h6><span dir=\"auto\" style=\"color: #000000;\">400 V 3N ~ 50\/60 Hz<\/span><\/h6>\n<\/td>\n<\/tr>\n<tr>\n<td valign=\"top\" width=\"302\">\n<h6><span style=\"color: #000000;\"><b><span dir=\"auto\">Juhtseadme kaitse<\/span><\/b><\/span><\/h6>\n<\/td>\n<td valign=\"top\" width=\"302\">\n<h6><span dir=\"auto\" style=\"color: #000000;\">3 x 16 A<\/span><\/h6>\n<\/td>\n<\/tr>\n<tr>\n<td valign=\"top\" width=\"302\">\n<h6><span style=\"color: #000000;\"><b><span dir=\"auto\">LSG kaitse<\/span><\/b><\/span><\/h6>\n<\/td>\n<td valign=\"top\" width=\"302\">\n<h6><span dir=\"auto\" style=\"color: #000000;\">ei \/ 3 x 16 A (12,0 kW)<\/span><\/h6>\n<\/td>\n<\/tr>\n<tr>\n<td valign=\"top\" width=\"302\">\n<h6><span style=\"color: #000000;\"><b><span dir=\"auto\">Seadme m\u00f5\u00f5tmed S x K<\/span><\/b><\/span><\/h6>\n<\/td>\n<td valign=\"top\" width=\"302\">\n<h6><span dir=\"auto\" style=\"color: #000000;\">EOS Zeus S: 45 x 100 cm<\/span><\/h6>\n<h6><span dir=\"auto\" style=\"color: #000000;\">EOS Zeus SL: 45 x 70 cm<\/span><\/h6>\n<\/td>\n<\/tr>\n<tr>\n<td valign=\"top\" width=\"302\">\n<h6><span style=\"color: #000000;\"><b><span dir=\"auto\">Kaal ilma kivide ja pakendita<\/span><\/b><\/span><\/h6>\n<\/td>\n<td valign=\"top\" width=\"302\">\n<h6><span dir=\"auto\" style=\"color: #000000;\">EOS Zeus S: 67 kg<\/span><\/h6>\n<h6><span dir=\"auto\" style=\"color: #000000;\">EOS Zeus SL: 62 kg<\/span><\/h6>\n<\/td>\n<\/tr>\n<tr>\n<td valign=\"top\" width=\"302\">\n<h6><span style=\"color: #000000;\"><b><span dir=\"auto\">Kivit\u00e4idis<\/span><\/b><\/span><\/h6>\n<\/td>\n<td valign=\"top\" width=\"302\">\n<h6><span dir=\"auto\" style=\"color: #000000;\">25 kg<\/span><\/h6>\n<\/td>\n<\/tr>\n<tr>\n<td valign=\"top\" width=\"302\">\n<h6><span style=\"color: #000000;\"><b><span dir=\"auto\">Vajalik on toitel\u00fcliti<\/span><\/b><\/span><\/h6>\n<\/td>\n<td valign=\"top\" width=\"302\">\n<h6><span dir=\"auto\" style=\"color: #000000;\">ei \/ PEB 10 (12,0 kW)<\/span><\/h6>\n<\/td>\n<\/tr>\n<\/tbody>\n<\/table>\n","protected":false},"excerpt":{"rendered":"<p>K\u00dcSI PAKKUMIST! SAADAVAL\u00a0 7,5kW, 9kW JA 12kW. Unikaalse \u00fcmara disainiga disainkeris, mille kivimaht on 25 kg kuiva\u00a0\u00a0soome sauna jaoks. Zeus LS sobib eriti h\u00e4sti saunaruumi kesksele paigutamiseks. Zeusi perekonna v\u00e4ikevend toob n\u00fc\u00fcd isegi kompaktsetesse ja keskmise suurusega\u00a0saunadesse\u00a0erilise h\u00f5ngu . Oma ainulaadse v\u00e4limusega on EOS Zeus S-il ainulaadne aura, mis kutsub teid saunask\u00e4iku nautima. S elle [&hellip;]<\/p>\n","protected":false},"featured_media":19224,"comment_status":"open","ping_status":"closed","template":"","meta":{"_acf_changed":false,"_genesis_hide_title":false,"_genesis_hide_breadcrumbs":false,"_genesis_hide_singular_image":false,"_genesis_hide_footer_widgets":false,"_genesis_custom_body_class":"","_genesis_custom_post_class":"","_genesis_layout":""},"product_brand":[],"product_cat":[392],"product_tag":[],"class_list":{"0":"post-19223","1":"product","2":"type-product","3":"status-publish","4":"has-post-thumbnail","6":"product_cat-eos-elektrikerised","7":"entry","8":"override","10":"first","11":"instock","12":"shipping-taxable","13":"product-type-simple"},"acf":[],"_links":{"self":[{"href":"https:\/\/koduspa.ee\/en\/wp-json\/wp\/v2\/product\/19223","targetHints":{"allow":["GET"]}}],"collection":[{"href":"https:\/\/koduspa.ee\/en\/wp-json\/wp\/v2\/product"}],"about":[{"href":"https:\/\/koduspa.ee\/en\/wp-json\/wp\/v2\/types\/product"}],"replies":[{"embeddable":true,"href":"https:\/\/koduspa.ee\/en\/wp-json\/wp\/v2\/comments?post=19223"}],"wp:featuredmedia":[{"embeddable":true,"href":"https:\/\/koduspa.ee\/en\/wp-json\/wp\/v2\/media\/19224"}],"wp:attachment":[{"href":"https:\/\/koduspa.ee\/en\/wp-json\/wp\/v2\/media?parent=19223"}],"wp:term":[{"taxonomy":"product_brand","embeddable":true,"href":"https:\/\/koduspa.ee\/en\/wp-json\/wp\/v2\/product_brand?post=19223"},{"taxonomy":"product_cat","embeddable":true,"href":"https:\/\/koduspa.ee\/en\/wp-json\/wp\/v2\/product_cat?post=19223"},{"taxonomy":"product_tag","embeddable":true,"href":"https:\/\/koduspa.ee\/en\/wp-json\/wp\/v2\/product_tag?post=19223"}],"curies":[{"name":"wp","href":"https:\/\/api.w.org\/{rel}","templated":true}]}}