{"id":19078,"date":"2026-03-11T09:10:56","date_gmt":"2026-03-11T09:10:56","guid":{"rendered":"https:\/\/koduspa.ee\/?post_type=product&#038;p=19078"},"modified":"2026-03-11T09:10:57","modified_gmt":"2026-03-11T09:10:57","slug":"ouesaun-s5p-5m-6-inimesele","status":"publish","type":"product","link":"https:\/\/koduspa.ee\/en\/pood\/baltresto-saunamajad\/ouesaun-s5p-5m-6-inimesele\/","title":{"rendered":"\u00d5UESAUN S5P 5M 6 inimesele"},"content":{"rendered":"<h6><span style=\"color: #000000;\">Tootmisaeg on umbes 5-6 n\u00e4dalat<\/span><\/h6>\n<h6><span style=\"color: #000000;\">Avar 5 m pikkune \u00f5uesaun S5P 6 inimesele, istmetega, <\/span><\/h6>\n<h6><span style=\"color: #000000;\">mida saab muuta 2,1 \u00d7 1,8 m voodiks,<\/span><\/h6>\n<h6><span style=\"color: #000000;\"> tarnitakse kokkupanduna v\u00f5i <\/span><\/h6>\n<h6><span style=\"color: #000000;\">komplektina puu- v\u00f5i elektrikerisega (ei kuulu komplekti).<\/span><\/h6>\n<h6><span style=\"color: #000000;\">Mudel S5P<\/span><br \/>\n<span style=\"color: #000000;\">L\u00e4bim\u00f5\u00f5t \u00d82,2 m<\/span><br \/>\n<span style=\"color: #000000;\">Kokkupanduna m\u00f5\u00f5tmed PxLxK 500 x 220 x 230 cm<\/span><br \/>\n<span style=\"color: #000000;\">Lahise pakendi m\u00f5\u00f5tmed PxLxK 500 x 120 x 150 cm<\/span><br \/>\n<span style=\"color: #000000;\">Leiliruumi maht 8,2 m\u00b3<\/span><br \/>\n<span style=\"color: #000000;\">Leiliruumi pikkus 200 cm<\/span><br \/>\n<span style=\"color: #000000;\">Kaal ~1500 kg<\/span><br \/>\n<span style=\"color: #000000;\">Leiliruumi mahutavus ~6 inimest<\/span><br \/>\n<span style=\"color: #000000;\">Puidu paksus 40 mm<\/span><br \/>\n<span style=\"color: #000000;\">K\u00fctteaeg ~1 h<\/span><br \/>\n<span style=\"color: #000000;\">P\u00f5hikomplekt sisaldab:<\/span><\/h6>\n<h6><span style=\"color: #000000;\">Kuusepuidust sauna korpus (puidu paksus 40 mm)<\/span><br \/>\n<span style=\"color: #000000;\">Termopuidust pingid ja p\u00f5rand<\/span><br \/>\n<span style=\"color: #000000;\">Panoraamaken elutoas<\/span><br \/>\n<span style=\"color: #000000;\">Bituumensindlitega katus<\/span><br \/>\n<span style=\"color: #000000;\">Roostevabast terasest r\u00f5ngad &#8211; 4 tk.<\/span><br \/>\n<span style=\"color: #000000;\">Istumistoa istmed saab muuta voodiks 2,1&#215;1,8 m<\/span><br \/>\n<span style=\"color: #000000;\">Leiliruumis pruun karastatud klaasist uks; v\u00e4lisuks puidust lukuga<\/span><br \/>\n<span style=\"color: #000000;\">Kokkupandav laud 1,8 x 0,6 m<\/span><br \/>\n<span style=\"color: #000000;\">Seljatoed, 2 tk. <\/span><\/h6>\n<h6><span style=\"color: #000000;\">TOOTJA: <\/span><\/h6>\n<h6><span style=\"color: #000000;\">BALTRESTO PRODUSTION O\u00dc <\/span><\/h6>\n<h6><span style=\"color: #000000;\">EESTI<\/span><\/h6>\n","protected":false},"excerpt":{"rendered":"<p>Tootmisaeg on umbes 5-6 n\u00e4dalat Avar 5 m pikkune \u00f5uesaun S5P 6 inimesele, istmetega, mida saab muuta 2,1 \u00d7 1,8 m voodiks, tarnitakse kokkupanduna v\u00f5i komplektina puu- v\u00f5i elektrikerisega (ei kuulu komplekti). Mudel S5P L\u00e4bim\u00f5\u00f5t \u00d82,2 m Kokkupanduna m\u00f5\u00f5tmed PxLxK 500 x 220 x 230 cm Lahise pakendi m\u00f5\u00f5tmed PxLxK 500 x 120 x 150 [&hellip;]<\/p>\n","protected":false},"featured_media":19079,"comment_status":"open","ping_status":"closed","template":"","meta":{"_acf_changed":false,"_genesis_hide_title":false,"_genesis_hide_breadcrumbs":false,"_genesis_hide_singular_image":false,"_genesis_hide_footer_widgets":false,"_genesis_custom_body_class":"","_genesis_custom_post_class":"","_genesis_layout":""},"product_brand":[],"product_cat":[417],"product_tag":[],"class_list":{"0":"post-19078","1":"product","2":"type-product","3":"status-publish","4":"has-post-thumbnail","6":"product_cat-baltresto-saunamajad","7":"pa_vali-toode-kuusk","8":"pa_vali-toode-thermopuit","9":"entry","10":"override","12":"first","13":"instock","14":"shipping-taxable","15":"purchasable","16":"product-type-variable"},"acf":[],"_links":{"self":[{"href":"https:\/\/koduspa.ee\/en\/wp-json\/wp\/v2\/product\/19078","targetHints":{"allow":["GET"]}}],"collection":[{"href":"https:\/\/koduspa.ee\/en\/wp-json\/wp\/v2\/product"}],"about":[{"href":"https:\/\/koduspa.ee\/en\/wp-json\/wp\/v2\/types\/product"}],"replies":[{"embeddable":true,"href":"https:\/\/koduspa.ee\/en\/wp-json\/wp\/v2\/comments?post=19078"}],"wp:featuredmedia":[{"embeddable":true,"href":"https:\/\/koduspa.ee\/en\/wp-json\/wp\/v2\/media\/19079"}],"wp:attachment":[{"href":"https:\/\/koduspa.ee\/en\/wp-json\/wp\/v2\/media?parent=19078"}],"wp:term":[{"taxonomy":"product_brand","embeddable":true,"href":"https:\/\/koduspa.ee\/en\/wp-json\/wp\/v2\/product_brand?post=19078"},{"taxonomy":"product_cat","embeddable":true,"href":"https:\/\/koduspa.ee\/en\/wp-json\/wp\/v2\/product_cat?post=19078"},{"taxonomy":"product_tag","embeddable":true,"href":"https:\/\/koduspa.ee\/en\/wp-json\/wp\/v2\/product_tag?post=19078"}],"curies":[{"name":"wp","href":"https:\/\/api.w.org\/{rel}","templated":true}]}}