{"id":19056,"date":"2026-03-11T08:21:21","date_gmt":"2026-03-11T08:21:21","guid":{"rendered":"https:\/\/koduspa.ee\/?post_type=product&#038;p=19056"},"modified":"2026-03-11T08:21:21","modified_gmt":"2026-03-11T08:21:21","slug":"klaaskiust-kulmavee-vann-uhele-inimesele","status":"publish","type":"product","link":"https:\/\/koduspa.ee\/en\/pood\/baltresto-kumblustunnid\/klaaskiust-kulmavee-vann-uhele-inimesele\/","title":{"rendered":"KLAASKIUST K\u00dcLMAVEE VANN \u00dcHELE INIMESELE"},"content":{"rendered":"<h6><span style=\"color: #000000;\">Tootmisaeg on umbes 3-4 n\u00e4dalat<\/span><\/h6>\n<h6><span style=\"color: #000000;\">Klaaskiust k\u00fclmvann \u00fchele inimesele teie tervise heaks. <\/span><\/h6>\n<h6><span style=\"color: #000000;\">Saate valida sellele klaaskiust k\u00fclmvannile lisav\u00f5imalusi ja tarvikuid, <\/span><\/h6>\n<h6><span style=\"color: #000000;\">n\u00e4iteks: jahuti, isoleeritud kate, pol\u00fcuretaanvaht. <\/span><\/h6>\n<h6><span style=\"color: #000000;\">Vanni saab tellida ka mis tahes soovitud v\u00e4rvitoonis.<\/span><\/h6>\n<h6>\n<span style=\"color: #000000;\">106 cm l\u00e4bim\u00f5\u00f5duga ja 93,5 cm k\u00f5rgusega <\/span><\/h6>\n<h6><span style=\"color: #000000;\">pakub see s\u00fcgavat ja ergutavat j\u00e4\u00e4vanni ning sobib igasse ruumi. <\/span><\/h6>\n<h6><span style=\"color: #000000;\">400-liitrine klaaskiust kest on vastupidav, <\/span><\/h6>\n<h6><span style=\"color: #000000;\">samas kui 18 mm termopuidust v\u00e4lispind lisab moodsa ja loomuliku ilme.<\/span><\/h6>\n<h6><span style=\"color: #000000;\">T\u00f5husa k\u00fclmateraapia jaoks soovitame kasutada v\u00e4list elektrilist jahutit, <\/span><\/h6>\n<h6><span style=\"color: #000000;\">et s\u00e4ilitada lihaste taastumiseks ja vereringeks optimaalne madal temperatuur. <\/span><\/h6>\n<h6><span style=\"color: #000000;\">Vajadusel saab jahutit kasutada ka sooja vanni k\u00fcttekehana.<\/span><\/h6>\n<h6><span style=\"color: #000000;\">See j\u00e4\u00e4vann sobib ideaalselt sportlastele ja heaoluhuvilistele <\/span><\/h6>\n<h6><span style=\"color: #000000;\">ning t\u00e4iustab teie k\u00fclmateraapia rutiini.<\/span><\/h6>\n<h6><span style=\"color: #000000;\">Komplekt sisaldab:<\/span><\/h6>\n<h6><span style=\"color: #000000;\">Klaaskiust kest, mis on kaetud 18 mm termopuiduga<\/span><\/h6>\n<h6><span style=\"color: #000000;\">\u00c4ravool <\/span><\/h6>\n<h6><span style=\"color: #000000;\">TOOTJA: <\/span><\/h6>\n<h6><span style=\"color: #000000;\">BALTRESTO PRODUCTION O\u00dc <\/span><\/h6>\n<h6><span style=\"color: #000000;\">EESTI<\/span><\/h6>\n","protected":false},"excerpt":{"rendered":"<p>Tootmisaeg on umbes 3-4 n\u00e4dalat Klaaskiust k\u00fclmvann \u00fchele inimesele teie tervise heaks. Saate valida sellele klaaskiust k\u00fclmvannile lisav\u00f5imalusi ja tarvikuid, n\u00e4iteks: jahuti, isoleeritud kate, pol\u00fcuretaanvaht. Vanni saab tellida ka mis tahes soovitud v\u00e4rvitoonis. 106 cm l\u00e4bim\u00f5\u00f5duga ja 93,5 cm k\u00f5rgusega pakub see s\u00fcgavat ja ergutavat j\u00e4\u00e4vanni ning sobib igasse ruumi. 400-liitrine klaaskiust kest on vastupidav, [&hellip;]<\/p>\n","protected":false},"featured_media":19057,"comment_status":"open","ping_status":"closed","template":"","meta":{"_acf_changed":false,"_genesis_hide_title":false,"_genesis_hide_breadcrumbs":false,"_genesis_hide_singular_image":false,"_genesis_hide_footer_widgets":false,"_genesis_custom_body_class":"","_genesis_custom_post_class":"","_genesis_layout":""},"product_brand":[],"product_cat":[418],"product_tag":[],"class_list":{"0":"post-19056","1":"product","2":"type-product","3":"status-publish","4":"has-post-thumbnail","6":"product_cat-baltresto-kumblustunnid","7":"entry","8":"override","10":"first","11":"instock","12":"shipping-taxable","13":"purchasable","14":"product-type-simple"},"acf":[],"_links":{"self":[{"href":"https:\/\/koduspa.ee\/en\/wp-json\/wp\/v2\/product\/19056","targetHints":{"allow":["GET"]}}],"collection":[{"href":"https:\/\/koduspa.ee\/en\/wp-json\/wp\/v2\/product"}],"about":[{"href":"https:\/\/koduspa.ee\/en\/wp-json\/wp\/v2\/types\/product"}],"replies":[{"embeddable":true,"href":"https:\/\/koduspa.ee\/en\/wp-json\/wp\/v2\/comments?post=19056"}],"wp:featuredmedia":[{"embeddable":true,"href":"https:\/\/koduspa.ee\/en\/wp-json\/wp\/v2\/media\/19057"}],"wp:attachment":[{"href":"https:\/\/koduspa.ee\/en\/wp-json\/wp\/v2\/media?parent=19056"}],"wp:term":[{"taxonomy":"product_brand","embeddable":true,"href":"https:\/\/koduspa.ee\/en\/wp-json\/wp\/v2\/product_brand?post=19056"},{"taxonomy":"product_cat","embeddable":true,"href":"https:\/\/koduspa.ee\/en\/wp-json\/wp\/v2\/product_cat?post=19056"},{"taxonomy":"product_tag","embeddable":true,"href":"https:\/\/koduspa.ee\/en\/wp-json\/wp\/v2\/product_tag?post=19056"}],"curies":[{"name":"wp","href":"https:\/\/api.w.org\/{rel}","templated":true}]}}