{"id":19029,"date":"2026-03-10T10:01:44","date_gmt":"2026-03-10T10:01:44","guid":{"rendered":"https:\/\/koduspa.ee\/?post_type=product&#038;p=19029"},"modified":"2026-03-10T10:04:53","modified_gmt":"2026-03-10T10:04:53","slug":"elektrikeris-helo-vienna-led-6-kw-must","status":"publish","type":"product","link":"https:\/\/koduspa.ee\/en\/pood\/helo-elektrikerised-en\/elektrikeris-helo-vienna-led-6-kw-must\/","title":{"rendered":"ELEKTRIKERIS HELO VIENNA LED STS 6 kW MUST"},"content":{"rendered":"<h6><span style=\"color: #000000;\">Helo Vienna LED on saunakeris, mis toob sauna uue atmosf\u00e4\u00e4ri. <\/span><\/h6>\n<h6><span style=\"color: #000000;\">Selle kuusnurkse mustriga esipaneel annab sellele moodsa ja oman\u00e4olise v\u00e4limuse, <\/span><\/h6>\n<h6><span style=\"color: #000000;\">mis \u00e4rkab ellu valguse sissel\u00fclitamisel.<\/span><\/h6>\n<h6><span style=\"color: #000000;\">Sissel\u00fclitamisel valgustab kogu kerise korpust soe 2700K kuma. <\/span><\/h6>\n<h6><span style=\"color: #000000;\">Valgus paikneb sisemise raami ja v\u00e4liskesta vahel, mitte l\u00e4bi kivide, <\/span><\/h6>\n<h6><span style=\"color: #000000;\">tagades \u00fchtlase ja p\u00fcsiva valgustuse olenemata kivide paigutusest. <\/span><\/h6>\n<h6><span style=\"color: #000000;\">Kuusnurkne muster r\u00f5hutab disaini pehme kumaga, <\/span><\/h6>\n<h6><span style=\"color: #000000;\">luues alt \u00fclespoole t\u00f5usva valguse, mis muudab sauna rahulikumaks ja kutsuvamaks.<\/span><\/h6>\n<h6><span style=\"color: #000000;\">Vienna LED on seinale paigaldatav elektriline saunakeris, <\/span><\/h6>\n<h6><span style=\"color: #000000;\">mis vabastab p\u00f5randapinda ja sobib sujuvalt moodsasse interj\u00f6\u00f6ri. <\/span><\/h6>\n<h6><span style=\"color: #000000;\">Juhtnupud saab paigaldamise ajal paigutada kerise vasakule v\u00f5i paremale k\u00fcljele, <\/span><\/h6>\n<h6><span style=\"color: #000000;\">mis lihtsustab kerise kohandamist erinevate saunapaigutustega. <\/span><\/h6>\n<h6><span style=\"color: #000000;\">Kivikambrit saab reguleerida kahele tasemele:<\/span><br \/>\n<span style=\"color: #000000;\">\u2022 12 kg kive kiiremaks kuumenemiseks<\/span><br \/>\n<span style=\"color: #000000;\">\u2022 20 kg kive pehmema ja kauem kestvama auru saamiseks<\/span><\/h6>\n<h6><span style=\"color: #000000;\">LED-valgustus aktiveerub koos k\u00fcttega ja seda ei saa eraldi juhtida. <\/span><\/h6>\n<h6><span style=\"color: #000000;\">Erinevalt tavalisest Vienna mudelist ei ole sellel versioonil eelseadistatud taimerit. <\/span><\/h6>\n<h6><span style=\"color: #000000;\">K\u00fcte algab kohe sissel\u00fclitamisel, maksimaalne t\u00f6\u00f6aeg on 3 tundi.<\/span><\/h6>\n<h6><span style=\"color: #000000;\">Sobib saunaruumidele suurusega 5-9 m\u00b3. <\/span><\/h6>\n<h6><span style=\"color: #000000;\">Kompaktne valik v\u00e4iksematele saunadele, pakkudes t\u00f5husat k\u00fctet, <\/span><\/h6>\n<h6><span style=\"color: #000000;\">pehmet auru ja integreeritud LED-valgustust.<\/span><\/h6>\n<h6><span style=\"color: #000000;\">Soomes valmistatud ja vastupidav, pakub pehmet auru, <\/span><\/h6>\n<h6><span style=\"color: #000000;\">muutes kerise sauna t\u00f5eliseks keskpunktiks.<\/span><\/h6>\n<p><a href=\"https:\/\/cdn2.gung.io\/tylo\/pim-fi\/pim-item\/000560\/Vienna%20LED%20-%20Installation%20manual%20and%20user%20guide.pdf\">https:\/\/cdn2.gung.io\/tylo\/pim-fi\/pim-item\/000560\/Vienna%20LED%20-%20Installation%20manual%20and%20user%20guide.pdf<\/a><\/p>\n","protected":false},"excerpt":{"rendered":"<p>Helo Vienna LED on saunakeris, mis toob sauna uue atmosf\u00e4\u00e4ri. Selle kuusnurkse mustriga esipaneel annab sellele moodsa ja oman\u00e4olise v\u00e4limuse, mis \u00e4rkab ellu valguse sissel\u00fclitamisel. Sissel\u00fclitamisel valgustab kogu kerise korpust soe 2700K kuma. Valgus paikneb sisemise raami ja v\u00e4liskesta vahel, mitte l\u00e4bi kivide, tagades \u00fchtlase ja p\u00fcsiva valgustuse olenemata kivide paigutusest. Kuusnurkne muster r\u00f5hutab disaini [&hellip;]<\/p>\n","protected":false},"featured_media":19025,"comment_status":"open","ping_status":"closed","template":"","meta":{"_acf_changed":false,"_genesis_hide_title":false,"_genesis_hide_breadcrumbs":false,"_genesis_hide_singular_image":false,"_genesis_hide_footer_widgets":false,"_genesis_custom_body_class":"","_genesis_custom_post_class":"","_genesis_layout":""},"product_brand":[],"product_cat":[172],"product_tag":[],"class_list":{"0":"post-19029","1":"product","2":"type-product","3":"status-publish","4":"has-post-thumbnail","6":"product_cat-helo-elektrikerised","7":"entry","8":"override","10":"first","11":"instock","12":"shipping-taxable","13":"purchasable","14":"product-type-simple"},"acf":[],"_links":{"self":[{"href":"https:\/\/koduspa.ee\/en\/wp-json\/wp\/v2\/product\/19029","targetHints":{"allow":["GET"]}}],"collection":[{"href":"https:\/\/koduspa.ee\/en\/wp-json\/wp\/v2\/product"}],"about":[{"href":"https:\/\/koduspa.ee\/en\/wp-json\/wp\/v2\/types\/product"}],"replies":[{"embeddable":true,"href":"https:\/\/koduspa.ee\/en\/wp-json\/wp\/v2\/comments?post=19029"}],"wp:featuredmedia":[{"embeddable":true,"href":"https:\/\/koduspa.ee\/en\/wp-json\/wp\/v2\/media\/19025"}],"wp:attachment":[{"href":"https:\/\/koduspa.ee\/en\/wp-json\/wp\/v2\/media?parent=19029"}],"wp:term":[{"taxonomy":"product_brand","embeddable":true,"href":"https:\/\/koduspa.ee\/en\/wp-json\/wp\/v2\/product_brand?post=19029"},{"taxonomy":"product_cat","embeddable":true,"href":"https:\/\/koduspa.ee\/en\/wp-json\/wp\/v2\/product_cat?post=19029"},{"taxonomy":"product_tag","embeddable":true,"href":"https:\/\/koduspa.ee\/en\/wp-json\/wp\/v2\/product_tag?post=19029"}],"curies":[{"name":"wp","href":"https:\/\/api.w.org\/{rel}","templated":true}]}}