{"id":18945,"date":"2026-03-02T09:03:42","date_gmt":"2026-03-02T09:03:42","guid":{"rendered":"https:\/\/koduspa.ee\/?post_type=product&#038;p=18945"},"modified":"2026-03-02T09:03:42","modified_gmt":"2026-03-02T09:03:42","slug":"klaaskiust-kumblusvann-qattro-8-inimesele","status":"publish","type":"product","link":"https:\/\/koduspa.ee\/en\/pood\/baltresto-kumblustunnid\/klaaskiust-kumblusvann-qattro-8-inimesele\/","title":{"rendered":"KLAASKIUST K\u00dcMBLUSVANN QATTRO 8 inimesele"},"content":{"rendered":"<h6><span style=\"color: #000000;\">Tootmisaeg on umbes 3-4 n\u00e4dalat<\/span><\/h6>\n<h6><span style=\"color: #000000;\">Klaaskiust puuk\u00fcttega mullivann Quattro 8 inimesele. <\/span><\/h6>\n<h6><span style=\"color: #000000;\">Avar, kiirelt soojenev, ergonoomilised istmed, <\/span><\/h6>\n<h6><span style=\"color: #000000;\">vastupidav termopuit ja ideaalne aias l\u00f5\u00f5gastumiseks.<\/span><\/h6>\n<h6><span style=\"color: #000000;\">Mudel Quattro 2.0\u04451.7<\/span><br \/>\n<span style=\"color: #000000;\">Mahutavus 8 inimest<\/span><br \/>\n<span style=\"color: #000000;\">Maht 1400 l<\/span><br \/>\n<span style=\"color: #000000;\">Kaal 240 kg<\/span><br \/>\n<span style=\"color: #000000;\">K\u00f5rgus 1,1 m<\/span><br \/>\n<span style=\"color: #000000;\">S\u00fcgavus 0,96 m<\/span><br \/>\n<span style=\"color: #000000;\">Istmete k\u00f5rgus 280 mm<\/span><br \/>\n<span style=\"color: #000000;\">Istmete laius 460 mm<\/span><br \/>\n<span style=\"color: #000000;\">Termopuit v\u00e4lisseina paksus 18 mm<\/span><br \/>\n<span style=\"color: #000000;\">Klaaskiud paksus 5 mm<\/span><br \/>\n<span style=\"color: #000000;\">Veekindel vineerp\u00f5rand 9 mm <\/span><\/h6>\n<h6><span style=\"color: #000000;\">V\u00e4rvivalik: hall, must, bee\u017e, sinine, t\u00fcrkiis<\/span><\/h6>\n<h6><span style=\"color: #000000;\">P\u00f5hikomplekt sisaldab:<\/span><\/h6>\n<h6><span style=\"color: #000000;\">Klaaskiudvann 18 mm termopuiduga<\/span><br \/>\n<span style=\"color: #000000;\">4 peatuge<\/span><br \/>\n<span style=\"color: #000000;\">Veekindel vineerp\u00f5rand<\/span><br \/>\n<span style=\"color: #000000;\">\u00c4ravool<\/span><br \/>\n<span style=\"color: #000000;\">Saada tagasisidet<\/span><\/h6>\n<h6><span style=\"color: #000000;\">NB! See variant ei sisalda ahju, torusid ega liitmikke \u00fchenduskohtade jaoks. <\/span><\/h6>\n<h6><span style=\"color: #000000;\">Mullivannil puudub pliidi\u00fchenduse ettevalmistus (puuduvad augud).<\/span><\/h6>\n<h6><span style=\"color: #000000;\">TOOTJA: <\/span><\/h6>\n<h6><span style=\"color: #000000;\">BALTRESTO PRODUCTION O\u00dc <\/span><\/h6>\n<h6><span style=\"color: #000000;\">EESTI<\/span><\/h6>\n","protected":false},"excerpt":{"rendered":"<p>Tootmisaeg on umbes 3-4 n\u00e4dalat Klaaskiust puuk\u00fcttega mullivann Quattro 8 inimesele. Avar, kiirelt soojenev, ergonoomilised istmed, vastupidav termopuit ja ideaalne aias l\u00f5\u00f5gastumiseks. Mudel Quattro 2.0\u04451.7 Mahutavus 8 inimest Maht 1400 l Kaal 240 kg K\u00f5rgus 1,1 m S\u00fcgavus 0,96 m Istmete k\u00f5rgus 280 mm Istmete laius 460 mm Termopuit v\u00e4lisseina paksus 18 mm Klaaskiud paksus [&hellip;]<\/p>\n","protected":false},"featured_media":18946,"comment_status":"open","ping_status":"closed","template":"","meta":{"_acf_changed":false,"_genesis_hide_title":false,"_genesis_hide_breadcrumbs":false,"_genesis_hide_singular_image":false,"_genesis_hide_footer_widgets":false,"_genesis_custom_body_class":"","_genesis_custom_post_class":"","_genesis_layout":""},"product_brand":[],"product_cat":[418],"product_tag":[],"class_list":{"0":"post-18945","1":"product","2":"type-product","3":"status-publish","4":"has-post-thumbnail","6":"product_cat-baltresto-kumblustunnid","7":"entry","8":"override","10":"first","11":"instock","12":"shipping-taxable","13":"purchasable","14":"product-type-simple"},"acf":[],"_links":{"self":[{"href":"https:\/\/koduspa.ee\/en\/wp-json\/wp\/v2\/product\/18945","targetHints":{"allow":["GET"]}}],"collection":[{"href":"https:\/\/koduspa.ee\/en\/wp-json\/wp\/v2\/product"}],"about":[{"href":"https:\/\/koduspa.ee\/en\/wp-json\/wp\/v2\/types\/product"}],"replies":[{"embeddable":true,"href":"https:\/\/koduspa.ee\/en\/wp-json\/wp\/v2\/comments?post=18945"}],"wp:featuredmedia":[{"embeddable":true,"href":"https:\/\/koduspa.ee\/en\/wp-json\/wp\/v2\/media\/18946"}],"wp:attachment":[{"href":"https:\/\/koduspa.ee\/en\/wp-json\/wp\/v2\/media?parent=18945"}],"wp:term":[{"taxonomy":"product_brand","embeddable":true,"href":"https:\/\/koduspa.ee\/en\/wp-json\/wp\/v2\/product_brand?post=18945"},{"taxonomy":"product_cat","embeddable":true,"href":"https:\/\/koduspa.ee\/en\/wp-json\/wp\/v2\/product_cat?post=18945"},{"taxonomy":"product_tag","embeddable":true,"href":"https:\/\/koduspa.ee\/en\/wp-json\/wp\/v2\/product_tag?post=18945"}],"curies":[{"name":"wp","href":"https:\/\/api.w.org\/{rel}","templated":true}]}}