{"id":18882,"date":"2026-02-26T11:23:47","date_gmt":"2026-02-26T11:23:47","guid":{"rendered":"https:\/\/koduspa.ee\/?post_type=product&#038;p=18882"},"modified":"2026-02-26T11:23:48","modified_gmt":"2026-02-26T11:23:48","slug":"puukuttega-mullivann-4-inimesele","status":"publish","type":"product","link":"https:\/\/koduspa.ee\/en\/pood\/baltresto-kumblustunnid\/puukuttega-mullivann-4-inimesele\/","title":{"rendered":"PUUK\u00dcTTEGA MULLIVANN 4 inimesele"},"content":{"rendered":"<h6 id=\"tw-target-text\" class=\"tw-data-text tw-text-large tw-ta\" dir=\"ltr\" tabindex=\"-1\" role=\"text\" data-placeholder=\"T\u00f5lge\" data-ved=\"2ahUKEwjF0-zf9faSAxXrGBAIHfsFLLIQ3ewLegQIBBAW\" aria-label=\"T\u00f5lgitud tekst: Puuk\u00fcttega mullivann v\u00e4lisk\u00fcttega 4 inimesele. Kompaktne, ohutu, kergesti puhastatav, kiirelt soojenev ja ideaalne pere l\u00f5\u00f5gastumiseks.\n\nMudel \u00dcmmargune \u00d81,8\nMahutavus 4 inimest\nMaht 1100 l\nKaal 180 kg\nK\u00f5rgus 1,1 m\nS\u00fcgavus 0,96 m\nIstmete k\u00f5rgus 280 mm\nIstmete laius 290 mm\nTermopuit v\u00e4lispaksusega 18 mm\nKlaaskiud paksusega 5 mm\nVeekindel vineerp\u00f5rand 9 mm\nP\u00f5hikomplekt sisaldab:\n\nKlaaskiudvann, kaetud 18 mm termopuiduga\nVeekindel vineerp\u00f5rand\n\u00c4ravool\"><span class=\"Y2IQFc\" lang=\"et\"><span style=\"color: #000000;\">Puuk\u00fcttega mullivann v\u00e4lisk\u00fcttega 4 inimesele.<\/span><\/span><\/h6>\n<h6 class=\"tw-data-text tw-text-large tw-ta\" dir=\"ltr\" tabindex=\"-1\" role=\"text\" data-placeholder=\"T\u00f5lge\" data-ved=\"2ahUKEwjF0-zf9faSAxXrGBAIHfsFLLIQ3ewLegQIBBAW\" aria-label=\"T\u00f5lgitud tekst: Puuk\u00fcttega mullivann v\u00e4lisk\u00fcttega 4 inimesele. Kompaktne, ohutu, kergesti puhastatav, kiirelt soojenev ja ideaalne pere l\u00f5\u00f5gastumiseks.\n\nMudel \u00dcmmargune \u00d81,8\nMahutavus 4 inimest\nMaht 1100 l\nKaal 180 kg\nK\u00f5rgus 1,1 m\nS\u00fcgavus 0,96 m\nIstmete k\u00f5rgus 280 mm\nIstmete laius 290 mm\nTermopuit v\u00e4lispaksusega 18 mm\nKlaaskiud paksusega 5 mm\nVeekindel vineerp\u00f5rand 9 mm\nP\u00f5hikomplekt sisaldab:\n\nKlaaskiudvann, kaetud 18 mm termopuiduga\nVeekindel vineerp\u00f5rand\n\u00c4ravool\"><span class=\"Y2IQFc\" lang=\"et\"><span style=\"color: #000000;\"> Kompaktne, ohutu, kergesti puhastatav, <\/span><\/span><\/h6>\n<h6 class=\"tw-data-text tw-text-large tw-ta\" dir=\"ltr\" tabindex=\"-1\" role=\"text\" data-placeholder=\"T\u00f5lge\" data-ved=\"2ahUKEwjF0-zf9faSAxXrGBAIHfsFLLIQ3ewLegQIBBAW\" aria-label=\"T\u00f5lgitud tekst: Puuk\u00fcttega mullivann v\u00e4lisk\u00fcttega 4 inimesele. Kompaktne, ohutu, kergesti puhastatav, kiirelt soojenev ja ideaalne pere l\u00f5\u00f5gastumiseks.\n\nMudel \u00dcmmargune \u00d81,8\nMahutavus 4 inimest\nMaht 1100 l\nKaal 180 kg\nK\u00f5rgus 1,1 m\nS\u00fcgavus 0,96 m\nIstmete k\u00f5rgus 280 mm\nIstmete laius 290 mm\nTermopuit v\u00e4lispaksusega 18 mm\nKlaaskiud paksusega 5 mm\nVeekindel vineerp\u00f5rand 9 mm\nP\u00f5hikomplekt sisaldab:\n\nKlaaskiudvann, kaetud 18 mm termopuiduga\nVeekindel vineerp\u00f5rand\n\u00c4ravool\"><span class=\"Y2IQFc\" lang=\"et\"><span style=\"color: #000000;\">kiirelt soojenev ja ideaalne pere l\u00f5\u00f5gastumiseks.<\/span><\/span><\/h6>\n<h6><span class=\"Y2IQFc\" lang=\"et\" style=\"color: #000000;\">\u00dcmmargune \u00d81,8 <\/span><\/h6>\n<h6><span class=\"Y2IQFc\" lang=\"et\" style=\"color: #000000;\">Mahutavus 4 inimest<\/span><\/h6>\n<h6><span class=\"Y2IQFc\" lang=\"et\" style=\"color: #000000;\">Maht 1100 l <\/span><\/h6>\n<h6><span class=\"Y2IQFc\" lang=\"et\" style=\"color: #000000;\">Kaal 180 kg <\/span><\/h6>\n<h6><span class=\"Y2IQFc\" lang=\"et\" style=\"color: #000000;\">K\u00f5rgus 1,1 m <\/span><\/h6>\n<h6><span class=\"Y2IQFc\" lang=\"et\" style=\"color: #000000;\">S\u00fcgavus 0,96 m <\/span><\/h6>\n<h6><span class=\"Y2IQFc\" lang=\"et\" style=\"color: #000000;\">Istmete k\u00f5rgus 280 mm <\/span><\/h6>\n<h6><span class=\"Y2IQFc\" lang=\"et\" style=\"color: #000000;\">Istmete laius 290 mm <\/span><\/h6>\n<h6><span class=\"Y2IQFc\" lang=\"et\" style=\"color: #000000;\">Termopuit v\u00e4lispaksusega 18 mm <\/span><\/h6>\n<h6><span class=\"Y2IQFc\" lang=\"et\" style=\"color: #000000;\">Klaaskiud paksusega 5 mm <\/span><\/h6>\n<h6><span class=\"Y2IQFc\" lang=\"et\" style=\"color: #000000;\">Veekindel vineerp\u00f5rand 9 mm <\/span><\/h6>\n<h6><span class=\"Y2IQFc\" lang=\"et\" style=\"color: #000000;\">Lisatarvikud: <\/span><\/h6>\n<h6><span class=\"Y2IQFc\" lang=\"et\" style=\"color: #000000;\">ahi, valgustus, trepp, mullis\u00fcsteem jne. ei kuulu komplekti.<\/span><\/h6>\n<h6><span class=\"Y2IQFc\" lang=\"et\" style=\"color: #000000;\">V\u00e4rvivalik: bee\u017e, sinine, t\u00fcrkiis, hall, must.<\/span><\/h6>\n<h6><span class=\"Y2IQFc\" lang=\"et\" style=\"color: #000000;\">P\u00f5hikomplekt sisaldab: <\/span><\/h6>\n<h6><span class=\"Y2IQFc\" lang=\"et\" style=\"color: #000000;\">Klaaskiudvann, kaetud 18 mm termopuiduga <\/span><\/h6>\n<h6><span class=\"Y2IQFc\" lang=\"et\" style=\"color: #000000;\">Veekindel vineerp\u00f5rand <\/span><\/h6>\n<h6><span class=\"Y2IQFc\" lang=\"et\" style=\"color: #000000;\">\u00c4ravool<\/span><\/h6>\n<h6><span style=\"color: #000000;\">NB!<\/span><\/h6>\n<h6><span style=\"color: #000000; font-size: 16px;\">See variant ei sisalda pliiti,<\/span><\/h6>\n<h6><span style=\"color: #000000; font-size: 16px;\">torusid ega liitmikke \u00fchenduskohtade jaoks.<\/span><\/h6>\n<h6><span style=\"color: #000000; font-size: 16px;\">Mullivannil puudub pliidi\u00fchenduse ettevalmistus (puuduvad augud). <\/span><\/h6>\n<h6><span style=\"color: #000000; font-size: 16px;\">TOOTJA: <\/span><\/h6>\n<h6><span style=\"color: #000000; font-size: 16px;\">BALTRESTO PRODUCTION O\u00dc <\/span><\/h6>\n<h6><span style=\"color: #000000; font-size: 16px;\">EESTI<\/span><\/h6>\n<div id=\"tw-container\" class=\"nev7se\" data-cp=\"1\" data-nnttsvi=\"1\" data-sletp=\"false\" data-sm=\"1\" data-ssbp=\"false\" data-sugg-time=\"500\" data-sugg-url=\"https:\/\/clients1.google.com\/complete\/search\" data-uilc=\"et\" data-vil=\",af,af-ZA,am,am-ET,ar-EG,ar-AE,ar-KW,ar-QA,ar,ar-IL,ar-JO,ar-LB,ar-PS,az,az-AZ,bg,bg-BG,bn,bn-BD,bn-IN,ca,ca-es,cs,cs-CZ,de,de-DE,de-CH,de-AT,de-LI,en,en-US,en-CA,en-AU,en-NZ,en-GB,en-IN,en-KE,en-TZ,en-NG,en-GH,en-PH,en-ZA,es,es-ES,es-AR,es-UY,es-419,es-BO,es-CL,es-CR,es-CO,es-DO,es-EC,es-GT,es-HN,es-NI,es-PA,es-PE,es-PR,es-PY,es-SV,es-VE,es-MX,es-US,eu,eu-ES,fi,fi-FI,fr,fr-FR,fr-CH,fr-BE,gl,gl-ES,gu,gu-IN,he,he-IL,iw,iw-IL,hu,hu-HU,hy,hy-AM,id,id-ID,is,is-IS,it,it-IT,it-CH,ja,ja-JP,jv,jv-ID,ka,ka-GE,km,km-KH,kn,kn-IN,ko,ko-KR,la,lo,lo-LA,lv,lv-LV,ml,ml-IN,mr,mr-IN,ms,ms-MY,nl,nl-NL,nb,nb-NO,ne,ne-NP,pl,pl-PL,pt,pt-BR,pt-PT,ro,ro-RO,ru,ru-RU,si-LK,sk,sk-SK,sr,sr-RS,su,su-ID,sv,sv-SE,sw,sw-TZ,sw-KE,ta,ta-IN,ta-SG,ta-LK,ta-MY,te,te-IN,tr,tr-TR,ur,ur-PK,ur-IN,yue,yue-HK,yue-Hant-HK,zh-HK,zh,zh-CN,zh-cmn,zh-cmn-CN,zh-Hans,zh-Hans-CN,zh-cmn-Hans,zh-cmn-Hans-CN,cmn-CN,cmn-Hans,cmn-Hans-CN,zh-TW,zh-Hant-TW,cmn-TW,cmn-Hant-TW,zh-cmn-TW,zh-cmn-Hant-TW,zu,zu-ZA,hi,hi-IN,tl,tl-PH,pa,pa-IN\">\n<div id=\"tw-ob\" class=\"tw-src-ltr\">\n<div class=\"oSioSc\">\n<div id=\"tw-target\">\n<div id=\"kAz1tf\" class=\"g9WsWb PZPZlf\" data-attrid=\"tw-targetArea\" data-entityname=\"Google Translate\">\n<div id=\"tw-target-rmn-container\" class=\"tw-target-rmn tw-ta-container tw-nfl\" tabindex=\"-1\" role=\"text\"><\/div>\n<div class=\"iYB33c\">\n<div id=\"tw-tmenu\" class=\"tw-menu\"><\/div>\n<\/div>\n<\/div>\n<\/div>\n<\/div>\n<\/div>\n<div id=\"tw-images\"><\/div>\n<div class=\"dURPtb\"><\/div>\n<div>\n<div><\/div>\n<\/div>\n<\/div>\n<div class=\"KFFQ0c xKf9F\"><\/div>\n","protected":false},"excerpt":{"rendered":"<p>Puuk\u00fcttega mullivann v\u00e4lisk\u00fcttega 4 inimesele. Kompaktne, ohutu, kergesti puhastatav, kiirelt soojenev ja ideaalne pere l\u00f5\u00f5gastumiseks. \u00dcmmargune \u00d81,8 Mahutavus 4 inimest Maht 1100 l Kaal 180 kg K\u00f5rgus 1,1 m S\u00fcgavus 0,96 m Istmete k\u00f5rgus 280 mm Istmete laius 290 mm Termopuit v\u00e4lispaksusega 18 mm Klaaskiud paksusega 5 mm Veekindel vineerp\u00f5rand 9 mm Lisatarvikud: ahi, valgustus, [&hellip;]<\/p>\n","protected":false},"featured_media":18886,"comment_status":"open","ping_status":"closed","template":"","meta":{"_acf_changed":false,"_genesis_hide_title":false,"_genesis_hide_breadcrumbs":false,"_genesis_hide_singular_image":false,"_genesis_hide_footer_widgets":false,"_genesis_custom_body_class":"","_genesis_custom_post_class":"","_genesis_layout":""},"product_brand":[],"product_cat":[418],"product_tag":[],"class_list":{"0":"post-18882","1":"product","2":"type-product","3":"status-publish","4":"has-post-thumbnail","6":"product_cat-baltresto-kumblustunnid","7":"entry","8":"override","10":"first","11":"instock","12":"shipping-taxable","13":"purchasable","14":"product-type-simple"},"acf":[],"_links":{"self":[{"href":"https:\/\/koduspa.ee\/en\/wp-json\/wp\/v2\/product\/18882","targetHints":{"allow":["GET"]}}],"collection":[{"href":"https:\/\/koduspa.ee\/en\/wp-json\/wp\/v2\/product"}],"about":[{"href":"https:\/\/koduspa.ee\/en\/wp-json\/wp\/v2\/types\/product"}],"replies":[{"embeddable":true,"href":"https:\/\/koduspa.ee\/en\/wp-json\/wp\/v2\/comments?post=18882"}],"wp:featuredmedia":[{"embeddable":true,"href":"https:\/\/koduspa.ee\/en\/wp-json\/wp\/v2\/media\/18886"}],"wp:attachment":[{"href":"https:\/\/koduspa.ee\/en\/wp-json\/wp\/v2\/media?parent=18882"}],"wp:term":[{"taxonomy":"product_brand","embeddable":true,"href":"https:\/\/koduspa.ee\/en\/wp-json\/wp\/v2\/product_brand?post=18882"},{"taxonomy":"product_cat","embeddable":true,"href":"https:\/\/koduspa.ee\/en\/wp-json\/wp\/v2\/product_cat?post=18882"},{"taxonomy":"product_tag","embeddable":true,"href":"https:\/\/koduspa.ee\/en\/wp-json\/wp\/v2\/product_tag?post=18882"}],"curies":[{"name":"wp","href":"https:\/\/api.w.org\/{rel}","templated":true}]}}