{"id":18851,"date":"2026-02-26T10:22:49","date_gmt":"2026-02-26T10:22:49","guid":{"rendered":"https:\/\/koduspa.ee\/?post_type=product&#038;p=18851"},"modified":"2026-02-26T10:43:18","modified_gmt":"2026-02-26T10:43:18","slug":"kumblustunni-ahi-alumiinium-27kw","status":"publish","type":"product","link":"https:\/\/koduspa.ee\/en\/pood\/baltresto-kumblustunni-lisatarvikud\/kumblustunni-ahi-alumiinium-27kw\/","title":{"rendered":"AHI ALUMIINIUM 27kW K\u00dcMBLUST\u00dcNNILE"},"content":{"rendered":"<h6 id=\"tw-target-text\" class=\"tw-data-text tw-text-large tw-ta\" dir=\"ltr\" tabindex=\"-1\" role=\"text\" data-placeholder=\"T\u00f5lge\" data-ved=\"2ahUKEwjF0-zf9faSAxXrGBAIHfsFLLIQ3ewLegQIBBAW\" aria-label=\"T\u00f5lgitud tekst: P\u00f5hikomplekt sisaldab: V\u00e4lispliit puuk\u00fcttega Korsten 1 m, \u00d8 114 mm, Korsten 1 m, \u00d8 114 mm, vihmakattega 2 \u00e4\u00e4rikut, \u00d8 75 mm 2 x 20 cm voolikut 4 voolikuklambrit Metallrest\"><span class=\"Y2IQFc\" lang=\"et\" style=\"color: #000000;\">P\u00f5hikomplekt sisaldab: <\/span><\/h6>\n<h6 class=\"tw-data-text tw-text-large tw-ta\" dir=\"ltr\" tabindex=\"-1\" role=\"text\" data-placeholder=\"T\u00f5lge\" data-ved=\"2ahUKEwjF0-zf9faSAxXrGBAIHfsFLLIQ3ewLegQIBBAW\" aria-label=\"T\u00f5lgitud tekst: P\u00f5hikomplekt sisaldab: V\u00e4lispliit puuk\u00fcttega Korsten 1 m, \u00d8 114 mm, Korsten 1 m, \u00d8 114 mm, vihmakattega 2 \u00e4\u00e4rikut, \u00d8 75 mm 2 x 20 cm voolikut 4 voolikuklambrit Metallrest\"><span class=\"Y2IQFc\" lang=\"et\" style=\"color: #000000;\">Puuk\u00fcttega pliit<\/span><\/h6>\n<h6 class=\"tw-data-text tw-text-large tw-ta\" dir=\"ltr\" tabindex=\"-1\" role=\"text\" data-placeholder=\"T\u00f5lge\" data-ved=\"2ahUKEwjF0-zf9faSAxXrGBAIHfsFLLIQ3ewLegQIBBAW\" aria-label=\"T\u00f5lgitud tekst: P\u00f5hikomplekt sisaldab: V\u00e4lispliit puuk\u00fcttega Korsten 1 m, \u00d8 114 mm, Korsten 1 m, \u00d8 114 mm, vihmakattega 2 \u00e4\u00e4rikut, \u00d8 75 mm 2 x 20 cm voolikut 4 voolikuklambrit Metallrest\"><span class=\"Y2IQFc\" lang=\"et\" style=\"color: #000000;\">Korsten 1 m, \u00d8 114 mm,<\/span><\/h6>\n<h6 id=\"tw-target-text\" class=\"tw-data-text tw-text-large tw-ta\" dir=\"ltr\" tabindex=\"-1\" role=\"text\" data-placeholder=\"T\u00f5lge\" data-ved=\"2ahUKEwjF0-zf9faSAxXrGBAIHfsFLLIQ3ewLegQIBBAW\" aria-label=\"T\u00f5lgitud tekst: Korsten 1 m, \u00d8 114 mm, vihmakattega 2 \u00e4\u00e4rikut, \u00d8 75 mm\"><span class=\"Y2IQFc\" lang=\"et\" style=\"color: #000000;\">Korsten 1 m, \u00d8 114 mm, vihmakattega<\/span><\/h6>\n<h6 class=\"tw-data-text tw-text-large tw-ta\" dir=\"ltr\" tabindex=\"-1\" role=\"text\" data-placeholder=\"T\u00f5lge\" data-ved=\"2ahUKEwjF0-zf9faSAxXrGBAIHfsFLLIQ3ewLegQIBBAW\" aria-label=\"T\u00f5lgitud tekst: P\u00f5hikomplekt sisaldab: V\u00e4lispliit puuk\u00fcttega Korsten 1 m, \u00d8 114 mm, Korsten 1 m, \u00d8 114 mm, vihmakattega 2 \u00e4\u00e4rikut, \u00d8 75 mm 2 x 20 cm voolikut 4 voolikuklambrit Metallrest\"><span class=\"Y2IQFc\" lang=\"et\" style=\"color: #000000;\">\u00a02 \u00e4\u00e4rikut, \u00d8 75 mm <\/span><\/h6>\n<h6 class=\"tw-data-text tw-text-large tw-ta\" dir=\"ltr\" tabindex=\"-1\" role=\"text\" data-placeholder=\"T\u00f5lge\" data-ved=\"2ahUKEwjF0-zf9faSAxXrGBAIHfsFLLIQ3ewLegQIBBAW\" aria-label=\"T\u00f5lgitud tekst: P\u00f5hikomplekt sisaldab: V\u00e4lispliit puuk\u00fcttega Korsten 1 m, \u00d8 114 mm, Korsten 1 m, \u00d8 114 mm, vihmakattega 2 \u00e4\u00e4rikut, \u00d8 75 mm 2 x 20 cm voolikut 4 voolikuklambrit Metallrest\"><span class=\"Y2IQFc\" lang=\"et\" style=\"color: #000000;\">2 x 20 cm voolikut <\/span><\/h6>\n<h6 class=\"tw-data-text tw-text-large tw-ta\" dir=\"ltr\" tabindex=\"-1\" role=\"text\" data-placeholder=\"T\u00f5lge\" data-ved=\"2ahUKEwjF0-zf9faSAxXrGBAIHfsFLLIQ3ewLegQIBBAW\" aria-label=\"T\u00f5lgitud tekst: P\u00f5hikomplekt sisaldab: V\u00e4lispliit puuk\u00fcttega Korsten 1 m, \u00d8 114 mm, Korsten 1 m, \u00d8 114 mm, vihmakattega 2 \u00e4\u00e4rikut, \u00d8 75 mm 2 x 20 cm voolikut 4 voolikuklambrit Metallrest\"><span class=\"Y2IQFc\" lang=\"et\" style=\"color: #000000;\">4 voolikuklambrit <\/span><\/h6>\n<h6 class=\"tw-data-text tw-text-large tw-ta\" dir=\"ltr\" tabindex=\"-1\" role=\"text\" data-placeholder=\"T\u00f5lge\" data-ved=\"2ahUKEwjF0-zf9faSAxXrGBAIHfsFLLIQ3ewLegQIBBAW\" aria-label=\"T\u00f5lgitud tekst: P\u00f5hikomplekt sisaldab: V\u00e4lispliit puuk\u00fcttega Korsten 1 m, \u00d8 114 mm, Korsten 1 m, \u00d8 114 mm, vihmakattega 2 \u00e4\u00e4rikut, \u00d8 75 mm 2 x 20 cm voolikut 4 voolikuklambrit Metallrest\"><span class=\"Y2IQFc\" lang=\"et\" style=\"color: #000000;\">Metallrest<\/span><\/h6>\n<h6><span style=\"color: #000000;\">TOOTJA:<\/span><\/h6>\n<h6><span style=\"color: #000000;\">BALTRESTO PRODUCTION O\u00dc<\/span><\/h6>\n<h6><span style=\"color: #000000;\">EESTI<\/span><\/h6>\n","protected":false},"excerpt":{"rendered":"<p>P\u00f5hikomplekt sisaldab: Puuk\u00fcttega pliit Korsten 1 m, \u00d8 114 mm, Korsten 1 m, \u00d8 114 mm, vihmakattega \u00a02 \u00e4\u00e4rikut, \u00d8 75 mm 2 x 20 cm voolikut 4 voolikuklambrit Metallrest TOOTJA: BALTRESTO PRODUCTION O\u00dc EESTI<\/p>\n","protected":false},"featured_media":18852,"comment_status":"open","ping_status":"closed","template":"","meta":{"_acf_changed":false,"_genesis_hide_title":false,"_genesis_hide_breadcrumbs":false,"_genesis_hide_singular_image":false,"_genesis_hide_footer_widgets":false,"_genesis_custom_body_class":"","_genesis_custom_post_class":"","_genesis_layout":""},"product_brand":[],"product_cat":[421],"product_tag":[],"class_list":{"0":"post-18851","1":"product","2":"type-product","3":"status-publish","4":"has-post-thumbnail","6":"product_cat-baltresto-kumblustunni-lisatarvikud","7":"entry","8":"override","10":"first","11":"instock","12":"shipping-taxable","13":"purchasable","14":"product-type-simple"},"acf":[],"_links":{"self":[{"href":"https:\/\/koduspa.ee\/en\/wp-json\/wp\/v2\/product\/18851","targetHints":{"allow":["GET"]}}],"collection":[{"href":"https:\/\/koduspa.ee\/en\/wp-json\/wp\/v2\/product"}],"about":[{"href":"https:\/\/koduspa.ee\/en\/wp-json\/wp\/v2\/types\/product"}],"replies":[{"embeddable":true,"href":"https:\/\/koduspa.ee\/en\/wp-json\/wp\/v2\/comments?post=18851"}],"wp:featuredmedia":[{"embeddable":true,"href":"https:\/\/koduspa.ee\/en\/wp-json\/wp\/v2\/media\/18852"}],"wp:attachment":[{"href":"https:\/\/koduspa.ee\/en\/wp-json\/wp\/v2\/media?parent=18851"}],"wp:term":[{"taxonomy":"product_brand","embeddable":true,"href":"https:\/\/koduspa.ee\/en\/wp-json\/wp\/v2\/product_brand?post=18851"},{"taxonomy":"product_cat","embeddable":true,"href":"https:\/\/koduspa.ee\/en\/wp-json\/wp\/v2\/product_cat?post=18851"},{"taxonomy":"product_tag","embeddable":true,"href":"https:\/\/koduspa.ee\/en\/wp-json\/wp\/v2\/product_tag?post=18851"}],"curies":[{"name":"wp","href":"https:\/\/api.w.org\/{rel}","templated":true}]}}