{"id":18810,"date":"2026-02-26T08:42:42","date_gmt":"2026-02-26T08:42:42","guid":{"rendered":"https:\/\/koduspa.ee\/?post_type=product&#038;p=18810"},"modified":"2026-02-26T08:42:42","modified_gmt":"2026-02-26T08:42:42","slug":"saunatarvikute-komplekt","status":"publish","type":"product","link":"https:\/\/koduspa.ee\/en\/pood\/baltresto-saunamajade-lisatarvikud\/saunatarvikute-komplekt\/","title":{"rendered":"SAUNATARVIKUTE KOMPLEKT"},"content":{"rendered":"<div id=\"tw-container\" class=\"nev7se\" data-cp=\"1\" data-nnttsvi=\"1\" data-sletp=\"false\" data-sm=\"1\" data-ssbp=\"false\" data-sugg-time=\"500\" data-sugg-url=\"https:\/\/clients1.google.com\/complete\/search\" data-uilc=\"et\" data-vil=\",af,af-ZA,am,am-ET,ar-EG,ar-AE,ar-KW,ar-QA,ar,ar-IL,ar-JO,ar-LB,ar-PS,az,az-AZ,bg,bg-BG,bn,bn-BD,bn-IN,ca,ca-es,cs,cs-CZ,de,de-DE,de-CH,de-AT,de-LI,en,en-US,en-CA,en-AU,en-NZ,en-GB,en-IN,en-KE,en-TZ,en-NG,en-GH,en-PH,en-ZA,es,es-ES,es-AR,es-UY,es-419,es-BO,es-CL,es-CR,es-CO,es-DO,es-EC,es-GT,es-HN,es-NI,es-PA,es-PE,es-PR,es-PY,es-SV,es-VE,es-MX,es-US,eu,eu-ES,fi,fi-FI,fr,fr-FR,fr-CH,fr-BE,gl,gl-ES,gu,gu-IN,he,he-IL,iw,iw-IL,hu,hu-HU,hy,hy-AM,id,id-ID,is,is-IS,it,it-IT,it-CH,ja,ja-JP,jv,jv-ID,ka,ka-GE,km,km-KH,kn,kn-IN,ko,ko-KR,la,lo,lo-LA,lv,lv-LV,ml,ml-IN,mr,mr-IN,ms,ms-MY,nl,nl-NL,nb,nb-NO,ne,ne-NP,pl,pl-PL,pt,pt-BR,pt-PT,ro,ro-RO,ru,ru-RU,si-LK,sk,sk-SK,sr,sr-RS,su,su-ID,sv,sv-SE,sw,sw-TZ,sw-KE,ta,ta-IN,ta-SG,ta-LK,ta-MY,te,te-IN,tr,tr-TR,ur,ur-PK,ur-IN,yue,yue-HK,yue-Hant-HK,zh-HK,zh,zh-CN,zh-cmn,zh-cmn-CN,zh-Hans,zh-Hans-CN,zh-cmn-Hans,zh-cmn-Hans-CN,cmn-CN,cmn-Hans,cmn-Hans-CN,zh-TW,zh-Hant-TW,cmn-TW,cmn-Hant-TW,zh-cmn-TW,zh-cmn-Hant-TW,zu,zu-ZA,hi,hi-IN,tl,tl-PH,pa,pa-IN\">\n<div id=\"tw-ob\" class=\"tw-src-ltr\">\n<div class=\"oSioSc\">\n<div id=\"tw-target\">\n<div id=\"kAz1tf\" class=\"g9WsWb PZPZlf\" data-attrid=\"tw-targetArea\" data-entityname=\"Google Translate\">\n<div id=\"tw-target-text-container\" class=\"tw-ta-container tw-nfl\" tabindex=\"0\" role=\"text\">\n<h6 id=\"tw-target-text\" class=\"tw-data-text tw-text-large tw-ta\" dir=\"ltr\" tabindex=\"-1\" role=\"text\" data-placeholder=\"T\u00f5lge\" data-ved=\"2ahUKEwiSlPCr3vaSAxWtBxAIHaY0JicQ3ewLegQIBBAW\" aria-label=\"T\u00f5lgitud tekst: Saunatarvikute komplekt\n110 \u20ac\n\nSee on suurep\u00e4rane saunakomplekt, mida iga\u00fcks vajab sauna jaoks. Saunatarvikute komplekt sisaldab:\n\n1. Termomeeter-h\u00fcgromeeter\nPuidust saunatermomeeter-h\u00fcgromeeter. Bimetalltermomeetri andur.\n\nToote m\u00f5\u00f5dud: 26 x 14 x 3 cm\nPaki m\u00f5\u00f5dud: 41 x 30 x 31,5 cm\n\n2. Sauna\u00e4mber\nAlumiiniumist roheline \u00e4mber bambusest k\u00e4epideme ja kulbiga. Skandinaavia disain ja suurep\u00e4rane materjalivalik sauna soojuse ja niiskuse jaoks.\n\nPaki m\u00f5\u00f5dud: 54 x 31 x 70 cm\nL\u00e4bim\u00f5\u00f5t: 23 cm\nKulbi m\u00f5\u00f5dud: 42 cm\n\n3. Saunataimer\nAlumiiniumist + m\u00e4nnipuidust saunataimer.\n\nToote m\u00f5\u00f5dud: 34 x 7 x 4 cm\nPaki m\u00f5\u00f5dud: 42 x 35 x 42,5 cm\n\n4. Aroomiteraapia kauss\nL\u00f5hna\u00f5li hoidik.\nMaterjal: Roostevaba teras\nL\u00e4bim\u00f5\u00f5t: 20 cm\nPakendi m\u00f5\u00f5dud: 48 x 49 x 26 cm\n* V\u00f5ib paigaldada ainult puidust seinale. Ei saa kasutada \u00fcmmarguse panoraamaknaga\"><span class=\"Y2IQFc\" lang=\"et\" style=\"color: #000000;\"> See on suurep\u00e4rane saunakomplekt, <\/span><\/h6>\n<h6 class=\"tw-data-text tw-text-large tw-ta\" dir=\"ltr\" tabindex=\"-1\" role=\"text\" data-placeholder=\"T\u00f5lge\" data-ved=\"2ahUKEwiSlPCr3vaSAxWtBxAIHaY0JicQ3ewLegQIBBAW\" aria-label=\"T\u00f5lgitud tekst: Saunatarvikute komplekt\n110 \u20ac\n\nSee on suurep\u00e4rane saunakomplekt, mida iga\u00fcks vajab sauna jaoks. Saunatarvikute komplekt sisaldab:\n\n1. Termomeeter-h\u00fcgromeeter\nPuidust saunatermomeeter-h\u00fcgromeeter. Bimetalltermomeetri andur.\n\nToote m\u00f5\u00f5dud: 26 x 14 x 3 cm\nPaki m\u00f5\u00f5dud: 41 x 30 x 31,5 cm\n\n2. Sauna\u00e4mber\nAlumiiniumist roheline \u00e4mber bambusest k\u00e4epideme ja kulbiga. Skandinaavia disain ja suurep\u00e4rane materjalivalik sauna soojuse ja niiskuse jaoks.\n\nPaki m\u00f5\u00f5dud: 54 x 31 x 70 cm\nL\u00e4bim\u00f5\u00f5t: 23 cm\nKulbi m\u00f5\u00f5dud: 42 cm\n\n3. Saunataimer\nAlumiiniumist + m\u00e4nnipuidust saunataimer.\n\nToote m\u00f5\u00f5dud: 34 x 7 x 4 cm\nPaki m\u00f5\u00f5dud: 42 x 35 x 42,5 cm\n\n4. Aroomiteraapia kauss\nL\u00f5hna\u00f5li hoidik.\nMaterjal: Roostevaba teras\nL\u00e4bim\u00f5\u00f5t: 20 cm\nPakendi m\u00f5\u00f5dud: 48 x 49 x 26 cm\n* V\u00f5ib paigaldada ainult puidust seinale. Ei saa kasutada \u00fcmmarguse panoraamaknaga\"><span class=\"Y2IQFc\" lang=\"et\" style=\"color: #000000;\">mida iga\u00fcks vajab sauna jaoks. S<\/span><\/h6>\n<h6 class=\"tw-data-text tw-text-large tw-ta\" dir=\"ltr\" tabindex=\"-1\" role=\"text\" data-placeholder=\"T\u00f5lge\" data-ved=\"2ahUKEwiSlPCr3vaSAxWtBxAIHaY0JicQ3ewLegQIBBAW\" aria-label=\"T\u00f5lgitud tekst: Saunatarvikute komplekt\n110 \u20ac\n\nSee on suurep\u00e4rane saunakomplekt, mida iga\u00fcks vajab sauna jaoks. Saunatarvikute komplekt sisaldab:\n\n1. Termomeeter-h\u00fcgromeeter\nPuidust saunatermomeeter-h\u00fcgromeeter. Bimetalltermomeetri andur.\n\nToote m\u00f5\u00f5dud: 26 x 14 x 3 cm\nPaki m\u00f5\u00f5dud: 41 x 30 x 31,5 cm\n\n2. Sauna\u00e4mber\nAlumiiniumist roheline \u00e4mber bambusest k\u00e4epideme ja kulbiga. Skandinaavia disain ja suurep\u00e4rane materjalivalik sauna soojuse ja niiskuse jaoks.\n\nPaki m\u00f5\u00f5dud: 54 x 31 x 70 cm\nL\u00e4bim\u00f5\u00f5t: 23 cm\nKulbi m\u00f5\u00f5dud: 42 cm\n\n3. Saunataimer\nAlumiiniumist + m\u00e4nnipuidust saunataimer.\n\nToote m\u00f5\u00f5dud: 34 x 7 x 4 cm\nPaki m\u00f5\u00f5dud: 42 x 35 x 42,5 cm\n\n4. Aroomiteraapia kauss\nL\u00f5hna\u00f5li hoidik.\nMaterjal: Roostevaba teras\nL\u00e4bim\u00f5\u00f5t: 20 cm\nPakendi m\u00f5\u00f5dud: 48 x 49 x 26 cm\n* V\u00f5ib paigaldada ainult puidust seinale. Ei saa kasutada \u00fcmmarguse panoraamaknaga\"><span class=\"Y2IQFc\" lang=\"et\" style=\"color: #000000;\">aunatarvikute komplekt sisaldab: <\/span><\/h6>\n<h6 class=\"tw-data-text tw-text-large tw-ta\" dir=\"ltr\" tabindex=\"-1\" role=\"text\" data-placeholder=\"T\u00f5lge\" data-ved=\"2ahUKEwiSlPCr3vaSAxWtBxAIHaY0JicQ3ewLegQIBBAW\" aria-label=\"T\u00f5lgitud tekst: Saunatarvikute komplekt\n110 \u20ac\n\nSee on suurep\u00e4rane saunakomplekt, mida iga\u00fcks vajab sauna jaoks. Saunatarvikute komplekt sisaldab:\n\n1. Termomeeter-h\u00fcgromeeter\nPuidust saunatermomeeter-h\u00fcgromeeter. Bimetalltermomeetri andur.\n\nToote m\u00f5\u00f5dud: 26 x 14 x 3 cm\nPaki m\u00f5\u00f5dud: 41 x 30 x 31,5 cm\n\n2. Sauna\u00e4mber\nAlumiiniumist roheline \u00e4mber bambusest k\u00e4epideme ja kulbiga. Skandinaavia disain ja suurep\u00e4rane materjalivalik sauna soojuse ja niiskuse jaoks.\n\nPaki m\u00f5\u00f5dud: 54 x 31 x 70 cm\nL\u00e4bim\u00f5\u00f5t: 23 cm\nKulbi m\u00f5\u00f5dud: 42 cm\n\n3. Saunataimer\nAlumiiniumist + m\u00e4nnipuidust saunataimer.\n\nToote m\u00f5\u00f5dud: 34 x 7 x 4 cm\nPaki m\u00f5\u00f5dud: 42 x 35 x 42,5 cm\n\n4. Aroomiteraapia kauss\nL\u00f5hna\u00f5li hoidik.\nMaterjal: Roostevaba teras\nL\u00e4bim\u00f5\u00f5t: 20 cm\nPakendi m\u00f5\u00f5dud: 48 x 49 x 26 cm\n* V\u00f5ib paigaldada ainult puidust seinale. Ei saa kasutada \u00fcmmarguse panoraamaknaga\"><span class=\"Y2IQFc\" lang=\"et\" style=\"color: #000000;\">\u00a0Termomeeter-h\u00fcgromeeter <\/span><\/h6>\n<h6 class=\"tw-data-text tw-text-large tw-ta\" dir=\"ltr\" tabindex=\"-1\" role=\"text\" data-placeholder=\"T\u00f5lge\" data-ved=\"2ahUKEwiSlPCr3vaSAxWtBxAIHaY0JicQ3ewLegQIBBAW\" aria-label=\"T\u00f5lgitud tekst: Saunatarvikute komplekt\n110 \u20ac\n\nSee on suurep\u00e4rane saunakomplekt, mida iga\u00fcks vajab sauna jaoks. Saunatarvikute komplekt sisaldab:\n\n1. Termomeeter-h\u00fcgromeeter\nPuidust saunatermomeeter-h\u00fcgromeeter. Bimetalltermomeetri andur.\n\nToote m\u00f5\u00f5dud: 26 x 14 x 3 cm\nPaki m\u00f5\u00f5dud: 41 x 30 x 31,5 cm\n\n2. Sauna\u00e4mber\nAlumiiniumist roheline \u00e4mber bambusest k\u00e4epideme ja kulbiga. Skandinaavia disain ja suurep\u00e4rane materjalivalik sauna soojuse ja niiskuse jaoks.\n\nPaki m\u00f5\u00f5dud: 54 x 31 x 70 cm\nL\u00e4bim\u00f5\u00f5t: 23 cm\nKulbi m\u00f5\u00f5dud: 42 cm\n\n3. Saunataimer\nAlumiiniumist + m\u00e4nnipuidust saunataimer.\n\nToote m\u00f5\u00f5dud: 34 x 7 x 4 cm\nPaki m\u00f5\u00f5dud: 42 x 35 x 42,5 cm\n\n4. Aroomiteraapia kauss\nL\u00f5hna\u00f5li hoidik.\nMaterjal: Roostevaba teras\nL\u00e4bim\u00f5\u00f5t: 20 cm\nPakendi m\u00f5\u00f5dud: 48 x 49 x 26 cm\n* V\u00f5ib paigaldada ainult puidust seinale. Ei saa kasutada \u00fcmmarguse panoraamaknaga\"><span class=\"Y2IQFc\" lang=\"et\" style=\"color: #000000;\">\u00c4mber <\/span><\/h6>\n<h6 class=\"tw-data-text tw-text-large tw-ta\" dir=\"ltr\" tabindex=\"-1\" role=\"text\" data-placeholder=\"T\u00f5lge\" data-ved=\"2ahUKEwiSlPCr3vaSAxWtBxAIHaY0JicQ3ewLegQIBBAW\" aria-label=\"T\u00f5lgitud tekst: Saunatarvikute komplekt\n110 \u20ac\n\nSee on suurep\u00e4rane saunakomplekt, mida iga\u00fcks vajab sauna jaoks. Saunatarvikute komplekt sisaldab:\n\n1. Termomeeter-h\u00fcgromeeter\nPuidust saunatermomeeter-h\u00fcgromeeter. Bimetalltermomeetri andur.\n\nToote m\u00f5\u00f5dud: 26 x 14 x 3 cm\nPaki m\u00f5\u00f5dud: 41 x 30 x 31,5 cm\n\n2. Sauna\u00e4mber\nAlumiiniumist roheline \u00e4mber bambusest k\u00e4epideme ja kulbiga. Skandinaavia disain ja suurep\u00e4rane materjalivalik sauna soojuse ja niiskuse jaoks.\n\nPaki m\u00f5\u00f5dud: 54 x 31 x 70 cm\nL\u00e4bim\u00f5\u00f5t: 23 cm\nKulbi m\u00f5\u00f5dud: 42 cm\n\n3. Saunataimer\nAlumiiniumist + m\u00e4nnipuidust saunataimer.\n\nToote m\u00f5\u00f5dud: 34 x 7 x 4 cm\nPaki m\u00f5\u00f5dud: 42 x 35 x 42,5 cm\n\n4. Aroomiteraapia kauss\nL\u00f5hna\u00f5li hoidik.\nMaterjal: Roostevaba teras\nL\u00e4bim\u00f5\u00f5t: 20 cm\nPakendi m\u00f5\u00f5dud: 48 x 49 x 26 cm\n* V\u00f5ib paigaldada ainult puidust seinale. Ei saa kasutada \u00fcmmarguse panoraamaknaga\"><span class=\"Y2IQFc\" lang=\"et\" style=\"color: #000000;\">Liivakell <\/span><\/h6>\n<h6 class=\"tw-data-text tw-text-large tw-ta\" dir=\"ltr\" tabindex=\"-1\" role=\"text\" data-placeholder=\"T\u00f5lge\" data-ved=\"2ahUKEwiSlPCr3vaSAxWtBxAIHaY0JicQ3ewLegQIBBAW\" aria-label=\"T\u00f5lgitud tekst: Saunatarvikute komplekt\n110 \u20ac\n\nSee on suurep\u00e4rane saunakomplekt, mida iga\u00fcks vajab sauna jaoks. Saunatarvikute komplekt sisaldab:\n\n1. Termomeeter-h\u00fcgromeeter\nPuidust saunatermomeeter-h\u00fcgromeeter. Bimetalltermomeetri andur.\n\nToote m\u00f5\u00f5dud: 26 x 14 x 3 cm\nPaki m\u00f5\u00f5dud: 41 x 30 x 31,5 cm\n\n2. Sauna\u00e4mber\nAlumiiniumist roheline \u00e4mber bambusest k\u00e4epideme ja kulbiga. Skandinaavia disain ja suurep\u00e4rane materjalivalik sauna soojuse ja niiskuse jaoks.\n\nPaki m\u00f5\u00f5dud: 54 x 31 x 70 cm\nL\u00e4bim\u00f5\u00f5t: 23 cm\nKulbi m\u00f5\u00f5dud: 42 cm\n\n3. Saunataimer\nAlumiiniumist + m\u00e4nnipuidust saunataimer.\n\nToote m\u00f5\u00f5dud: 34 x 7 x 4 cm\nPaki m\u00f5\u00f5dud: 42 x 35 x 42,5 cm\n\n4. Aroomiteraapia kauss\nL\u00f5hna\u00f5li hoidik.\nMaterjal: Roostevaba teras\nL\u00e4bim\u00f5\u00f5t: 20 cm\nPakendi m\u00f5\u00f5dud: 48 x 49 x 26 cm\n* V\u00f5ib paigaldada ainult puidust seinale. Ei saa kasutada \u00fcmmarguse panoraamaknaga\"><span class=\"Y2IQFc\" lang=\"et\" style=\"color: #000000;\">Aroomi kauss<\/span><\/h6>\n<p>&nbsp;<\/p>\n<\/div>\n<div id=\"tw-target-rmn-container\" class=\"tw-target-rmn tw-ta-container tw-nfl\" tabindex=\"-1\" role=\"text\">\n<pre id=\"tw-target-rmn\" class=\"tw-data-placeholder tw-text-small tw-ta\" dir=\"ltr\" tabindex=\"-1\" role=\"text\" data-placeholder=\"\"><\/pre>\n<\/div>\n<div class=\"iYB33c\">\n<div id=\"tw-tmenu\" class=\"tw-menu\"><\/div>\n<\/div>\n<\/div>\n<\/div>\n<\/div>\n<\/div>\n<div id=\"tw-images\"><\/div>\n<div class=\"dURPtb\"><\/div>\n<div>\n<div><\/div>\n<\/div>\n<\/div>\n<div class=\"KFFQ0c xKf9F\">\n<div class=\"akqY6\"><\/div>\n<div class=\"YfftMc\">\n<div class=\"RPXObe\">\n<div class=\"mWcf0e\" tabindex=\"0\" role=\"button\" data-dccl=\"true\" data-ved=\"2ahUKEwiSlPCr3vaSAxWtBxAIHaY0JicQ6scEegQIBBAx\">\n<div class=\"VfL2Y LRZwuc\"><span class=\"W7GCoc CNbPnc\">Tagasiside<\/span><\/div>\n<\/div>\n<\/div>\n<\/div>\n<\/div>\n","protected":false},"excerpt":{"rendered":"<p>See on suurep\u00e4rane saunakomplekt, mida iga\u00fcks vajab sauna jaoks. S aunatarvikute komplekt sisaldab: \u00a0Termomeeter-h\u00fcgromeeter \u00c4mber Liivakell Aroomi kauss &nbsp; Tagasiside<\/p>\n","protected":false},"featured_media":18811,"comment_status":"open","ping_status":"closed","template":"","meta":{"_acf_changed":false,"_genesis_hide_title":false,"_genesis_hide_breadcrumbs":false,"_genesis_hide_singular_image":false,"_genesis_hide_footer_widgets":false,"_genesis_custom_body_class":"","_genesis_custom_post_class":"","_genesis_layout":""},"product_brand":[],"product_cat":[422],"product_tag":[],"class_list":{"0":"post-18810","1":"product","2":"type-product","3":"status-publish","4":"has-post-thumbnail","6":"product_cat-baltresto-saunamajade-lisatarvikud","7":"entry","8":"override","10":"first","11":"instock","12":"shipping-taxable","13":"purchasable","14":"product-type-simple"},"acf":[],"_links":{"self":[{"href":"https:\/\/koduspa.ee\/en\/wp-json\/wp\/v2\/product\/18810","targetHints":{"allow":["GET"]}}],"collection":[{"href":"https:\/\/koduspa.ee\/en\/wp-json\/wp\/v2\/product"}],"about":[{"href":"https:\/\/koduspa.ee\/en\/wp-json\/wp\/v2\/types\/product"}],"replies":[{"embeddable":true,"href":"https:\/\/koduspa.ee\/en\/wp-json\/wp\/v2\/comments?post=18810"}],"wp:featuredmedia":[{"embeddable":true,"href":"https:\/\/koduspa.ee\/en\/wp-json\/wp\/v2\/media\/18811"}],"wp:attachment":[{"href":"https:\/\/koduspa.ee\/en\/wp-json\/wp\/v2\/media?parent=18810"}],"wp:term":[{"taxonomy":"product_brand","embeddable":true,"href":"https:\/\/koduspa.ee\/en\/wp-json\/wp\/v2\/product_brand?post=18810"},{"taxonomy":"product_cat","embeddable":true,"href":"https:\/\/koduspa.ee\/en\/wp-json\/wp\/v2\/product_cat?post=18810"},{"taxonomy":"product_tag","embeddable":true,"href":"https:\/\/koduspa.ee\/en\/wp-json\/wp\/v2\/product_tag?post=18810"}],"curies":[{"name":"wp","href":"https:\/\/api.w.org\/{rel}","templated":true}]}}