{"id":18726,"date":"2026-02-25T07:50:44","date_gmt":"2026-02-25T07:50:44","guid":{"rendered":"https:\/\/koduspa.ee\/?post_type=product&#038;p=18726"},"modified":"2026-02-26T09:40:01","modified_gmt":"2026-02-26T09:40:01","slug":"tunnisaun-s2v-24m-4-inimesele","status":"publish","type":"product","link":"https:\/\/koduspa.ee\/en\/pood\/baltresto-saunamajad\/tunnisaun-s2v-24m-4-inimesele\/","title":{"rendered":"T\u00dcNNISAUN S2V 2,4m 4 inimesele"},"content":{"rendered":"<h6 id=\"tw-target-text\" class=\"tw-data-text tw-text-large tw-ta\" dir=\"ltr\" tabindex=\"-1\" role=\"text\" data-placeholder=\"T\u00f5lge\" data-ved=\"2ahUKEwjY_eXDjfSSAxXmFBAIHXldIRMQ3ewLegQIBBAW\" aria-label=\"T\u00f5lgitud tekst: Tootmisaeg on umbes 5-6 n\u00e4dalat \u00d5ues asuv t\u00fcnnisaun S2V \u00f5ueistekohtadega 4 inimesele. Kompaktne, termopuidust konstruktsioon, vastupidav ja ideaalne v\u00e4ikestele terrassidele v\u00f5i aedadesse.\"><span class=\"Y2IQFc\" lang=\"et\" style=\"color: #000000;\">Tootmisaeg on umbes 5-6 n\u00e4dalat.<\/span><\/h6>\n<h6 class=\"tw-data-text tw-text-large tw-ta\" dir=\"ltr\" tabindex=\"-1\" role=\"text\" data-placeholder=\"T\u00f5lge\" data-ved=\"2ahUKEwjY_eXDjfSSAxXmFBAIHXldIRMQ3ewLegQIBBAW\" aria-label=\"T\u00f5lgitud tekst: Tootmisaeg on umbes 5-6 n\u00e4dalat \u00d5ues asuv t\u00fcnnisaun S2V \u00f5ueistekohtadega 4 inimesele. Kompaktne, termopuidust konstruktsioon, vastupidav ja ideaalne v\u00e4ikestele terrassidele v\u00f5i aedadesse.\"><span class=\"Y2IQFc\" lang=\"et\" style=\"color: #000000;\">\u00d5ues asuv t\u00fcnnisaun S2V \u00f5ueistekohtadega 4 inimesele. <\/span><\/h6>\n<h6 class=\"tw-data-text tw-text-large tw-ta\" dir=\"ltr\" tabindex=\"-1\" role=\"text\" data-placeholder=\"T\u00f5lge\" data-ved=\"2ahUKEwjY_eXDjfSSAxXmFBAIHXldIRMQ3ewLegQIBBAW\" aria-label=\"T\u00f5lgitud tekst: Tootmisaeg on umbes 5-6 n\u00e4dalat \u00d5ues asuv t\u00fcnnisaun S2V \u00f5ueistekohtadega 4 inimesele. Kompaktne, termopuidust konstruktsioon, vastupidav ja ideaalne v\u00e4ikestele terrassidele v\u00f5i aedadesse.\"><span class=\"Y2IQFc\" lang=\"et\" style=\"color: #000000;\">Kompaktne, termopuidust konstruktsioon, vastupidav ja <\/span><\/h6>\n<h6 class=\"tw-data-text tw-text-large tw-ta\" dir=\"ltr\" tabindex=\"-1\" role=\"text\" data-placeholder=\"T\u00f5lge\" data-ved=\"2ahUKEwjY_eXDjfSSAxXmFBAIHXldIRMQ3ewLegQIBBAW\" aria-label=\"T\u00f5lgitud tekst: Tootmisaeg on umbes 5-6 n\u00e4dalat \u00d5ues asuv t\u00fcnnisaun S2V \u00f5ueistekohtadega 4 inimesele. Kompaktne, termopuidust konstruktsioon, vastupidav ja ideaalne v\u00e4ikestele terrassidele v\u00f5i aedadesse.\"><span class=\"Y2IQFc\" lang=\"et\" style=\"color: #000000;\">ideaalne v\u00e4ikestele terrassidele v\u00f5i aedadesse.<\/span><\/h6>\n<h6 id=\"tw-target-text\" class=\"tw-data-text tw-text-large tw-ta\" dir=\"ltr\" tabindex=\"-1\" role=\"text\" data-placeholder=\"T\u00f5lge\" data-ved=\"2ahUKEwjY_eXDjfSSAxXmFBAIHXldIRMQ3ewLegQIBBAW\" aria-label=\"T\u00f5lgitud tekst: L\u00e4bim\u00f5\u00f5t \u00d82m \/ \u00d82,2m Kokkupandud m\u00f5\u00f5dud PxLxK \u00d82m - 240x200x210 cm \/ \u00d82,2m - 240x220x230 cm Lamedalt pakituna m\u00f5\u00f5dud PxLxK 240x120x150 cm Leiliruumi maht \u00d82m - 5,3 m\u00b3 \/ \u00d82,2m - 6,5 m\u00b3 Leiliruumi pikkus 185 cm Kaal \u00d82m \/ \u00d82,2m ~670 kg \/ ~724 kg Leiliruumi mahutavus ~4 inimest Puidu paksus 40 mm K\u00fctteaeg ~1 h\"><span class=\"Y2IQFc\" lang=\"et\" style=\"color: #000000;\">L\u00e4bim\u00f5\u00f5t \u00d82m \/ \u00d82,2m <\/span><\/h6>\n<h6 class=\"tw-data-text tw-text-large tw-ta\" dir=\"ltr\" tabindex=\"-1\" role=\"text\" data-placeholder=\"T\u00f5lge\" data-ved=\"2ahUKEwjY_eXDjfSSAxXmFBAIHXldIRMQ3ewLegQIBBAW\" aria-label=\"T\u00f5lgitud tekst: L\u00e4bim\u00f5\u00f5t \u00d82m \/ \u00d82,2m Kokkupandud m\u00f5\u00f5dud PxLxK \u00d82m - 240x200x210 cm \/ \u00d82,2m - 240x220x230 cm Lamedalt pakituna m\u00f5\u00f5dud PxLxK 240x120x150 cm Leiliruumi maht \u00d82m - 5,3 m\u00b3 \/ \u00d82,2m - 6,5 m\u00b3 Leiliruumi pikkus 185 cm Kaal \u00d82m \/ \u00d82,2m ~670 kg \/ ~724 kg Leiliruumi mahutavus ~4 inimest Puidu paksus 40 mm K\u00fctteaeg ~1 h\"><span class=\"Y2IQFc\" lang=\"et\" style=\"color: #000000;\">Kokkupandud m\u00f5\u00f5dud:<\/span><\/h6>\n<h6 class=\"tw-data-text tw-text-large tw-ta\" dir=\"ltr\" tabindex=\"-1\" role=\"text\" data-placeholder=\"T\u00f5lge\" data-ved=\"2ahUKEwjY_eXDjfSSAxXmFBAIHXldIRMQ3ewLegQIBBAW\" aria-label=\"T\u00f5lgitud tekst: L\u00e4bim\u00f5\u00f5t \u00d82m \/ \u00d82,2m Kokkupandud m\u00f5\u00f5dud PxLxK \u00d82m - 240x200x210 cm \/ \u00d82,2m - 240x220x230 cm Lamedalt pakituna m\u00f5\u00f5dud PxLxK 240x120x150 cm Leiliruumi maht \u00d82m - 5,3 m\u00b3 \/ \u00d82,2m - 6,5 m\u00b3 Leiliruumi pikkus 185 cm Kaal \u00d82m \/ \u00d82,2m ~670 kg \/ ~724 kg Leiliruumi mahutavus ~4 inimest Puidu paksus 40 mm K\u00fctteaeg ~1 h\"><span class=\"Y2IQFc\" lang=\"et\" style=\"color: #000000;\">PxLxK \u00d82m &#8211; 240x200x210 cm \/<\/span><\/h6>\n<h6 class=\"tw-data-text tw-text-large tw-ta\" dir=\"ltr\" tabindex=\"-1\" role=\"text\" data-placeholder=\"T\u00f5lge\" data-ved=\"2ahUKEwjY_eXDjfSSAxXmFBAIHXldIRMQ3ewLegQIBBAW\" aria-label=\"T\u00f5lgitud tekst: L\u00e4bim\u00f5\u00f5t \u00d82m \/ \u00d82,2m Kokkupandud m\u00f5\u00f5dud PxLxK \u00d82m - 240x200x210 cm \/ \u00d82,2m - 240x220x230 cm Lamedalt pakituna m\u00f5\u00f5dud PxLxK 240x120x150 cm Leiliruumi maht \u00d82m - 5,3 m\u00b3 \/ \u00d82,2m - 6,5 m\u00b3 Leiliruumi pikkus 185 cm Kaal \u00d82m \/ \u00d82,2m ~670 kg \/ ~724 kg Leiliruumi mahutavus ~4 inimest Puidu paksus 40 mm K\u00fctteaeg ~1 h\"><span class=\"Y2IQFc\" lang=\"et\" style=\"color: #000000;\"> \u00d82,2m &#8211; 240x220x230 cm <\/span><\/h6>\n<h6 class=\"tw-data-text tw-text-large tw-ta\" dir=\"ltr\" tabindex=\"-1\" role=\"text\" data-placeholder=\"T\u00f5lge\" data-ved=\"2ahUKEwjY_eXDjfSSAxXmFBAIHXldIRMQ3ewLegQIBBAW\" aria-label=\"T\u00f5lgitud tekst: L\u00e4bim\u00f5\u00f5t \u00d82m \/ \u00d82,2m Kokkupandud m\u00f5\u00f5dud PxLxK \u00d82m - 240x200x210 cm \/ \u00d82,2m - 240x220x230 cm Lamedalt pakituna m\u00f5\u00f5dud PxLxK 240x120x150 cm Leiliruumi maht \u00d82m - 5,3 m\u00b3 \/ \u00d82,2m - 6,5 m\u00b3 Leiliruumi pikkus 185 cm Kaal \u00d82m \/ \u00d82,2m ~670 kg \/ ~724 kg Leiliruumi mahutavus ~4 inimest Puidu paksus 40 mm K\u00fctteaeg ~1 h\"><span class=\"Y2IQFc\" lang=\"et\" style=\"color: #000000;\">Lamedalt pakituna m\u00f5\u00f5dud PxLxK 240x120x150 cm<\/span><\/h6>\n<h6 class=\"tw-data-text tw-text-large tw-ta\" dir=\"ltr\" tabindex=\"-1\" role=\"text\" data-placeholder=\"T\u00f5lge\" data-ved=\"2ahUKEwjY_eXDjfSSAxXmFBAIHXldIRMQ3ewLegQIBBAW\" aria-label=\"T\u00f5lgitud tekst: L\u00e4bim\u00f5\u00f5t \u00d82m \/ \u00d82,2m Kokkupandud m\u00f5\u00f5dud PxLxK \u00d82m - 240x200x210 cm \/ \u00d82,2m - 240x220x230 cm Lamedalt pakituna m\u00f5\u00f5dud PxLxK 240x120x150 cm Leiliruumi maht \u00d82m - 5,3 m\u00b3 \/ \u00d82,2m - 6,5 m\u00b3 Leiliruumi pikkus 185 cm Kaal \u00d82m \/ \u00d82,2m ~670 kg \/ ~724 kg Leiliruumi mahutavus ~4 inimest Puidu paksus 40 mm K\u00fctteaeg ~1 h\"><span class=\"Y2IQFc\" lang=\"et\" style=\"color: #000000;\">Leiliruumi maht \u00d82m &#8211; 5,3 m\u00b3 \/ \u00d82,2m &#8211; 6,5 m\u00b3 <\/span><\/h6>\n<h6 class=\"tw-data-text tw-text-large tw-ta\" dir=\"ltr\" tabindex=\"-1\" role=\"text\" data-placeholder=\"T\u00f5lge\" data-ved=\"2ahUKEwjY_eXDjfSSAxXmFBAIHXldIRMQ3ewLegQIBBAW\" aria-label=\"T\u00f5lgitud tekst: L\u00e4bim\u00f5\u00f5t \u00d82m \/ \u00d82,2m Kokkupandud m\u00f5\u00f5dud PxLxK \u00d82m - 240x200x210 cm \/ \u00d82,2m - 240x220x230 cm Lamedalt pakituna m\u00f5\u00f5dud PxLxK 240x120x150 cm Leiliruumi maht \u00d82m - 5,3 m\u00b3 \/ \u00d82,2m - 6,5 m\u00b3 Leiliruumi pikkus 185 cm Kaal \u00d82m \/ \u00d82,2m ~670 kg \/ ~724 kg Leiliruumi mahutavus ~4 inimest Puidu paksus 40 mm K\u00fctteaeg ~1 h\"><span class=\"Y2IQFc\" lang=\"et\" style=\"color: #000000;\">Leiliruumi pikkus 185 cm Kaal \u00d82m \/ \u00d82,2m ~670 kg \/ ~724 kg <\/span><\/h6>\n<h6 class=\"tw-data-text tw-text-large tw-ta\" dir=\"ltr\" tabindex=\"-1\" role=\"text\" data-placeholder=\"T\u00f5lge\" data-ved=\"2ahUKEwjY_eXDjfSSAxXmFBAIHXldIRMQ3ewLegQIBBAW\" aria-label=\"T\u00f5lgitud tekst: L\u00e4bim\u00f5\u00f5t \u00d82m \/ \u00d82,2m Kokkupandud m\u00f5\u00f5dud PxLxK \u00d82m - 240x200x210 cm \/ \u00d82,2m - 240x220x230 cm Lamedalt pakituna m\u00f5\u00f5dud PxLxK 240x120x150 cm Leiliruumi maht \u00d82m - 5,3 m\u00b3 \/ \u00d82,2m - 6,5 m\u00b3 Leiliruumi pikkus 185 cm Kaal \u00d82m \/ \u00d82,2m ~670 kg \/ ~724 kg Leiliruumi mahutavus ~4 inimest Puidu paksus 40 mm K\u00fctteaeg ~1 h\"><span class=\"Y2IQFc\" lang=\"et\" style=\"color: #000000;\">Leiliruumi mahutavus ~4 inimest <\/span><\/h6>\n<h6 class=\"tw-data-text tw-text-large tw-ta\" dir=\"ltr\" tabindex=\"-1\" role=\"text\" data-placeholder=\"T\u00f5lge\" data-ved=\"2ahUKEwjY_eXDjfSSAxXmFBAIHXldIRMQ3ewLegQIBBAW\" aria-label=\"T\u00f5lgitud tekst: L\u00e4bim\u00f5\u00f5t \u00d82m \/ \u00d82,2m Kokkupandud m\u00f5\u00f5dud PxLxK \u00d82m - 240x200x210 cm \/ \u00d82,2m - 240x220x230 cm Lamedalt pakituna m\u00f5\u00f5dud PxLxK 240x120x150 cm Leiliruumi maht \u00d82m - 5,3 m\u00b3 \/ \u00d82,2m - 6,5 m\u00b3 Leiliruumi pikkus 185 cm Kaal \u00d82m \/ \u00d82,2m ~670 kg \/ ~724 kg Leiliruumi mahutavus ~4 inimest Puidu paksus 40 mm K\u00fctteaeg ~1 h\"><span class=\"Y2IQFc\" lang=\"et\" style=\"color: #000000;\">Puidu paksus 40 mm <\/span><\/h6>\n<h6 class=\"tw-data-text tw-text-large tw-ta\" dir=\"ltr\" tabindex=\"-1\" role=\"text\" data-placeholder=\"T\u00f5lge\" data-ved=\"2ahUKEwjY_eXDjfSSAxXmFBAIHXldIRMQ3ewLegQIBBAW\" aria-label=\"T\u00f5lgitud tekst: L\u00e4bim\u00f5\u00f5t \u00d82m \/ \u00d82,2m Kokkupandud m\u00f5\u00f5dud PxLxK \u00d82m - 240x200x210 cm \/ \u00d82,2m - 240x220x230 cm Lamedalt pakituna m\u00f5\u00f5dud PxLxK 240x120x150 cm Leiliruumi maht \u00d82m - 5,3 m\u00b3 \/ \u00d82,2m - 6,5 m\u00b3 Leiliruumi pikkus 185 cm Kaal \u00d82m \/ \u00d82,2m ~670 kg \/ ~724 kg Leiliruumi mahutavus ~4 inimest Puidu paksus 40 mm K\u00fctteaeg ~1 h\"><span class=\"Y2IQFc\" lang=\"et\" style=\"color: #000000;\">K\u00fctteaeg ~1 h<\/span><\/h6>\n<h6 id=\"tw-target-text\" class=\"tw-data-text tw-text-large tw-ta\" dir=\"ltr\" tabindex=\"-1\" role=\"text\" data-placeholder=\"T\u00f5lge\" data-ved=\"2ahUKEwjY_eXDjfSSAxXmFBAIHXldIRMQ3ewLegQIBBAW\" aria-label=\"T\u00f5lgitud tekst: P\u00f5hikomplekt sisaldab: Kuusest sauna korpus (puidu paksus 40 mm) Lepast pingid Pruun karastatud klaasist uks Bituumensindli katus Saunakivid (ainult kerisega) Roostevabast terasest r\u00f5ngad\"><span class=\"Y2IQFc\" lang=\"et\" style=\"color: #000000;\">P\u00f5hikomplekt sisaldab:<\/span><\/h6>\n<h6 class=\"tw-data-text tw-text-large tw-ta\" dir=\"ltr\" tabindex=\"-1\" role=\"text\" data-placeholder=\"T\u00f5lge\" data-ved=\"2ahUKEwjY_eXDjfSSAxXmFBAIHXldIRMQ3ewLegQIBBAW\" aria-label=\"T\u00f5lgitud tekst: P\u00f5hikomplekt sisaldab: Kuusest sauna korpus (puidu paksus 40 mm) Lepast pingid Pruun karastatud klaasist uks Bituumensindli katus Saunakivid (ainult kerisega) Roostevabast terasest r\u00f5ngad\"><span class=\"Y2IQFc\" lang=\"et\" style=\"color: #000000;\">Kuusest sauna korpus (puidu paksus 40 mm) <\/span><\/h6>\n<h6 class=\"tw-data-text tw-text-large tw-ta\" dir=\"ltr\" tabindex=\"-1\" role=\"text\" data-placeholder=\"T\u00f5lge\" data-ved=\"2ahUKEwjY_eXDjfSSAxXmFBAIHXldIRMQ3ewLegQIBBAW\" aria-label=\"T\u00f5lgitud tekst: P\u00f5hikomplekt sisaldab: Kuusest sauna korpus (puidu paksus 40 mm) Lepast pingid Pruun karastatud klaasist uks Bituumensindli katus Saunakivid (ainult kerisega) Roostevabast terasest r\u00f5ngad\"><span class=\"Y2IQFc\" lang=\"et\" style=\"color: #000000;\">Lepast pingid <\/span><\/h6>\n<h6 class=\"tw-data-text tw-text-large tw-ta\" dir=\"ltr\" tabindex=\"-1\" role=\"text\" data-placeholder=\"T\u00f5lge\" data-ved=\"2ahUKEwjY_eXDjfSSAxXmFBAIHXldIRMQ3ewLegQIBBAW\" aria-label=\"T\u00f5lgitud tekst: P\u00f5hikomplekt sisaldab: Kuusest sauna korpus (puidu paksus 40 mm) Lepast pingid Pruun karastatud klaasist uks Bituumensindli katus Saunakivid (ainult kerisega) Roostevabast terasest r\u00f5ngad\"><span class=\"Y2IQFc\" lang=\"et\" style=\"color: #000000;\">Pruun karastatud klaasist uks, <\/span><\/h6>\n<h6 class=\"tw-data-text tw-text-large tw-ta\" dir=\"ltr\" tabindex=\"-1\" role=\"text\" data-placeholder=\"T\u00f5lge\" data-ved=\"2ahUKEwjY_eXDjfSSAxXmFBAIHXldIRMQ3ewLegQIBBAW\" aria-label=\"T\u00f5lgitud tekst: P\u00f5hikomplekt sisaldab: Kuusest sauna korpus (puidu paksus 40 mm) Lepast pingid Pruun karastatud klaasist uks Bituumensindli katus Saunakivid (ainult kerisega) Roostevabast terasest r\u00f5ngad\"><span class=\"Y2IQFc\" lang=\"et\" style=\"color: #000000;\">\u00a0saadaval ka puidust uks.<\/span><\/h6>\n<h6 class=\"tw-data-text tw-text-large tw-ta\" dir=\"ltr\" tabindex=\"-1\" role=\"text\" data-placeholder=\"T\u00f5lge\" data-ved=\"2ahUKEwjY_eXDjfSSAxXmFBAIHXldIRMQ3ewLegQIBBAW\" aria-label=\"T\u00f5lgitud tekst: P\u00f5hikomplekt sisaldab: Kuusest sauna korpus (puidu paksus 40 mm) Lepast pingid Pruun karastatud klaasist uks Bituumensindli katus Saunakivid (ainult kerisega) Roostevabast terasest r\u00f5ngad\"><span class=\"Y2IQFc\" lang=\"et\" style=\"color: #000000;\">Bituumensindli katus (valikus must, pruun , roheline)<\/span><\/h6>\n<h6 class=\"tw-data-text tw-text-large tw-ta\" dir=\"ltr\" tabindex=\"-1\" role=\"text\" data-placeholder=\"T\u00f5lge\" data-ved=\"2ahUKEwjY_eXDjfSSAxXmFBAIHXldIRMQ3ewLegQIBBAW\" aria-label=\"T\u00f5lgitud tekst: P\u00f5hikomplekt sisaldab: Kuusest sauna korpus (puidu paksus 40 mm) Lepast pingid Pruun karastatud klaasist uks Bituumensindli katus Saunakivid (ainult kerisega) Roostevabast terasest r\u00f5ngad\"><span class=\"Y2IQFc\" lang=\"et\" style=\"color: #000000;\">Roostevabast terasest r\u00f5ngad <\/span><\/h6>\n<h6 class=\"tw-data-text tw-text-large tw-ta\" dir=\"ltr\" tabindex=\"-1\" role=\"text\" data-placeholder=\"T\u00f5lge\" data-ved=\"2ahUKEwjY_eXDjfSSAxXmFBAIHXldIRMQ3ewLegQIBBAW\" aria-label=\"T\u00f5lgitud tekst: P\u00f5hikomplekt sisaldab: Kuusest sauna korpus (puidu paksus 40 mm) Lepast pingid Pruun karastatud klaasist uks Bituumensindli katus Saunakivid (ainult kerisega) Roostevabast terasest r\u00f5ngad\"><span class=\"Y2IQFc\" lang=\"et\" style=\"color: #000000;\">Saunakeris valikuline, valgustus jne. ei kuulu komplekti.<\/span><\/h6>\n<h6><span style=\"color: #000000;\">TOOTJA:<\/span><\/h6>\n<h6 class=\"porto-sicon-title\"><span style=\"color: #000000;\">BALTRESTO PRODUCTION O\u00dc<\/span><\/h6>\n<h6><span style=\"color: #000000;\">EESTI<\/span><\/h6>\n<p>&nbsp;<\/p>\n","protected":false},"excerpt":{"rendered":"<p>Tootmisaeg on umbes 5-6 n\u00e4dalat. \u00d5ues asuv t\u00fcnnisaun S2V \u00f5ueistekohtadega 4 inimesele. Kompaktne, termopuidust konstruktsioon, vastupidav ja ideaalne v\u00e4ikestele terrassidele v\u00f5i aedadesse. L\u00e4bim\u00f5\u00f5t \u00d82m \/ \u00d82,2m Kokkupandud m\u00f5\u00f5dud: PxLxK \u00d82m &#8211; 240x200x210 cm \/ \u00d82,2m &#8211; 240x220x230 cm Lamedalt pakituna m\u00f5\u00f5dud PxLxK 240x120x150 cm Leiliruumi maht \u00d82m &#8211; 5,3 m\u00b3 \/ \u00d82,2m &#8211; 6,5 m\u00b3 [&hellip;]<\/p>\n","protected":false},"featured_media":18727,"comment_status":"open","ping_status":"closed","template":"","meta":{"_acf_changed":false,"_genesis_hide_title":false,"_genesis_hide_breadcrumbs":false,"_genesis_hide_singular_image":false,"_genesis_hide_footer_widgets":false,"_genesis_custom_body_class":"","_genesis_custom_post_class":"","_genesis_layout":""},"product_brand":[],"product_cat":[417],"product_tag":[],"class_list":{"0":"post-18726","1":"product","2":"type-product","3":"status-publish","4":"has-post-thumbnail","6":"product_cat-baltresto-saunamajad","7":"pa_vali-toode-kuusk-labimoot-22m","8":"pa_vali-toode-kuusk-labimoot-2m","9":"pa_vali-toode-thermopuit-labimoot-22m","10":"pa_vali-toode-thermopuit-labimoot-2m","11":"entry","12":"override","14":"first","15":"onbackorder","16":"shipping-taxable","17":"purchasable","18":"product-type-variable"},"acf":[],"_links":{"self":[{"href":"https:\/\/koduspa.ee\/en\/wp-json\/wp\/v2\/product\/18726","targetHints":{"allow":["GET"]}}],"collection":[{"href":"https:\/\/koduspa.ee\/en\/wp-json\/wp\/v2\/product"}],"about":[{"href":"https:\/\/koduspa.ee\/en\/wp-json\/wp\/v2\/types\/product"}],"replies":[{"embeddable":true,"href":"https:\/\/koduspa.ee\/en\/wp-json\/wp\/v2\/comments?post=18726"}],"wp:featuredmedia":[{"embeddable":true,"href":"https:\/\/koduspa.ee\/en\/wp-json\/wp\/v2\/media\/18727"}],"wp:attachment":[{"href":"https:\/\/koduspa.ee\/en\/wp-json\/wp\/v2\/media?parent=18726"}],"wp:term":[{"taxonomy":"product_brand","embeddable":true,"href":"https:\/\/koduspa.ee\/en\/wp-json\/wp\/v2\/product_brand?post=18726"},{"taxonomy":"product_cat","embeddable":true,"href":"https:\/\/koduspa.ee\/en\/wp-json\/wp\/v2\/product_cat?post=18726"},{"taxonomy":"product_tag","embeddable":true,"href":"https:\/\/koduspa.ee\/en\/wp-json\/wp\/v2\/product_tag?post=18726"}],"curies":[{"name":"wp","href":"https:\/\/api.w.org\/{rel}","templated":true}]}}