{"id":18710,"date":"2026-02-23T09:20:35","date_gmt":"2026-02-23T09:20:35","guid":{"rendered":"https:\/\/koduspa.ee\/?post_type=product&#038;p=18710"},"modified":"2026-02-26T09:36:40","modified_gmt":"2026-02-26T09:36:40","slug":"valisaun-s2-s23-2-23-m-4-inimesele","status":"publish","type":"product","link":"https:\/\/koduspa.ee\/en\/pood\/baltresto-saunamajad\/valisaun-s2-s23-2-23-m-4-inimesele\/","title":{"rendered":"V\u00c4LISAUN S2\/S23 2-2,3 m 4 inimesele"},"content":{"rendered":"<h6 id=\"tw-target-text\" class=\"tw-data-text tw-text-large tw-ta\" dir=\"ltr\" tabindex=\"-1\" role=\"text\" data-placeholder=\"T\u00f5lge\" data-ved=\"2ahUKEwjz2OHWn--SAxXCNxAIHQAAPR4Q3ewLegQIBhAW\" aria-label=\"T\u00f5lgitud tekst: Tootmisaeg on umbes 5-6 n\u00e4dalat Kompaktne t\u00fcnnisaun 4 inimesele, puu- v\u00f5i elektrikerisega, kvaliteetse termopuiduga, kiire kuumenemisega ja sobib ideaalselt v\u00e4ikestele terrassidele.\"><span class=\"Y2IQFc\" lang=\"et\"><span style=\"color: #000000;\">Tootmisaeg on umbes 5-6 n\u00e4dalat.<\/span><\/span><\/h6>\n<h6 class=\"tw-data-text tw-text-large tw-ta\" dir=\"ltr\" tabindex=\"-1\" role=\"text\" data-placeholder=\"T\u00f5lge\" data-ved=\"2ahUKEwjz2OHWn--SAxXCNxAIHQAAPR4Q3ewLegQIBhAW\" aria-label=\"T\u00f5lgitud tekst: Tootmisaeg on umbes 5-6 n\u00e4dalat Kompaktne t\u00fcnnisaun 4 inimesele, puu- v\u00f5i elektrikerisega, kvaliteetse termopuiduga, kiire kuumenemisega ja sobib ideaalselt v\u00e4ikestele terrassidele.\"><span class=\"Y2IQFc\" lang=\"et\"><span style=\"color: #000000;\">Kompaktne t\u00fcnnisaun 4 inimesele, <\/span><\/span><\/h6>\n<h6 class=\"tw-data-text tw-text-large tw-ta\" dir=\"ltr\" tabindex=\"-1\" role=\"text\" data-placeholder=\"T\u00f5lge\" data-ved=\"2ahUKEwjz2OHWn--SAxXCNxAIHQAAPR4Q3ewLegQIBhAW\" aria-label=\"T\u00f5lgitud tekst: Tootmisaeg on umbes 5-6 n\u00e4dalat Kompaktne t\u00fcnnisaun 4 inimesele, puu- v\u00f5i elektrikerisega, kvaliteetse termopuiduga, kiire kuumenemisega ja sobib ideaalselt v\u00e4ikestele terrassidele.\"><span class=\"Y2IQFc\" lang=\"et\"><span style=\"color: #000000;\">puu- v\u00f5i elektrikerisega, kvaliteetse termopuiduga, <\/span><\/span><\/h6>\n<h6 class=\"tw-data-text tw-text-large tw-ta\" dir=\"ltr\" tabindex=\"-1\" role=\"text\" data-placeholder=\"T\u00f5lge\" data-ved=\"2ahUKEwjz2OHWn--SAxXCNxAIHQAAPR4Q3ewLegQIBhAW\" aria-label=\"T\u00f5lgitud tekst: Tootmisaeg on umbes 5-6 n\u00e4dalat Kompaktne t\u00fcnnisaun 4 inimesele, puu- v\u00f5i elektrikerisega, kvaliteetse termopuiduga, kiire kuumenemisega ja sobib ideaalselt v\u00e4ikestele terrassidele.\"><span class=\"Y2IQFc\" lang=\"et\"><span style=\"color: #000000;\">kiire kuumenemisega ja sob<\/span>ib <span style=\"color: #000000;\">ideaalselt v\u00e4ikestele terrassidele.<\/span><\/span><\/h6>\n<h6 id=\"tw-target-text\" class=\"tw-data-text tw-text-large tw-ta\" dir=\"ltr\" tabindex=\"-1\" role=\"text\" data-placeholder=\"T\u00f5lge\" data-ved=\"2ahUKEwjz2OHWn--SAxXCNxAIHQAAPR4Q3ewLegQIBhAW\" aria-label=\"T\u00f5lgitud tekst: Pikkus 2 m \/ 2,3 m L\u00e4bim\u00f5\u00f5t \u00d82m \/ \u00d82,2m 2 m - Kokkupandud m\u00f5\u00f5tmed (ilma korstnata) PxLxK \u00d82m - 200x200x210 cm \/ \u00d82,2m - 200x220x230 cm 2 m - Lameda pakendi m\u00f5\u00f5tmed PxLxK 200x120x150 cm 2,3 m - Kokkupandud m\u00f5\u00f5tmed (ilma korstnata) PxLxK \u00d82m - 230x200x210 cm \/ \u00d82,2m - 230x220x230 cm 2,3 m - Lameda pakendi m\u00f5\u00f5tmed PxLxK 230x120x150 cm 2 m - Leiliruumi maht \u00d82m - 5,3 m\u00b3 \/ \u00d82,2m - 6,5 m\u00b3 2,3 m - Leiliruumi maht \u00d82m - 6,1 m\u00b3 \/ \u00d82,2m - 7,5 m\u00b3 Kaal (S2) \u22052,0 \/ \u22052,2 ~600 kg \/ ~648 kg Kaal (S23) \u22052,0 \/ \u22052,2 ~630 kg\/ ~680 kg Leiliruumi pikkus 185 cm \/ 214 cm Puidu paksus 40 mm Leiliruumi mahutavus ~4 \/ ~6 inimest K\u00fctteaeg ~1 h\"><span class=\"Y2IQFc\" lang=\"et\" style=\"color: #000000;\">Pikkus 2 m \/ 2,3 m <\/span><\/h6>\n<h6 class=\"tw-data-text tw-text-large tw-ta\" dir=\"ltr\" tabindex=\"-1\" role=\"text\" data-placeholder=\"T\u00f5lge\" data-ved=\"2ahUKEwjz2OHWn--SAxXCNxAIHQAAPR4Q3ewLegQIBhAW\" aria-label=\"T\u00f5lgitud tekst: Pikkus 2 m \/ 2,3 m L\u00e4bim\u00f5\u00f5t \u00d82m \/ \u00d82,2m 2 m - Kokkupandud m\u00f5\u00f5tmed (ilma korstnata) PxLxK \u00d82m - 200x200x210 cm \/ \u00d82,2m - 200x220x230 cm 2 m - Lameda pakendi m\u00f5\u00f5tmed PxLxK 200x120x150 cm 2,3 m - Kokkupandud m\u00f5\u00f5tmed (ilma korstnata) PxLxK \u00d82m - 230x200x210 cm \/ \u00d82,2m - 230x220x230 cm 2,3 m - Lameda pakendi m\u00f5\u00f5tmed PxLxK 230x120x150 cm 2 m - Leiliruumi maht \u00d82m - 5,3 m\u00b3 \/ \u00d82,2m - 6,5 m\u00b3 2,3 m - Leiliruumi maht \u00d82m - 6,1 m\u00b3 \/ \u00d82,2m - 7,5 m\u00b3 Kaal (S2) \u22052,0 \/ \u22052,2 ~600 kg \/ ~648 kg Kaal (S23) \u22052,0 \/ \u22052,2 ~630 kg\/ ~680 kg Leiliruumi pikkus 185 cm \/ 214 cm Puidu paksus 40 mm Leiliruumi mahutavus ~4 \/ ~6 inimest K\u00fctteaeg ~1 h\"><span class=\"Y2IQFc\" lang=\"et\" style=\"color: #000000;\">L\u00e4bim\u00f5\u00f5t \u00d82m \/ \u00d82,2m 2 m\u00a0<\/span><\/h6>\n<h6 class=\"tw-data-text tw-text-large tw-ta\" dir=\"ltr\" tabindex=\"-1\" role=\"text\" data-placeholder=\"T\u00f5lge\" data-ved=\"2ahUKEwjz2OHWn--SAxXCNxAIHQAAPR4Q3ewLegQIBhAW\" aria-label=\"T\u00f5lgitud tekst: Pikkus 2 m \/ 2,3 m L\u00e4bim\u00f5\u00f5t \u00d82m \/ \u00d82,2m 2 m - Kokkupandud m\u00f5\u00f5tmed (ilma korstnata) PxLxK \u00d82m - 200x200x210 cm \/ \u00d82,2m - 200x220x230 cm 2 m - Lameda pakendi m\u00f5\u00f5tmed PxLxK 200x120x150 cm 2,3 m - Kokkupandud m\u00f5\u00f5tmed (ilma korstnata) PxLxK \u00d82m - 230x200x210 cm \/ \u00d82,2m - 230x220x230 cm 2,3 m - Lameda pakendi m\u00f5\u00f5tmed PxLxK 230x120x150 cm 2 m - Leiliruumi maht \u00d82m - 5,3 m\u00b3 \/ \u00d82,2m - 6,5 m\u00b3 2,3 m - Leiliruumi maht \u00d82m - 6,1 m\u00b3 \/ \u00d82,2m - 7,5 m\u00b3 Kaal (S2) \u22052,0 \/ \u22052,2 ~600 kg \/ ~648 kg Kaal (S23) \u22052,0 \/ \u22052,2 ~630 kg\/ ~680 kg Leiliruumi pikkus 185 cm \/ 214 cm Puidu paksus 40 mm Leiliruumi mahutavus ~4 \/ ~6 inimest K\u00fctteaeg ~1 h\"><span class=\"Y2IQFc\" lang=\"et\" style=\"color: #000000;\">Kokkupandud m\u00f5\u00f5tmed (ilma korstnata) <\/span><\/h6>\n<h6 class=\"tw-data-text tw-text-large tw-ta\" dir=\"ltr\" tabindex=\"-1\" role=\"text\" data-placeholder=\"T\u00f5lge\" data-ved=\"2ahUKEwjz2OHWn--SAxXCNxAIHQAAPR4Q3ewLegQIBhAW\" aria-label=\"T\u00f5lgitud tekst: Pikkus 2 m \/ 2,3 m L\u00e4bim\u00f5\u00f5t \u00d82m \/ \u00d82,2m 2 m - Kokkupandud m\u00f5\u00f5tmed (ilma korstnata) PxLxK \u00d82m - 200x200x210 cm \/ \u00d82,2m - 200x220x230 cm 2 m - Lameda pakendi m\u00f5\u00f5tmed PxLxK 200x120x150 cm 2,3 m - Kokkupandud m\u00f5\u00f5tmed (ilma korstnata) PxLxK \u00d82m - 230x200x210 cm \/ \u00d82,2m - 230x220x230 cm 2,3 m - Lameda pakendi m\u00f5\u00f5tmed PxLxK 230x120x150 cm 2 m - Leiliruumi maht \u00d82m - 5,3 m\u00b3 \/ \u00d82,2m - 6,5 m\u00b3 2,3 m - Leiliruumi maht \u00d82m - 6,1 m\u00b3 \/ \u00d82,2m - 7,5 m\u00b3 Kaal (S2) \u22052,0 \/ \u22052,2 ~600 kg \/ ~648 kg Kaal (S23) \u22052,0 \/ \u22052,2 ~630 kg\/ ~680 kg Leiliruumi pikkus 185 cm \/ 214 cm Puidu paksus 40 mm Leiliruumi mahutavus ~4 \/ ~6 inimest K\u00fctteaeg ~1 h\"><span class=\"Y2IQFc\" lang=\"et\" style=\"color: #000000;\">PxLxK \u00d82m &#8211; 200x200x210 cm \/ \u00d82,2m &#8211; 200x220x230 cm 2 m\u00a0<\/span><\/h6>\n<h6 class=\"tw-data-text tw-text-large tw-ta\" dir=\"ltr\" tabindex=\"-1\" role=\"text\" data-placeholder=\"T\u00f5lge\" data-ved=\"2ahUKEwjz2OHWn--SAxXCNxAIHQAAPR4Q3ewLegQIBhAW\" aria-label=\"T\u00f5lgitud tekst: Pikkus 2 m \/ 2,3 m L\u00e4bim\u00f5\u00f5t \u00d82m \/ \u00d82,2m 2 m - Kokkupandud m\u00f5\u00f5tmed (ilma korstnata) PxLxK \u00d82m - 200x200x210 cm \/ \u00d82,2m - 200x220x230 cm 2 m - Lameda pakendi m\u00f5\u00f5tmed PxLxK 200x120x150 cm 2,3 m - Kokkupandud m\u00f5\u00f5tmed (ilma korstnata) PxLxK \u00d82m - 230x200x210 cm \/ \u00d82,2m - 230x220x230 cm 2,3 m - Lameda pakendi m\u00f5\u00f5tmed PxLxK 230x120x150 cm 2 m - Leiliruumi maht \u00d82m - 5,3 m\u00b3 \/ \u00d82,2m - 6,5 m\u00b3 2,3 m - Leiliruumi maht \u00d82m - 6,1 m\u00b3 \/ \u00d82,2m - 7,5 m\u00b3 Kaal (S2) \u22052,0 \/ \u22052,2 ~600 kg \/ ~648 kg Kaal (S23) \u22052,0 \/ \u22052,2 ~630 kg\/ ~680 kg Leiliruumi pikkus 185 cm \/ 214 cm Puidu paksus 40 mm Leiliruumi mahutavus ~4 \/ ~6 inimest K\u00fctteaeg ~1 h\"><span class=\"Y2IQFc\" lang=\"et\" style=\"color: #000000;\">Lameda pakendi m\u00f5\u00f5tmed PxLxK 200x120x150 cm 2,3 m\u00a0<\/span><\/h6>\n<h6 class=\"tw-data-text tw-text-large tw-ta\" dir=\"ltr\" tabindex=\"-1\" role=\"text\" data-placeholder=\"T\u00f5lge\" data-ved=\"2ahUKEwjz2OHWn--SAxXCNxAIHQAAPR4Q3ewLegQIBhAW\" aria-label=\"T\u00f5lgitud tekst: Pikkus 2 m \/ 2,3 m L\u00e4bim\u00f5\u00f5t \u00d82m \/ \u00d82,2m 2 m - Kokkupandud m\u00f5\u00f5tmed (ilma korstnata) PxLxK \u00d82m - 200x200x210 cm \/ \u00d82,2m - 200x220x230 cm 2 m - Lameda pakendi m\u00f5\u00f5tmed PxLxK 200x120x150 cm 2,3 m - Kokkupandud m\u00f5\u00f5tmed (ilma korstnata) PxLxK \u00d82m - 230x200x210 cm \/ \u00d82,2m - 230x220x230 cm 2,3 m - Lameda pakendi m\u00f5\u00f5tmed PxLxK 230x120x150 cm 2 m - Leiliruumi maht \u00d82m - 5,3 m\u00b3 \/ \u00d82,2m - 6,5 m\u00b3 2,3 m - Leiliruumi maht \u00d82m - 6,1 m\u00b3 \/ \u00d82,2m - 7,5 m\u00b3 Kaal (S2) \u22052,0 \/ \u22052,2 ~600 kg \/ ~648 kg Kaal (S23) \u22052,0 \/ \u22052,2 ~630 kg\/ ~680 kg Leiliruumi pikkus 185 cm \/ 214 cm Puidu paksus 40 mm Leiliruumi mahutavus ~4 \/ ~6 inimest K\u00fctteaeg ~1 h\"><span class=\"Y2IQFc\" lang=\"et\" style=\"color: #000000;\">Kokkupandud m\u00f5\u00f5tmed (ilma korstnata)<\/span><\/h6>\n<h6 class=\"tw-data-text tw-text-large tw-ta\" dir=\"ltr\" tabindex=\"-1\" role=\"text\" data-placeholder=\"T\u00f5lge\" data-ved=\"2ahUKEwjz2OHWn--SAxXCNxAIHQAAPR4Q3ewLegQIBhAW\" aria-label=\"T\u00f5lgitud tekst: Pikkus 2 m \/ 2,3 m L\u00e4bim\u00f5\u00f5t \u00d82m \/ \u00d82,2m 2 m - Kokkupandud m\u00f5\u00f5tmed (ilma korstnata) PxLxK \u00d82m - 200x200x210 cm \/ \u00d82,2m - 200x220x230 cm 2 m - Lameda pakendi m\u00f5\u00f5tmed PxLxK 200x120x150 cm 2,3 m - Kokkupandud m\u00f5\u00f5tmed (ilma korstnata) PxLxK \u00d82m - 230x200x210 cm \/ \u00d82,2m - 230x220x230 cm 2,3 m - Lameda pakendi m\u00f5\u00f5tmed PxLxK 230x120x150 cm 2 m - Leiliruumi maht \u00d82m - 5,3 m\u00b3 \/ \u00d82,2m - 6,5 m\u00b3 2,3 m - Leiliruumi maht \u00d82m - 6,1 m\u00b3 \/ \u00d82,2m - 7,5 m\u00b3 Kaal (S2) \u22052,0 \/ \u22052,2 ~600 kg \/ ~648 kg Kaal (S23) \u22052,0 \/ \u22052,2 ~630 kg\/ ~680 kg Leiliruumi pikkus 185 cm \/ 214 cm Puidu paksus 40 mm Leiliruumi mahutavus ~4 \/ ~6 inimest K\u00fctteaeg ~1 h\"><span class=\"Y2IQFc\" lang=\"et\" style=\"color: #000000;\"> PxLxK \u00d82m &#8211; 230x200x210 cm \/ \u00d82,2m &#8211; 230x220x230 cm 2,3 m\u00a0<\/span><\/h6>\n<h6 class=\"tw-data-text tw-text-large tw-ta\" dir=\"ltr\" tabindex=\"-1\" role=\"text\" data-placeholder=\"T\u00f5lge\" data-ved=\"2ahUKEwjz2OHWn--SAxXCNxAIHQAAPR4Q3ewLegQIBhAW\" aria-label=\"T\u00f5lgitud tekst: Pikkus 2 m \/ 2,3 m L\u00e4bim\u00f5\u00f5t \u00d82m \/ \u00d82,2m 2 m - Kokkupandud m\u00f5\u00f5tmed (ilma korstnata) PxLxK \u00d82m - 200x200x210 cm \/ \u00d82,2m - 200x220x230 cm 2 m - Lameda pakendi m\u00f5\u00f5tmed PxLxK 200x120x150 cm 2,3 m - Kokkupandud m\u00f5\u00f5tmed (ilma korstnata) PxLxK \u00d82m - 230x200x210 cm \/ \u00d82,2m - 230x220x230 cm 2,3 m - Lameda pakendi m\u00f5\u00f5tmed PxLxK 230x120x150 cm 2 m - Leiliruumi maht \u00d82m - 5,3 m\u00b3 \/ \u00d82,2m - 6,5 m\u00b3 2,3 m - Leiliruumi maht \u00d82m - 6,1 m\u00b3 \/ \u00d82,2m - 7,5 m\u00b3 Kaal (S2) \u22052,0 \/ \u22052,2 ~600 kg \/ ~648 kg Kaal (S23) \u22052,0 \/ \u22052,2 ~630 kg\/ ~680 kg Leiliruumi pikkus 185 cm \/ 214 cm Puidu paksus 40 mm Leiliruumi mahutavus ~4 \/ ~6 inimest K\u00fctteaeg ~1 h\"><span class=\"Y2IQFc\" lang=\"et\" style=\"color: #000000;\">Lameda pakendi m\u00f5\u00f5tmed PxLxK 230x120x150 cm 2 m <\/span><\/h6>\n<h6 class=\"tw-data-text tw-text-large tw-ta\" dir=\"ltr\" tabindex=\"-1\" role=\"text\" data-placeholder=\"T\u00f5lge\" data-ved=\"2ahUKEwjz2OHWn--SAxXCNxAIHQAAPR4Q3ewLegQIBhAW\" aria-label=\"T\u00f5lgitud tekst: Pikkus 2 m \/ 2,3 m L\u00e4bim\u00f5\u00f5t \u00d82m \/ \u00d82,2m 2 m - Kokkupandud m\u00f5\u00f5tmed (ilma korstnata) PxLxK \u00d82m - 200x200x210 cm \/ \u00d82,2m - 200x220x230 cm 2 m - Lameda pakendi m\u00f5\u00f5tmed PxLxK 200x120x150 cm 2,3 m - Kokkupandud m\u00f5\u00f5tmed (ilma korstnata) PxLxK \u00d82m - 230x200x210 cm \/ \u00d82,2m - 230x220x230 cm 2,3 m - Lameda pakendi m\u00f5\u00f5tmed PxLxK 230x120x150 cm 2 m - Leiliruumi maht \u00d82m - 5,3 m\u00b3 \/ \u00d82,2m - 6,5 m\u00b3 2,3 m - Leiliruumi maht \u00d82m - 6,1 m\u00b3 \/ \u00d82,2m - 7,5 m\u00b3 Kaal (S2) \u22052,0 \/ \u22052,2 ~600 kg \/ ~648 kg Kaal (S23) \u22052,0 \/ \u22052,2 ~630 kg\/ ~680 kg Leiliruumi pikkus 185 cm \/ 214 cm Puidu paksus 40 mm Leiliruumi mahutavus ~4 \/ ~6 inimest K\u00fctteaeg ~1 h\"><span class=\"Y2IQFc\" lang=\"et\" style=\"color: #000000;\">Leiliruumi maht \u00d82m &#8211; 5,3 m\u00b3 \/ \u00d82,2m &#8211; 6,5 m\u00b3 2,3 m\u00a0<\/span><\/h6>\n<h6 class=\"tw-data-text tw-text-large tw-ta\" dir=\"ltr\" tabindex=\"-1\" role=\"text\" data-placeholder=\"T\u00f5lge\" data-ved=\"2ahUKEwjz2OHWn--SAxXCNxAIHQAAPR4Q3ewLegQIBhAW\" aria-label=\"T\u00f5lgitud tekst: Pikkus 2 m \/ 2,3 m L\u00e4bim\u00f5\u00f5t \u00d82m \/ \u00d82,2m 2 m - Kokkupandud m\u00f5\u00f5tmed (ilma korstnata) PxLxK \u00d82m - 200x200x210 cm \/ \u00d82,2m - 200x220x230 cm 2 m - Lameda pakendi m\u00f5\u00f5tmed PxLxK 200x120x150 cm 2,3 m - Kokkupandud m\u00f5\u00f5tmed (ilma korstnata) PxLxK \u00d82m - 230x200x210 cm \/ \u00d82,2m - 230x220x230 cm 2,3 m - Lameda pakendi m\u00f5\u00f5tmed PxLxK 230x120x150 cm 2 m - Leiliruumi maht \u00d82m - 5,3 m\u00b3 \/ \u00d82,2m - 6,5 m\u00b3 2,3 m - Leiliruumi maht \u00d82m - 6,1 m\u00b3 \/ \u00d82,2m - 7,5 m\u00b3 Kaal (S2) \u22052,0 \/ \u22052,2 ~600 kg \/ ~648 kg Kaal (S23) \u22052,0 \/ \u22052,2 ~630 kg\/ ~680 kg Leiliruumi pikkus 185 cm \/ 214 cm Puidu paksus 40 mm Leiliruumi mahutavus ~4 \/ ~6 inimest K\u00fctteaeg ~1 h\"><span class=\"Y2IQFc\" lang=\"et\" style=\"color: #000000;\"> Leiliruumi maht \u00d82m &#8211; 6,1 m\u00b3 \/ \u00d82,2m &#8211; 7,5 m\u00b3 <\/span><\/h6>\n<h6 class=\"tw-data-text tw-text-large tw-ta\" dir=\"ltr\" tabindex=\"-1\" role=\"text\" data-placeholder=\"T\u00f5lge\" data-ved=\"2ahUKEwjz2OHWn--SAxXCNxAIHQAAPR4Q3ewLegQIBhAW\" aria-label=\"T\u00f5lgitud tekst: Pikkus 2 m \/ 2,3 m L\u00e4bim\u00f5\u00f5t \u00d82m \/ \u00d82,2m 2 m - Kokkupandud m\u00f5\u00f5tmed (ilma korstnata) PxLxK \u00d82m - 200x200x210 cm \/ \u00d82,2m - 200x220x230 cm 2 m - Lameda pakendi m\u00f5\u00f5tmed PxLxK 200x120x150 cm 2,3 m - Kokkupandud m\u00f5\u00f5tmed (ilma korstnata) PxLxK \u00d82m - 230x200x210 cm \/ \u00d82,2m - 230x220x230 cm 2,3 m - Lameda pakendi m\u00f5\u00f5tmed PxLxK 230x120x150 cm 2 m - Leiliruumi maht \u00d82m - 5,3 m\u00b3 \/ \u00d82,2m - 6,5 m\u00b3 2,3 m - Leiliruumi maht \u00d82m - 6,1 m\u00b3 \/ \u00d82,2m - 7,5 m\u00b3 Kaal (S2) \u22052,0 \/ \u22052,2 ~600 kg \/ ~648 kg Kaal (S23) \u22052,0 \/ \u22052,2 ~630 kg\/ ~680 kg Leiliruumi pikkus 185 cm \/ 214 cm Puidu paksus 40 mm Leiliruumi mahutavus ~4 \/ ~6 inimest K\u00fctteaeg ~1 h\"><span class=\"Y2IQFc\" lang=\"et\" style=\"color: #000000;\">Kaal (S2) \u22052,0 \/ \u22052,2 ~600 kg \/ ~648 kg<\/span><\/h6>\n<h6 class=\"tw-data-text tw-text-large tw-ta\" dir=\"ltr\" tabindex=\"-1\" role=\"text\" data-placeholder=\"T\u00f5lge\" data-ved=\"2ahUKEwjz2OHWn--SAxXCNxAIHQAAPR4Q3ewLegQIBhAW\" aria-label=\"T\u00f5lgitud tekst: Pikkus 2 m \/ 2,3 m L\u00e4bim\u00f5\u00f5t \u00d82m \/ \u00d82,2m 2 m - Kokkupandud m\u00f5\u00f5tmed (ilma korstnata) PxLxK \u00d82m - 200x200x210 cm \/ \u00d82,2m - 200x220x230 cm 2 m - Lameda pakendi m\u00f5\u00f5tmed PxLxK 200x120x150 cm 2,3 m - Kokkupandud m\u00f5\u00f5tmed (ilma korstnata) PxLxK \u00d82m - 230x200x210 cm \/ \u00d82,2m - 230x220x230 cm 2,3 m - Lameda pakendi m\u00f5\u00f5tmed PxLxK 230x120x150 cm 2 m - Leiliruumi maht \u00d82m - 5,3 m\u00b3 \/ \u00d82,2m - 6,5 m\u00b3 2,3 m - Leiliruumi maht \u00d82m - 6,1 m\u00b3 \/ \u00d82,2m - 7,5 m\u00b3 Kaal (S2) \u22052,0 \/ \u22052,2 ~600 kg \/ ~648 kg Kaal (S23) \u22052,0 \/ \u22052,2 ~630 kg\/ ~680 kg Leiliruumi pikkus 185 cm \/ 214 cm Puidu paksus 40 mm Leiliruumi mahutavus ~4 \/ ~6 inimest K\u00fctteaeg ~1 h\"><span class=\"Y2IQFc\" lang=\"et\" style=\"color: #000000;\">Kaal (S23) \u22052,0 \/ \u22052,2 ~630 kg\/ ~680 kg <\/span><\/h6>\n<h6 class=\"tw-data-text tw-text-large tw-ta\" dir=\"ltr\" tabindex=\"-1\" role=\"text\" data-placeholder=\"T\u00f5lge\" data-ved=\"2ahUKEwjz2OHWn--SAxXCNxAIHQAAPR4Q3ewLegQIBhAW\" aria-label=\"T\u00f5lgitud tekst: Pikkus 2 m \/ 2,3 m L\u00e4bim\u00f5\u00f5t \u00d82m \/ \u00d82,2m 2 m - Kokkupandud m\u00f5\u00f5tmed (ilma korstnata) PxLxK \u00d82m - 200x200x210 cm \/ \u00d82,2m - 200x220x230 cm 2 m - Lameda pakendi m\u00f5\u00f5tmed PxLxK 200x120x150 cm 2,3 m - Kokkupandud m\u00f5\u00f5tmed (ilma korstnata) PxLxK \u00d82m - 230x200x210 cm \/ \u00d82,2m - 230x220x230 cm 2,3 m - Lameda pakendi m\u00f5\u00f5tmed PxLxK 230x120x150 cm 2 m - Leiliruumi maht \u00d82m - 5,3 m\u00b3 \/ \u00d82,2m - 6,5 m\u00b3 2,3 m - Leiliruumi maht \u00d82m - 6,1 m\u00b3 \/ \u00d82,2m - 7,5 m\u00b3 Kaal (S2) \u22052,0 \/ \u22052,2 ~600 kg \/ ~648 kg Kaal (S23) \u22052,0 \/ \u22052,2 ~630 kg\/ ~680 kg Leiliruumi pikkus 185 cm \/ 214 cm Puidu paksus 40 mm Leiliruumi mahutavus ~4 \/ ~6 inimest K\u00fctteaeg ~1 h\"><span class=\"Y2IQFc\" lang=\"et\" style=\"color: #000000;\">Leiliruumi pikkus 185 cm \/ 214 cm <\/span><\/h6>\n<h6 class=\"tw-data-text tw-text-large tw-ta\" dir=\"ltr\" tabindex=\"-1\" role=\"text\" data-placeholder=\"T\u00f5lge\" data-ved=\"2ahUKEwjz2OHWn--SAxXCNxAIHQAAPR4Q3ewLegQIBhAW\" aria-label=\"T\u00f5lgitud tekst: Pikkus 2 m \/ 2,3 m L\u00e4bim\u00f5\u00f5t \u00d82m \/ \u00d82,2m 2 m - Kokkupandud m\u00f5\u00f5tmed (ilma korstnata) PxLxK \u00d82m - 200x200x210 cm \/ \u00d82,2m - 200x220x230 cm 2 m - Lameda pakendi m\u00f5\u00f5tmed PxLxK 200x120x150 cm 2,3 m - Kokkupandud m\u00f5\u00f5tmed (ilma korstnata) PxLxK \u00d82m - 230x200x210 cm \/ \u00d82,2m - 230x220x230 cm 2,3 m - Lameda pakendi m\u00f5\u00f5tmed PxLxK 230x120x150 cm 2 m - Leiliruumi maht \u00d82m - 5,3 m\u00b3 \/ \u00d82,2m - 6,5 m\u00b3 2,3 m - Leiliruumi maht \u00d82m - 6,1 m\u00b3 \/ \u00d82,2m - 7,5 m\u00b3 Kaal (S2) \u22052,0 \/ \u22052,2 ~600 kg \/ ~648 kg Kaal (S23) \u22052,0 \/ \u22052,2 ~630 kg\/ ~680 kg Leiliruumi pikkus 185 cm \/ 214 cm Puidu paksus 40 mm Leiliruumi mahutavus ~4 \/ ~6 inimest K\u00fctteaeg ~1 h\"><span class=\"Y2IQFc\" lang=\"et\" style=\"color: #000000;\">Puidu paksus 40 mm <\/span><\/h6>\n<h6 class=\"tw-data-text tw-text-large tw-ta\" dir=\"ltr\" tabindex=\"-1\" role=\"text\" data-placeholder=\"T\u00f5lge\" data-ved=\"2ahUKEwjz2OHWn--SAxXCNxAIHQAAPR4Q3ewLegQIBhAW\" aria-label=\"T\u00f5lgitud tekst: Pikkus 2 m \/ 2,3 m L\u00e4bim\u00f5\u00f5t \u00d82m \/ \u00d82,2m 2 m - Kokkupandud m\u00f5\u00f5tmed (ilma korstnata) PxLxK \u00d82m - 200x200x210 cm \/ \u00d82,2m - 200x220x230 cm 2 m - Lameda pakendi m\u00f5\u00f5tmed PxLxK 200x120x150 cm 2,3 m - Kokkupandud m\u00f5\u00f5tmed (ilma korstnata) PxLxK \u00d82m - 230x200x210 cm \/ \u00d82,2m - 230x220x230 cm 2,3 m - Lameda pakendi m\u00f5\u00f5tmed PxLxK 230x120x150 cm 2 m - Leiliruumi maht \u00d82m - 5,3 m\u00b3 \/ \u00d82,2m - 6,5 m\u00b3 2,3 m - Leiliruumi maht \u00d82m - 6,1 m\u00b3 \/ \u00d82,2m - 7,5 m\u00b3 Kaal (S2) \u22052,0 \/ \u22052,2 ~600 kg \/ ~648 kg Kaal (S23) \u22052,0 \/ \u22052,2 ~630 kg\/ ~680 kg Leiliruumi pikkus 185 cm \/ 214 cm Puidu paksus 40 mm Leiliruumi mahutavus ~4 \/ ~6 inimest K\u00fctteaeg ~1 h\"><span class=\"Y2IQFc\" lang=\"et\" style=\"color: #000000;\">Leiliruumi mahutavus ~4 \/ ~6 inimest <\/span><\/h6>\n<h6 class=\"tw-data-text tw-text-large tw-ta\" dir=\"ltr\" tabindex=\"-1\" role=\"text\" data-placeholder=\"T\u00f5lge\" data-ved=\"2ahUKEwjz2OHWn--SAxXCNxAIHQAAPR4Q3ewLegQIBhAW\" aria-label=\"T\u00f5lgitud tekst: Pikkus 2 m \/ 2,3 m L\u00e4bim\u00f5\u00f5t \u00d82m \/ \u00d82,2m 2 m - Kokkupandud m\u00f5\u00f5tmed (ilma korstnata) PxLxK \u00d82m - 200x200x210 cm \/ \u00d82,2m - 200x220x230 cm 2 m - Lameda pakendi m\u00f5\u00f5tmed PxLxK 200x120x150 cm 2,3 m - Kokkupandud m\u00f5\u00f5tmed (ilma korstnata) PxLxK \u00d82m - 230x200x210 cm \/ \u00d82,2m - 230x220x230 cm 2,3 m - Lameda pakendi m\u00f5\u00f5tmed PxLxK 230x120x150 cm 2 m - Leiliruumi maht \u00d82m - 5,3 m\u00b3 \/ \u00d82,2m - 6,5 m\u00b3 2,3 m - Leiliruumi maht \u00d82m - 6,1 m\u00b3 \/ \u00d82,2m - 7,5 m\u00b3 Kaal (S2) \u22052,0 \/ \u22052,2 ~600 kg \/ ~648 kg Kaal (S23) \u22052,0 \/ \u22052,2 ~630 kg\/ ~680 kg Leiliruumi pikkus 185 cm \/ 214 cm Puidu paksus 40 mm Leiliruumi mahutavus ~4 \/ ~6 inimest K\u00fctteaeg ~1 h\"><span class=\"Y2IQFc\" lang=\"et\" style=\"color: #000000;\">K\u00fctteaeg ~1 h<\/span><\/h6>\n<h6 id=\"tw-target-text\" class=\"tw-data-text tw-text-large tw-ta\" dir=\"ltr\" tabindex=\"-1\" role=\"text\" data-placeholder=\"T\u00f5lge\" data-ved=\"2ahUKEwjz2OHWn--SAxXCNxAIHQAAPR4Q3ewLegQIBhAW\" aria-label=\"T\u00f5lgitud tekst: P\u00f5hikomplekt sisaldab: Kuusest sauna korpus (puidu paksus 40 mm) Lepast pingid Pruun karastatud klaasist uks Bituumensindli katus Saunakivid (ainult kerisega) Roostevabast terasest r\u00f5ngad\"><span class=\"Y2IQFc\" lang=\"et\" style=\"color: #000000;\">P\u00f5hikomplekt sisaldab: <\/span><\/h6>\n<h6 class=\"tw-data-text tw-text-large tw-ta\" dir=\"ltr\" tabindex=\"-1\" role=\"text\" data-placeholder=\"T\u00f5lge\" data-ved=\"2ahUKEwjz2OHWn--SAxXCNxAIHQAAPR4Q3ewLegQIBhAW\" aria-label=\"T\u00f5lgitud tekst: P\u00f5hikomplekt sisaldab: Kuusest sauna korpus (puidu paksus 40 mm) Lepast pingid Pruun karastatud klaasist uks Bituumensindli katus Saunakivid (ainult kerisega) Roostevabast terasest r\u00f5ngad\"><span class=\"Y2IQFc\" lang=\"et\" style=\"color: #000000;\">Kuusepuidust sauna korpus (puidu paksus 40 mm) <\/span><\/h6>\n<h6 class=\"tw-data-text tw-text-large tw-ta\" dir=\"ltr\" tabindex=\"-1\" role=\"text\" data-placeholder=\"T\u00f5lge\" data-ved=\"2ahUKEwjz2OHWn--SAxXCNxAIHQAAPR4Q3ewLegQIBhAW\" aria-label=\"T\u00f5lgitud tekst: P\u00f5hikomplekt sisaldab: Kuusest sauna korpus (puidu paksus 40 mm) Lepast pingid Pruun karastatud klaasist uks Bituumensindli katus Saunakivid (ainult kerisega) Roostevabast terasest r\u00f5ngad\"><span class=\"Y2IQFc\" lang=\"et\" style=\"color: #000000;\">Lepast pingid <\/span><\/h6>\n<h6 class=\"tw-data-text tw-text-large tw-ta\" dir=\"ltr\" tabindex=\"-1\" role=\"text\" data-placeholder=\"T\u00f5lge\" data-ved=\"2ahUKEwjz2OHWn--SAxXCNxAIHQAAPR4Q3ewLegQIBhAW\" aria-label=\"T\u00f5lgitud tekst: P\u00f5hikomplekt sisaldab: Kuusest sauna korpus (puidu paksus 40 mm) Lepast pingid Pruun karastatud klaasist uks Bituumensindli katus Saunakivid (ainult kerisega) Roostevabast terasest r\u00f5ngad\"><span class=\"Y2IQFc\" lang=\"et\" style=\"color: #000000;\">Pruun karastatud klaasist uks <\/span><\/h6>\n<h6 class=\"tw-data-text tw-text-large tw-ta\" dir=\"ltr\" tabindex=\"-1\" role=\"text\" data-placeholder=\"T\u00f5lge\" data-ved=\"2ahUKEwjz2OHWn--SAxXCNxAIHQAAPR4Q3ewLegQIBhAW\" aria-label=\"T\u00f5lgitud tekst: P\u00f5hikomplekt sisaldab: Kuusest sauna korpus (puidu paksus 40 mm) Lepast pingid Pruun karastatud klaasist uks Bituumensindli katus Saunakivid (ainult kerisega) Roostevabast terasest r\u00f5ngad\"><span class=\"Y2IQFc\" lang=\"et\" style=\"color: #000000;\">Bituumensindli katus (v\u00e4rvi valiku v\u00f5imalus)<\/span><\/h6>\n<h6 class=\"tw-data-text tw-text-large tw-ta\" dir=\"ltr\" tabindex=\"-1\" role=\"text\" data-placeholder=\"T\u00f5lge\" data-ved=\"2ahUKEwjz2OHWn--SAxXCNxAIHQAAPR4Q3ewLegQIBhAW\" aria-label=\"T\u00f5lgitud tekst: P\u00f5hikomplekt sisaldab: Kuusest sauna korpus (puidu paksus 40 mm) Lepast pingid Pruun karastatud klaasist uks Bituumensindli katus Saunakivid (ainult kerisega) Roostevabast terasest r\u00f5ngad\"><span class=\"Y2IQFc\" lang=\"et\" style=\"color: #000000;\">Roostevabast terasest r\u00f5ngad<\/span><\/h6>\n<h6><span style=\"color: #000000;\">Lisavarustus: saunakeris ( 9 kW) , valgustus jne. ei kuulu komplekti.<\/span><\/h6>\n<h6><span style=\"color: #000000;\">TOOTJA:<\/span><\/h6>\n<h6 class=\"porto-sicon-title\"><span style=\"color: #000000;\">BALTRESTO PRODUCTION O\u00dc<\/span><\/h6>\n<h6><span style=\"color: #000000;\">EESTI<\/span><\/h6>\n<p>&nbsp;<\/p>\n","protected":false},"excerpt":{"rendered":"<p>Tootmisaeg on umbes 5-6 n\u00e4dalat. Kompaktne t\u00fcnnisaun 4 inimesele, puu- v\u00f5i elektrikerisega, kvaliteetse termopuiduga, kiire kuumenemisega ja sobib ideaalselt v\u00e4ikestele terrassidele. Pikkus 2 m \/ 2,3 m L\u00e4bim\u00f5\u00f5t \u00d82m \/ \u00d82,2m 2 m\u00a0 Kokkupandud m\u00f5\u00f5tmed (ilma korstnata) PxLxK \u00d82m &#8211; 200x200x210 cm \/ \u00d82,2m &#8211; 200x220x230 cm 2 m\u00a0 Lameda pakendi m\u00f5\u00f5tmed PxLxK 200x120x150 cm [&hellip;]<\/p>\n","protected":false},"featured_media":18714,"comment_status":"open","ping_status":"closed","template":"","meta":{"_acf_changed":false,"_genesis_hide_title":false,"_genesis_hide_breadcrumbs":false,"_genesis_hide_singular_image":false,"_genesis_hide_footer_widgets":false,"_genesis_custom_body_class":"","_genesis_custom_post_class":"","_genesis_layout":""},"product_cat":[417],"product_tag":[],"acf":[],"_links":{"self":[{"href":"https:\/\/koduspa.ee\/en\/wp-json\/wp\/v2\/product\/18710"}],"collection":[{"href":"https:\/\/koduspa.ee\/en\/wp-json\/wp\/v2\/product"}],"about":[{"href":"https:\/\/koduspa.ee\/en\/wp-json\/wp\/v2\/types\/product"}],"replies":[{"embeddable":true,"href":"https:\/\/koduspa.ee\/en\/wp-json\/wp\/v2\/comments?post=18710"}],"wp:featuredmedia":[{"embeddable":true,"href":"https:\/\/koduspa.ee\/en\/wp-json\/wp\/v2\/media\/18714"}],"wp:attachment":[{"href":"https:\/\/koduspa.ee\/en\/wp-json\/wp\/v2\/media?parent=18710"}],"wp:term":[{"taxonomy":"product_cat","embeddable":true,"href":"https:\/\/koduspa.ee\/en\/wp-json\/wp\/v2\/product_cat?post=18710"},{"taxonomy":"product_tag","embeddable":true,"href":"https:\/\/koduspa.ee\/en\/wp-json\/wp\/v2\/product_tag?post=18710"}],"curies":[{"name":"wp","href":"https:\/\/api.w.org\/{rel}","templated":true}]}}