{"id":18526,"date":"2026-02-05T07:06:47","date_gmt":"2026-02-05T07:06:47","guid":{"rendered":"https:\/\/koduspa.ee\/?post_type=product&#038;p=18526"},"modified":"2026-02-05T07:06:47","modified_gmt":"2026-02-05T07:06:47","slug":"contaktor-box-peb-18-18h-kw","status":"publish","type":"product","link":"https:\/\/koduspa.ee\/en\/pood\/eos-juhtpaneelid-2\/contaktor-box-peb-18-18h-kw\/","title":{"rendered":"CONTAKTOR BOX PEB 18 \/ 18H kW"},"content":{"rendered":"<h6><span style=\"color: #000000;\"><span dir=\"auto\">Toitel\u00fcliti sauna\u00a0<\/span><span dir=\"auto\">juhtseadme<\/span><span dir=\"auto\">\u00a0v\u00f5imsuse suurendamiseks .<\/span><\/span><\/h6>\n<h6><span dir=\"auto\" style=\"color: #000000;\">Kvaliteetne v\u00f5imsusl\u00fcliti, mille l\u00fclitusv\u00f5imsus on 18 kW, <\/span><\/h6>\n<h6><span dir=\"auto\" style=\"color: #000000;\">et laiendada sauna juhtseadme l\u00fclitusv\u00f5imsust. <\/span><\/h6>\n<h6><span dir=\"auto\" style=\"color: #000000;\">Uus ja t\u00e4iustatud disain. V\u00e4ga vaikne t\u00f6\u00f6.<\/span><\/h6>\n<h6><span style=\"color: #000000;\"><span dir=\"auto\">Koos 9 kW (10 kW) l\u00fclitusv\u00f5imsusega juhtseadmetega sobib <\/span><\/span><\/h6>\n<h6><span style=\"color: #000000;\"><span dir=\"auto\">kahekontuurilistele\u00a0<\/span><span dir=\"auto\">saunakeristele\u00a0<\/span><span dir=\"auto\">koguv\u00f5imsusega<\/span><span dir=\"auto\">\u00a0kuni 27 kW (28 kW)<\/span><\/span><\/h6>\n<h6><span style=\"color: #000000;\"><span dir=\"auto\"> (\u00a0kuni\u00a036 kW\u00a0<\/span><span dir=\"auto\">EOS Compact D18\/H18<\/span><span dir=\"auto\">\u00a0puhul\u00a0). <\/span><\/span><\/h6>\n<h6><span style=\"color: #000000;\"><span dir=\"auto\">Kaabli\u00fchendus on v\u00f5imalik nii alt kui ka tagant.<\/span><\/span><\/h6>\n<ul>\n<li>\n<h6><span style=\"color: #000000;\"><span dir=\"auto\">PEB 18:<\/span><span dir=\"auto\">\u00a01 x 18 kW v\u00f5imsusega.<\/span><\/span><\/h6>\n<\/li>\n<li>\n<h6><span style=\"color: #000000;\"><span dir=\"auto\">PEB18 H:<\/span><span dir=\"auto\">\u00a0Nagu PEB18, aga lisaks\u00a0<\/span><span dir=\"auto\">6 kW<\/span><span dir=\"auto\">\u00a0v\u00f5imsusega aurustile. <\/span><\/span><\/h6>\n<\/li>\n<li>\n<h6><span style=\"color: #000000;\"><span dir=\"auto\">Ideaalne\u00a0<\/span><span dir=\"auto\">Bi-O saunakeristele<\/span><span dir=\"auto\">\u00a0.<\/span><\/span><\/h6>\n<\/li>\n<\/ul>\n<h6><span dir=\"auto\" style=\"color: #000000;\">Kaitsmepadjad kuuluvad tarnekomplekti!<\/span><\/h6>\n<ul>\n<li>\n<h6><span dir=\"auto\" style=\"color: #000000;\">Professionaalne v\u00f5imsusl\u00fcliti koormuse suurendamiseks.<\/span><\/h6>\n<\/li>\n<li>\n<h6><span dir=\"auto\" style=\"color: #000000;\">Uus, t\u00e4iustatud ja ruumis\u00e4\u00e4stlik disain.<\/span><\/h6>\n<\/li>\n<li>\n<h6><span dir=\"auto\" style=\"color: #000000;\">V\u00e4ga vaikne t\u00f6\u00f6.<\/span><\/h6>\n<\/li>\n<li>\n<h6><span dir=\"auto\" style=\"color: #000000;\">Elegantne \u00fcmbris jagatud esikaanega.<\/span><\/h6>\n<\/li>\n<li>\n<h6><span dir=\"auto\" style=\"color: #000000;\">V\u00e4ga k\u00f5rge t\u00f6\u00f6kindlus ja eluiga.<\/span><\/h6>\n<\/li>\n<li>\n<h6><span dir=\"auto\" style=\"color: #000000;\">Lihtne ja kiire kokkupanek.<\/span><\/h6>\n<\/li>\n<li>\n<h6><span dir=\"auto\" style=\"color: #000000;\">M\u00e4rkimisv\u00e4\u00e4rne temperatuuri langus t\u00e4nu l\u00fclitustoiteallikate kasutamisele.<\/span><\/h6>\n<\/li>\n<li>\n<h6><span dir=\"auto\" style=\"color: #000000;\">\u00dchendus v\u00f5imalik nii tagant kui ka alt.<\/span><\/h6>\n<\/li>\n<li>\n<h6><span dir=\"auto\" style=\"color: #000000;\">Komplektis turvapadjad koos varukaitsmetega.<\/span><\/h6>\n<\/li>\n<li>\n<h6><span dir=\"auto\" style=\"color: #000000;\">PEB 18 H: Nagu PEB 18, aga lisav\u00e4ljundiga 6 kW aurusti jaoks. Ideaalne Bi-O saunakeristele.<\/span><\/h6>\n<\/li>\n<li>\n<h6><span dir=\"auto\" style=\"color: #000000;\">Koos 9 kW (10 kW) l\u00fclitusv\u00f5imsusega juhtseadmetega sobib kahekontuurilistele<\/span><\/h6>\n<\/li>\n<li>\n<h6><span dir=\"auto\" style=\"color: #000000;\"> saunakeristele koguv\u00f5imsusega kuni 27 kW (28 kW)<\/span><\/h6>\n<\/li>\n<li>\n<h6><span dir=\"auto\" style=\"color: #000000;\"> (EOS Compact D18\/H18 puhul kuni 36 kW).<\/span><\/h6>\n<\/li>\n<\/ul>\n<table class=\"contenttable\" border=\"0\" cellspacing=\"0\" cellpadding=\"0\">\n<tbody>\n<tr>\n<td valign=\"top\" width=\"302\">\n<h6><span style=\"color: #000000;\"><span dir=\"auto\">Elektri\u00fchendus<\/span><\/span><\/h6>\n<\/td>\n<td valign=\"top\" width=\"302\">\n<h6><span dir=\"auto\" style=\"color: #000000;\">400 V 3N ~ 50\/60 Hz<\/span><\/h6>\n<\/td>\n<\/tr>\n<tr>\n<td valign=\"top\" width=\"302\">\n<h6><span style=\"color: #000000;\"><span dir=\"auto\">L\u00fclitusv\u00f5imsus &#8211; saunakeris<\/span><\/span><\/h6>\n<\/td>\n<td valign=\"top\" width=\"302\">\n<h6><span dir=\"auto\" style=\"color: #000000;\">18,0 kW aktiivkoormus<\/span><\/h6>\n<\/td>\n<\/tr>\n<tr>\n<td valign=\"top\" width=\"302\">\n<h6><span style=\"color: #000000;\"><span dir=\"auto\">L\u00fclitusv\u00f5imsus &#8211; aurusti (ainult LSG 18 H)<\/span><\/span><\/h6>\n<\/td>\n<td valign=\"top\" width=\"302\">\n<h6><span dir=\"auto\" style=\"color: #000000;\">6,0 kW aktiivkoormus<\/span><\/h6>\n<\/td>\n<\/tr>\n<tr>\n<td valign=\"top\" width=\"302\">\n<h6><span style=\"color: #000000;\"><span dir=\"auto\">V\u00e4rv<\/span><\/span><\/h6>\n<\/td>\n<td valign=\"top\" width=\"302\">\n<h6><span dir=\"auto\" style=\"color: #000000;\">antratsiit \/ hall<\/span><\/h6>\n<\/td>\n<\/tr>\n<tr>\n<td valign=\"top\" width=\"302\">\n<h6><span style=\"color: #000000;\"><span dir=\"auto\">M\u00f5\u00f5tmed K\/L\/S, cm<\/span><\/span><\/h6>\n<\/td>\n<td valign=\"top\" width=\"302\">\n<h6><span dir=\"auto\" style=\"color: #000000;\">27 \/ 30 \/ 10 cm<\/span><\/h6>\n<\/td>\n<\/tr>\n<tr>\n<td valign=\"top\" width=\"302\">\n<h6><span style=\"color: #000000;\"><span dir=\"auto\">\u00dcmbritseva \u00f5hu temperatuur t\u00f6\u00f6tamise ajal<\/span><\/span><\/h6>\n<\/td>\n<td valign=\"top\" width=\"302\">\n<h6><span dir=\"auto\" style=\"color: #000000;\">-10 kuni +40 \u00b0C<\/span><\/h6>\n<\/td>\n<\/tr>\n<tr>\n<td valign=\"top\" width=\"302\">\n<h6><span style=\"color: #000000;\"><span dir=\"auto\">Kaal ilma pakendita u.<\/span><\/span><\/h6>\n<\/td>\n<td valign=\"top\" width=\"302\">\n<h6><span dir=\"auto\" style=\"color: #000000;\">2,8 kg<\/span><\/h6>\n<\/td>\n<\/tr>\n<\/tbody>\n<\/table>\n<p><a href=\"https:\/\/www.eos-sauna.com\/fileadmin\/user_upload\/EOS\/pdf\/db\/deutsch\/steuergeraete\/PEB_18-18H_-_DB_de.pdf\">https:\/\/www.eos-sauna.com\/fileadmin\/user_upload\/EOS\/pdf\/db\/deutsch\/steuergeraete\/PEB_18-18H_-_DB_de.pdf<\/a><\/p>\n<p><a href=\"https:\/\/www.eos-sauna.com\/fileadmin\/user_upload\/EOS\/pdf\/gbaw\/deutsch\/steuergeraete\/PEB18-18H_-_MA_DE-EN.pdf\">https:\/\/www.eos-sauna.com\/fileadmin\/user_upload\/EOS\/pdf\/gbaw\/deutsch\/steuergeraete\/PEB18-18H_-_MA_DE-EN.pdf<\/a><\/p>\n","protected":false},"excerpt":{"rendered":"<p>Toitel\u00fcliti sauna\u00a0juhtseadme\u00a0v\u00f5imsuse suurendamiseks . Kvaliteetne v\u00f5imsusl\u00fcliti, mille l\u00fclitusv\u00f5imsus on 18 kW, et laiendada sauna juhtseadme l\u00fclitusv\u00f5imsust. Uus ja t\u00e4iustatud disain. V\u00e4ga vaikne t\u00f6\u00f6. Koos 9 kW (10 kW) l\u00fclitusv\u00f5imsusega juhtseadmetega sobib kahekontuurilistele\u00a0saunakeristele\u00a0koguv\u00f5imsusega\u00a0kuni 27 kW (28 kW) (\u00a0kuni\u00a036 kW\u00a0EOS Compact D18\/H18\u00a0puhul\u00a0). Kaabli\u00fchendus on v\u00f5imalik nii alt kui ka tagant. PEB 18:\u00a01 x 18 kW v\u00f5imsusega. PEB18 [&hellip;]<\/p>\n","protected":false},"featured_media":18527,"comment_status":"open","ping_status":"closed","template":"","meta":{"_acf_changed":false,"_genesis_hide_title":false,"_genesis_hide_breadcrumbs":false,"_genesis_hide_singular_image":false,"_genesis_hide_footer_widgets":false,"_genesis_custom_body_class":"","_genesis_custom_post_class":"","_genesis_layout":""},"product_cat":[396],"product_tag":[],"acf":[],"_links":{"self":[{"href":"https:\/\/koduspa.ee\/en\/wp-json\/wp\/v2\/product\/18526"}],"collection":[{"href":"https:\/\/koduspa.ee\/en\/wp-json\/wp\/v2\/product"}],"about":[{"href":"https:\/\/koduspa.ee\/en\/wp-json\/wp\/v2\/types\/product"}],"replies":[{"embeddable":true,"href":"https:\/\/koduspa.ee\/en\/wp-json\/wp\/v2\/comments?post=18526"}],"wp:featuredmedia":[{"embeddable":true,"href":"https:\/\/koduspa.ee\/en\/wp-json\/wp\/v2\/media\/18527"}],"wp:attachment":[{"href":"https:\/\/koduspa.ee\/en\/wp-json\/wp\/v2\/media?parent=18526"}],"wp:term":[{"taxonomy":"product_cat","embeddable":true,"href":"https:\/\/koduspa.ee\/en\/wp-json\/wp\/v2\/product_cat?post=18526"},{"taxonomy":"product_tag","embeddable":true,"href":"https:\/\/koduspa.ee\/en\/wp-json\/wp\/v2\/product_tag?post=18526"}],"curies":[{"name":"wp","href":"https:\/\/api.w.org\/{rel}","templated":true}]}}