{"id":18506,"date":"2026-02-05T06:39:37","date_gmt":"2026-02-05T06:39:37","guid":{"rendered":"https:\/\/koduspa.ee\/?post_type=product&#038;p=18506"},"modified":"2026-03-07T08:01:41","modified_gmt":"2026-03-07T08:01:41","slug":"elektrikeris-eos-mega-s-hd","status":"publish","type":"product","link":"https:\/\/koduspa.ee\/en\/pood\/eos-elektrikerised\/elektrikeris-eos-mega-s-hd\/","title":{"rendered":"ELEKTRIKERIS EOS Mega S HD"},"content":{"rendered":"<h6><span style=\"color: #000000;\">EOS Mega HD saunakerise kompaktne versioon <\/span><\/h6>\n<h6><span style=\"color: #000000;\">v\u00f5imsusega 36 kW kuni 48 kW ja kivimahuga 100 kg.<\/span><\/h6>\n<h6><span style=\"color: #000000;\"><span dir=\"auto\">Maailma v\u00f5imsaim elektriline\u00a0<\/span><span dir=\"auto\">saunakeris<\/span> <span dir=\"auto\">\u00a0\u00e4riliseks kasutamiseks.<\/span><\/span><\/h6>\n<h6><span style=\"color: #000000;\"><span dir=\"auto\">Spetsiaalselt loodud\u00a0intensiivsete\u00a0<\/span><span dir=\"auto\">saunatseremooniatega<\/span><span dir=\"auto\">\u00a0v\u00e4ga suurte \u00e4ri\u00fcrituste jaoks .<\/span><\/span><\/h6>\n<h6><span style=\"color: #000000;\"><span dir=\"auto\"> Selle keerukas tehnoloogia tagab t\u00e4iusliku \u00f5huringluse ja seega parimad saunaseansid\u00a0<\/span><span dir=\"auto\">.<\/span><\/span><\/h6>\n<h6><span dir=\"auto\" style=\"color: #000000;\">\u201eTugevdatud\u201c versioon standardse juhtmestikuga, kasutades vasksiini.<\/span><\/h6>\n<h6><span dir=\"auto\" style=\"color: #000000;\"> See juhtmestik muudab Mega HD ideaalseks intensiivseks ja n\u00f5udlikuks \u00e4riliseks kasutamiseks.<\/span><\/h6>\n<h6><span style=\"color: #000000;\"><span dir=\"auto\">EOS Mega avaldab muljet oma erakordse v\u00f5imsusega<\/span><span dir=\"auto\"> 36 kW kuni 48 kW.<\/span><\/span><\/h6>\n<h6><span style=\"color: #000000;\"><span dir=\"auto\"> Lisavarustusena saate <\/span><\/span><span style=\"color: #000000;\"><span dir=\"auto\">kerisest maksimumi v\u00f5tta <\/span><\/span><\/h6>\n<h6><span style=\"color: #000000;\"><span dir=\"auto\">EOS juhtseadme ja vastava toitemooduli abil (ei kuulu komplekti).<\/span><\/span><\/h6>\n<h6><span style=\"color: #000000;\"><span dir=\"auto\">Eriti suur<\/span><span dir=\"auto\"> 100 kg asub k\u00fctteelementide kohal ja garanteerib<\/span><\/span><\/h6>\n<h6><span style=\"color: #000000;\"><span dir=\"auto\"> kiirema kuumenemisaja ning veelgi v\u00f5imsama keedu. <\/span><\/span><\/h6>\n<h6><span style=\"color: #000000;\"><span dir=\"auto\">Spetsiaalsed V-kujulised ribid kahes reas kivide all tagavad optimaalse ja t\u00e4ieliku aurustumise keedu ajal, <\/span><\/span><\/h6>\n<h6><span style=\"color: #000000;\"><span dir=\"auto\">s\u00e4ilitades samal ajal stabiilse \u00f5hukonvektsiooni.<\/span><\/span><\/h6>\n<table class=\"contenttable\" border=\"0\" cellspacing=\"0\" cellpadding=\"0\">\n<tbody>\n<tr>\n<td valign=\"top\" width=\"302\">\n<h6><span dir=\"auto\" style=\"color: #000000;\">Elektri\u00fchendus<\/span><\/h6>\n<\/td>\n<td valign=\"top\" width=\"302\">\n<h6><span dir=\"auto\" style=\"color: #000000;\">400 V 3N ~ 50\/60 Hz<\/span><\/h6>\n<\/td>\n<\/tr>\n<tr>\n<td valign=\"top\" width=\"302\">\n<h6><span dir=\"auto\" style=\"color: #000000;\">Juhtseadme kaitse<\/span><\/h6>\n<\/td>\n<td valign=\"top\" width=\"302\">\n<h6><span dir=\"auto\" style=\"color: #000000;\">1 x 16 A<\/span><\/h6>\n<\/td>\n<\/tr>\n<tr>\n<td valign=\"top\" width=\"302\">\n<h6><span dir=\"auto\" style=\"color: #000000;\">Seadme m\u00f5\u00f5tmed (K\/L\/S), cm<\/span><\/h6>\n<\/td>\n<td valign=\"top\" width=\"302\">\n<h6><span dir=\"auto\" style=\"color: #000000;\">100 \/ 120 \/ 80 (Mega HD)<\/span><br \/>\n<span dir=\"auto\" style=\"color: #000000;\">100 \/ 90 \/ 80 (Mega S HD)<\/span><\/h6>\n<\/td>\n<\/tr>\n<tr>\n<td valign=\"top\" width=\"302\">\n<h6><span dir=\"auto\" style=\"color: #000000;\">Kivit\u00e4idis<\/span><\/h6>\n<\/td>\n<td valign=\"top\" width=\"302\">\n<h6><span dir=\"auto\" style=\"color: #000000;\">u. 150 kg (Mega HD)<\/span><br \/>\n<span dir=\"auto\" style=\"color: #000000;\">u. 100 kg (Mega S HD)<\/span><\/h6>\n<\/td>\n<\/tr>\n<tr>\n<td valign=\"top\" width=\"302\">\n<h6><span dir=\"auto\" style=\"color: #000000;\">Vajalik on v\u00f5imsusl\u00fcliti (36 \/ 42-54 \/ 60-72 kW)<\/span><\/h6>\n<\/td>\n<td valign=\"top\" width=\"302\">\n<h6><span dir=\"auto\" style=\"color: #000000;\">PEB 36 \/ 1 x PEB 18 + 1 x PEB 36 \/ 2 x PEB 36<\/span><\/h6>\n<\/td>\n<\/tr>\n<\/tbody>\n<\/table>\n<table class=\"contenttable\" border=\"0\" cellspacing=\"0\" cellpadding=\"0\">\n<tbody>\n<tr>\n<td valign=\"top\" width=\"87\">\n<h6><span style=\"color: #000000;\"><span dir=\"auto\">J\u00f5udlus<\/span><\/span><\/h6>\n<\/td>\n<td valign=\"top\" width=\"132\">\n<h6><span style=\"color: #000000;\"><span dir=\"auto\">Salongi mahu jaoks<\/span><\/span><\/h6>\n<\/td>\n<td valign=\"top\" width=\"101\">\n<h6><span style=\"color: #000000;\"><span dir=\"auto\">Minimaalne ventilatsioonitase<\/span><\/span><\/h6>\n<\/td>\n<td valign=\"top\" width=\"139\">\n<h6><span style=\"color: #000000;\"><span dir=\"auto\">Kaal ilma kivide ja pakendita (Mega \/ Mega S)<\/span><\/span><\/h6>\n<\/td>\n<\/tr>\n<tr>\n<td valign=\"top\" width=\"87\">\n<h6><span dir=\"auto\" style=\"color: #000000;\">36,0 kW<\/span><\/h6>\n<\/td>\n<td valign=\"top\" width=\"132\">\n<h6><span dir=\"auto\" style=\"color: #000000;\">60\u201375 m\u00b3\u00a0<\/span><\/h6>\n<\/td>\n<td valign=\"top\" width=\"101\">\n<h6><span dir=\"auto\" style=\"color: #000000;\">50 x 10 cm<\/span><\/h6>\n<\/td>\n<td valign=\"top\" width=\"139\">\n<h6><span dir=\"auto\" style=\"color: #000000;\">&#8211; \/ 110 kg<\/span><\/h6>\n<\/td>\n<\/tr>\n<tr>\n<td valign=\"top\" width=\"87\">\n<h6><span dir=\"auto\" style=\"color: #000000;\">42,0 kW<\/span><\/h6>\n<\/td>\n<td valign=\"top\" width=\"132\">\n<h6><span dir=\"auto\" style=\"color: #000000;\">65\u201380 m\u00b3<\/span><\/h6>\n<\/td>\n<td valign=\"top\" width=\"101\">\n<h6><span dir=\"auto\" style=\"color: #000000;\">50 x 12 cm<\/span><\/h6>\n<\/td>\n<td valign=\"top\" width=\"139\">\n<h6><span dir=\"auto\" style=\"color: #000000;\">112 kg \/ 111 kg<\/span><\/h6>\n<\/td>\n<\/tr>\n<tr>\n<td valign=\"top\" width=\"87\">\n<h6><span dir=\"auto\" style=\"color: #000000;\">48,0 kW<\/span><\/h6>\n<\/td>\n<td valign=\"top\" width=\"132\">\n<h6><span dir=\"auto\" style=\"color: #000000;\">70\u201390 m\u00b3<\/span><\/h6>\n<\/td>\n<td valign=\"top\" width=\"101\">\n<h6><span dir=\"auto\" style=\"color: #000000;\">60 x 12 cm<\/span><\/h6>\n<\/td>\n<td valign=\"top\" width=\"139\">\n<h6><span dir=\"auto\" style=\"color: #000000;\">114 kg \/ 112 kg<\/span><\/h6>\n<\/td>\n<\/tr>\n<\/tbody>\n<\/table>\n<p><a href=\"https:\/\/www.eos-sauna.com\/fileadmin\/user_upload\/EOS\/pdf\/db\/deutsch\/saunaoefen\/Mega-S-HD_-_DB_de.pdf\">https:\/\/www.eos-sauna.com\/fileadmin\/user_upload\/EOS\/pdf\/db\/deutsch\/saunaoefen\/Mega-S-HD_-_DB_de.pdf<\/a><\/p>\n<p><a href=\"https:\/\/www.eos-sauna.com\/fileadmin\/user_upload\/EOS\/pdf\/gbaw\/deutsch\/saunaoefen\/Mega_S_HD_-_MA_de.pdf\">https:\/\/www.eos-sauna.com\/fileadmin\/user_upload\/EOS\/pdf\/gbaw\/deutsch\/saunaoefen\/Mega_S_HD_-_MA_de.pdf<\/a><\/p>\n<p><a href=\"https:\/\/www.eos-sauna.com\/fileadmin\/user_upload\/EOS\/pdf\/CE-Erklaerung\/Saunaoefen\/KE_Mega_S_HD.pdf\">https:\/\/www.eos-sauna.com\/fileadmin\/user_upload\/EOS\/pdf\/CE-Erklaerung\/Saunaoefen\/KE_Mega_S_HD.pdf<\/a><\/p>\n","protected":false},"excerpt":{"rendered":"<p>EOS Mega HD saunakerise kompaktne versioon v\u00f5imsusega 36 kW kuni 48 kW ja kivimahuga 100 kg. Maailma v\u00f5imsaim elektriline\u00a0saunakeris \u00a0\u00e4riliseks kasutamiseks. Spetsiaalselt loodud\u00a0intensiivsete\u00a0saunatseremooniatega\u00a0v\u00e4ga suurte \u00e4ri\u00fcrituste jaoks . Selle keerukas tehnoloogia tagab t\u00e4iusliku \u00f5huringluse ja seega parimad saunaseansid\u00a0. \u201eTugevdatud\u201c versioon standardse juhtmestikuga, kasutades vasksiini. See juhtmestik muudab Mega HD ideaalseks intensiivseks ja n\u00f5udlikuks \u00e4riliseks kasutamiseks. EOS [&hellip;]<\/p>\n","protected":false},"featured_media":18507,"comment_status":"open","ping_status":"closed","template":"","meta":{"_acf_changed":false,"_genesis_hide_title":false,"_genesis_hide_breadcrumbs":false,"_genesis_hide_singular_image":false,"_genesis_hide_footer_widgets":false,"_genesis_custom_body_class":"","_genesis_custom_post_class":"","_genesis_layout":""},"product_cat":[392],"product_tag":[],"acf":[],"_links":{"self":[{"href":"https:\/\/koduspa.ee\/en\/wp-json\/wp\/v2\/product\/18506"}],"collection":[{"href":"https:\/\/koduspa.ee\/en\/wp-json\/wp\/v2\/product"}],"about":[{"href":"https:\/\/koduspa.ee\/en\/wp-json\/wp\/v2\/types\/product"}],"replies":[{"embeddable":true,"href":"https:\/\/koduspa.ee\/en\/wp-json\/wp\/v2\/comments?post=18506"}],"wp:featuredmedia":[{"embeddable":true,"href":"https:\/\/koduspa.ee\/en\/wp-json\/wp\/v2\/media\/18507"}],"wp:attachment":[{"href":"https:\/\/koduspa.ee\/en\/wp-json\/wp\/v2\/media?parent=18506"}],"wp:term":[{"taxonomy":"product_cat","embeddable":true,"href":"https:\/\/koduspa.ee\/en\/wp-json\/wp\/v2\/product_cat?post=18506"},{"taxonomy":"product_tag","embeddable":true,"href":"https:\/\/koduspa.ee\/en\/wp-json\/wp\/v2\/product_tag?post=18506"}],"curies":[{"name":"wp","href":"https:\/\/api.w.org\/{rel}","templated":true}]}}