{"id":18474,"date":"2026-01-30T08:16:38","date_gmt":"2026-01-30T08:16:38","guid":{"rendered":"https:\/\/koduspa.ee\/?post_type=product&#038;p=18474"},"modified":"2026-03-07T07:54:04","modified_gmt":"2026-03-07T07:54:04","slug":"elektrikeris-eos-veskisauna-komplekt-hercules-s60-kerisega","status":"publish","type":"product","link":"https:\/\/koduspa.ee\/en\/pood\/eos-elektrikerised\/elektrikeris-eos-veskisauna-komplekt-hercules-s60-kerisega\/","title":{"rendered":"ELEKTRIKERIS EOS VESKISAUNA komplekt Hercules S60 kerisega"},"content":{"rendered":"<h6><span dir=\"auto\" style=\"color: #ff0000;\">K\u00dcSI PAKKUMIST!<\/span><\/h6>\n<h6><span dir=\"auto\" style=\"color: #000000;\">Teemasaunad ja -leiud \u2013 eksklusiivsed EOS-<\/span><\/h6>\n<h6><span dir=\"auto\" style=\"color: #000000;\">veskisaunaahjud p\u00f6\u00f6rleva veskirattaga on iga saunaruumi absoluutne pilgup\u00fc\u00fcdja.<\/span><\/h6>\n<h6><span style=\"color: #000000;\"><span dir=\"auto\">Programmeeritavate ajavahemike j\u00e4rel saate k\u00e4ivitada mitmeid <\/span><\/span><\/h6>\n<h6><span style=\"color: #000000;\"><span dir=\"auto\">suurep\u00e4raseid\u00a0<\/span><span dir=\"auto\">lahendusi<\/span><span dir=\"auto\">\u00a0ja pakkuda n\u00e4iteks koos valgusefektidega<\/span><\/span><\/h6>\n<h6><span style=\"color: #000000;\"><span dir=\"auto\"> oma saunak\u00fclalistele ainulaadset saunakogemust.<\/span><\/span><\/h6>\n<h6><span dir=\"auto\" style=\"color: #000000;\">EOS veskisaunaahi lisab teie saunale mitmekesisust ja &#8220;tegevust&#8221;.\u00a0<\/span><\/h6>\n<h6><span dir=\"auto\" style=\"color: #000000;\">Veskiratas p\u00f6\u00f6rleb t\u00f6\u00f6tamise ajal aeglaselt vastup\u00e4eva. <\/span><\/h6>\n<h6><span dir=\"auto\" style=\"color: #000000;\">P\u00e4rast automaatset signaali p\u00f6\u00f6rleb ratas vastassuunas, <\/span><\/h6>\n<h6><span dir=\"auto\" style=\"color: #000000;\">nii et labad suunavad vee pliidi kohal asuvale kaskaadile, <\/span><\/h6>\n<h6><span dir=\"auto\" style=\"color: #000000;\">luues muljetavaldavate ja v\u00f5imsate veejugade seeria.<\/span><\/h6>\n<h6><span dir=\"auto\" style=\"color: #000000;\">Suur kivimaht tagab eriti \u00fchtlase soojuskiirguse ja suure soojuse salvestusv\u00f5ime.<\/span><\/h6>\n<h6><span style=\"color: #000000;\"><span dir=\"auto\">Disainin\u00f5uanne:<\/span><span dir=\"auto\"> Koos sobivate v\u00e4rviliste valgusefektidega saate muuta saunas k\u00e4igu<\/span><\/span><\/h6>\n<h6><span style=\"color: #000000;\"><span dir=\"auto\"> suurejooneliseks tseremooniaks ja ainulaadseks kogemuseks saunalistele.<\/span><\/span><\/h6>\n<h6><span style=\"color: #000000;\"><span dir=\"auto\">NB! JUHTPANEEL EI KUULU KOMPLEKTI!<\/span><\/span><\/h6>\n<ul>\n<li>\n<h6><span dir=\"auto\" style=\"color: #000000;\">Eksklusiivne disain \u2013 stiilne veskiratas ainulaadse funktsiooniga suurejooneliste \u00fcrituste loomiseks.<\/span><\/h6>\n<\/li>\n<li>\n<h6><span dir=\"auto\" style=\"color: #000000;\">Ideaalselt sobib luksuslike teemadega saunadesse.<\/span><\/h6>\n<\/li>\n<li>\n<h6><span dir=\"auto\" style=\"color: #000000;\">P\u00f6\u00f6rleva veskirattaga uuenduslike infusioonide jaoks eelnevalt valitud intervallidega.<\/span><\/h6>\n<\/li>\n<li>\n<h6><span dir=\"auto\" style=\"color: #000000;\">Programmeeritud ajavahemikud, nt iga 30 minuti j\u00e4rel.<\/span><\/h6>\n<\/li>\n<li>\n<h6><span dir=\"auto\" style=\"color: #000000;\">Automaatne veega t\u00e4itmine sisseehitatud fikseeritud vee\u00fchenduse kaudu.<\/span><\/h6>\n<\/li>\n<li>\n<h6><span dir=\"auto\" style=\"color: #000000;\">40 kg v\u00f5i 60 kg kivimaht tippj\u00f5udluse saavutamiseks<\/span><\/h6>\n<\/li>\n<\/ul>\n<table class=\"contenttable\" border=\"0\" cellspacing=\"0\" cellpadding=\"0\">\n<tbody>\n<tr>\n<td valign=\"top\" width=\"302\">\n<h6><span dir=\"auto\" style=\"color: #000000;\">Elektri\u00fchendus<\/span><\/h6>\n<\/td>\n<td valign=\"top\" width=\"302\">\n<h6><span dir=\"auto\" style=\"color: #000000;\">400 V 3N ~ 50\/60 Hz<\/span><\/h6>\n<\/td>\n<\/tr>\n<tr>\n<td valign=\"top\" width=\"302\">\n<h6><span dir=\"auto\" style=\"color: #000000;\">Herkules S60 ahju m\u00f5\u00f5tmed K\/L\/S, mm<\/span><\/h6>\n<h6><span dir=\"auto\" style=\"color: #000000;\">\u00dcldm\u00f5\u00f5tmed K\/L\/S, mm<\/span><\/h6>\n<\/td>\n<td valign=\"top\" width=\"302\">\n<h6><span dir=\"auto\" style=\"color: #000000;\">850 \/ 510 \/ 530<\/span><\/h6>\n<h6><span dir=\"auto\" style=\"color: #000000;\">1500 \/ 800 \/ 910<\/span><\/h6>\n<\/td>\n<\/tr>\n<tr>\n<td valign=\"top\" width=\"302\">\n<h6><span dir=\"auto\" style=\"color: #000000;\">BlackRocki ahju m\u00f5\u00f5tmed K\/L\/S, mm<\/span><\/h6>\n<\/td>\n<td valign=\"top\" width=\"302\">\n<h6><span dir=\"auto\" style=\"color: #000000;\">830 \/ 555 \/ 555<\/span><\/h6>\n<\/td>\n<\/tr>\n<tr>\n<td valign=\"top\" width=\"302\">\n<h6><span dir=\"auto\" style=\"color: #000000;\">sauna mahu jaoks (9,0 \/ 12,0 \/ 15,0 \/ 18,0 kW)<\/span><\/h6>\n<\/td>\n<td valign=\"top\" width=\"302\">\n<h6><span dir=\"auto\" style=\"color: #000000;\">9\u201314 m\u00b3 \/ 14\u201318 m\u00b3 \/ 18\u201325 m\u00b3 \/ 24\u201330 m\u00b3<\/span><\/h6>\n<\/td>\n<\/tr>\n<tr>\n<td valign=\"top\" width=\"302\">\n<h6><span dir=\"auto\" style=\"color: #000000;\">Vajalik on toitel\u00fcliti (9,0 \/ 12,0 &#8211; 18,0 kW)<\/span><\/h6>\n<\/td>\n<td valign=\"top\" width=\"302\">\n<h6><span dir=\"auto\" style=\"color: #000000;\">ei \/ PEB 10<\/span><\/h6>\n<\/td>\n<\/tr>\n<\/tbody>\n<\/table>\n<p><a href=\"https:\/\/www.eos-sauna.com\/fileadmin\/user_upload\/EOS\/pdf\/gbaw\/deutsch\/s-line\/4338_kl-Mu%CC%88hlenrad_V2.2_MA_DE_EN_V2.2.pdf\">https:\/\/www.eos-sauna.com\/fileadmin\/user_upload\/EOS\/pdf\/gbaw\/deutsch\/s-line\/4338_kl-Mu%CC%88hlenrad_V2.2_MA_DE_EN_V2.2.pdf<\/a><\/p>\n<h6><span style=\"color: #000000;\">P\u00c4RITOLURIIK: SAKSAMAA<\/span><\/h6>\n<h6><span style=\"color: #000000;\">TOOTJA: <span dir=\"auto\">EOS Saunatechnik GmbH<\/span><\/span><\/h6>\n","protected":false},"excerpt":{"rendered":"<p>K\u00dcSI PAKKUMIST! Teemasaunad ja -leiud \u2013 eksklusiivsed EOS- veskisaunaahjud p\u00f6\u00f6rleva veskirattaga on iga saunaruumi absoluutne pilgup\u00fc\u00fcdja. Programmeeritavate ajavahemike j\u00e4rel saate k\u00e4ivitada mitmeid suurep\u00e4raseid\u00a0lahendusi\u00a0ja pakkuda n\u00e4iteks koos valgusefektidega oma saunak\u00fclalistele ainulaadset saunakogemust. EOS veskisaunaahi lisab teie saunale mitmekesisust ja &#8220;tegevust&#8221;.\u00a0 Veskiratas p\u00f6\u00f6rleb t\u00f6\u00f6tamise ajal aeglaselt vastup\u00e4eva. P\u00e4rast automaatset signaali p\u00f6\u00f6rleb ratas vastassuunas, nii et labad suunavad [&hellip;]<\/p>\n","protected":false},"featured_media":18475,"comment_status":"open","ping_status":"closed","template":"","meta":{"_acf_changed":false,"_genesis_hide_title":false,"_genesis_hide_breadcrumbs":false,"_genesis_hide_singular_image":false,"_genesis_hide_footer_widgets":false,"_genesis_custom_body_class":"","_genesis_custom_post_class":"","_genesis_layout":""},"product_cat":[392],"product_tag":[],"acf":[],"_links":{"self":[{"href":"https:\/\/koduspa.ee\/en\/wp-json\/wp\/v2\/product\/18474"}],"collection":[{"href":"https:\/\/koduspa.ee\/en\/wp-json\/wp\/v2\/product"}],"about":[{"href":"https:\/\/koduspa.ee\/en\/wp-json\/wp\/v2\/types\/product"}],"replies":[{"embeddable":true,"href":"https:\/\/koduspa.ee\/en\/wp-json\/wp\/v2\/comments?post=18474"}],"wp:featuredmedia":[{"embeddable":true,"href":"https:\/\/koduspa.ee\/en\/wp-json\/wp\/v2\/media\/18475"}],"wp:attachment":[{"href":"https:\/\/koduspa.ee\/en\/wp-json\/wp\/v2\/media?parent=18474"}],"wp:term":[{"taxonomy":"product_cat","embeddable":true,"href":"https:\/\/koduspa.ee\/en\/wp-json\/wp\/v2\/product_cat?post=18474"},{"taxonomy":"product_tag","embeddable":true,"href":"https:\/\/koduspa.ee\/en\/wp-json\/wp\/v2\/product_tag?post=18474"}],"curies":[{"name":"wp","href":"https:\/\/api.w.org\/{rel}","templated":true}]}}