{"id":18453,"date":"2026-01-29T08:55:41","date_gmt":"2026-01-29T08:55:41","guid":{"rendered":"https:\/\/koduspa.ee\/?post_type=product&#038;p=18453"},"modified":"2026-03-07T07:51:24","modified_gmt":"2026-03-07T07:51:24","slug":"elektrikeris-eos-hercules-s60","status":"publish","type":"product","link":"https:\/\/koduspa.ee\/en\/pood\/eos-elektrikerised\/elektrikeris-eos-hercules-s60\/","title":{"rendered":"ELEKTRIKERIS EOS Hercules S60"},"content":{"rendered":"<h6><span style=\"color: #000000;\"><span dir=\"auto\">EOS Herkules S60 \u00fchendab elegantse disaini tipptasemel j\u00f5udlusega isegi \u00e4rikasutuses. <\/span><\/span><\/h6>\n<h6><span style=\"color: #000000;\"><span dir=\"auto\">Suur soojussalvestusv\u00f5ime 60 kg saunakividega v\u00f5imaldab eriti v\u00f5imsat\u00a0<\/span><span dir=\"auto\">auru<\/span><span dir=\"auto\">\u00a0ja<\/span><\/span><\/h6>\n<h6><span style=\"color: #000000;\"><span dir=\"auto\"> tagab k\u00f5rge temperatuuri stabiilsuse.<\/span><\/span><\/h6>\n<h6><span dir=\"auto\" style=\"color: #000000;\">Harjatud roostevabast terasest esik\u00fclg loob silmatorkava kontrasti <\/span><\/h6>\n<h6><span dir=\"auto\" style=\"color: #000000;\">antratsiitv\u00e4rvi p\u00e4rlmutterefektiga k\u00fclgpaneelidega. <\/span><\/h6>\n<h6><span dir=\"auto\" style=\"color: #000000;\">Disaini t\u00e4iendab kvaliteetsest abachi puidust valmistatud ahjukaitse. <\/span><\/h6>\n<h6><span dir=\"auto\" style=\"color: #000000;\">Saadaval ka esmaklassilise mattmusta viimistlusega.\u00a0<\/span><\/h6>\n<h6><span dir=\"auto\" style=\"color: #000000;\">T\u00e4nu lamedale tagak\u00fcljele sobib EOS Herkules ideaalselt klaaspindade ette paigutamiseks.<\/span><\/h6>\n<h6><span dir=\"auto\" style=\"color: #000000;\">Hoolduss\u00f5bralik \u2013 k\u00fctteelementide vahetamisel ei ole vaja kive eemaldada. <\/span><\/h6>\n<h6><span dir=\"auto\" style=\"color: #000000;\">K\u00fctteelemendid ei puutu kokku kivikorviga.<\/span><\/h6>\n<h6><span dir=\"auto\" style=\"color: #000000;\">NB! JUHTPANEEL EI KUULU KOMPLEKTI!<\/span><\/h6>\n<table class=\"contenttable\" border=\"0\" cellspacing=\"0\" cellpadding=\"0\">\n<tbody>\n<tr>\n<td valign=\"top\" width=\"302\">\n<h6><span style=\"color: #000000;\"><span dir=\"auto\">Elektri\u00fchendus<\/span><\/span><\/h6>\n<\/td>\n<td valign=\"top\" width=\"302\">\n<h6><span dir=\"auto\" style=\"color: #000000;\">400 V 3N ~ 50\/60 Hz<\/span><\/h6>\n<\/td>\n<\/tr>\n<tr>\n<td valign=\"top\" width=\"302\">\n<h6><span style=\"color: #000000;\"><span dir=\"auto\">Seadme m\u00f5\u00f5tmed (K\/L\/S), cm<\/span><\/span><\/h6>\n<\/td>\n<td valign=\"top\" width=\"302\">\n<h6><span dir=\"auto\" style=\"color: #000000;\">85\/51\/53 (S60) 85\/53\/53<\/span><br \/>\n<span dir=\"auto\" style=\"color: #000000;\">(S60 aur)<\/span><\/h6>\n<\/td>\n<\/tr>\n<tr>\n<td valign=\"top\" width=\"302\">\n<h6><span style=\"color: #000000;\"><span dir=\"auto\">kabiini mahule (9 \/ 12 \/ 15 kW)<\/span><\/span><\/h6>\n<\/td>\n<td valign=\"top\" width=\"302\">\n<h6><span dir=\"auto\" style=\"color: #000000;\">9\u201314 m\u00b3 \/ 14\u201318 m\u00b3 \/ 18\u201325 m\u00b3<\/span><\/h6>\n<\/td>\n<\/tr>\n<tr>\n<td valign=\"top\" width=\"302\">\n<h6><span style=\"color: #000000;\"><span dir=\"auto\">Minimaalne ventilatsiooniv\u00f5imsus\u00a0<\/span><span dir=\"auto\">(9 \/ 12 \/ 15 kW)<\/span><\/span><\/h6>\n<\/td>\n<td valign=\"top\" width=\"302\">\n<h6><span dir=\"auto\" style=\"color: #000000;\">35x6cm \/ 35x7cm \/ 35x9cm<\/span><\/h6>\n<\/td>\n<\/tr>\n<tr>\n<td valign=\"top\" width=\"302\">\n<h6><span style=\"color: #000000;\"><span dir=\"auto\">Juhtseadme kaitse<\/span><\/span><\/h6>\n<\/td>\n<td valign=\"top\" width=\"302\">\n<h6><span dir=\"auto\" style=\"color: #000000;\">3 x 16 A<\/span><\/h6>\n<\/td>\n<\/tr>\n<tr>\n<td valign=\"top\" width=\"302\">\n<h6><span style=\"color: #000000;\"><span dir=\"auto\">LSG kaitse (9 kW \/ 12\u201315 kW)<\/span><\/span><\/h6>\n<\/td>\n<td valign=\"top\" width=\"302\">\n<h6><span dir=\"auto\" style=\"color: #000000;\">ei \/ 3 x 16 A<\/span><\/h6>\n<\/td>\n<\/tr>\n<tr>\n<td valign=\"top\" width=\"302\">\n<h6><span style=\"color: #000000;\"><span dir=\"auto\">Kivit\u00e4idis<\/span><\/span><\/h6>\n<\/td>\n<td valign=\"top\" width=\"302\">\n<h6><span dir=\"auto\" style=\"color: #000000;\">60 kg<\/span><\/h6>\n<\/td>\n<\/tr>\n<tr>\n<td valign=\"top\" width=\"302\">\n<h6><span style=\"color: #000000;\"><span dir=\"auto\">Vajalik on v\u00f5imsusl\u00fcliti (9 kW \/ 12\u201315 kW)<\/span><\/span><\/h6>\n<\/td>\n<td valign=\"top\" width=\"302\">\n<h6><span dir=\"auto\" style=\"color: #000000;\">ei \/ PEB 10<\/span><\/h6>\n<\/td>\n<\/tr>\n<\/tbody>\n<\/table>\n<p><a href=\"https:\/\/www.eos-sauna.com\/fileadmin\/user_upload\/EOS\/pdf\/db\/deutsch\/s-line\/Herkules_S60_-_DB_de.pdf\">https:\/\/www.eos-sauna.com\/fileadmin\/user_upload\/EOS\/pdf\/db\/deutsch\/s-line\/Herkules_S60_-_DB_de.pdf<\/a><\/p>\n<p><a href=\"https:\/\/www.eos-sauna.com\/fileadmin\/user_upload\/EOS\/pdf\/gbaw\/deutsch\/s-line\/Herkules_S60_-_MA_de-en-ru.pdf\">https:\/\/www.eos-sauna.com\/fileadmin\/user_upload\/EOS\/pdf\/gbaw\/deutsch\/s-line\/Herkules_S60_-_MA_de-en-ru.pdf<\/a><\/p>\n<h6><span style=\"color: #000000;\">P\u00c4RITOLURIIK: SAKSAMAA<\/span><\/h6>\n<h6><span style=\"color: #000000;\">TOOTJA: <span dir=\"auto\">EOS Saunatechnik GmbH<\/span><\/span><\/h6>\n","protected":false},"excerpt":{"rendered":"<p>EOS Herkules S60 \u00fchendab elegantse disaini tipptasemel j\u00f5udlusega isegi \u00e4rikasutuses. Suur soojussalvestusv\u00f5ime 60 kg saunakividega v\u00f5imaldab eriti v\u00f5imsat\u00a0auru\u00a0ja tagab k\u00f5rge temperatuuri stabiilsuse. Harjatud roostevabast terasest esik\u00fclg loob silmatorkava kontrasti antratsiitv\u00e4rvi p\u00e4rlmutterefektiga k\u00fclgpaneelidega. Disaini t\u00e4iendab kvaliteetsest abachi puidust valmistatud ahjukaitse. Saadaval ka esmaklassilise mattmusta viimistlusega.\u00a0 T\u00e4nu lamedale tagak\u00fcljele sobib EOS Herkules ideaalselt klaaspindade ette paigutamiseks. Hoolduss\u00f5bralik [&hellip;]<\/p>\n","protected":false},"featured_media":18454,"comment_status":"open","ping_status":"closed","template":"","meta":{"_acf_changed":false,"_genesis_hide_title":false,"_genesis_hide_breadcrumbs":false,"_genesis_hide_singular_image":false,"_genesis_hide_footer_widgets":false,"_genesis_custom_body_class":"","_genesis_custom_post_class":"","_genesis_layout":""},"product_cat":[392],"product_tag":[],"acf":[],"_links":{"self":[{"href":"https:\/\/koduspa.ee\/en\/wp-json\/wp\/v2\/product\/18453"}],"collection":[{"href":"https:\/\/koduspa.ee\/en\/wp-json\/wp\/v2\/product"}],"about":[{"href":"https:\/\/koduspa.ee\/en\/wp-json\/wp\/v2\/types\/product"}],"replies":[{"embeddable":true,"href":"https:\/\/koduspa.ee\/en\/wp-json\/wp\/v2\/comments?post=18453"}],"wp:featuredmedia":[{"embeddable":true,"href":"https:\/\/koduspa.ee\/en\/wp-json\/wp\/v2\/media\/18454"}],"wp:attachment":[{"href":"https:\/\/koduspa.ee\/en\/wp-json\/wp\/v2\/media?parent=18453"}],"wp:term":[{"taxonomy":"product_cat","embeddable":true,"href":"https:\/\/koduspa.ee\/en\/wp-json\/wp\/v2\/product_cat?post=18453"},{"taxonomy":"product_tag","embeddable":true,"href":"https:\/\/koduspa.ee\/en\/wp-json\/wp\/v2\/product_tag?post=18453"}],"curies":[{"name":"wp","href":"https:\/\/api.w.org\/{rel}","templated":true}]}}