{"id":18427,"date":"2026-01-29T07:53:51","date_gmt":"2026-01-29T07:53:51","guid":{"rendered":"https:\/\/koduspa.ee\/?post_type=product&#038;p=18427"},"modified":"2026-01-29T07:53:51","modified_gmt":"2026-01-29T07:53:51","slug":"elektrikeris-eos-saunadome-ii","status":"publish","type":"product","link":"https:\/\/koduspa.ee\/en\/pood\/eos-elektrikerised\/elektrikeris-eos-saunadome-ii\/","title":{"rendered":"ELEKTRIKERIS EOS Saunadome II"},"content":{"rendered":"<h6><span dir=\"auto\" style=\"color: #000000;\">Premium-klassi eraldiseisev ahi avatud kivikorviga k\u00f5igil neljal k\u00fcljel.<\/span><\/h6>\n<h6><span style=\"color: #000000;\"><span dir=\"auto\">See kvaliteetne\u00a0<\/span><span dir=\"auto\">Soome saunade<\/span><span dir=\"auto\">\u00a0keris sobib nii era- kui ka \u00e4rikasutuseks. <\/span><\/span><\/h6>\n<h6><span style=\"color: #000000;\"><span dir=\"auto\">Spetsiaalselt vormitud v\u00f5restikud annavad EOS Saunadome II-le ainulaadse disaini. <\/span><\/span><\/h6>\n<h6><span style=\"color: #000000;\"><span dir=\"auto\">Laiendatud metallv\u00f5rk tagab ka suurema ohutuse, takistades kivide v\u00e4ljakukkumist.<\/span><\/span><\/h6>\n<h6><span style=\"color: #000000;\"><span dir=\"auto\">Eriti suur kivikorv mahutab kuni 100 kg kive, et tagada eriti intensiivne\u00a0<\/span><span dir=\"auto\">auruvoog<\/span><\/span><\/h6>\n<h6><span style=\"color: #000000;\"><span dir=\"auto\">\u00a0igast k\u00fcljest ja suurep\u00e4rane temperatuuri stabiilsus. <\/span><\/span><\/h6>\n<h6><span style=\"color: #000000;\"><span dir=\"auto\">T\u00e4nu oma ainulaadsele tornikujulisele disainile sobib EOS Saunadome II <\/span><\/span><\/h6>\n<h6><span style=\"color: #000000;\"><span dir=\"auto\">ideaalselt paigutamiseks klaaspindade ette ja saunakabiini keskele.<\/span><\/span><\/h6>\n<h6><span style=\"color: #000000;\"><span dir=\"auto\">Valmistatud t\u00e4ielikult roostevabast terasest, antratsiitv\u00e4rvi p\u00e4rlmutterefektiga nurgaprofiilidega. <\/span><\/span><\/h6>\n<h6><span style=\"color: #000000;\"><span dir=\"auto\">Harjatud roostevabast terasest pealispind.<\/span><\/span><\/h6>\n<h6><span style=\"color: #000000;\"><span dir=\"auto\"> Optimeeritud disain parema\u00a0<\/span><span dir=\"auto\">\u00f5hukonvektsiooni<\/span><span dir=\"auto\">\u00a0jaoks . <\/span><\/span><\/h6>\n<h6><span style=\"color: #000000;\"><span dir=\"auto\">Reguleeritavad jalad v\u00f5imaldavad stabiilset paigutust isegi ebatasasel pinnal.<\/span><\/span><\/h6>\n<h6><span dir=\"auto\" style=\"color: #000000;\">Kivikorv, mille kivimaht on umbes 100 kg. <\/span><\/h6>\n<h6><span dir=\"auto\" style=\"color: #000000;\">NB! JUHTPANEEL EI KUULU KOMPLEKTI!<\/span><\/h6>\n<p><main id=\"content\"><\/p>\n<div id=\"accordion-92676\" class=\"panel-group\">\n<div class=\"panel panel-default\">\n<div id=\"collapse-92672\" class=\"panel-collapse collapse in\" role=\"tabpanel\" aria-expanded=\"true\">\n<div class=\"panel-body\">\n<div id=\"c92672\" class=\"textmedia container\">\n<div class=\"ce-textpic ce-right ce-intext\">\n<div class=\"ce-bodytext\">\n<table class=\"contenttable\" border=\"0\" cellspacing=\"0\" cellpadding=\"0\">\n<tbody>\n<tr>\n<td valign=\"top\" width=\"302\">\n<h6><span style=\"color: #000000;\"><span dir=\"auto\">Elektri\u00fchendus<\/span><\/span><\/h6>\n<\/td>\n<td valign=\"top\" width=\"302\">\n<h6><span dir=\"auto\" style=\"color: #000000;\">400 V 3N ~ 50\/60 Hz<\/span><\/h6>\n<\/td>\n<\/tr>\n<tr>\n<td valign=\"top\" width=\"302\">\n<h6><span style=\"color: #000000;\"><span dir=\"auto\">Juhtseadme kaitse<\/span><\/span><\/h6>\n<\/td>\n<td valign=\"top\" width=\"302\">\n<h6><span dir=\"auto\" style=\"color: #000000;\">3 x 16 A<\/span><\/h6>\n<\/td>\n<\/tr>\n<tr>\n<td valign=\"top\" width=\"302\">\n<h6><span style=\"color: #000000;\"><span dir=\"auto\">LSG kaitse<\/span><\/span><\/h6>\n<\/td>\n<td valign=\"top\" width=\"302\">\n<h6><span dir=\"auto\" style=\"color: #000000;\">3 x 16 A \/ ei (9,0 kW juures)<\/span><\/h6>\n<\/td>\n<\/tr>\n<tr>\n<td valign=\"top\" width=\"302\">\n<h6><span style=\"color: #000000;\"><span dir=\"auto\">Seadme m\u00f5\u00f5tmed (K\/L\/S), cm<\/span><\/span><\/h6>\n<\/td>\n<td valign=\"top\" width=\"302\">\n<h6><span dir=\"auto\" style=\"color: #000000;\">100 \/ 41 \/ 41<\/span><\/h6>\n<\/td>\n<\/tr>\n<tr>\n<td valign=\"top\" width=\"302\">\n<h6><span style=\"color: #000000;\"><span dir=\"auto\">salongi mahu jaoks (9,0 \/ 12,0 \/ 15,0 \/ 18,0 kW)<\/span><\/span><\/h6>\n<\/td>\n<td valign=\"top\" width=\"302\">\n<h6><span dir=\"auto\" style=\"color: #000000;\">9\u201314 m\u00b3 \/ 14\u201318 m\u00b3 \/ 18\u201325 m\u00b3 \/ 24\u201330 m\u00b3<\/span><\/h6>\n<\/td>\n<\/tr>\n<tr>\n<td valign=\"top\" width=\"302\">\n<h6><span style=\"color: #000000;\"><span dir=\"auto\">Minimaalne ventilatsioonitase<\/span><\/span><\/h6>\n<\/td>\n<td valign=\"top\" width=\"302\">\n<h6><span dir=\"auto\" style=\"color: #000000;\">300 cm\u00b2<\/span><\/h6>\n<\/td>\n<\/tr>\n<tr>\n<td valign=\"top\" width=\"302\">\n<h6><span style=\"color: #000000;\"><span dir=\"auto\">Kaal ilma kivide ja pakendita<\/span><\/span><\/h6>\n<\/td>\n<td valign=\"top\" width=\"302\">\n<h6><span dir=\"auto\" style=\"color: #000000;\">35 kg<\/span><\/h6>\n<\/td>\n<\/tr>\n<tr>\n<td valign=\"top\" width=\"302\">\n<h6><span style=\"color: #000000;\"><span dir=\"auto\">Kivit\u00e4idis<\/span><\/span><\/h6>\n<\/td>\n<td valign=\"top\" width=\"302\">\n<h6><span dir=\"auto\" style=\"color: #000000;\">100 kg<\/span><\/h6>\n<\/td>\n<\/tr>\n<tr>\n<td valign=\"top\" width=\"302\">\n<h6><span style=\"color: #000000;\"><span dir=\"auto\">Vajalik on toitel\u00fcliti<\/span><\/span><\/h6>\n<\/td>\n<td valign=\"top\" width=\"302\">\n<h6><span dir=\"auto\" style=\"color: #000000;\">ei (9,0 kW juures) \/ PEB 10<\/span><\/h6>\n<\/td>\n<\/tr>\n<\/tbody>\n<\/table>\n<p><a href=\"https:\/\/www.eos-sauna.com\/fileadmin\/user_upload\/EOS\/pdf\/db\/deutsch\/saunaoefen\/Saunadome_II_-_DB_de.pdf\">https:\/\/www.eos-sauna.com\/fileadmin\/user_upload\/EOS\/pdf\/db\/deutsch\/saunaoefen\/Saunadome_II_-_DB_de.pdf<\/a><\/p>\n<\/div>\n<\/div>\n<\/div>\n<\/div>\n<\/div>\n<\/div>\n<\/div>\n<p><\/main><\/p>\n<h6><a href=\"https:\/\/www.eos-sauna.com\/fileadmin\/user_upload\/EOS\/pdf\/gbaw\/deutsch\/saunaoefen\/Saunadome_II_-_MA_de-en-ru.pdf\">https:\/\/www.eos-sauna.com\/fileadmin\/user_upload\/EOS\/pdf\/gbaw\/deutsch\/saunaoefen\/Saunadome_II_-_MA_de-en-ru.pdf<\/a><\/h6>\n<h6><span style=\"color: #000000;\">P\u00c4RITOLURIIK: SAKSAMAA<\/span><\/h6>\n<h6><span style=\"color: #000000;\">TOOTJA: <span dir=\"auto\">EOS Saunatechnik GmbH<\/span><\/span><\/h6>\n","protected":false},"excerpt":{"rendered":"<p>Premium-klassi eraldiseisev ahi avatud kivikorviga k\u00f5igil neljal k\u00fcljel. See kvaliteetne\u00a0Soome saunade\u00a0keris sobib nii era- kui ka \u00e4rikasutuseks. Spetsiaalselt vormitud v\u00f5restikud annavad EOS Saunadome II-le ainulaadse disaini. Laiendatud metallv\u00f5rk tagab ka suurema ohutuse, takistades kivide v\u00e4ljakukkumist. Eriti suur kivikorv mahutab kuni 100 kg kive, et tagada eriti intensiivne\u00a0auruvoog \u00a0igast k\u00fcljest ja suurep\u00e4rane temperatuuri stabiilsus. T\u00e4nu oma [&hellip;]<\/p>\n","protected":false},"featured_media":18428,"comment_status":"open","ping_status":"closed","template":"","meta":{"_acf_changed":false,"_genesis_hide_title":false,"_genesis_hide_breadcrumbs":false,"_genesis_hide_singular_image":false,"_genesis_hide_footer_widgets":false,"_genesis_custom_body_class":"","_genesis_custom_post_class":"","_genesis_layout":""},"product_brand":[],"product_cat":[392],"product_tag":[],"class_list":{"0":"post-18427","1":"product","2":"type-product","3":"status-publish","4":"has-post-thumbnail","6":"product_cat-eos-elektrikerised","7":"entry","8":"override","10":"first","11":"instock","12":"shipping-taxable","13":"purchasable","14":"product-type-variable"},"acf":[],"_links":{"self":[{"href":"https:\/\/koduspa.ee\/en\/wp-json\/wp\/v2\/product\/18427","targetHints":{"allow":["GET"]}}],"collection":[{"href":"https:\/\/koduspa.ee\/en\/wp-json\/wp\/v2\/product"}],"about":[{"href":"https:\/\/koduspa.ee\/en\/wp-json\/wp\/v2\/types\/product"}],"replies":[{"embeddable":true,"href":"https:\/\/koduspa.ee\/en\/wp-json\/wp\/v2\/comments?post=18427"}],"wp:featuredmedia":[{"embeddable":true,"href":"https:\/\/koduspa.ee\/en\/wp-json\/wp\/v2\/media\/18428"}],"wp:attachment":[{"href":"https:\/\/koduspa.ee\/en\/wp-json\/wp\/v2\/media?parent=18427"}],"wp:term":[{"taxonomy":"product_brand","embeddable":true,"href":"https:\/\/koduspa.ee\/en\/wp-json\/wp\/v2\/product_brand?post=18427"},{"taxonomy":"product_cat","embeddable":true,"href":"https:\/\/koduspa.ee\/en\/wp-json\/wp\/v2\/product_cat?post=18427"},{"taxonomy":"product_tag","embeddable":true,"href":"https:\/\/koduspa.ee\/en\/wp-json\/wp\/v2\/product_tag?post=18427"}],"curies":[{"name":"wp","href":"https:\/\/api.w.org\/{rel}","templated":true}]}}