{"id":18347,"date":"2026-01-27T08:07:42","date_gmt":"2026-01-27T08:07:42","guid":{"rendered":"https:\/\/koduspa.ee\/?post_type=product&#038;p=18347"},"modified":"2026-01-27T08:07:42","modified_gmt":"2026-01-27T08:07:42","slug":"kulmavee-duss-eos","status":"publish","type":"product","link":"https:\/\/koduspa.ee\/en\/pood\/aksessuaarid-en\/kulmavee-duss-eos\/","title":{"rendered":"K\u00dcLMAVEE DU\u0160\u0160 EOS"},"content":{"rendered":"<h6><span dir=\"auto\" style=\"color: #000000;\">Moodne puidust juga-du\u0161\u0161 plastmassist siset\u00fckiga ja 18-liitrise mahutavusega.<\/span><\/h6>\n<ul>\n<li>\n<h6><span dir=\"auto\" style=\"color: #000000;\">V\u00e4lised m\u00f5\u00f5tmed: 715 x 500 x 800 mm<\/span><\/h6>\n<\/li>\n<li>\n<h6><span dir=\"auto\" style=\"color: #000000;\">Maht 18 liitrit<\/span><\/h6>\n<\/li>\n<li>\n<h6><span dir=\"auto\" style=\"color: #000000;\">Materjal: haab<\/span><\/h6>\n<\/li>\n<li>\n<h6><span dir=\"auto\" style=\"color: #000000;\">Voolik: 1\/2&#8243;<\/span><\/h6>\n<\/li>\n<li>\n<h6><span dir=\"auto\" style=\"color: #000000;\">Paigaldus: seinale v\u00f5i lakke kinnitamine (valikuline)<\/span><\/h6>\n<\/li>\n<\/ul>\n<p>&nbsp;<\/p>\n","protected":false},"excerpt":{"rendered":"<p>Moodne puidust juga-du\u0161\u0161 plastmassist siset\u00fckiga ja 18-liitrise mahutavusega. V\u00e4lised m\u00f5\u00f5tmed: 715 x 500 x 800 mm Maht 18 liitrit Materjal: haab Voolik: 1\/2&#8243; Paigaldus: seinale v\u00f5i lakke kinnitamine (valikuline) &nbsp;<\/p>\n","protected":false},"featured_media":18348,"comment_status":"open","ping_status":"closed","template":"","meta":{"_acf_changed":false,"_genesis_hide_title":false,"_genesis_hide_breadcrumbs":false,"_genesis_hide_singular_image":false,"_genesis_hide_footer_widgets":false,"_genesis_custom_body_class":"","_genesis_custom_post_class":"","_genesis_layout":""},"product_brand":[],"product_cat":[184],"product_tag":[],"class_list":{"0":"post-18347","1":"product","2":"type-product","3":"status-publish","4":"has-post-thumbnail","6":"product_cat-aksessuaarid","7":"entry","8":"override","10":"first","11":"onbackorder","12":"shipping-taxable","13":"purchasable","14":"product-type-simple"},"acf":[],"_links":{"self":[{"href":"https:\/\/koduspa.ee\/en\/wp-json\/wp\/v2\/product\/18347","targetHints":{"allow":["GET"]}}],"collection":[{"href":"https:\/\/koduspa.ee\/en\/wp-json\/wp\/v2\/product"}],"about":[{"href":"https:\/\/koduspa.ee\/en\/wp-json\/wp\/v2\/types\/product"}],"replies":[{"embeddable":true,"href":"https:\/\/koduspa.ee\/en\/wp-json\/wp\/v2\/comments?post=18347"}],"wp:featuredmedia":[{"embeddable":true,"href":"https:\/\/koduspa.ee\/en\/wp-json\/wp\/v2\/media\/18348"}],"wp:attachment":[{"href":"https:\/\/koduspa.ee\/en\/wp-json\/wp\/v2\/media?parent=18347"}],"wp:term":[{"taxonomy":"product_brand","embeddable":true,"href":"https:\/\/koduspa.ee\/en\/wp-json\/wp\/v2\/product_brand?post=18347"},{"taxonomy":"product_cat","embeddable":true,"href":"https:\/\/koduspa.ee\/en\/wp-json\/wp\/v2\/product_cat?post=18347"},{"taxonomy":"product_tag","embeddable":true,"href":"https:\/\/koduspa.ee\/en\/wp-json\/wp\/v2\/product_tag?post=18347"}],"curies":[{"name":"wp","href":"https:\/\/api.w.org\/{rel}","templated":true}]}}