{"id":18323,"date":"2026-01-23T08:42:46","date_gmt":"2026-01-23T08:42:46","guid":{"rendered":"https:\/\/koduspa.ee\/?post_type=product&#038;p=18323"},"modified":"2026-01-23T08:42:46","modified_gmt":"2026-01-23T08:42:46","slug":"elektrikeris-eos-euro","status":"publish","type":"product","link":"https:\/\/koduspa.ee\/en\/pood\/eos-elektrikerised\/elektrikeris-eos-euro\/","title":{"rendered":"ELEKTRIKERIS EOS Euro"},"content":{"rendered":"<h6><span style=\"color: #000000;\"><span dir=\"auto\">Kvaliteetne\u00a0<\/span><span dir=\"auto\">saunakeris<\/span><span dir=\"auto\">\u00a0nii era- kui ka\u00a0<\/span><span dir=\"auto\">\u00e4risaunadele<\/span><span dir=\"auto\">\u00a0.<\/span><\/span><\/h6>\n<h6><span dir=\"auto\" style=\"color: #000000;\">T\u00e4nu eriti vastupidavale kolmekordse seinatehnoloogiaga konstruktsioonile <\/span><\/h6>\n<h6><span dir=\"auto\" style=\"color: #000000;\">sobib see mudel nii privaatsetesse saunadesse kui ka m\u00f5\u00f5duka kasutusega<\/span><\/h6>\n<h6><span dir=\"auto\" style=\"color: #000000;\">\u00e4rihoonetesse kuni 18 m\u00b3 suurustesse kajutitesse.<\/span><\/h6>\n<h6><span style=\"color: #000000;\"><span dir=\"auto\">Soome sauna<\/span><span dir=\"auto\">\u00a0jaoks m\u00f5eldud saunakerist\u00a0saab kasutada nii seinale kinnitatava <\/span><\/span><\/h6>\n<h6><span style=\"color: #000000;\"><span dir=\"auto\">kui ka eraldiseisva kerisena: p\u00f5randata paigaldamiseks on komplektis seinakinnitusklambrid.\u00a0<\/span><\/span><\/h6>\n<h6><span style=\"color: #000000;\"><span dir=\"auto\">Eraldiseisva mudelina kasutamiseks on saadaval ka lisajalad.<\/span><\/span><\/h6>\n<h6><span dir=\"auto\" style=\"color: #000000;\">Kivikorv t\u00e4iendava roostevabast terasest sisekestana. <\/span><\/h6>\n<h6><span dir=\"auto\" style=\"color: #000000;\">V\u00e4liskest roostevabast terasest. Malmist kaas. \u00dchenduskarp tagak\u00fcljel. <\/span><\/h6>\n<h6><span dir=\"auto\" style=\"color: #000000;\">Komplektis seinakinnitusklamber p\u00f5randata seinale paigaldamiseks.<\/span><\/h6>\n<h6><span dir=\"auto\" style=\"color: #000000;\">12 kW versioon on t\u00e4ielikult roostevabast terasest.<\/span><\/h6>\n<h6><span dir=\"auto\" style=\"color: #000000;\">Kivikorv, mille kivimaht on u 15 kg. <\/span><\/h6>\n<h6><span dir=\"auto\" style=\"color: #000000;\">NB! JUHTPANEEL EI KUULU KOMPLEKTI!<\/span><\/h6>\n<table class=\"contenttable\" border=\"0\" cellspacing=\"0\" cellpadding=\"0\">\n<tbody>\n<tr>\n<td valign=\"top\" width=\"302\">\n<h6><span dir=\"auto\" style=\"color: #000000;\">Elektri\u00fchendus<\/span><\/h6>\n<\/td>\n<td valign=\"top\" width=\"302\">\n<h6><span dir=\"auto\" style=\"color: #000000;\">400 V 3N ~ 50\/60 Hz<\/span><\/h6>\n<\/td>\n<\/tr>\n<tr>\n<td valign=\"top\" width=\"302\">\n<h6><span dir=\"auto\" style=\"color: #000000;\">Juhtseadme kaitse<\/span><\/h6>\n<\/td>\n<td valign=\"top\" width=\"302\">\n<h6><span dir=\"auto\" style=\"color: #000000;\">3 x 16 A<\/span><\/h6>\n<\/td>\n<\/tr>\n<tr>\n<td valign=\"top\" width=\"302\">\n<h6><span dir=\"auto\" style=\"color: #000000;\">LSG kaitse<\/span><\/h6>\n<\/td>\n<td valign=\"top\" width=\"302\">\n<h6><span dir=\"auto\" style=\"color: #000000;\">ei \/ 3 x 16 A (12,0 kW juures)<\/span><\/h6>\n<\/td>\n<\/tr>\n<tr>\n<td valign=\"top\" width=\"302\">\n<h6><span dir=\"auto\" style=\"color: #000000;\">Seadme m\u00f5\u00f5tmed (K\/L\/S), cm<\/span><\/h6>\n<\/td>\n<td valign=\"top\" width=\"302\">\n<h6><span dir=\"auto\" style=\"color: #000000;\">61 (74*) \/ 46 \/ 35 (*Seadme k\u00f5rgus koos jalgadega)<\/span><\/h6>\n<\/td>\n<\/tr>\n<tr>\n<td valign=\"top\" width=\"302\">\n<h6><span dir=\"auto\" style=\"color: #000000;\">salongi mahu jaoks (6,0 \/ 7,5 \/ 9,0 \/ 10,0 \/ 12,0 kW)<\/span><\/h6>\n<\/td>\n<td valign=\"top\" width=\"302\">\n<h6><span dir=\"auto\" style=\"color: #000000;\">6\u20138 m\u00b3 \/ 7\u201310 m\u00b3 \/ 9\u201314 m\u00b3 \/ 11\u201316 m\u00b3 \/ 14\u201318 m\u00b3<\/span><\/h6>\n<\/td>\n<\/tr>\n<tr>\n<td valign=\"top\" width=\"302\">\n<h6><span dir=\"auto\" style=\"color: #000000;\">Minimaalne ventilatsiooniv\u00f5imsus (6,0\/ 7,5 \/ 9,0 \/ 10,0 \/m\u00b2 12,0 kW)<\/span><\/h6>\n<\/td>\n<td valign=\"top\" width=\"302\">\n<h6><span dir=\"auto\" style=\"color: #000000;\">35x5cm \/ 35x5cm \/ 35x5cm \/ 35x7cm \/ 35x7cm<\/span><\/h6>\n<\/td>\n<\/tr>\n<tr>\n<td valign=\"top\" width=\"302\">\n<h6><span dir=\"auto\" style=\"color: #000000;\">Kaal ilma kivide ja pakendita (6,0 \/ 7,5 \/ 9,0 \/ 10,0 \/ 12,0 kW)<\/span><\/h6>\n<\/td>\n<td valign=\"top\" width=\"302\">\n<h6><span dir=\"auto\" style=\"color: #000000;\">18 kg \/ 18 kg \/ 18 kg \/ 19,5 kg \/ 19,5 kg<\/span><\/h6>\n<\/td>\n<\/tr>\n<tr>\n<td valign=\"top\" width=\"302\">\n<h6><span dir=\"auto\" style=\"color: #000000;\">Kivit\u00e4idis<\/span><\/h6>\n<\/td>\n<td valign=\"top\" width=\"302\">\n<h6><span dir=\"auto\" style=\"color: #000000;\">15,0 kg<\/span><\/h6>\n<\/td>\n<\/tr>\n<tr>\n<td valign=\"top\" width=\"302\">\n<h6><span dir=\"auto\" style=\"color: #000000;\">Vajalik on toitel\u00fcliti<\/span><\/h6>\n<\/td>\n<td valign=\"top\" width=\"302\">\n<h6><span dir=\"auto\" style=\"color: #000000;\">ei \/ PEB 10 (12,0 kW juures)<\/span><\/h6>\n<\/td>\n<\/tr>\n<\/tbody>\n<\/table>\n<p><a href=\"https:\/\/www.eos-sauna.com\/fileadmin\/user_upload\/EOS\/pdf\/db\/deutsch\/saunaoefen\/Euro_-_DB_de.pdf\">https:\/\/www.eos-sauna.com\/fileadmin\/user_upload\/EOS\/pdf\/db\/deutsch\/saunaoefen\/Euro_-_DB_de.pdf<\/a><\/p>\n<p><a href=\"https:\/\/www.eos-sauna.com\/fileadmin\/user_upload\/EOS\/pdf\/gbaw\/deutsch\/saunaoefen\/Euro_-_MA_de_en.pdf\">https:\/\/www.eos-sauna.com\/fileadmin\/user_upload\/EOS\/pdf\/gbaw\/deutsch\/saunaoefen\/Euro_-_MA_de_en.pdf<\/a><\/p>\n<h6><span style=\"color: #000000;\">P\u00c4RITOLURIIK: SAKSAMAA<\/span><\/h6>\n<h6><span style=\"color: #000000;\">TOOTJA: <span dir=\"auto\">EOS Saunatechnik GmbH<\/span><\/span><\/h6>\n","protected":false},"excerpt":{"rendered":"<p>Kvaliteetne\u00a0saunakeris\u00a0nii era- kui ka\u00a0\u00e4risaunadele\u00a0. T\u00e4nu eriti vastupidavale kolmekordse seinatehnoloogiaga konstruktsioonile sobib see mudel nii privaatsetesse saunadesse kui ka m\u00f5\u00f5duka kasutusega \u00e4rihoonetesse kuni 18 m\u00b3 suurustesse kajutitesse. Soome sauna\u00a0jaoks m\u00f5eldud saunakerist\u00a0saab kasutada nii seinale kinnitatava kui ka eraldiseisva kerisena: p\u00f5randata paigaldamiseks on komplektis seinakinnitusklambrid.\u00a0 Eraldiseisva mudelina kasutamiseks on saadaval ka lisajalad. Kivikorv t\u00e4iendava roostevabast terasest sisekestana. [&hellip;]<\/p>\n","protected":false},"featured_media":18324,"comment_status":"open","ping_status":"closed","template":"","meta":{"_acf_changed":false,"_genesis_hide_title":false,"_genesis_hide_breadcrumbs":false,"_genesis_hide_singular_image":false,"_genesis_hide_footer_widgets":false,"_genesis_custom_body_class":"","_genesis_custom_post_class":"","_genesis_layout":""},"product_brand":[],"product_cat":[392],"product_tag":[],"class_list":{"0":"post-18323","1":"product","2":"type-product","3":"status-publish","4":"has-post-thumbnail","6":"product_cat-eos-elektrikerised","7":"entry","8":"override","10":"first","11":"instock","12":"shipping-taxable","13":"purchasable","14":"product-type-variable"},"acf":[],"_links":{"self":[{"href":"https:\/\/koduspa.ee\/en\/wp-json\/wp\/v2\/product\/18323","targetHints":{"allow":["GET"]}}],"collection":[{"href":"https:\/\/koduspa.ee\/en\/wp-json\/wp\/v2\/product"}],"about":[{"href":"https:\/\/koduspa.ee\/en\/wp-json\/wp\/v2\/types\/product"}],"replies":[{"embeddable":true,"href":"https:\/\/koduspa.ee\/en\/wp-json\/wp\/v2\/comments?post=18323"}],"wp:featuredmedia":[{"embeddable":true,"href":"https:\/\/koduspa.ee\/en\/wp-json\/wp\/v2\/media\/18324"}],"wp:attachment":[{"href":"https:\/\/koduspa.ee\/en\/wp-json\/wp\/v2\/media?parent=18323"}],"wp:term":[{"taxonomy":"product_brand","embeddable":true,"href":"https:\/\/koduspa.ee\/en\/wp-json\/wp\/v2\/product_brand?post=18323"},{"taxonomy":"product_cat","embeddable":true,"href":"https:\/\/koduspa.ee\/en\/wp-json\/wp\/v2\/product_cat?post=18323"},{"taxonomy":"product_tag","embeddable":true,"href":"https:\/\/koduspa.ee\/en\/wp-json\/wp\/v2\/product_tag?post=18323"}],"curies":[{"name":"wp","href":"https:\/\/api.w.org\/{rel}","templated":true}]}}