{"id":18300,"date":"2026-01-23T08:04:33","date_gmt":"2026-01-23T08:04:33","guid":{"rendered":"https:\/\/koduspa.ee\/?post_type=product&#038;p=18300"},"modified":"2026-01-23T08:06:22","modified_gmt":"2026-01-23T08:06:22","slug":"elektrikeris-eos-filius-w","status":"publish","type":"product","link":"https:\/\/koduspa.ee\/en\/pood\/eos-elektrikerised\/elektrikeris-eos-filius-w\/","title":{"rendered":"ELEKTRIKERIS EOS Filius W"},"content":{"rendered":"<h6><span style=\"color: #000000;\"><span dir=\"auto\">Seinale kinnitatav ahi kivimahutavusega 8 kg kuiva\u00a0\u00a0<\/span><span dir=\"auto\">soome sauna<\/span><span dir=\"auto\"> jaoks.<\/span><\/span><\/h6>\n<h6><span dir=\"auto\" style=\"color: #000000;\">saunamajadele mahutavusega 4\u201310 m\u00b3. <\/span><\/h6>\n<h6><span dir=\"auto\" style=\"color: #000000;\">Vaid 24 cm s\u00fcgavusega EOS Filius on eriti ruumis\u00e4\u00e4stlik, <\/span><\/h6>\n<h6><span dir=\"auto\" style=\"color: #000000;\">kuid sellel on siiski t\u00e4ism\u00f5\u00f5dus kivikorv mahuga umbes 8 kg. <\/span><\/h6>\n<h6><span dir=\"auto\" style=\"color: #000000;\">See saunakeriste seeria paigaldatakse otse sauna seinale, s\u00e4\u00e4stes seel\u00e4bi v\u00e4\u00e4rtuslikku ruumi.<\/span><\/h6>\n<h6><span dir=\"auto\" style=\"color: #000000;\">Moodne ja ajatu disain. <\/span><\/h6>\n<h6><span dir=\"auto\" style=\"color: #000000;\">Harjatud roostevabast terasest pealispind ja kriimustuskindel <\/span><\/h6>\n<h6><span dir=\"auto\" style=\"color: #000000;\">antratsiitne p\u00e4rlmutterefektiga pulberv\u00e4rv muudavad selle <\/span><\/h6>\n<h6><span dir=\"auto\" style=\"color: #000000;\">kvaliteetseks ja vastupidavaks ahjuks.<\/span><\/h6>\n<h6><span dir=\"auto\" style=\"color: #000000;\">Kivikorv mahutavusega umbes 8 kg.<\/span><\/h6>\n<h6><span dir=\"auto\" style=\"color: #000000;\"> NB! JUHTPANEEL EI KUULU KOMPLEKTI!<\/span><\/h6>\n<table class=\"contenttable\" border=\"0\" cellspacing=\"0\" cellpadding=\"0\">\n<tbody>\n<tr>\n<td valign=\"top\" width=\"302\">\n<h6><span dir=\"auto\" style=\"color: #000000;\">Elektri\u00fchendus<\/span><\/h6>\n<\/td>\n<td valign=\"top\" width=\"302\">\n<h6><span dir=\"auto\" style=\"color: #000000;\">400 V 3N ~ 50\/60 Hz (Filius W)<\/span><br \/>\n<span dir=\"auto\" style=\"color: #000000;\">400 V 3N \/ 230 V 1N ~ 50\/60 Hz (Bi-O Filius W)<\/span><\/h6>\n<\/td>\n<\/tr>\n<tr>\n<td valign=\"top\" width=\"302\">\n<h6><span dir=\"auto\" style=\"color: #000000;\">Juhtseadme kaitse<\/span><\/h6>\n<\/td>\n<td valign=\"top\" width=\"302\">\n<h6><span dir=\"auto\" style=\"color: #000000;\">3 x 16 A<\/span><\/h6>\n<\/td>\n<\/tr>\n<tr>\n<td valign=\"top\" width=\"302\">\n<h6><span dir=\"auto\" style=\"color: #000000;\">Seadme m\u00f5\u00f5tmed (K\/L\/S), cm<\/span><\/h6>\n<\/td>\n<td valign=\"top\" width=\"302\">\n<h6><span dir=\"auto\" style=\"color: #000000;\">57\/40\/24 (Filius W) 57\/47\/24<\/span><br \/>\n<span dir=\"auto\" style=\"color: #000000;\">(Bi-O Filius W)<\/span><\/h6>\n<\/td>\n<\/tr>\n<tr>\n<td valign=\"top\" width=\"302\">\n<h6><span dir=\"auto\" style=\"color: #000000;\">salongi mahu jaoks (4,5 \/ 6,0 \/ 7,5 kW)<\/span><\/h6>\n<\/td>\n<td valign=\"top\" width=\"302\">\n<h6><span dir=\"auto\" style=\"color: #000000;\">4\u20136 m\u00b3 \/ 6\u20138 m\u00b3 \/ 7\u201310 m\u00b3<\/span><\/h6>\n<\/td>\n<\/tr>\n<tr>\n<td valign=\"top\" width=\"302\">\n<h6><span dir=\"auto\" style=\"color: #000000;\">Minimaalne ventilatsioonitase<\/span><\/h6>\n<\/td>\n<td valign=\"top\" width=\"302\">\n<h6><span dir=\"auto\" style=\"color: #000000;\">35 x 11 cm<\/span><\/h6>\n<\/td>\n<\/tr>\n<tr>\n<td valign=\"top\" width=\"302\">\n<h6><span dir=\"auto\" style=\"color: #000000;\">Kaal ilma kivide ja pakendita<\/span><\/h6>\n<\/td>\n<td valign=\"top\" width=\"302\">\n<h6><span dir=\"auto\" style=\"color: #000000;\">11 kg (Filius W)<\/span><br \/>\n<span dir=\"auto\" style=\"color: #000000;\">18 kg (Bi-O Filius W)<\/span><\/h6>\n<\/td>\n<\/tr>\n<tr>\n<td valign=\"top\" width=\"302\">\n<h6><span dir=\"auto\" style=\"color: #000000;\">Kivit\u00e4idis<\/span><\/h6>\n<\/td>\n<td valign=\"top\" width=\"302\">\n<h6><span dir=\"auto\" style=\"color: #000000;\">8 kg<\/span><\/h6>\n<\/td>\n<\/tr>\n<tr>\n<td valign=\"top\" width=\"302\">\n<h6><span dir=\"auto\" style=\"color: #000000;\">Vajalik on toitel\u00fcliti<\/span><\/h6>\n<\/td>\n<td valign=\"top\" width=\"302\">\n<h6><span dir=\"auto\" style=\"color: #000000;\">ei<\/span><\/h6>\n<\/td>\n<\/tr>\n<\/tbody>\n<\/table>\n<h6><\/h6>\n<h6><a href=\"https:\/\/www.eos-sauna.com\/fileadmin\/user_upload\/EOS\/pdf\/db\/deutsch\/saunaoefen\/Filius_-_DB_de.pdf\"><span dir=\"auto\" style=\"color: #000000;\">https:\/\/www.eos-sauna.com\/fileadmin\/user_upload\/EOS\/pdf\/db\/deutsch\/saunaoefen\/Filius_-_DB_de.pdf<\/span><\/a><\/h6>\n<h6><a href=\"https:\/\/www.eos-sauna.com\/fileadmin\/user_upload\/EOS\/pdf\/gbaw\/deutsch\/saunaoefen\/Filius_Bi-O_Filius_-_MA_de.pdf\"><span dir=\"auto\" style=\"color: #000000;\">https:\/\/www.eos-sauna.com\/fileadmin\/user_upload\/EOS\/pdf\/gbaw\/deutsch\/saunaoefen\/Filius_Bi-O_Filius_-_MA_de.pdf<\/span><\/a><\/h6>\n<h6><span style=\"color: #000000;\">P\u00c4RITOLURIIK: SAKSAMAA<\/span><\/h6>\n<h6><span style=\"color: #000000;\">TOOTJA: <span dir=\"auto\">EOS Saunatechnik GmbH<\/span><\/span><\/h6>\n<h6><\/h6>\n","protected":false},"excerpt":{"rendered":"<p>Seinale kinnitatav ahi kivimahutavusega 8 kg kuiva\u00a0\u00a0soome sauna jaoks. saunamajadele mahutavusega 4\u201310 m\u00b3. Vaid 24 cm s\u00fcgavusega EOS Filius on eriti ruumis\u00e4\u00e4stlik, kuid sellel on siiski t\u00e4ism\u00f5\u00f5dus kivikorv mahuga umbes 8 kg. See saunakeriste seeria paigaldatakse otse sauna seinale, s\u00e4\u00e4stes seel\u00e4bi v\u00e4\u00e4rtuslikku ruumi. Moodne ja ajatu disain. Harjatud roostevabast terasest pealispind ja kriimustuskindel antratsiitne p\u00e4rlmutterefektiga [&hellip;]<\/p>\n","protected":false},"featured_media":18301,"comment_status":"open","ping_status":"closed","template":"","meta":{"_acf_changed":false,"_genesis_hide_title":false,"_genesis_hide_breadcrumbs":false,"_genesis_hide_singular_image":false,"_genesis_hide_footer_widgets":false,"_genesis_custom_body_class":"","_genesis_custom_post_class":"","_genesis_layout":""},"product_brand":[],"product_cat":[392],"product_tag":[],"class_list":{"0":"post-18300","1":"product","2":"type-product","3":"status-publish","4":"has-post-thumbnail","6":"product_cat-eos-elektrikerised","7":"entry","8":"override","10":"first","11":"instock","12":"shipping-taxable","13":"purchasable","14":"product-type-variable"},"acf":[],"_links":{"self":[{"href":"https:\/\/koduspa.ee\/en\/wp-json\/wp\/v2\/product\/18300","targetHints":{"allow":["GET"]}}],"collection":[{"href":"https:\/\/koduspa.ee\/en\/wp-json\/wp\/v2\/product"}],"about":[{"href":"https:\/\/koduspa.ee\/en\/wp-json\/wp\/v2\/types\/product"}],"replies":[{"embeddable":true,"href":"https:\/\/koduspa.ee\/en\/wp-json\/wp\/v2\/comments?post=18300"}],"wp:featuredmedia":[{"embeddable":true,"href":"https:\/\/koduspa.ee\/en\/wp-json\/wp\/v2\/media\/18301"}],"wp:attachment":[{"href":"https:\/\/koduspa.ee\/en\/wp-json\/wp\/v2\/media?parent=18300"}],"wp:term":[{"taxonomy":"product_brand","embeddable":true,"href":"https:\/\/koduspa.ee\/en\/wp-json\/wp\/v2\/product_brand?post=18300"},{"taxonomy":"product_cat","embeddable":true,"href":"https:\/\/koduspa.ee\/en\/wp-json\/wp\/v2\/product_cat?post=18300"},{"taxonomy":"product_tag","embeddable":true,"href":"https:\/\/koduspa.ee\/en\/wp-json\/wp\/v2\/product_tag?post=18300"}],"curies":[{"name":"wp","href":"https:\/\/api.w.org\/{rel}","templated":true}]}}