{"id":18280,"date":"2026-01-23T07:03:19","date_gmt":"2026-01-23T07:03:19","guid":{"rendered":"https:\/\/koduspa.ee\/?post_type=product&#038;p=18280"},"modified":"2026-01-23T08:18:55","modified_gmt":"2026-01-23T08:18:55","slug":"juhtpaneel-eos-u-command-d10-kuivsaunadele-10-kw","status":"publish","type":"product","link":"https:\/\/koduspa.ee\/en\/pood\/eos-juhtpaneelid-2\/juhtpaneel-eos-u-command-d10-kuivsaunadele-10-kw\/","title":{"rendered":"JUHTPANEEL EOS U-Command D10 \u2013 Kuivsaunadele \u2013 10 kW"},"content":{"rendered":"<h6><span style=\"color: #000000;\">EOS U-Commandiga saate oma heaolukabiini juhtida lihtsalt, <\/span><\/h6>\n<h6><span style=\"color: #000000;\">turvaliselt ja nii individuaalselt, kui soovite.<\/span><\/h6>\n<h6><span dir=\"auto\" style=\"color: #000000;\">EOS U-Command kuvab ainult seda, mis on t\u00f5eliselt oluline: <\/span><\/h6>\n<h6><span dir=\"auto\" style=\"color: #000000;\">algusaeg, temperatuur, niiskus ja t\u00f6\u00f6aeg \u2013 selgelt, loogiliselt ja \u00fclevaatlikult. <\/span><\/h6>\n<h6><span dir=\"auto\" style=\"color: #000000;\">\u00dche puudutusega saate alustada oma heaolukogemust. <\/span><\/h6>\n<h6><span dir=\"auto\" style=\"color: #000000;\">Kasutajaprofiilid salvestavad isiklikud eelistused, <\/span><\/h6>\n<h6><span dir=\"auto\" style=\"color: #000000;\">muutes kasutamise veelgi mugavamaks ja teie vajadustele vastavaks.<\/span><\/h6>\n<h6><span dir=\"auto\" style=\"color: #000000;\">Juhtige kuni kahte kabiini vaid \u00fche juhtpaneeliga \u2013 selgelt ja ohutult.<\/span><\/h6>\n<h6><span dir=\"auto\" style=\"color: #000000;\">Olgu selleks saun, infrapunasaun, h\u00fcbriidsaun, aurusaun v\u00f5i hammam:<\/span><\/h6>\n<h6><span dir=\"auto\" style=\"color: #000000;\"> \u00fcks juhtimisloogika on k\u00f5ige jaoks olemas.<\/span><\/h6>\n<h6><span dir=\"auto\" style=\"color: #000000;\">EOS Cloud t\u00e4iustab teie juhtimiss\u00fcsteemi intelligentsete funktsioonidega, <\/span><\/h6>\n<h6><span dir=\"auto\" style=\"color: #000000;\">mis muudavad kasutamise lihtsamaks ja turvalisemaks. <\/span><\/h6>\n<h6><span dir=\"auto\" style=\"color: #000000;\">Eraisikud saavad kasu automaatsetest v\u00e4rskendustest ja kiirest toest<\/span><\/h6>\n<h6><span dir=\"auto\" style=\"color: #000000;\"> hooldusprobleemide korral \u2013 k\u00f5ik see ilma nendepoolse pingutuseta.<\/span><\/h6>\n<h6><span dir=\"auto\" style=\"color: #000000;\"> Operaatorid saavad veebip\u00f5hise pilveportaali kaudu tsentraliseeritud <\/span><\/h6>\n<h6><span dir=\"auto\" style=\"color: #000000;\">\u00fclevaate k\u00f5igist s\u00fcsteemidest ja asukohtadest. <\/span><\/h6>\n<h6><span dir=\"auto\" style=\"color: #000000;\">See v\u00f5imaldab nende enda hooldusmeeskonnal hooldust, <\/span><\/h6>\n<h6><span dir=\"auto\" style=\"color: #000000;\">anal\u00fc\u00fcse ja v\u00e4rskendusi otse veebis planeerida ja teostada \u2013 <\/span><\/h6>\n<h6><span dir=\"auto\" style=\"color: #000000;\">t\u00f5husalt, turvaliselt ja seisakuteta.<\/span><\/h6>\n<h6><span dir=\"auto\" style=\"color: #000000;\">T\u00e4nu WiFi-le ja pilve\u00fchendusele p\u00fcsib teie juhtseade automaatselt ajakohasena. <\/span><\/h6>\n<h6><span dir=\"auto\" style=\"color: #000000;\">Uued funktsioonid ja turvav\u00e4rskendused installitakse ilma kohapealse sekkumiseta \u2013 <\/span><\/h6>\n<h6><span dir=\"auto\" style=\"color: #000000;\">teie s\u00fcsteem t\u00f6\u00f6tab alati usaldusv\u00e4\u00e4rselt ja on tulevikukindel.<\/span><\/h6>\n<ul>\n<li>\n<h6><span style=\"color: #000000;\"><b><span dir=\"auto\">Lihtne kasutada:\u00a0<\/span><\/b><span dir=\"auto\">\u00a0Intuitiivsed juhtnupud k\u00f5igile saunakasutajatele ilma keeruliste juhisteta.<\/span><\/span><\/h6>\n<\/li>\n<li>\n<h6><span style=\"color: #000000;\"><b><span dir=\"auto\">Individuaalne kohandamine:<\/span><\/b><span dir=\"auto\">\u00a0kasutajaprofiilid kohandatud heaolukogemuste jaoks. Mitmetasandilised juurdep\u00e4\u00e4su\u00f5igused PIN-koodi kaitsega, arvukad nutikad funktsioonid ja juhendatud seadistamine.<\/span><\/span><\/h6>\n<\/li>\n<li>\n<h6><span style=\"color: #000000;\"><b><span dir=\"auto\">Mugavus k\u00f5ikjal:<\/span><\/b><span dir=\"auto\">\u00a0j\u00e4lgige ja juhtige oma sauna igal ajal rakenduse kaudu.<\/span><\/span><\/h6>\n<\/li>\n<li>\n<h6><span style=\"color: #000000;\"><b><span dir=\"auto\">T\u00e4nu EOS Cloudile on teie saun tulevikukindel<\/span><\/b><span dir=\"auto\">\u00a0\u00a0ja alati \u00fchendatud. Tarkvarauuendused on interneti kaudu t\u00e4ielikult automatiseeritud. Operaatorid s\u00e4\u00e4stavad hoolduskuludelt ja l\u00f5ppkliendid saavad regulaarselt kasu uutest funktsioonidest ja t\u00e4iustustest.<\/span><\/span><\/h6>\n<\/li>\n<li>\n<h6><span style=\"color: #000000;\"><b><span dir=\"auto\">GDPR-i n\u00f5uetele vastav ja Euroopa serveri asukoht:<\/span><\/b><span dir=\"auto\">\u00a0\u00a0t\u00e4ielik andmekaitse vastavus ELi standarditele. Saunaehitajad ja -k\u00e4itajad saavad kasu \u00f5iguskaitsest, samas kui l\u00f5ppkliendid naudivad oma andmete maksimaalset l\u00e4bipaistvust ja turvalisust.\u00a0<\/span><\/span><\/h6>\n<\/li>\n<li>\n<h6><span style=\"color: #000000;\"><b><span dir=\"auto\">5-tolline mahtuvuslik v\u00e4rviline puuteekraan:<\/span><\/b><span dir=\"auto\">\u00a0\u00a0800 \u00d7 480 pikslit, u 110 \u00d7 68 mm, v\u00e4ljah\u00fcppav mehhanism, peidetud USB-C port, taask\u00e4ivitusnupp<\/span><\/span><\/h6>\n<\/li>\n<li>\n<h6><span style=\"color: #000000;\"><b><span dir=\"auto\">Paindlik paigaldus:<\/span><\/b><span dir=\"auto\">\u00a0\u00a0v\u00f5imalik vertikaalne v\u00f5i horisontaalne paigutus. Sisse- v\u00f5i pinnalepaigaldus.\u00a0<\/span><\/span><\/h6>\n<\/li>\n<li>\n<h6><span style=\"color: #000000;\"><b><span dir=\"auto\">V\u00e4rvilise valguse juhtimine:<\/span><\/b><span dir=\"auto\">\u00a0\u00a0RGB+W LED-i jaoks, 40 W (laiendatav), 24 V alalisvool<\/span><\/span><\/h6>\n<\/li>\n<li>\n<h6><span style=\"color: #000000;\"><b><span dir=\"auto\">Muusikakontroll:\u00a0<\/span><\/b><span dir=\"auto\">\u00a0Bluetooth, stereov\u00f5imendi, max. 40 W<\/span><\/span><\/h6>\n<\/li>\n<li>\n<h6><span style=\"color: #000000;\"><b><span dir=\"auto\">\u00dchenduvus ja IoT:<\/span><\/b><span dir=\"auto\">\u00a0\u00a0WiFi EOS rakendusega (vajalik on nutitelefon), \u00fchendus EOS pilvega, kaugjuhtimine ja j\u00e4lgimine rakenduse v\u00f5i brauseri kaudu<\/span><\/span><\/h6>\n<\/li>\n<li>\n<h6><span style=\"color: #000000;\"><b><span dir=\"auto\">Integreerimine ja laiendamine:<\/span><\/b><span dir=\"auto\">\u00a0\u00a0Kaugjuhtimismoodulid: KNX v\u00f5i Modbus hooneautomaatika integreerimiseks, moodul kaugk\u00e4ivitusnupu jaoks<\/span><\/span><\/h6>\n<\/li>\n<li>\n<h6><span style=\"color: #000000;\"><b><span dir=\"auto\">Multifunktsionaalne:<\/span><\/b><span dir=\"auto\">\u00a0\u00a0Juhib kuni kahte eraldi kajutit. Toetab sauna, infrapunasauna, aurusauna ja hammami (iga kajuti jaoks on vaja eraldi toiteplokki).<\/span><\/span><\/h6>\n<\/li>\n<li>\n<h6><span style=\"color: #000000;\"><b><span dir=\"auto\">\u00dchilduvus<\/span><\/b><span dir=\"auto\">\u00a0: Tagasi\u00fchilduv vanemate &#8220;Sauna Bus&#8221; laiendusmoodulitega<\/span><\/span><\/h6>\n<\/li>\n<\/ul>\n<p>&nbsp;<\/p>\n<table class=\"contenttable\" border=\"0\" cellspacing=\"0\" cellpadding=\"0\">\n<tbody>\n<tr>\n<td valign=\"top\" width=\"302\"><span dir=\"auto\" style=\"color: #000000;\">Elektri\u00fchendus<\/span><\/td>\n<td valign=\"top\" width=\"302\">\n<h6><span dir=\"auto\" style=\"color: #000000;\">400 V 3N ~ 50\/60 Hz<\/span><\/h6>\n<\/td>\n<\/tr>\n<tr>\n<td valign=\"top\" width=\"302\">\n<h6><span dir=\"auto\" style=\"color: #000000;\">L\u00fclitusv\u00f5ime<\/span><\/h6>\n<\/td>\n<td valign=\"top\" width=\"302\">\n<h6><span dir=\"auto\" style=\"color: #000000;\">10,0 kW (laiendatav: LSG 10 \/ LSG 18 \/ LSG 36),<\/span><\/h6>\n<h6><span dir=\"auto\" style=\"color: #000000;\">3,0 kW aurusti Bi-O re\u017eiimis<\/span><\/h6>\n<\/td>\n<\/tr>\n<tr>\n<td valign=\"top\" width=\"302\">\n<h6><span dir=\"auto\" style=\"color: #000000;\">Temperatuuri reguleerimisvahemik<\/span><\/h6>\n<\/td>\n<td valign=\"top\" width=\"302\">\n<h6><span dir=\"auto\" style=\"color: #000000;\">30\u2013115 \u00b0C (Soome)<\/span><\/h6>\n<h6><span dir=\"auto\" style=\"color: #000000;\">30\u201370 \u00b0C (Bi-O)<\/span><\/h6>\n<\/td>\n<\/tr>\n<tr>\n<td valign=\"top\" width=\"302\">\n<h6><span dir=\"auto\" style=\"color: #000000;\">Aja valik<\/span><\/h6>\n<\/td>\n<td valign=\"top\" width=\"302\">\n<h6><span dir=\"auto\" style=\"color: #000000;\">24-tunnine v\u00f5i igan\u00e4dalane taimer kahe programmiga p\u00e4evas<\/span><\/h6>\n<\/td>\n<\/tr>\n<tr>\n<td valign=\"top\" width=\"302\">\n<h6><span dir=\"auto\" style=\"color: #000000;\">V\u00e4ljundvalgus<\/span><\/h6>\n<\/td>\n<td valign=\"top\" width=\"302\">\n<h6><span dir=\"auto\" style=\"color: #000000;\">230 V \/ max. 100 W, h\u00e4mardatav. Aktiivsed, mahtuvuslikud ja induktiivsed koormused<\/span><\/h6>\n<\/td>\n<\/tr>\n<tr>\n<td valign=\"top\" width=\"302\">\n<h6><span dir=\"auto\" style=\"color: #000000;\">Ventilaatori v\u00e4ljund<\/span><\/h6>\n<\/td>\n<td valign=\"top\" width=\"302\">\n<h6><span dir=\"auto\" style=\"color: #000000;\">230 V \/ max 100 W, reguleeritav<\/span><\/h6>\n<\/td>\n<\/tr>\n<tr>\n<td valign=\"top\" width=\"302\">\n<h6><span dir=\"auto\" style=\"color: #000000;\">M\u00f5\u00f5tmed (K\/L\/S)<\/span><\/h6>\n<\/td>\n<td valign=\"top\" width=\"302\">\n<h6><span dir=\"auto\" style=\"color: #000000;\">Juhtseade: 147 \u00d7 103 \u00d7 35 mm<\/span><br \/>\n<span dir=\"auto\" style=\"color: #000000;\">Toiteseade: 270 \u00d7 340 \u00d7 100 mm<\/span><\/h6>\n<\/td>\n<\/tr>\n<\/tbody>\n<\/table>\n<p>&nbsp;<\/p>\n<p><a href=\"https:\/\/www.eos-sauna.com\/fileadmin\/user_upload\/EOS\/pdf\/db\/deutsch\/steuergeraete\/U-Command_-_DB_de.pdf\">https:\/\/www.eos-sauna.com\/fileadmin\/user_upload\/EOS\/pdf\/db\/deutsch\/steuergeraete\/U-Command_-_DB_de.pdf<\/a><\/p>\n<h6><a href=\"https:\/\/www.eos-sauna.com\/fileadmin\/user_upload\/EOS\/pdf\/gbaw\/deutsch\/steuergeraete\/U-Command_-_MA_de.pdf\">https:\/\/www.eos-sauna.com\/fileadmin\/user_upload\/EOS\/pdf\/gbaw\/deutsch\/steuergeraete\/U-Command_-_MA_de.pdf<\/a><\/h6>\n<h6><span style=\"color: #000000;\">P\u00c4RITOLURIIK: SAKSAMAA<\/span><\/h6>\n<h6><span style=\"color: #000000;\">TOOTJA:\u00a0<span dir=\"auto\">EOS Saunatechnik GmbH<\/span><\/span><\/h6>\n","protected":false},"excerpt":{"rendered":"<p>EOS U-Commandiga saate oma heaolukabiini juhtida lihtsalt, turvaliselt ja nii individuaalselt, kui soovite. EOS U-Command kuvab ainult seda, mis on t\u00f5eliselt oluline: algusaeg, temperatuur, niiskus ja t\u00f6\u00f6aeg \u2013 selgelt, loogiliselt ja \u00fclevaatlikult. \u00dche puudutusega saate alustada oma heaolukogemust. Kasutajaprofiilid salvestavad isiklikud eelistused, muutes kasutamise veelgi mugavamaks ja teie vajadustele vastavaks. Juhtige kuni kahte kabiini vaid [&hellip;]<\/p>\n","protected":false},"featured_media":18281,"comment_status":"open","ping_status":"closed","template":"","meta":{"_acf_changed":false,"_genesis_hide_title":false,"_genesis_hide_breadcrumbs":false,"_genesis_hide_singular_image":false,"_genesis_hide_footer_widgets":false,"_genesis_custom_body_class":"","_genesis_custom_post_class":"","_genesis_layout":""},"product_brand":[],"product_cat":[396],"product_tag":[],"class_list":{"0":"post-18280","1":"product","2":"type-product","3":"status-publish","4":"has-post-thumbnail","6":"product_cat-eos-juhtpaneelid-2","7":"entry","8":"override","10":"first","11":"instock","12":"shipping-taxable","13":"purchasable","14":"product-type-variable"},"acf":[],"_links":{"self":[{"href":"https:\/\/koduspa.ee\/en\/wp-json\/wp\/v2\/product\/18280","targetHints":{"allow":["GET"]}}],"collection":[{"href":"https:\/\/koduspa.ee\/en\/wp-json\/wp\/v2\/product"}],"about":[{"href":"https:\/\/koduspa.ee\/en\/wp-json\/wp\/v2\/types\/product"}],"replies":[{"embeddable":true,"href":"https:\/\/koduspa.ee\/en\/wp-json\/wp\/v2\/comments?post=18280"}],"wp:featuredmedia":[{"embeddable":true,"href":"https:\/\/koduspa.ee\/en\/wp-json\/wp\/v2\/media\/18281"}],"wp:attachment":[{"href":"https:\/\/koduspa.ee\/en\/wp-json\/wp\/v2\/media?parent=18280"}],"wp:term":[{"taxonomy":"product_brand","embeddable":true,"href":"https:\/\/koduspa.ee\/en\/wp-json\/wp\/v2\/product_brand?post=18280"},{"taxonomy":"product_cat","embeddable":true,"href":"https:\/\/koduspa.ee\/en\/wp-json\/wp\/v2\/product_cat?post=18280"},{"taxonomy":"product_tag","embeddable":true,"href":"https:\/\/koduspa.ee\/en\/wp-json\/wp\/v2\/product_tag?post=18280"}],"curies":[{"name":"wp","href":"https:\/\/api.w.org\/{rel}","templated":true}]}}