{"id":18255,"date":"2026-01-22T07:55:38","date_gmt":"2026-01-22T07:55:38","guid":{"rendered":"https:\/\/koduspa.ee\/?post_type=product&#038;p=18255"},"modified":"2026-01-22T07:56:39","modified_gmt":"2026-01-22T07:56:39","slug":"juhtpaneel-eos-emotec-d-cloud","status":"publish","type":"product","link":"https:\/\/koduspa.ee\/en\/pood\/eos-juhtpaneelid-2\/juhtpaneel-eos-emotec-d-cloud\/","title":{"rendered":"JUHTPANEEL EOS EmoTec D Cloud"},"content":{"rendered":"<h6><span dir=\"auto\" style=\"color: #000000;\">Soome (kuiva) sauna juhtseade. Ideaalne n\u00f5udlikuks era- ja \u00e4rikasutuseks. <\/span><\/h6>\n<h6><span dir=\"auto\" style=\"color: #000000;\">Temperatuuri reguleerimisvahemik: 30 \u00b0C &#8211; 115 \u00b0C. T<\/span><\/h6>\n<h6><span dir=\"auto\" style=\"color: #000000;\">\u00e4nu WiFi-\u00fchendusele ja \u00fchendusele EOS Cloudiga <\/span><\/h6>\n<h6><span dir=\"auto\" style=\"color: #000000;\">on see alati uusima tarkvaraga ajakohane.<\/span><\/h6>\n<h6><span dir=\"auto\" style=\"color: #000000;\">Kompaktne juhtseade TFT v\u00e4rvilise ekraaniga. <\/span><\/h6>\n<h6><span dir=\"auto\" style=\"color: #000000;\">Saadaval antratsiithallis, mustas ja valges v\u00e4rvitoonis.<\/span><\/h6>\n<ul>\n<li>\n<h6><span dir=\"auto\" style=\"color: #000000;\">WiFi ja pilveteenused on lubatud \u2013 alati uusima tarkvaraga.<\/span><\/h6>\n<\/li>\n<li>\n<h6><span dir=\"auto\" style=\"color: #000000;\">Integreeritud WiFi-adapter v\u00f5imaldab lihtsat sidumist.<\/span><\/h6>\n<\/li>\n<li>\n<h6><span dir=\"auto\" style=\"color: #000000;\">Ukse oleku j\u00e4lgimiseks uksekontakti turvas\u00fcsteemi \u00fchendusv\u00f5imalus.<\/span><\/h6>\n<\/li>\n<li>\n<h6><span dir=\"auto\" style=\"color: #000000;\">Laiendatav juhtimine EOS Spa Control rakendusega.<\/span><\/h6>\n<\/li>\n<li><span dir=\"auto\" style=\"color: #000000;\">Men\u00fc\u00fcnavigatsioon 19 keeles (DE, EN, FR, RU, ES, NL, IT, PL, SLO, FIN, TR, CZ, RO, BG, HU, HR, SK, DK).<\/span><\/li>\n<li>\n<h6><span dir=\"auto\" style=\"color: #000000;\">Kiire funktsioonide valik ja seadistamine p\u00f6\u00f6rdnupu abil. Intuitiivne navigeerimine s\u00fcmbolite ja selge tekstiteabe abil.<\/span><\/h6>\n<\/li>\n<li>\n<h6><span dir=\"auto\">P<span style=\"color: #000000;\">aigaldamine v\u00f5imalik kuni 100 m kaugusele saunast. Pindpaigaldus ja s\u00fcvistatav paigaldus.<\/span><\/span><\/h6>\n<\/li>\n<li>\n<h6><span dir=\"auto\" style=\"color: #000000;\">V\u00e4ljund salongi valgustuse jaoks, h\u00e4mardatav, induktiivsete ja mahtuvuslike koormuste automaatne tuvastamine.<\/span><\/h6>\n<\/li>\n<li>\n<h6><span dir=\"auto\" style=\"color: #000000;\">Ventilaatori v\u00f5imsus, reguleeritav.<\/span><\/h6>\n<\/li>\n<li>\n<h6><span dir=\"auto\" style=\"color: #000000;\">24-tunnine aja eelvalik v\u00f5i igan\u00e4dalane taimer (4 l\u00fclitusaega p\u00e4evas).<\/span><\/h6>\n<\/li>\n<li>\n<h6><span dir=\"auto\" style=\"color: #000000;\">K\u00fctteaja piirang: 6 tundi \/ 12 tundi \/ m\u00e4\u00e4ramata.<\/span><\/h6>\n<\/li>\n<li>\n<h6><span dir=\"auto\" style=\"color: #000000;\">Seadistusmen\u00fc\u00fc, PIN-koodiga kaitstud teenindusala, arvukalt uuenduslikke erifunktsioone.<\/span><\/h6>\n<\/li>\n<li>\n<h6><span dir=\"auto\" style=\"color: #000000;\">Ekraanis\u00e4\u00e4stja ja ootere\u017eiim.<\/span><\/h6>\n<\/li>\n<li>\n<h6><span dir=\"auto\" style=\"color: #000000;\">Lapselukk ja uuenduslik \u201cpuhkemaja\u201d re\u017eiim.<\/span><\/h6>\n<\/li>\n<li>\n<h6><span dir=\"auto\" style=\"color: #000000;\">Kaldaandureid saab valikuliselt \u00fchendada.<\/span><\/h6>\n<\/li>\n<li>\n<h6><span dir=\"auto\" style=\"color: #000000;\">Kaugk\u00e4ivitus v\u00f5i kaugjuhtimine valikuliste moodulite kaudu.<\/span><\/h6>\n<\/li>\n<li>\n<h6><span dir=\"auto\" style=\"color: #000000;\">V\u00e4rvilise valguse juhtimine, heli juhtimine valikuliste moodulite kaudu.<\/span><\/h6>\n<\/li>\n<li>\n<h6><span dir=\"auto\" style=\"color: #000000;\">Juhtseade koos korpusega seinale ja pinnale paigaldamiseks, 5 m \u00fchenduskaabliga (pikendatav kuni 100 m).<\/span><\/h6>\n<\/li>\n<li>\n<h6><span dir=\"auto\" style=\"color: #000000;\">Digitaalne temperatuuriandur 5 m kaabliga.<\/span><\/h6>\n<\/li>\n<li>\n<h6><span dir=\"auto\" style=\"color: #000000;\">P\u00fcsivara saab uuendada micro SD-kaardi abil.<\/span><\/h6>\n<\/li>\n<li>\n<h6><span dir=\"auto\" style=\"color: #000000;\">Toiteploki \u00fchendus on v\u00f5imalik nii tagant kui ka altpoolt.<\/span><\/h6>\n<\/li>\n<\/ul>\n<table class=\"contenttable\" border=\"0\" cellspacing=\"0\" cellpadding=\"0\">\n<tbody>\n<tr>\n<td valign=\"top\" width=\"302\">\n<h6><span dir=\"auto\" style=\"color: #000000;\">Elektri\u00fchendus<\/span><\/h6>\n<\/td>\n<td valign=\"top\" width=\"302\">\n<h6><span dir=\"auto\" style=\"color: #000000;\">400 V 3N ~ 50\/60 Hz<\/span><\/h6>\n<\/td>\n<\/tr>\n<tr>\n<td valign=\"top\" width=\"302\">\n<h6><span dir=\"auto\" style=\"color: #000000;\">L\u00fclitusv\u00f5ime<\/span><\/h6>\n<\/td>\n<td valign=\"top\" width=\"302\">\n<h6><span dir=\"auto\" style=\"color: #000000;\">10,0 kW (laiendatav: PEB 10 \/ PEB 18 \/ PEB 36),<\/span><\/h6>\n<h6><span dir=\"auto\" style=\"color: #000000;\">3,0 kW aurusti niiskusre\u017eiimis<\/span><\/h6>\n<\/td>\n<\/tr>\n<tr>\n<td valign=\"top\" width=\"302\">\n<h6><span dir=\"auto\" style=\"color: #000000;\">Temperatuuri reguleerimisvahemik<\/span><\/h6>\n<\/td>\n<td valign=\"top\" width=\"302\">\n<h6><span dir=\"auto\" style=\"color: #000000;\">30\u2013115 \u00b0C (Soome)<\/span><\/h6>\n<h6><span dir=\"auto\" style=\"color: #000000;\">30\u201370 \u00b0C (Bi-O)<\/span><\/h6>\n<\/td>\n<\/tr>\n<tr>\n<td valign=\"top\" width=\"302\">\n<h6><span dir=\"auto\" style=\"color: #000000;\">Niiskuse kontroll<\/span><\/h6>\n<\/td>\n<td valign=\"top\" width=\"302\">\n<h6><span dir=\"auto\" style=\"color: #000000;\">Ajap\u00f5hine v\u00f5i valikuliselt niiskusanduri kaudu (suh. %).<\/span><\/h6>\n<\/td>\n<\/tr>\n<tr>\n<td valign=\"top\" width=\"302\">\n<h6><span dir=\"auto\" style=\"color: #000000;\">K\u00fctteaja piirang<\/span><\/h6>\n<\/td>\n<td valign=\"top\" width=\"302\">\n<h6><span dir=\"auto\" style=\"color: #000000;\">6 tundi, 12 tundi, l\u00f5pmatus<\/span><\/h6>\n<\/td>\n<\/tr>\n<tr>\n<td valign=\"top\" width=\"302\">\n<h6><span dir=\"auto\" style=\"color: #000000;\">Aja valik<\/span><\/h6>\n<\/td>\n<td valign=\"top\" width=\"302\">\n<h6><span dir=\"auto\" style=\"color: #000000;\">24-tunnine v\u00f5i igan\u00e4dalane taimer<\/span><\/h6>\n<\/td>\n<\/tr>\n<tr>\n<td valign=\"top\" width=\"302\">\n<h6><span dir=\"auto\" style=\"color: #000000;\">V\u00e4ljundvalgus<\/span><\/h6>\n<\/td>\n<td valign=\"top\" width=\"302\">\n<h6><span dir=\"auto\" style=\"color: #000000;\">230 V \/ max. 100 W, h\u00e4mardatav. Aktiivkoormus<\/span><\/h6>\n<\/td>\n<\/tr>\n<tr>\n<td valign=\"top\" width=\"302\">\n<h6><span dir=\"auto\" style=\"color: #000000;\">Ventilaatori v\u00e4ljund<\/span><\/h6>\n<\/td>\n<td valign=\"top\" width=\"302\">\n<h6><span dir=\"auto\" style=\"color: #000000;\">230 V \/ max 150 W<\/span><\/h6>\n<\/td>\n<\/tr>\n<tr>\n<td valign=\"top\" width=\"302\">\n<h6><span dir=\"auto\" style=\"color: #000000;\">andur<\/span><\/h6>\n<\/td>\n<td valign=\"top\" width=\"302\">\n<h6><span dir=\"auto\" style=\"color: #000000;\">Digitaalne, 5 m kaabliga. Kaldaandur on valikuline.<\/span><\/h6>\n<\/td>\n<\/tr>\n<tr>\n<td valign=\"top\" width=\"302\">\n<h6><span dir=\"auto\" style=\"color: #000000;\">Juhtpaneel (k\/l\/s)<\/span><\/h6>\n<\/td>\n<td valign=\"top\" width=\"302\">\n<h6><span dir=\"auto\" style=\"color: #000000;\">127 x 130 x 25 mm s\u00fcvistatav (pinnale paigaldamine valikuline)<\/span><\/h6>\n<\/td>\n<\/tr>\n<tr>\n<td valign=\"top\" width=\"302\">\n<h6><span style=\"color: #000000;\"><span dir=\"auto\">Toiteplokk\u00a0<\/span><span dir=\"auto\">(K\/L\/S)<\/span><\/span><\/h6>\n<\/td>\n<td valign=\"top\" width=\"302\">\n<h6><span dir=\"auto\" style=\"color: #000000;\">270 x 300 x 100 mm seinale kinnitatav<\/span><\/h6>\n<\/td>\n<\/tr>\n<\/tbody>\n<\/table>\n<p><span style=\"color: #000000;\"><a style=\"color: #000000;\" href=\"https:\/\/www.eos-sauna.com\/fileadmin\/user_upload\/EOS\/pdf\/gbaw\/deutsch\/steuergeraete\/WiFi-Funktion_Cloud-Geraete_-_MA_de-en.pdf\">https:\/\/www.eos-sauna.com\/fileadmin\/user_upload\/EOS\/pdf\/gbaw\/deutsch\/steuergeraete\/WiFi-Funktion_Cloud-Geraete_-_MA_de-en.pdf<\/a><\/span><\/p>\n<p><span style=\"color: #000000;\"><a style=\"color: #000000;\" href=\"https:\/\/www.eos-sauna.com\/fileadmin\/user_upload\/EOS\/pdf\/gbaw\/deutsch\/steuergeraete\/EmoTec_D-H_-_MA_de.pdf\">https:\/\/www.eos-sauna.com\/fileadmin\/user_upload\/EOS\/pdf\/gbaw\/deutsch\/steuergeraete\/EmoTec_D-H_-_MA_de.pdf<\/a><\/span><\/p>\n<p><span style=\"color: #000000;\">P\u00c4RITOLURIIK: SAKSAMAA<\/span><\/p>\n<p><span style=\"color: #000000;\">TOOTJA:\u00a0<span dir=\"auto\">EOS Saunatechnik GmbH<\/span><\/span><\/p>\n","protected":false},"excerpt":{"rendered":"<p>Soome (kuiva) sauna juhtseade. Ideaalne n\u00f5udlikuks era- ja \u00e4rikasutuseks. Temperatuuri reguleerimisvahemik: 30 \u00b0C &#8211; 115 \u00b0C. T \u00e4nu WiFi-\u00fchendusele ja \u00fchendusele EOS Cloudiga on see alati uusima tarkvaraga ajakohane. Kompaktne juhtseade TFT v\u00e4rvilise ekraaniga. Saadaval antratsiithallis, mustas ja valges v\u00e4rvitoonis. WiFi ja pilveteenused on lubatud \u2013 alati uusima tarkvaraga. Integreeritud WiFi-adapter v\u00f5imaldab lihtsat sidumist. Ukse [&hellip;]<\/p>\n","protected":false},"featured_media":18239,"comment_status":"open","ping_status":"closed","template":"","meta":{"_acf_changed":false,"_genesis_hide_title":false,"_genesis_hide_breadcrumbs":false,"_genesis_hide_singular_image":false,"_genesis_hide_footer_widgets":false,"_genesis_custom_body_class":"","_genesis_custom_post_class":"","_genesis_layout":""},"product_brand":[],"product_cat":[396],"product_tag":[],"class_list":{"0":"post-18255","1":"product","2":"type-product","3":"status-publish","4":"has-post-thumbnail","6":"product_cat-eos-juhtpaneelid-2","7":"entry","8":"override","10":"first","11":"instock","12":"shipping-taxable","13":"purchasable","14":"product-type-variable"},"acf":[],"_links":{"self":[{"href":"https:\/\/koduspa.ee\/en\/wp-json\/wp\/v2\/product\/18255","targetHints":{"allow":["GET"]}}],"collection":[{"href":"https:\/\/koduspa.ee\/en\/wp-json\/wp\/v2\/product"}],"about":[{"href":"https:\/\/koduspa.ee\/en\/wp-json\/wp\/v2\/types\/product"}],"replies":[{"embeddable":true,"href":"https:\/\/koduspa.ee\/en\/wp-json\/wp\/v2\/comments?post=18255"}],"wp:featuredmedia":[{"embeddable":true,"href":"https:\/\/koduspa.ee\/en\/wp-json\/wp\/v2\/media\/18239"}],"wp:attachment":[{"href":"https:\/\/koduspa.ee\/en\/wp-json\/wp\/v2\/media?parent=18255"}],"wp:term":[{"taxonomy":"product_brand","embeddable":true,"href":"https:\/\/koduspa.ee\/en\/wp-json\/wp\/v2\/product_brand?post=18255"},{"taxonomy":"product_cat","embeddable":true,"href":"https:\/\/koduspa.ee\/en\/wp-json\/wp\/v2\/product_cat?post=18255"},{"taxonomy":"product_tag","embeddable":true,"href":"https:\/\/koduspa.ee\/en\/wp-json\/wp\/v2\/product_tag?post=18255"}],"curies":[{"name":"wp","href":"https:\/\/api.w.org\/{rel}","templated":true}]}}