{"id":18233,"date":"2026-01-22T06:53:48","date_gmt":"2026-01-22T06:53:48","guid":{"rendered":"https:\/\/koduspa.ee\/?post_type=product&#038;p=18233"},"modified":"2026-01-22T06:53:48","modified_gmt":"2026-01-22T06:53:48","slug":"juhtpaneel-eos-econ-h2","status":"publish","type":"product","link":"https:\/\/koduspa.ee\/en\/pood\/eos-juhtpaneelid-2\/juhtpaneel-eos-econ-h2\/","title":{"rendered":"JUHTPANEEL EOS Econ H2"},"content":{"rendered":"<h6><span dir=\"auto\" style=\"color: #000000;\">Juhtseade Soome saunadele ja niiskuse reguleerimisega saunadele. <\/span><\/h6>\n<h6><span dir=\"auto\" style=\"color: #000000;\">Sobib k\u00f5ikidele Bi-O saunakeristele kuni 9 kW (laiendusv\u00f5imalus PEB-ga). <\/span><\/h6>\n<h6><span dir=\"auto\" style=\"color: #000000;\">Temperatuuri reguleerimisvahemik: 30 \u00b0C &#8211; 115 \u00b0C (Soome) ja 30 \u00b0C &#8211; 70 \u00b0C (Bi-O).<\/span><\/h6>\n<h6><span dir=\"auto\" style=\"color: #000000;\">Moodne ja lame korpus pinnapealseks v\u00f5i pools\u00fcvistatavaks paigaldamiseks. <\/span><\/h6>\n<h6><span dir=\"auto\" style=\"color: #000000;\">Tagumine \u00fchendus. Men\u00fc\u00fcnavigatsioon 12 keeles, 230 V v\u00e4ljund salongi valgustuse jaoks,<\/span><\/h6>\n<h6><span dir=\"auto\" style=\"color: #000000;\"> vetelp\u00e4\u00e4stefunktsioon, j\u00e4relej\u00e4\u00e4nud t\u00f6\u00f6aja n\u00e4idik. Nupulukuga (lapselukk).<\/span><\/h6>\n<h6><span dir=\"auto\" style=\"color: #000000;\"> Ohutustemperatuuri piirang 139 \u00b0C. Temperatuuriandur 2 m kaabliga kaasas.<\/span><\/h6>\n<h6><span style=\"color: #000000;\"><span dir=\"auto\">Lisafunktsioonid<\/span><span dir=\"auto\">\u00a0: Eriti suur mitmerealine LCD-ekraan kuvab k\u00f5ik parameetrid \u00fche pilguga. <\/span><\/span><\/h6>\n<h6><span style=\"color: #000000;\"><span dir=\"auto\">Sisaldab 24-tunnist reaalajas taimerit, k\u00fctteaja piirangut kuni 6 tundi <\/span><\/span><\/h6>\n<h6><span style=\"color: #000000;\"><span dir=\"auto\">(v\u00f5i kuni 12 tundi \u00e4riliseks kasutamiseks) ja 4 kasutajaprofiili.<\/span><\/span><\/h6>\n<h6><span dir=\"auto\" style=\"color: #000000;\">L\u00fclitusv\u00f5imsus: 9 kW, laiendatav v\u00f5imsusl\u00fclitiga.<\/span><\/h6>\n<table class=\"contenttable\" border=\"0\" cellspacing=\"0\" cellpadding=\"0\">\n<tbody>\n<tr>\n<td valign=\"top\" width=\"302\">\n<h6><span dir=\"auto\" style=\"color: #000000;\">Elektri\u00fchendus<\/span><\/h6>\n<\/td>\n<td valign=\"top\" width=\"302\">\n<h6><span dir=\"auto\" style=\"color: #000000;\">400 V 3N ~ 50 Hz<\/span><\/h6>\n<\/td>\n<\/tr>\n<tr>\n<td valign=\"top\" width=\"302\">\n<h6><span dir=\"auto\" style=\"color: #000000;\">L\u00fclitusv\u00f5ime<\/span><\/h6>\n<\/td>\n<td valign=\"top\" width=\"302\">\n<h6><span dir=\"auto\" style=\"color: #000000;\">max 9 kW aktiivkoormus (AC1 talitlus)<\/span><\/h6>\n<h6><span dir=\"auto\" style=\"color: #000000;\">Niiskusre\u017eiim (H2): 6 kW + 3 kW aurustile.<\/span><\/h6>\n<h6><span dir=\"auto\" style=\"color: #000000;\">Laiendatav kuni 36 kW-ni toitel\u00fclitusseadmete \u00fchendamise teel<\/span><\/h6>\n<\/td>\n<\/tr>\n<tr>\n<td valign=\"top\" width=\"302\">\n<h6><span dir=\"auto\" style=\"color: #000000;\">LSG \u00fchendusv\u00f5imalus<\/span><\/h6>\n<\/td>\n<td valign=\"top\" width=\"302\">\n<h6><span dir=\"auto\" style=\"color: #000000;\">PEB 10 \/ PEB 18 \/ PEB 36<\/span><\/h6>\n<\/td>\n<\/tr>\n<tr>\n<td valign=\"top\" width=\"302\">\n<h6><span dir=\"auto\" style=\"color: #000000;\">Temperatuuri reguleerimisvahemik<\/span><\/h6>\n<\/td>\n<td valign=\"top\" width=\"302\">\n<h6><span dir=\"auto\" style=\"color: #000000;\">30\u2013115 \u00b0C Soome (D2\/H2)<\/span><\/h6>\n<h6><span dir=\"auto\" style=\"color: #000000;\">30\u201370 \u00b0C Bi-O (H2)<\/span><\/h6>\n<\/td>\n<\/tr>\n<tr>\n<td valign=\"top\" width=\"302\">\n<h6><span dir=\"auto\" style=\"color: #000000;\">Aja valik<\/span><\/h6>\n<\/td>\n<td valign=\"top\" width=\"302\">\n<h6><span dir=\"auto\" style=\"color: #000000;\">kuni 24 tundi<\/span><\/h6>\n<\/td>\n<\/tr>\n<tr>\n<td valign=\"top\" width=\"302\">\n<h6><span dir=\"auto\" style=\"color: #000000;\">Valguse l\u00fclitamise v\u00f5imalus<\/span><\/h6>\n<\/td>\n<td valign=\"top\" width=\"302\">\n<h6><span dir=\"auto\" style=\"color: #000000;\">max 100 W<\/span><\/h6>\n<\/td>\n<\/tr>\n<tr>\n<td valign=\"top\" width=\"302\">\n<h6><span dir=\"auto\" style=\"color: #000000;\">K\u00fctteaja piirang<\/span><\/h6>\n<\/td>\n<td valign=\"top\" width=\"302\">\n<h6><span dir=\"auto\" style=\"color: #000000;\">6 tundi v\u00f5i 12 tundi ja 30 minutit \u00fclessoojendamist<\/span><\/h6>\n<\/td>\n<\/tr>\n<tr>\n<td valign=\"top\" width=\"302\">\n<h6><span dir=\"auto\" style=\"color: #000000;\">M\u00f5\u00f5tmed (K\/L\/S) sentimeetrites<\/span><\/h6>\n<\/td>\n<td valign=\"top\" width=\"302\">\n<h6><span dir=\"auto\" style=\"color: #000000;\">22 \/ 25 \/ 6,7<\/span><\/h6>\n<\/td>\n<\/tr>\n<tr>\n<td valign=\"top\" width=\"302\">\n<h6><span dir=\"auto\" style=\"color: #000000;\">\u00dcmbritseva \u00f5hu temperatuur t\u00f6\u00f6tamise ajal<\/span><\/h6>\n<\/td>\n<td valign=\"top\" width=\"302\">\n<h6><span dir=\"auto\" style=\"color: #000000;\">-10 kuni +40 \u00b0C<\/span><\/h6>\n<\/td>\n<\/tr>\n<tr>\n<td valign=\"top\" width=\"302\">\n<h6><span dir=\"auto\" style=\"color: #000000;\">Kaal ilma pakendita u.<\/span><\/h6>\n<\/td>\n<td valign=\"top\" width=\"302\">\n<h6><span dir=\"auto\" style=\"color: #000000;\">1,0 kg<\/span><\/h6>\n<\/td>\n<\/tr>\n<\/tbody>\n<\/table>\n<h6><a href=\"https:\/\/www.eos-sauna.com\/fileadmin\/user_upload\/EOS\/pdf\/db\/deutsch\/steuergeraete\/econ\/ECON_H2_-_DB_de.pdf\">https:\/\/www.eos-sauna.com\/fileadmin\/user_upload\/EOS\/pdf\/db\/deutsch\/steuergeraete\/econ\/ECON_H2_-_DB_de.pdf<\/a><\/h6>\n<h6><a href=\"https:\/\/www.eos-sauna.com\/fileadmin\/user_upload\/EOS\/pdf\/gbaw\/deutsch\/steuergeraete\/ECON_H2-R4.35_-_MA_de.pdf\">https:\/\/www.eos-sauna.com\/fileadmin\/user_upload\/EOS\/pdf\/gbaw\/deutsch\/steuergeraete\/ECON_H2-R4.35_-_MA_de.pdf<\/a><\/h6>\n<h6><a href=\"https:\/\/www.eos-sauna.com\/fileadmin\/user_upload\/EOS\/pdf\/db\/deutsch\/steuergeraete\/econ\/ECON_H2_-_Schnellstartanleitung.pdf\">https:\/\/www.eos-sauna.com\/fileadmin\/user_upload\/EOS\/pdf\/db\/deutsch\/steuergeraete\/econ\/ECON_H2_-_Schnellstartanleitung.pdf<\/a><\/h6>\n<h6><span style=\"color: #000000;\">P\u00c4RITOLURIIK: SAKSAMAA<\/span><\/h6>\n<h6><span style=\"color: #000000;\">TOOTJA: <span dir=\"auto\">EOS Saunatechnik GmbH<\/span><\/span><\/h6>\n","protected":false},"excerpt":{"rendered":"<p>Juhtseade Soome saunadele ja niiskuse reguleerimisega saunadele. Sobib k\u00f5ikidele Bi-O saunakeristele kuni 9 kW (laiendusv\u00f5imalus PEB-ga). Temperatuuri reguleerimisvahemik: 30 \u00b0C &#8211; 115 \u00b0C (Soome) ja 30 \u00b0C &#8211; 70 \u00b0C (Bi-O). Moodne ja lame korpus pinnapealseks v\u00f5i pools\u00fcvistatavaks paigaldamiseks. Tagumine \u00fchendus. Men\u00fc\u00fcnavigatsioon 12 keeles, 230 V v\u00e4ljund salongi valgustuse jaoks, vetelp\u00e4\u00e4stefunktsioon, j\u00e4relej\u00e4\u00e4nud t\u00f6\u00f6aja n\u00e4idik. Nupulukuga [&hellip;]<\/p>\n","protected":false},"featured_media":18221,"comment_status":"open","ping_status":"closed","template":"","meta":{"_acf_changed":false,"_genesis_hide_title":false,"_genesis_hide_breadcrumbs":false,"_genesis_hide_singular_image":false,"_genesis_hide_footer_widgets":false,"_genesis_custom_body_class":"","_genesis_custom_post_class":"","_genesis_layout":""},"product_brand":[],"product_cat":[396],"product_tag":[],"class_list":{"0":"post-18233","1":"product","2":"type-product","3":"status-publish","4":"has-post-thumbnail","6":"product_cat-eos-juhtpaneelid-2","7":"entry","8":"override","10":"first","11":"instock","12":"shipping-taxable","13":"purchasable","14":"product-type-simple"},"acf":[],"_links":{"self":[{"href":"https:\/\/koduspa.ee\/en\/wp-json\/wp\/v2\/product\/18233","targetHints":{"allow":["GET"]}}],"collection":[{"href":"https:\/\/koduspa.ee\/en\/wp-json\/wp\/v2\/product"}],"about":[{"href":"https:\/\/koduspa.ee\/en\/wp-json\/wp\/v2\/types\/product"}],"replies":[{"embeddable":true,"href":"https:\/\/koduspa.ee\/en\/wp-json\/wp\/v2\/comments?post=18233"}],"wp:featuredmedia":[{"embeddable":true,"href":"https:\/\/koduspa.ee\/en\/wp-json\/wp\/v2\/media\/18221"}],"wp:attachment":[{"href":"https:\/\/koduspa.ee\/en\/wp-json\/wp\/v2\/media?parent=18233"}],"wp:term":[{"taxonomy":"product_brand","embeddable":true,"href":"https:\/\/koduspa.ee\/en\/wp-json\/wp\/v2\/product_brand?post=18233"},{"taxonomy":"product_cat","embeddable":true,"href":"https:\/\/koduspa.ee\/en\/wp-json\/wp\/v2\/product_cat?post=18233"},{"taxonomy":"product_tag","embeddable":true,"href":"https:\/\/koduspa.ee\/en\/wp-json\/wp\/v2\/product_tag?post=18233"}],"curies":[{"name":"wp","href":"https:\/\/api.w.org\/{rel}","templated":true}]}}