{"id":18218,"date":"2026-01-22T06:14:33","date_gmt":"2026-01-22T06:14:33","guid":{"rendered":"https:\/\/koduspa.ee\/?post_type=product&#038;p=18218"},"modified":"2026-01-22T06:14:34","modified_gmt":"2026-01-22T06:14:34","slug":"juhtpaneel-cpmpact-hp-valge","status":"publish","type":"product","link":"https:\/\/koduspa.ee\/en\/pood\/eos-juhtpaneelid-2\/juhtpaneel-cpmpact-hp-valge\/","title":{"rendered":"JUHTPANEEL CPMPACT HP valge"},"content":{"rendered":"<h6><span style=\"color: #000000;\"><span dir=\"auto\">Juhtseade Soome saunadele ja niiskuse reguleerimisega saunadele. <\/span><\/span><\/h6>\n<h6><span style=\"color: #000000;\"><span dir=\"auto\">Sobib k\u00f5ikidele Bi-O saunakeristele kuni 10 kW. <\/span><\/span><\/h6>\n<h6><span style=\"color: #000000;\"><span dir=\"auto\">L\u00fclitusv\u00f5imsust saab laiendada v\u00f5imsusl\u00fclitite abil. <\/span><\/span><\/h6>\n<h6><span style=\"color: #000000;\"><span dir=\"auto\">Temperatuuri reguleerimisvahemik: 30 \u00b0C &#8211; 115 \u00b0C (Soome) ja 30 \u00b0C &#8211; 70 \u00b0C (Bi-O).<\/span><\/span><\/h6>\n<h6><span style=\"color: #000000;\"><span dir=\"auto\">Nelja otsevaliku nupu ja kuue pehme nupu abil saate h\u00f5lpsalt ja kiiresti reguleerida<\/span><\/span><\/h6>\n<h6><span style=\"color: #000000;\"><span dir=\"auto\"> mitte ainult oma\u00a0<\/span><span dir=\"auto\">saunakerise<\/span><span dir=\"auto\">\u00a0temperatuuri , vaid ka kabiini valgustust. <\/span><\/span><\/h6>\n<h6><span style=\"color: #000000;\"><span dir=\"auto\">3,5-tolline TFT-ekraan kuvab k\u00f5ik olulised parameetrid selgelt ja \u00fche pilguga.<\/span><\/span><\/h6>\n<h6><span dir=\"auto\" style=\"color: #000000;\">Juhtseade pakub laia valikut funktsioone koos arvukate mugavusfunktsioonidega,<\/span><\/h6>\n<h6><span dir=\"auto\" style=\"color: #000000;\"> n\u00e4iteks praktiline aja eelvalik koos ohutusseadmega, nelja erineva kasutajaprofiili seadistamine,<\/span><\/h6>\n<h6><span dir=\"auto\" style=\"color: #000000;\"> v<\/span><span dir=\"auto\" style=\"color: #000000;\">algustuse ja ventilaatori \u00fchendus, juhtlukk, ohutu temperatuuripiirang (139 \u00b0C),<\/span><\/h6>\n<h6><span dir=\"auto\" style=\"color: #000000;\"> j\u00e4relej\u00e4\u00e4nud t\u00f6\u00f6aja n\u00e4idik, samuti 24-tunnine aja eelvalik, <\/span><\/h6>\n<h6><span dir=\"auto\" style=\"color: #000000;\">k\u00fctteaja piirang (6 tundi \/ 12 tundi \/ 18 tundi \/ m\u00e4\u00e4ramata) ja puhkusere\u017eiim.<\/span><\/h6>\n<h6><span dir=\"auto\" style=\"color: #000000;\">Juhtseade avaldab muljet oma moodsa ja elegantse disainiga ning t\u00e4nu lamedale korpusele <\/span><\/h6>\n<h6><span dir=\"auto\" style=\"color: #000000;\">v\u00f5imaldab seda paindlikult seinale v\u00f5i osaliselt s\u00fcvistada.<\/span><\/h6>\n<h6><span style=\"color: #000000;\"><span dir=\"auto\">Suurema individuaalsuse tagamiseks on see juhtseadmete seeria saadaval <\/span><\/span><\/h6>\n<h6><span style=\"color: #000000;\"><span dir=\"auto\">klassikalises valges v\u00f5i moodsas antratsiitv\u00e4rvis, nii soome (kuiva)\u00a0<\/span><span dir=\"auto\">sauna<\/span><span dir=\"auto\">\u00a0variandina <\/span><\/span><\/h6>\n<h6><span style=\"color: #000000;\"><span dir=\"auto\">kui ka kombineeritud juhtseadmena soome ja niiske sauna jaoks, <\/span><\/span><\/h6>\n<h6><span style=\"color: #000000;\"><span dir=\"auto\">m\u00f5lemal 10 kW ja erinevate funktsionaalsustasemetega.<\/span><\/span><\/h6>\n<table class=\"contenttable\" border=\"0\" cellspacing=\"0\" cellpadding=\"0\">\n<tbody>\n<tr>\n<td valign=\"top\" width=\"302\">\n<h6><span dir=\"auto\" style=\"color: #000000;\">Elektri\u00fchendus<\/span><\/h6>\n<\/td>\n<td valign=\"top\" width=\"302\">\n<h6><span dir=\"auto\" style=\"color: #000000;\">400 V 3N ~ 50\/60 Hz<\/span><\/h6>\n<\/td>\n<\/tr>\n<tr>\n<td valign=\"top\" width=\"302\">\n<h6><span dir=\"auto\" style=\"color: #000000;\">L\u00fclitusv\u00f5ime<\/span><\/h6>\n<\/td>\n<td valign=\"top\" width=\"302\">\n<h6><span dir=\"auto\" style=\"color: #000000;\">10 kW, laiendatav<\/span><\/h6>\n<\/td>\n<\/tr>\n<tr>\n<td valign=\"top\" width=\"302\">\n<h6><span dir=\"auto\" style=\"color: #000000;\">Temperatuuri reguleerimisvahemik<\/span><\/h6>\n<\/td>\n<td valign=\"top\" width=\"302\">\n<h6><span dir=\"auto\" style=\"color: #000000;\">30\u2013115 \u00b0C (Soome)<\/span><\/h6>\n<h6><span dir=\"auto\" style=\"color: #000000;\">30\u201370 \u00b0C (Bi-O)<\/span><\/h6>\n<\/td>\n<\/tr>\n<tr>\n<td valign=\"top\" width=\"302\">\n<h6><span dir=\"auto\" style=\"color: #000000;\">Aja eelvalik \/ taimer<\/span><\/h6>\n<\/td>\n<td valign=\"top\" width=\"302\">\n<h6><span dir=\"auto\" style=\"color: #000000;\">24-tunnine ja korduv<\/span><br \/>\n<span dir=\"auto\" style=\"color: #000000;\">l\u00fclitamine<\/span><\/h6>\n<\/td>\n<\/tr>\n<tr>\n<td valign=\"top\" width=\"302\">\n<h6><span dir=\"auto\" style=\"color: #000000;\">K\u00fctteaja piirang<\/span><\/h6>\n<\/td>\n<td valign=\"top\" width=\"302\">\n<h6><span dir=\"auto\" style=\"color: #000000;\">6 tundi, 12 tundi, 18 tundi l\u00f5pmatuseni<\/span><\/h6>\n<\/td>\n<\/tr>\n<tr>\n<td valign=\"top\" width=\"302\">\n<h6><span dir=\"auto\" style=\"color: #000000;\">M\u00f5\u00f5tmed K\/L\/S mm<\/span><\/h6>\n<\/td>\n<td valign=\"top\" width=\"302\">\n<h6><span dir=\"auto\" style=\"color: #000000;\">220 \u00d7 255 \u00d7 65 mm<\/span><\/h6>\n<\/td>\n<\/tr>\n<tr>\n<td valign=\"top\" width=\"302\">\n<h6><span dir=\"auto\" style=\"color: #000000;\">\u00dcmbritseva \u00f5hu temperatuur t\u00f6\u00f6tamise ajal<\/span><\/h6>\n<\/td>\n<td valign=\"top\" width=\"302\">\n<h6><span dir=\"auto\" style=\"color: #000000;\">-10 kuni +40 \u00b0C<\/span><\/h6>\n<\/td>\n<\/tr>\n<tr>\n<td valign=\"top\" width=\"302\">\n<h6><span dir=\"auto\" style=\"color: #000000;\">Kaal ilma pakendita u.<\/span><\/h6>\n<\/td>\n<td valign=\"top\" width=\"302\">\n<h6><span dir=\"auto\" style=\"color: #000000;\">1,2 kg<\/span><\/h6>\n<\/td>\n<\/tr>\n<\/tbody>\n<\/table>\n<p>&nbsp;<\/p>\n<p><a href=\"https:\/\/www.eos-sauna.com\/fileadmin\/user_upload\/EOS\/pdf\/db\/deutsch\/steuergeraete\/Compact-HP_-_DB_de.pdf\">https:\/\/www.eos-sauna.com\/fileadmin\/user_upload\/EOS\/pdf\/db\/deutsch\/steuergeraete\/Compact-HP_-_DB_de.pdf<\/a><\/p>\n<p><a href=\"https:\/\/www.eos-sauna.com\/fileadmin\/user_upload\/EOS\/pdf\/db\/deutsch\/steuergeraete\/EOS_Compact-Modellvergleich_de.pdf\">https:\/\/www.eos-sauna.com\/fileadmin\/user_upload\/EOS\/pdf\/db\/deutsch\/steuergeraete\/EOS_Compact-Modellvergleich_de.pdf<\/a><\/p>\n<p><a href=\"https:\/\/www.eos-sauna.com\/fileadmin\/user_upload\/EOS\/pdf\/gbaw\/deutsch\/steuergeraete\/EOS_Compact_DP-HP_-_MA_de.pdf\">https:\/\/www.eos-sauna.com\/fileadmin\/user_upload\/EOS\/pdf\/gbaw\/deutsch\/steuergeraete\/EOS_Compact_DP-HP_-_MA_de.pdf<\/a><\/p>\n<p><a href=\"https:\/\/www.eos-sauna.com\/fileadmin\/user_upload\/EOS\/pdf\/CE-Erklaerung\/Steuergeraete\/KE_Compact_DP-HP_DC-HC.pdf\">https:\/\/www.eos-sauna.com\/fileadmin\/user_upload\/EOS\/pdf\/CE-Erklaerung\/Steuergeraete\/KE_Compact_DP-HP_DC-HC.pdf<\/a><\/p>\n<h6><span style=\"color: #000000;\">P\u00c4RITOLURIIK: SAKSAMAA<\/span><\/h6>\n<h6><span style=\"color: #000000;\">TOOTJA: <span dir=\"auto\">EOS Saunatechnik GmbH<\/span><\/span><\/h6>\n","protected":false},"excerpt":{"rendered":"<p>Juhtseade Soome saunadele ja niiskuse reguleerimisega saunadele. Sobib k\u00f5ikidele Bi-O saunakeristele kuni 10 kW. L\u00fclitusv\u00f5imsust saab laiendada v\u00f5imsusl\u00fclitite abil. Temperatuuri reguleerimisvahemik: 30 \u00b0C &#8211; 115 \u00b0C (Soome) ja 30 \u00b0C &#8211; 70 \u00b0C (Bi-O). Nelja otsevaliku nupu ja kuue pehme nupu abil saate h\u00f5lpsalt ja kiiresti reguleerida mitte ainult oma\u00a0saunakerise\u00a0temperatuuri , vaid ka kabiini valgustust. [&hellip;]<\/p>\n","protected":false},"featured_media":18212,"comment_status":"open","ping_status":"closed","template":"","meta":{"_acf_changed":false,"_genesis_hide_title":false,"_genesis_hide_breadcrumbs":false,"_genesis_hide_singular_image":false,"_genesis_hide_footer_widgets":false,"_genesis_custom_body_class":"","_genesis_custom_post_class":"","_genesis_layout":""},"product_brand":[],"product_cat":[396],"product_tag":[],"class_list":{"0":"post-18218","1":"product","2":"type-product","3":"status-publish","4":"has-post-thumbnail","6":"product_cat-eos-juhtpaneelid-2","7":"entry","8":"override","10":"first","11":"instock","12":"shipping-taxable","13":"purchasable","14":"product-type-simple"},"acf":[],"_links":{"self":[{"href":"https:\/\/koduspa.ee\/en\/wp-json\/wp\/v2\/product\/18218","targetHints":{"allow":["GET"]}}],"collection":[{"href":"https:\/\/koduspa.ee\/en\/wp-json\/wp\/v2\/product"}],"about":[{"href":"https:\/\/koduspa.ee\/en\/wp-json\/wp\/v2\/types\/product"}],"replies":[{"embeddable":true,"href":"https:\/\/koduspa.ee\/en\/wp-json\/wp\/v2\/comments?post=18218"}],"wp:featuredmedia":[{"embeddable":true,"href":"https:\/\/koduspa.ee\/en\/wp-json\/wp\/v2\/media\/18212"}],"wp:attachment":[{"href":"https:\/\/koduspa.ee\/en\/wp-json\/wp\/v2\/media?parent=18218"}],"wp:term":[{"taxonomy":"product_brand","embeddable":true,"href":"https:\/\/koduspa.ee\/en\/wp-json\/wp\/v2\/product_brand?post=18218"},{"taxonomy":"product_cat","embeddable":true,"href":"https:\/\/koduspa.ee\/en\/wp-json\/wp\/v2\/product_cat?post=18218"},{"taxonomy":"product_tag","embeddable":true,"href":"https:\/\/koduspa.ee\/en\/wp-json\/wp\/v2\/product_tag?post=18218"}],"curies":[{"name":"wp","href":"https:\/\/api.w.org\/{rel}","templated":true}]}}