{"id":18147,"date":"2026-01-21T10:24:38","date_gmt":"2026-01-21T10:24:38","guid":{"rendered":"https:\/\/koduspa.ee\/?post_type=product&#038;p=18147"},"modified":"2026-01-21T10:44:55","modified_gmt":"2026-01-21T10:44:55","slug":"elektrikeris-eos-euromax","status":"publish","type":"product","link":"https:\/\/koduspa.ee\/en\/pood\/eos-elektrikerised\/elektrikeris-eos-euromax\/","title":{"rendered":"ELEKTRIKERIS EOS EUROMAX"},"content":{"rendered":"<h6><span dir=\"auto\" style=\"color: #000000;\">EOS EuroMaxi seeria sobib ideaalselt 9\u201325 m\u00b3 suurustele saunaruumidele. <\/span><\/h6>\n<h6><span dir=\"auto\" style=\"color: #000000;\">Sellel on vastupidav ja t\u00f5estatud roostevabast terasest konstruktsioon. <\/span><\/h6>\n<h6><span dir=\"auto\" style=\"color: #000000;\">Kolmekihiline konstruktsioon, antratsiitv\u00e4rvi p\u00e4rlmutterkattega v\u00e4liskest ja <\/span><\/h6>\n<h6><span dir=\"auto\" style=\"color: #000000;\">elegantne survevalualumiiniumist kate \u00fchendavad stabiilsuse ja disaini.<\/span><\/h6>\n<h6><span style=\"color: #000000;\"><span dir=\"auto\">Eriti suur kivikorv suurep\u00e4rase temperatuuri stabiilsuse ja v\u00f5imsuse<\/span><span dir=\"auto\">\u00a0tagamiseks . <\/span><\/span><\/h6>\n<h6><span style=\"color: #000000;\"><span dir=\"auto\">Suured k\u00fclgmised \u00f5huavad stabiilse\u00a0\u00a0<\/span><span dir=\"auto\">\u00f5hukonvektsiooni<\/span><span dir=\"auto\">\u00a0jaoks .<\/span><\/span><\/h6>\n<h6><span style=\"color: #000000;\"><span dir=\"auto\"> Tugev, t\u00e4ielikult roostevabast terasest konstruktsioon, kus k\u00fctteelemendid ei puutu kokku kivikorviga, <\/span><\/span><\/h6>\n<h6><span style=\"color: #000000;\"><span dir=\"auto\">tagab vastupidavuse ja hoolduse lihtsuse.\u00a0<\/span><\/span><\/h6>\n<h6><span dir=\"auto\" style=\"color: #000000;\">Kivikorv, mille kivimaht on umbes 60 kg. <\/span><\/h6>\n<h6><span dir=\"auto\" style=\"color: #000000;\">NB! JUHTPANEEL EI KUULU KOMPLEKTI!<\/span><\/h6>\n<table class=\"contenttable\" border=\"0\" cellspacing=\"0\" cellpadding=\"0\">\n<tbody>\n<tr>\n<td valign=\"top\" width=\"302\">\n<h6><span dir=\"auto\" style=\"color: #000000;\">Elektri\u00fchendus<\/span><\/h6>\n<\/td>\n<td valign=\"top\" width=\"302\">\n<h6><span dir=\"auto\" style=\"color: #000000;\">400 V 3N ~ 50\/60 Hz<\/span><\/h6>\n<\/td>\n<\/tr>\n<tr>\n<td valign=\"top\" width=\"302\">\n<h6><span dir=\"auto\" style=\"color: #000000;\">Juhtseadme kaitse<\/span><\/h6>\n<\/td>\n<td valign=\"top\" width=\"302\">\n<h6><span dir=\"auto\" style=\"color: #000000;\">3 x 16 A<\/span><\/h6>\n<\/td>\n<\/tr>\n<tr>\n<td valign=\"top\" width=\"302\">\n<h6><span dir=\"auto\" style=\"color: #000000;\">Kaitse LSG (9,0 kW \/ 12,0\u201315,0 kW)<\/span><\/h6>\n<\/td>\n<td valign=\"top\" width=\"302\">\n<h6><span dir=\"auto\" style=\"color: #000000;\">ei \/ 3 x 16 A<\/span><\/h6>\n<\/td>\n<\/tr>\n<tr>\n<td valign=\"top\" width=\"302\">\n<h6><span dir=\"auto\" style=\"color: #000000;\">Seadme m\u00f5\u00f5tmed (K\/L\/S), cm<\/span><\/h6>\n<\/td>\n<td valign=\"top\" width=\"302\">\n<h6><span dir=\"auto\" style=\"color: #000000;\">92,5 \/ 50 \/ 50<\/span><\/h6>\n<\/td>\n<\/tr>\n<tr>\n<td valign=\"top\" width=\"302\">\n<h6><span dir=\"auto\" style=\"color: #000000;\">salongi mahu jaoks (9,0 \/ 12,0 \/ 15,0 kW)<\/span><\/h6>\n<\/td>\n<td valign=\"top\" width=\"302\">\n<h6><span dir=\"auto\" style=\"color: #000000;\">9\u201314 m\u00b3 \/ 14\u201318 m\u00b3 \/ 18\u201325 m\u00b3<\/span><\/h6>\n<\/td>\n<\/tr>\n<tr>\n<td valign=\"top\" width=\"302\">\n<h6><span dir=\"auto\" style=\"color: #000000;\">Minimaalne ventilatsiooniv\u00f5imsus (9,0 \/ 12,0 \/ 15,0 kW)<\/span><\/h6>\n<\/td>\n<td valign=\"top\" width=\"302\">\n<h6><span dir=\"auto\" style=\"color: #000000;\">35x6cm \/ 35x7cm \/ 35x9cm<\/span><\/h6>\n<\/td>\n<\/tr>\n<tr>\n<td valign=\"top\" width=\"302\">\n<h6><span dir=\"auto\" style=\"color: #000000;\">Kaal ilma kivide ja pakendita<\/span><\/h6>\n<\/td>\n<td valign=\"top\" width=\"302\">\n<h6><span dir=\"auto\" style=\"color: #000000;\">49 kg<\/span><\/h6>\n<\/td>\n<\/tr>\n<tr>\n<td valign=\"top\" width=\"302\">\n<h6><span dir=\"auto\" style=\"color: #000000;\">Kivit\u00e4idis<\/span><\/h6>\n<\/td>\n<td valign=\"top\" width=\"302\">\n<h6><span dir=\"auto\" style=\"color: #000000;\">60 kg<\/span><\/h6>\n<\/td>\n<\/tr>\n<tr>\n<td valign=\"top\" width=\"302\">\n<h6><span dir=\"auto\" style=\"color: #000000;\">Vajalik on v\u00f5imsusl\u00fcliti (9,0 kW \/ 12,0\u201315,0 kW)<\/span><\/h6>\n<\/td>\n<td valign=\"top\" width=\"302\">\n<h6><span dir=\"auto\" style=\"color: #000000;\">ei \/ PEB 10<\/span><\/h6>\n<\/td>\n<\/tr>\n<\/tbody>\n<\/table>\n<h6><a href=\"https:\/\/www.eos-sauna.com\/fileadmin\/user_upload\/EOS\/pdf\/db\/deutsch\/saunaoefen\/Euro-Max_-_DB_de.pdf\">https:\/\/www.eos-sauna.com\/fileadmin\/user_upload\/EOS\/pdf\/db\/deutsch\/saunaoefen\/Euro-Max_-_DB_de.pdf<\/a><\/h6>\n<p><a href=\"https:\/\/www.eos-sauna.com\/fileadmin\/user_upload\/EOS\/pdf\/gbaw\/deutsch\/saunaoefen\/Euro-Max_Bi-O_Max_-_MA_de-en-ru.pdf\">https:\/\/www.eos-sauna.com\/fileadmin\/user_upload\/EOS\/pdf\/gbaw\/deutsch\/saunaoefen\/Euro-Max_Bi-O_Max_-_MA_de-en-ru.pdf<\/a><\/p>\n<p><a href=\"https:\/\/www.eos-sauna.com\/fileadmin\/user_upload\/EOS\/pdf\/CE-Erklaerung\/Saunaoefen\/KE_EuroMax.pdf\">https:\/\/www.eos-sauna.com\/fileadmin\/user_upload\/EOS\/pdf\/CE-Erklaerung\/Saunaoefen\/KE_EuroMax.pdf<\/a><\/p>\n<p><span style=\"color: #000000;\">P\u00c4RITOLUMAA: SAKSAMAA<\/span><\/p>\n<p><span style=\"color: #000000;\">TOOTJA: <span dir=\"auto\">EOS Saunatechnik GmbH<\/span><\/span><\/p>\n","protected":false},"excerpt":{"rendered":"<p>EOS EuroMaxi seeria sobib ideaalselt 9\u201325 m\u00b3 suurustele saunaruumidele. Sellel on vastupidav ja t\u00f5estatud roostevabast terasest konstruktsioon. Kolmekihiline konstruktsioon, antratsiitv\u00e4rvi p\u00e4rlmutterkattega v\u00e4liskest ja elegantne survevalualumiiniumist kate \u00fchendavad stabiilsuse ja disaini. Eriti suur kivikorv suurep\u00e4rase temperatuuri stabiilsuse ja v\u00f5imsuse\u00a0tagamiseks . Suured k\u00fclgmised \u00f5huavad stabiilse\u00a0\u00a0\u00f5hukonvektsiooni\u00a0jaoks . Tugev, t\u00e4ielikult roostevabast terasest konstruktsioon, kus k\u00fctteelemendid ei puutu kokku kivikorviga, [&hellip;]<\/p>\n","protected":false},"featured_media":18148,"comment_status":"open","ping_status":"closed","template":"","meta":{"_acf_changed":false,"_genesis_hide_title":false,"_genesis_hide_breadcrumbs":false,"_genesis_hide_singular_image":false,"_genesis_hide_footer_widgets":false,"_genesis_custom_body_class":"","_genesis_custom_post_class":"","_genesis_layout":""},"product_brand":[],"product_cat":[392],"product_tag":[],"class_list":{"0":"post-18147","1":"product","2":"type-product","3":"status-publish","4":"has-post-thumbnail","6":"product_cat-eos-elektrikerised","7":"entry","8":"override","10":"first","11":"instock","12":"shipping-taxable","13":"product-type-variable"},"acf":[],"_links":{"self":[{"href":"https:\/\/koduspa.ee\/en\/wp-json\/wp\/v2\/product\/18147","targetHints":{"allow":["GET"]}}],"collection":[{"href":"https:\/\/koduspa.ee\/en\/wp-json\/wp\/v2\/product"}],"about":[{"href":"https:\/\/koduspa.ee\/en\/wp-json\/wp\/v2\/types\/product"}],"replies":[{"embeddable":true,"href":"https:\/\/koduspa.ee\/en\/wp-json\/wp\/v2\/comments?post=18147"}],"wp:featuredmedia":[{"embeddable":true,"href":"https:\/\/koduspa.ee\/en\/wp-json\/wp\/v2\/media\/18148"}],"wp:attachment":[{"href":"https:\/\/koduspa.ee\/en\/wp-json\/wp\/v2\/media?parent=18147"}],"wp:term":[{"taxonomy":"product_brand","embeddable":true,"href":"https:\/\/koduspa.ee\/en\/wp-json\/wp\/v2\/product_brand?post=18147"},{"taxonomy":"product_cat","embeddable":true,"href":"https:\/\/koduspa.ee\/en\/wp-json\/wp\/v2\/product_cat?post=18147"},{"taxonomy":"product_tag","embeddable":true,"href":"https:\/\/koduspa.ee\/en\/wp-json\/wp\/v2\/product_tag?post=18147"}],"curies":[{"name":"wp","href":"https:\/\/api.w.org\/{rel}","templated":true}]}}