{"id":18137,"date":"2026-01-21T10:00:30","date_gmt":"2026-01-21T10:00:30","guid":{"rendered":"https:\/\/koduspa.ee\/?post_type=product&#038;p=18137"},"modified":"2026-01-21T10:51:17","modified_gmt":"2026-01-21T10:51:17","slug":"elektrikeris-eos-edge-control","status":"publish","type":"product","link":"https:\/\/koduspa.ee\/en\/pood\/eos-elektrikerised\/elektrikeris-eos-edge-control\/","title":{"rendered":"ELEKTRIKERIS EOS EDGE CONTROL"},"content":{"rendered":"<h6><span style=\"color: #000000;\"><span dir=\"auto\">Kvaliteetne ja\u00a0esmaklassiline\u00a0<\/span><span dir=\"auto\">saunakeris stiilse tornikujulise disainiga, <\/span><\/span><\/h6>\n<h6><span style=\"color: #000000;\"><span dir=\"auto\">millel on k\u00f5igil neljal k\u00fcljel avatud kivikorv.<\/span><\/span><\/h6>\n<h6><span style=\"color: #000000;\"><span dir=\"auto\">Control\u00a0\u00a0<\/span><strong><span dir=\"auto\">&#8211;<\/span><\/strong><span dir=\"auto\">\u00a0\u00a0versioonil on lisaks sisseehitatud juhtseade. <\/span><\/span><\/h6>\n<h6><span style=\"color: #000000;\"><span dir=\"auto\">T\u00e4nu integreeritud juhtseadmele on seda v\u00e4ga lihtne ja kiire kasutada. <\/span><\/span><\/h6>\n<h6><span style=\"color: #000000;\"><span dir=\"auto\">Temperatuuri reguleerimisvahemik 40\u2013100 \u00b0C, kuumutusaja piirang kuni 4 tundi.<\/span><\/span><\/h6>\n<h6><span style=\"color: #000000;\"><span dir=\"auto\">Sobib umbes 6\u201314 m\u00b3 suurustele erasaunadele.<\/span><\/span><\/h6>\n<h6><span style=\"color: #000000;\"><span dir=\"auto\">EOS Edge saunakerise seeria sobib ideaalselt <\/span><span dir=\"auto\">sauna <\/span><\/span><span dir=\"auto\" style=\"color: #000000;\">keskele paigutamiseks\u00a0,<\/span><\/h6>\n<h6><span dir=\"auto\" style=\"color: #000000;\"> aga see annab ka silmatorkava visuaalse efekti klaaspindade ees.<\/span><\/h6>\n<h6><span dir=\"auto\" style=\"color: #000000;\">Ajatult elegantne disain ja v\u00e4ga kompaktne suurus \u2013 vajab vaid 35 x 35 cm ruumi.<\/span><\/h6>\n<h6><span dir=\"auto\" style=\"color: #000000;\"> Roostevabast terasest korpus. Reguleeritavad jalad.<\/span><\/h6>\n<h6><span dir=\"auto\" style=\"color: #000000;\">Kivikorv, mille kivimaht on umbes 100 kg.<\/span><\/h6>\n<h6><span style=\"color: #000000;\"><span dir=\"auto\">Lisavarustusena saadaval:<\/span><span dir=\"auto\">\u00a0ahju puutekaitse kronstein, puidust ahju puutekaitse koos kronsteinidega<\/span><\/span><\/h6>\n<h6><span dir=\"auto\" style=\"color: #000000;\">Soovi korral saab igale k\u00fcljele paigaldada elegantse k\u00fclgpaneeli antratsiitv\u00e4rvis v\u00f5i mattmusta v\u00e4rvi. <\/span><\/h6>\n<h6><\/h6>\n<table class=\"contenttable\" border=\"0\" cellspacing=\"0\" cellpadding=\"0\">\n<tbody>\n<tr>\n<td valign=\"top\" width=\"302\">\n<h6><span style=\"color: #000000;\"><span dir=\"auto\">Elektri\u00fchendus<\/span><\/span><\/h6>\n<\/td>\n<td valign=\"top\" width=\"302\">\n<h6><span dir=\"auto\" style=\"color: #000000;\">400V 3N ~ 50\/60Hz (serv)<\/span><br \/>\n<span dir=\"auto\" style=\"color: #000000;\">400V 3N ~ 50Hz (serva juhtimine)<\/span><\/h6>\n<\/td>\n<\/tr>\n<tr>\n<td valign=\"top\" width=\"302\">\n<h6><span style=\"color: #000000;\"><span dir=\"auto\">Turvalisus<\/span><\/span><\/h6>\n<\/td>\n<td valign=\"top\" width=\"302\">\n<h6><span dir=\"auto\" style=\"color: #000000;\">3 x 16 A<\/span><\/h6>\n<\/td>\n<\/tr>\n<tr>\n<td valign=\"top\" width=\"302\">\n<h6><span style=\"color: #000000;\"><span dir=\"auto\">Seadme m\u00f5\u00f5tmed (K\/L\/S), cm<\/span><\/span><\/h6>\n<\/td>\n<td valign=\"top\" width=\"302\">\n<h6><span dir=\"auto\" style=\"color: #000000;\">100 \/ 35 \/ 35<\/span><\/h6>\n<\/td>\n<\/tr>\n<tr>\n<td valign=\"top\" width=\"302\">\n<h6><span style=\"color: #000000;\"><span dir=\"auto\">salongi mahu jaoks ( 7,5 \/ 9,0 kW)<\/span><\/span><\/h6>\n<\/td>\n<td valign=\"top\" width=\"302\">\n<h6><span dir=\"auto\" style=\"color: #000000;\">7\u201310 m\u00b3 \/ 9\u201314 m\u00b3<\/span><\/h6>\n<\/td>\n<\/tr>\n<tr>\n<td valign=\"top\" width=\"302\">\n<h6><span style=\"color: #000000;\"><span dir=\"auto\">Kaal ilma kivide ja pakendita<\/span><\/span><\/h6>\n<\/td>\n<td valign=\"top\" width=\"302\">\n<h6><span dir=\"auto\" style=\"color: #000000;\">17 kg<\/span><\/h6>\n<\/td>\n<\/tr>\n<tr>\n<td valign=\"top\" width=\"302\">\n<h6><span style=\"color: #000000;\"><span dir=\"auto\">Kivit\u00e4idis<\/span><\/span><\/h6>\n<\/td>\n<td valign=\"top\" width=\"302\">\n<h6><span dir=\"auto\" style=\"color: #000000;\">100 kg<\/span><\/h6>\n<\/td>\n<\/tr>\n<tr>\n<td valign=\"top\" width=\"302\">\n<h6><span style=\"color: #000000;\"><span dir=\"auto\">Vajalik on toitel\u00fcliti<\/span><\/span><\/h6>\n<\/td>\n<td valign=\"top\" width=\"302\">\n<h6><span dir=\"auto\" style=\"color: #000000;\">ei<\/span><\/h6>\n<\/td>\n<\/tr>\n<\/tbody>\n<\/table>\n<p>&nbsp;<\/p>\n<p><a href=\"https:\/\/www.eos-sauna.com\/fileadmin\/user_upload\/EOS\/pdf\/db\/deutsch\/saunaoefen\/Edge_Control_-_DB_de.pdf\">https:\/\/www.eos-sauna.com\/fileadmin\/user_upload\/EOS\/pdf\/db\/deutsch\/saunaoefen\/Edge_Control_-_DB_de.pdf<\/a><\/p>\n<p><a href=\"https:\/\/www.eos-sauna.com\/fileadmin\/user_upload\/EOS\/pdf\/gbaw\/deutsch\/saunaoefen\/Edge_Control_-_MA_de-en.pdf\">https:\/\/www.eos-sauna.com\/fileadmin\/user_upload\/EOS\/pdf\/gbaw\/deutsch\/saunaoefen\/Edge_Control_-_MA_de-en.pdf<\/a><\/p>\n<p><a href=\"https:\/\/www.eos-sauna.com\/fileadmin\/user_upload\/EOS\/pdf\/CE-Erklaerung\/Saunaoefen\/KE_Edge_Control.pdf\">https:\/\/www.eos-sauna.com\/fileadmin\/user_upload\/EOS\/pdf\/CE-Erklaerung\/Saunaoefen\/KE_Edge_Control.pdf<\/a><\/p>\n<p><span style=\"color: #000000;\">P\u00c4RITOLUMAA: SAKSAMAA<\/span><\/p>\n<p><span style=\"color: #000000;\">TOOTJA: <span dir=\"auto\">EOS Saunatechnik GmbH<\/span><\/span><\/p>\n","protected":false},"excerpt":{"rendered":"<p>Kvaliteetne ja\u00a0esmaklassiline\u00a0saunakeris stiilse tornikujulise disainiga, millel on k\u00f5igil neljal k\u00fcljel avatud kivikorv. Control\u00a0\u00a0&#8211;\u00a0\u00a0versioonil on lisaks sisseehitatud juhtseade. T\u00e4nu integreeritud juhtseadmele on seda v\u00e4ga lihtne ja kiire kasutada. Temperatuuri reguleerimisvahemik 40\u2013100 \u00b0C, kuumutusaja piirang kuni 4 tundi. Sobib umbes 6\u201314 m\u00b3 suurustele erasaunadele. EOS Edge saunakerise seeria sobib ideaalselt sauna keskele paigutamiseks\u00a0, aga see annab ka [&hellip;]<\/p>\n","protected":false},"featured_media":18138,"comment_status":"open","ping_status":"closed","template":"","meta":{"_acf_changed":false,"_genesis_hide_title":false,"_genesis_hide_breadcrumbs":false,"_genesis_hide_singular_image":false,"_genesis_hide_footer_widgets":false,"_genesis_custom_body_class":"","_genesis_custom_post_class":"","_genesis_layout":""},"product_brand":[],"product_cat":[392],"product_tag":[],"class_list":{"0":"post-18137","1":"product","2":"type-product","3":"status-publish","4":"has-post-thumbnail","6":"product_cat-eos-elektrikerised","7":"entry","8":"override","10":"first","11":"instock","12":"shipping-taxable","13":"purchasable","14":"product-type-variable"},"acf":[],"_links":{"self":[{"href":"https:\/\/koduspa.ee\/en\/wp-json\/wp\/v2\/product\/18137","targetHints":{"allow":["GET"]}}],"collection":[{"href":"https:\/\/koduspa.ee\/en\/wp-json\/wp\/v2\/product"}],"about":[{"href":"https:\/\/koduspa.ee\/en\/wp-json\/wp\/v2\/types\/product"}],"replies":[{"embeddable":true,"href":"https:\/\/koduspa.ee\/en\/wp-json\/wp\/v2\/comments?post=18137"}],"wp:featuredmedia":[{"embeddable":true,"href":"https:\/\/koduspa.ee\/en\/wp-json\/wp\/v2\/media\/18138"}],"wp:attachment":[{"href":"https:\/\/koduspa.ee\/en\/wp-json\/wp\/v2\/media?parent=18137"}],"wp:term":[{"taxonomy":"product_brand","embeddable":true,"href":"https:\/\/koduspa.ee\/en\/wp-json\/wp\/v2\/product_brand?post=18137"},{"taxonomy":"product_cat","embeddable":true,"href":"https:\/\/koduspa.ee\/en\/wp-json\/wp\/v2\/product_cat?post=18137"},{"taxonomy":"product_tag","embeddable":true,"href":"https:\/\/koduspa.ee\/en\/wp-json\/wp\/v2\/product_tag?post=18137"}],"curies":[{"name":"wp","href":"https:\/\/api.w.org\/{rel}","templated":true}]}}