{"id":18087,"date":"2026-01-21T07:38:51","date_gmt":"2026-01-21T07:38:51","guid":{"rendered":"https:\/\/koduspa.ee\/?post_type=product&#038;p=18087"},"modified":"2026-01-21T10:56:18","modified_gmt":"2026-01-21T10:56:18","slug":"elektrikeris-eos-m3-w-3kw-hall","status":"publish","type":"product","link":"https:\/\/koduspa.ee\/en\/pood\/eos-elektrikerised\/elektrikeris-eos-m3-w-3kw-hall\/","title":{"rendered":"ELEKTRIKERIS EOS M3 W 3kW HALL"},"content":{"rendered":"<h6><span style=\"color: #000000;\"><span dir=\"auto\">Seinale kinnitatav k\u00fctteseade sisseehitatud juhtimisega<\/span><span dir=\"auto\">.<\/span><\/span><\/h6>\n<h6><span dir=\"auto\" style=\"color: #000000;\">Termostaadiga reguleeritav saunakeris temperatuurivahemikuga 40\u2013110 \u00b0C. <\/span><\/h6>\n<h6><span dir=\"auto\" style=\"color: #000000;\">V\u00e4ikestele saunadele suurusega 3\u20134 m\u00b3. K\u00fctmisaeg kuni 4 tundi.<\/span><\/h6>\n<h6><span dir=\"auto\" style=\"color: #000000;\">Kolmekordse seinaga konstruktsioon on valmistatud t\u00e4ielikult roostevabast terasest,<\/span><\/h6>\n<h6><span dir=\"auto\" style=\"color: #000000;\"> mis tagab stabiilsuse ja vastupidavuse. Ruumis\u00e4\u00e4stlik seinale kinnitamine. <\/span><\/h6>\n<h6><span dir=\"auto\" style=\"color: #000000;\">Poleeritud roostevabast terasest v\u00e4liskorpus. <\/span><\/h6>\n<h6><span dir=\"auto\" style=\"color: #000000;\">Juhtpaneeli saab paigaldada kas vasakule v\u00f5i paremale k\u00fcljele, lihtsalt v\u00e4liskorpusi vahetades.<\/span><\/h6>\n<h6><span dir=\"auto\" style=\"color: #000000;\">Kivikorv mahutavusega umbes 8 kg.<\/span><\/h6>\n<table class=\"contenttable\" border=\"0\" cellspacing=\"0\" cellpadding=\"0\">\n<tbody>\n<tr>\n<td valign=\"top\" width=\"302\">\n<h6><span style=\"color: #000000;\"><span dir=\"auto\">Elektri\u00fchendus<\/span><\/span><\/h6>\n<\/td>\n<td valign=\"top\" width=\"302\">\n<h6><span dir=\"auto\" style=\"color: #000000;\">230 VN ~ 50 Hz<\/span><\/h6>\n<\/td>\n<\/tr>\n<tr>\n<td valign=\"top\" width=\"302\">\n<h6><span style=\"color: #000000;\"><span dir=\"auto\">L\u00fclitusv\u00f5ime<\/span><\/span><\/h6>\n<\/td>\n<td valign=\"top\" width=\"302\">\n<h6><span dir=\"auto\" style=\"color: #000000;\">3,0 kW<\/span><\/h6>\n<\/td>\n<\/tr>\n<tr>\n<td valign=\"top\" width=\"302\">\n<h6><span style=\"color: #000000;\"><span dir=\"auto\">Turvalisus<\/span><\/span><\/h6>\n<\/td>\n<td valign=\"top\" width=\"302\">\n<h6><span dir=\"auto\" style=\"color: #000000;\">1 x 16 A<\/span><\/h6>\n<\/td>\n<\/tr>\n<tr>\n<td valign=\"top\" width=\"302\">\n<h6><span style=\"color: #000000;\"><span dir=\"auto\">Temperatuuri reguleerimisvahemik<\/span><\/span><\/h6>\n<\/td>\n<td valign=\"top\" width=\"302\">\n<h6><span dir=\"auto\" style=\"color: #000000;\">40\u2013110 \u00b0C<\/span><\/h6>\n<\/td>\n<\/tr>\n<tr>\n<td valign=\"top\" width=\"302\">\n<h6><span style=\"color: #000000;\"><span dir=\"auto\">Paigaldusm\u00f5\u00f5tmed sentimeetrites<\/span><\/span><\/h6>\n<\/td>\n<td valign=\"top\" width=\"302\">\n<h6><span dir=\"auto\" style=\"color: #000000;\">60 \/ 30 \/ 20<\/span><\/h6>\n<\/td>\n<\/tr>\n<tr>\n<td valign=\"top\" width=\"302\">\n<h6><span style=\"color: #000000;\"><span dir=\"auto\">salongi mahu jaoks<\/span><\/span><\/h6>\n<\/td>\n<td valign=\"top\" width=\"302\">\n<h6><span dir=\"auto\" style=\"color: #000000;\">3\u20134 m\u00b3<\/span><\/h6>\n<\/td>\n<\/tr>\n<tr>\n<td valign=\"top\" width=\"302\">\n<h6><span style=\"color: #000000;\"><span dir=\"auto\">Minimaalne ventilatsioonitase<\/span><\/span><\/h6>\n<\/td>\n<td valign=\"top\" width=\"302\">\n<h6><span dir=\"auto\" style=\"color: #000000;\">20 x 4 cm<\/span><\/h6>\n<\/td>\n<\/tr>\n<tr>\n<td valign=\"top\" width=\"302\">\n<h6><span style=\"color: #000000;\"><span dir=\"auto\">Kaal ilma kivide ja pakendita<\/span><\/span><\/h6>\n<\/td>\n<td valign=\"top\" width=\"302\">\n<h6><span dir=\"auto\" style=\"color: #000000;\">8,5 kg<\/span><\/h6>\n<\/td>\n<\/tr>\n<tr>\n<td valign=\"top\" width=\"302\">\n<h6><span style=\"color: #000000;\"><span dir=\"auto\">Kivit\u00e4idis<\/span><\/span><\/h6>\n<\/td>\n<td valign=\"top\" width=\"302\">\n<h6><span dir=\"auto\" style=\"color: #000000;\">8,0 kg<\/span><\/h6>\n<\/td>\n<\/tr>\n<\/tbody>\n<\/table>\n<p>&nbsp;<\/p>\n<p><a href=\"https:\/\/www.eos-sauna.com\/fileadmin\/user_upload\/EOS\/pdf\/db\/deutsch\/saunaoefen\/M3_-_DB_de.pdf\">https:\/\/www.eos-sauna.com\/fileadmin\/user_upload\/EOS\/pdf\/db\/deutsch\/saunaoefen\/M3_-_DB_de.pdf<\/a><\/p>\n<p><a href=\"https:\/\/www.eos-sauna.com\/fileadmin\/user_upload\/EOS\/pdf\/gbaw\/deutsch\/saunaoefen\/M3_-_MA_de-en-ru.pdf\">https:\/\/www.eos-sauna.com\/fileadmin\/user_upload\/EOS\/pdf\/gbaw\/deutsch\/saunaoefen\/M3_-_MA_de-en-ru.pdf<\/a><\/p>\n<p><a href=\"https:\/\/www.eos-sauna.com\/fileadmin\/user_upload\/EOS\/pdf\/CE-Erklaerung\/Saunaoefen\/KE_M3.pdf\">https:\/\/www.eos-sauna.com\/fileadmin\/user_upload\/EOS\/pdf\/CE-Erklaerung\/Saunaoefen\/KE_M3.pdf<\/a><\/p>\n<p><span style=\"color: #000000;\">P\u00c4RITOLUMAA: SAKSAMAA<\/span><\/p>\n<p><span style=\"color: #000000;\">TOOTJA: <span dir=\"auto\">EOS Saunatechnik GmbH<\/span><\/span><\/p>\n","protected":false},"excerpt":{"rendered":"<p>Seinale kinnitatav k\u00fctteseade sisseehitatud juhtimisega. Termostaadiga reguleeritav saunakeris temperatuurivahemikuga 40\u2013110 \u00b0C. V\u00e4ikestele saunadele suurusega 3\u20134 m\u00b3. K\u00fctmisaeg kuni 4 tundi. Kolmekordse seinaga konstruktsioon on valmistatud t\u00e4ielikult roostevabast terasest, mis tagab stabiilsuse ja vastupidavuse. Ruumis\u00e4\u00e4stlik seinale kinnitamine. Poleeritud roostevabast terasest v\u00e4liskorpus. Juhtpaneeli saab paigaldada kas vasakule v\u00f5i paremale k\u00fcljele, lihtsalt v\u00e4liskorpusi vahetades. Kivikorv mahutavusega umbes 8 [&hellip;]<\/p>\n","protected":false},"featured_media":18088,"comment_status":"open","ping_status":"closed","template":"","meta":{"_acf_changed":false,"_genesis_hide_title":false,"_genesis_hide_breadcrumbs":false,"_genesis_hide_singular_image":false,"_genesis_hide_footer_widgets":false,"_genesis_custom_body_class":"","_genesis_custom_post_class":"","_genesis_layout":""},"product_brand":[],"product_cat":[392],"product_tag":[],"class_list":{"0":"post-18087","1":"product","2":"type-product","3":"status-publish","4":"has-post-thumbnail","6":"product_cat-eos-elektrikerised","7":"entry","8":"override","10":"first","11":"instock","12":"shipping-taxable","13":"purchasable","14":"product-type-simple"},"acf":[],"_links":{"self":[{"href":"https:\/\/koduspa.ee\/en\/wp-json\/wp\/v2\/product\/18087","targetHints":{"allow":["GET"]}}],"collection":[{"href":"https:\/\/koduspa.ee\/en\/wp-json\/wp\/v2\/product"}],"about":[{"href":"https:\/\/koduspa.ee\/en\/wp-json\/wp\/v2\/types\/product"}],"replies":[{"embeddable":true,"href":"https:\/\/koduspa.ee\/en\/wp-json\/wp\/v2\/comments?post=18087"}],"wp:featuredmedia":[{"embeddable":true,"href":"https:\/\/koduspa.ee\/en\/wp-json\/wp\/v2\/media\/18088"}],"wp:attachment":[{"href":"https:\/\/koduspa.ee\/en\/wp-json\/wp\/v2\/media?parent=18087"}],"wp:term":[{"taxonomy":"product_brand","embeddable":true,"href":"https:\/\/koduspa.ee\/en\/wp-json\/wp\/v2\/product_brand?post=18087"},{"taxonomy":"product_cat","embeddable":true,"href":"https:\/\/koduspa.ee\/en\/wp-json\/wp\/v2\/product_cat?post=18087"},{"taxonomy":"product_tag","embeddable":true,"href":"https:\/\/koduspa.ee\/en\/wp-json\/wp\/v2\/product_tag?post=18087"}],"curies":[{"name":"wp","href":"https:\/\/api.w.org\/{rel}","templated":true}]}}