{"id":18066,"date":"2026-01-20T10:39:44","date_gmt":"2026-01-20T10:39:44","guid":{"rendered":"https:\/\/koduspa.ee\/?post_type=product&#038;p=18066"},"modified":"2026-01-21T10:59:31","modified_gmt":"2026-01-21T10:59:31","slug":"elektrikeris-eos-mini-w-3-kw-roostevaba","status":"publish","type":"product","link":"https:\/\/koduspa.ee\/en\/pood\/eos-elektrikerised\/elektrikeris-eos-mini-w-3-kw-roostevaba\/","title":{"rendered":"ELEKTRIKERIS EOS MINI W 3 kW ROOSTEVABA"},"content":{"rendered":"<h6><span style=\"color: #000000;\"><span dir=\"auto\">Seinale kinnitatav saunakeris v\u00e4ga ruumis\u00e4\u00e4stliku disainiga \u2013 vaid 21,5 cm s\u00fcgav. <\/span><\/span><\/h6>\n<h6><span style=\"color: #000000;\"><span dir=\"auto\">Saadaval ajatult\u00a0<\/span><span dir=\"auto\">elegantse roostevabast terasest disaini<\/span><span dir=\"auto\">\u00a0v\u00f5i\u00a0<\/span><span dir=\"auto\">antratsiithalli p\u00e4rlmutterefektiga pulberv\u00e4rviga<\/span><span dir=\"auto\">\u00a0. <\/span><\/span><\/h6>\n<h6><span style=\"color: #000000;\"><span dir=\"auto\">Ideaalne v\u00e4ikestele saunakabiinidele suurusega umbes 3\u20135 m\u00b3.<\/span><\/span><\/h6>\n<h6><span dir=\"auto\" style=\"color: #000000;\">Sise- ja v\u00e4liskorpus on valmistatud t\u00e4ielikult roostevabast terasest. <\/span><\/h6>\n<h6><span dir=\"auto\" style=\"color: #000000;\">See annab EOS Mini W-le stabiilsuse ja vastupidavuse. <\/span><\/h6>\n<h6><span dir=\"auto\" style=\"color: #000000;\">Komplektis 3,5 m silikoonist \u00fchenduskaabel 3 x 1,5 mm\u00b2.<\/span><\/h6>\n<h6><span dir=\"auto\" style=\"color: #000000;\">NB! Keris vajab lisaks juhtpaneeli (ei kuulu komplekti).<\/span><\/h6>\n<table class=\"contenttable\" border=\"0\" cellspacing=\"0\" cellpadding=\"0\">\n<tbody>\n<tr>\n<td valign=\"top\" width=\"302\">\n<h6><span style=\"color: #000000;\"><span dir=\"auto\">Elektri\u00fchendus<\/span><\/span><\/h6>\n<\/td>\n<td valign=\"top\" width=\"302\">\n<h6><span dir=\"auto\" style=\"color: #000000;\">230 V 1N ~ 50\/60 Hz<\/span><\/h6>\n<\/td>\n<\/tr>\n<tr>\n<td valign=\"top\" width=\"302\">\n<h6><span style=\"color: #000000;\"><span dir=\"auto\">Aurusti j\u00f5udlus<\/span><\/span><\/h6>\n<\/td>\n<td valign=\"top\" width=\"302\">\n<h6><span dir=\"auto\" style=\"color: #000000;\">750 W 2 l (Bi-O Mini)<\/span><\/h6>\n<\/td>\n<\/tr>\n<tr>\n<td valign=\"top\" width=\"302\">\n<h6><span style=\"color: #000000;\"><span dir=\"auto\">Juhtseadme kaitse<\/span><\/span><\/h6>\n<\/td>\n<td valign=\"top\" width=\"302\">\n<h6><span dir=\"auto\" style=\"color: #000000;\">1 x 16 A<\/span><\/h6>\n<\/td>\n<\/tr>\n<tr>\n<td valign=\"top\" width=\"302\">\n<h6><span style=\"color: #000000;\"><span dir=\"auto\">Seadme m\u00f5\u00f5tmed (K\/L\/S), cm<\/span><\/span><\/h6>\n<\/td>\n<td valign=\"top\" width=\"302\">\n<h6><span dir=\"auto\" style=\"color: #000000;\">50 \/ 30 \/ 21,5<\/span><\/h6>\n<\/td>\n<\/tr>\n<tr>\n<td valign=\"top\" width=\"302\">\n<h6><span style=\"color: #000000;\"><span dir=\"auto\">salongi mahu jaoks<\/span><\/span><\/h6>\n<\/td>\n<td valign=\"top\" width=\"302\">\n<h6><span dir=\"auto\" style=\"color: #000000;\">3\u20135 m\u00b3<\/span><\/h6>\n<\/td>\n<\/tr>\n<tr>\n<td valign=\"top\" width=\"302\">\n<h6><span style=\"color: #000000;\"><span dir=\"auto\">Minimaalne ventilatsioonitase<\/span><\/span><\/h6>\n<\/td>\n<td valign=\"top\" width=\"302\">\n<h6><span dir=\"auto\" style=\"color: #000000;\">20 x 4 cm<\/span><\/h6>\n<\/td>\n<\/tr>\n<tr>\n<td valign=\"top\" width=\"302\">\n<h6><span style=\"color: #000000;\"><span dir=\"auto\">Kaal ilma kivide ja pakendita<\/span><\/span><\/h6>\n<\/td>\n<td valign=\"top\" width=\"302\">\n<h6><span dir=\"auto\" style=\"color: #000000;\">9,2 kg<\/span><\/h6>\n<\/td>\n<\/tr>\n<tr>\n<td valign=\"top\" width=\"302\">\n<h6><span style=\"color: #000000;\"><span dir=\"auto\">Kivit\u00e4idis<\/span><\/span><\/h6>\n<\/td>\n<td valign=\"top\" width=\"302\">\n<h6><span dir=\"auto\" style=\"color: #000000;\">8 kg<\/span><\/h6>\n<\/td>\n<\/tr>\n<tr>\n<td valign=\"top\" width=\"302\">\n<h6><span style=\"color: #000000;\"><span dir=\"auto\">Vajalik on toitel\u00fcliti<\/span><\/span><\/h6>\n<\/td>\n<td valign=\"top\" width=\"302\">\n<h6><span dir=\"auto\" style=\"color: #000000;\">ei<\/span><\/h6>\n<\/td>\n<\/tr>\n<\/tbody>\n<\/table>\n<h6><\/h6>\n<h6><a href=\"https:\/\/www.eos-sauna.com\/fileadmin\/user_upload\/EOS\/pdf\/db\/deutsch\/saunaoefen\/Mini_-_DB_de.pdf\">https:\/\/www.eos-sauna.com\/fileadmin\/user_upload\/EOS\/pdf\/db\/deutsch\/saunaoefen\/Mini_-_DB_de.pdf<\/a><\/h6>\n<p><a href=\"https:\/\/www.eos-sauna.com\/fileadmin\/user_upload\/EOS\/pdf\/gbaw\/deutsch\/saunaoefen\/Mini_-_Bi-O_Mini_-_MA-de-en-ru.pdf\">https:\/\/www.eos-sauna.com\/fileadmin\/user_upload\/EOS\/pdf\/gbaw\/deutsch\/saunaoefen\/Mini_-_Bi-O_Mini_-_MA-de-en-ru.pdf<\/a><\/p>\n<p><a href=\"https:\/\/www.eos-sauna.com\/fileadmin\/user_upload\/EOS\/pdf\/CE-Erklaerung\/Saunaoefen\/KE_Mini_Bi-O_Mini.pdf\">https:\/\/www.eos-sauna.com\/fileadmin\/user_upload\/EOS\/pdf\/CE-Erklaerung\/Saunaoefen\/KE_Mini_Bi-O_Mini.pdf<\/a><\/p>\n<p><span style=\"color: #000000;\">P\u00c4RITOLUMAA: SAKSAMAA<\/span><\/p>\n<p><span style=\"color: #000000;\">TOOTJA: <span dir=\"auto\">EOS Saunatechnik GmbH<\/span><\/span><\/p>\n","protected":false},"excerpt":{"rendered":"<p>Seinale kinnitatav saunakeris v\u00e4ga ruumis\u00e4\u00e4stliku disainiga \u2013 vaid 21,5 cm s\u00fcgav. Saadaval ajatult\u00a0elegantse roostevabast terasest disaini\u00a0v\u00f5i\u00a0antratsiithalli p\u00e4rlmutterefektiga pulberv\u00e4rviga\u00a0. Ideaalne v\u00e4ikestele saunakabiinidele suurusega umbes 3\u20135 m\u00b3. Sise- ja v\u00e4liskorpus on valmistatud t\u00e4ielikult roostevabast terasest. See annab EOS Mini W-le stabiilsuse ja vastupidavuse. Komplektis 3,5 m silikoonist \u00fchenduskaabel 3 x 1,5 mm\u00b2. NB! Keris vajab lisaks juhtpaneeli [&hellip;]<\/p>\n","protected":false},"featured_media":18067,"comment_status":"open","ping_status":"closed","template":"","meta":{"_acf_changed":false,"_genesis_hide_title":false,"_genesis_hide_breadcrumbs":false,"_genesis_hide_singular_image":false,"_genesis_hide_footer_widgets":false,"_genesis_custom_body_class":"","_genesis_custom_post_class":"","_genesis_layout":""},"product_brand":[],"product_cat":[392],"product_tag":[],"class_list":{"0":"post-18066","1":"product","2":"type-product","3":"status-publish","4":"has-post-thumbnail","6":"product_cat-eos-elektrikerised","7":"entry","8":"override","10":"first","11":"instock","12":"shipping-taxable","13":"purchasable","14":"product-type-simple"},"acf":[],"_links":{"self":[{"href":"https:\/\/koduspa.ee\/en\/wp-json\/wp\/v2\/product\/18066","targetHints":{"allow":["GET"]}}],"collection":[{"href":"https:\/\/koduspa.ee\/en\/wp-json\/wp\/v2\/product"}],"about":[{"href":"https:\/\/koduspa.ee\/en\/wp-json\/wp\/v2\/types\/product"}],"replies":[{"embeddable":true,"href":"https:\/\/koduspa.ee\/en\/wp-json\/wp\/v2\/comments?post=18066"}],"wp:featuredmedia":[{"embeddable":true,"href":"https:\/\/koduspa.ee\/en\/wp-json\/wp\/v2\/media\/18067"}],"wp:attachment":[{"href":"https:\/\/koduspa.ee\/en\/wp-json\/wp\/v2\/media?parent=18066"}],"wp:term":[{"taxonomy":"product_brand","embeddable":true,"href":"https:\/\/koduspa.ee\/en\/wp-json\/wp\/v2\/product_brand?post=18066"},{"taxonomy":"product_cat","embeddable":true,"href":"https:\/\/koduspa.ee\/en\/wp-json\/wp\/v2\/product_cat?post=18066"},{"taxonomy":"product_tag","embeddable":true,"href":"https:\/\/koduspa.ee\/en\/wp-json\/wp\/v2\/product_tag?post=18066"}],"curies":[{"name":"wp","href":"https:\/\/api.w.org\/{rel}","templated":true}]}}