{"id":18012,"date":"2026-01-14T09:10:22","date_gmt":"2026-01-14T09:10:22","guid":{"rendered":"https:\/\/koduspa.ee\/?post_type=product&#038;p=18012"},"modified":"2026-02-11T07:02:36","modified_gmt":"2026-02-11T07:02:36","slug":"elektrikeris-core-wall-6-must","status":"publish","type":"product","link":"https:\/\/koduspa.ee\/en\/pood\/huum-elektrikerised-en\/elektrikeris-core-wall-6-must\/","title":{"rendered":"ELEKTRIKERIS CORE WALL 6 MUST"},"content":{"rendered":"<h6 data-start=\"398\" data-end=\"531\"><span style=\"color: #000000;\">Selle minimalistlik vorm ja peen viimistlus muudavad kerise pilkup\u00fc\u00fcdvaks keskpunktiks, <\/span><\/h6>\n<h6 data-start=\"398\" data-end=\"531\"><span style=\"color: #000000;\">s\u00e4\u00e4stes samal ajal v\u00e4\u00e4rtuslikku p\u00f5randapinda.<\/span><\/h6>\n<h6 data-start=\"533\" data-end=\"627\"><span style=\"color: #000000;\">Kuni 20 kg kivisid mahutav keris pakub rikkalikku leili ning loomulikult pehmet saunaelamust.<\/span><\/h6>\n<h6 data-start=\"629\" data-end=\"860\"><span style=\"color: #000000;\">Seinale paigaldatavate ja Combi-valikute lisandumisega avab HUUM<\/span><\/h6>\n<h6 data-start=\"629\" data-end=\"860\"><span style=\"color: #000000;\"> uusi v\u00f5imalusi eriilmeliste saunalahenduste loomiseks \u2013<\/span><\/h6>\n<h6 data-start=\"629\" data-end=\"860\"><span style=\"color: #000000;\"> alates ruumi maksimaalsest kasutamisest kompaktsetes saunades<\/span><\/h6>\n<h6 data-start=\"629\" data-end=\"860\"><span style=\"color: #000000;\"> kuni selge disainifookusega sauna kujundamiseni. <\/span><\/h6>\n<h6 data-start=\"629\" data-end=\"860\"><span style=\"color: #000000;\">KERIS VAJAB LISAKS JUHTS\u00dcSTEEMI.<\/span><\/h6>\n<h6 class=\"text-bold specifications__group-title\"><span style=\"color: #000000;\">\u00dchendus<\/span><\/h6>\n<ul class=\"specifications__group-items\">\n<li class=\"specifications__group-item\" data-voltage=\"400\">\n<h6><span style=\"color: #000000;\"><span class=\"specifications__group-item-name\">Kaitse<\/span><span class=\"specifications__group-item-column\">10 A<\/span><\/span><\/h6>\n<\/li>\n<li class=\"specifications__group-item\" data-voltage=\"400\">\n<h6><span style=\"color: #000000;\"><span class=\"specifications__group-item-name\">Toitepinge, 3-faasiline<\/span><span class=\"specifications__group-item-column\">3\/N~400 V<\/span><\/span><\/h6>\n<\/li>\n<li class=\"specifications__group-item\" data-voltage=\"400\">\n<h6><span style=\"color: #000000;\"><span class=\"specifications__group-item-name\">Toitekaabel (N x mm\u00b2)<\/span><span class=\"specifications__group-item-column\">5 x 1,5<\/span><\/span><\/h6>\n<\/li>\n<\/ul>\n<div class=\"specifications__group-content text\">\n<h6><span style=\"color: #000000;\">230V 1N \u00fchenduse korral tehakse \u00fchendus analoogselt 3-faasiga. <\/span><\/h6>\n<h6><span style=\"color: #000000;\">K\u00fctteringide jaotamine peab olema tehtud enne kaitsel\u00fclitust.<\/span><\/h6>\n<\/div>\n<p>&nbsp;<\/p>\n<p><a href=\"https:\/\/huum.ee\/wp-content\/uploads\/2025\/10\/core_wallcombi_user_manual_all_languages_v2.pdf\">https:\/\/huum.ee\/wp-content\/uploads\/2025\/10\/core_wallcombi_user_manual_all_languages_v2.pdf<\/a><\/p>\n<p>&nbsp;<\/p>\n","protected":false},"excerpt":{"rendered":"<p>Selle minimalistlik vorm ja peen viimistlus muudavad kerise pilkup\u00fc\u00fcdvaks keskpunktiks, s\u00e4\u00e4stes samal ajal v\u00e4\u00e4rtuslikku p\u00f5randapinda. Kuni 20 kg kivisid mahutav keris pakub rikkalikku leili ning loomulikult pehmet saunaelamust. Seinale paigaldatavate ja Combi-valikute lisandumisega avab HUUM uusi v\u00f5imalusi eriilmeliste saunalahenduste loomiseks \u2013 alates ruumi maksimaalsest kasutamisest kompaktsetes saunades kuni selge disainifookusega sauna kujundamiseni. KERIS VAJAB LISAKS [&hellip;]<\/p>\n","protected":false},"featured_media":18009,"comment_status":"open","ping_status":"closed","template":"","meta":{"_acf_changed":false,"_genesis_hide_title":false,"_genesis_hide_breadcrumbs":false,"_genesis_hide_singular_image":false,"_genesis_hide_footer_widgets":false,"_genesis_custom_body_class":"","_genesis_custom_post_class":"","_genesis_layout":""},"product_brand":[],"product_cat":[350],"product_tag":[],"class_list":{"0":"post-18012","1":"product","2":"type-product","3":"status-publish","4":"has-post-thumbnail","6":"product_cat-huum-elektrikerised","7":"entry","8":"override","10":"first","11":"onbackorder","12":"shipping-taxable","13":"purchasable","14":"product-type-simple"},"acf":[],"_links":{"self":[{"href":"https:\/\/koduspa.ee\/en\/wp-json\/wp\/v2\/product\/18012","targetHints":{"allow":["GET"]}}],"collection":[{"href":"https:\/\/koduspa.ee\/en\/wp-json\/wp\/v2\/product"}],"about":[{"href":"https:\/\/koduspa.ee\/en\/wp-json\/wp\/v2\/types\/product"}],"replies":[{"embeddable":true,"href":"https:\/\/koduspa.ee\/en\/wp-json\/wp\/v2\/comments?post=18012"}],"wp:featuredmedia":[{"embeddable":true,"href":"https:\/\/koduspa.ee\/en\/wp-json\/wp\/v2\/media\/18009"}],"wp:attachment":[{"href":"https:\/\/koduspa.ee\/en\/wp-json\/wp\/v2\/media?parent=18012"}],"wp:term":[{"taxonomy":"product_brand","embeddable":true,"href":"https:\/\/koduspa.ee\/en\/wp-json\/wp\/v2\/product_brand?post=18012"},{"taxonomy":"product_cat","embeddable":true,"href":"https:\/\/koduspa.ee\/en\/wp-json\/wp\/v2\/product_cat?post=18012"},{"taxonomy":"product_tag","embeddable":true,"href":"https:\/\/koduspa.ee\/en\/wp-json\/wp\/v2\/product_tag?post=18012"}],"curies":[{"name":"wp","href":"https:\/\/api.w.org\/{rel}","templated":true}]}}