{"id":17849,"date":"2025-12-12T10:06:56","date_gmt":"2025-12-12T10:06:56","guid":{"rendered":"https:\/\/koduspa.ee\/?post_type=product&#038;p=17849"},"modified":"2026-01-14T06:59:51","modified_gmt":"2026-01-14T06:59:51","slug":"korstnasusteem-labi-seina-tagant-uhendusega","status":"publish","type":"product","link":"https:\/\/koduspa.ee\/en\/pood\/huum-puukerise-lisatarvikud-en\/korstnasusteem-labi-seina-tagant-uhendusega\/","title":{"rendered":"KORSTNAS\u00dcSTEEM L\u00c4BI SEINA TAGANT \u00dcHENDUSEGA"},"content":{"rendered":"<h6><span style=\"color: #000000;\">Toode sisaldab:<\/span><\/h6>\n<h6><span style=\"color: #000000;\">\u00dcheseinaline korstnaadapter, l\u00f5igatav 150 \u2013 250 mm;<\/span><\/h6>\n<h6><span style=\"color: #000000;\">Korstnap\u00f5hi kaheseinalisele torule (keevitatud);<\/span><\/h6>\n<h6><span style=\"color: #000000;\">Kaheseinaline toru 0.25m;<\/span><\/h6>\n<h6><span style=\"color: #000000;\">Katteplaat seina l\u00e4biviigule (kakas osa);<\/span><\/h6>\n<h6><span style=\"color: #000000;\">T600 isolatsiooni plaat seinale ja laele;<\/span><\/h6>\n<h6><span style=\"color: #000000;\">Kaheseinaline p\u00f5lv 90\u00b0;<\/span><\/h6>\n<h6><span style=\"color: #000000;\">Kaheseinaline toru 1m \u2013\u00a0 2x;<\/span><\/h6>\n<h6><span style=\"color: #000000;\">Kohandatav kinnitusklamber \u2013 2x;<\/span><\/h6>\n<h6><span style=\"color: #000000;\">Korstnam\u00fcts.<\/span><\/h6>\n","protected":false},"excerpt":{"rendered":"<p>Toode sisaldab: \u00dcheseinaline korstnaadapter, l\u00f5igatav 150 \u2013 250 mm; Korstnap\u00f5hi kaheseinalisele torule (keevitatud); Kaheseinaline toru 0.25m; Katteplaat seina l\u00e4biviigule (kakas osa); T600 isolatsiooni plaat seinale ja laele; Kaheseinaline p\u00f5lv 90\u00b0; Kaheseinaline toru 1m \u2013\u00a0 2x; Kohandatav kinnitusklamber \u2013 2x; Korstnam\u00fcts.<\/p>\n","protected":false},"featured_media":17853,"comment_status":"open","ping_status":"closed","template":"","meta":{"_acf_changed":false,"_genesis_hide_title":false,"_genesis_hide_breadcrumbs":false,"_genesis_hide_singular_image":false,"_genesis_hide_footer_widgets":false,"_genesis_custom_body_class":"","_genesis_custom_post_class":"","_genesis_layout":""},"product_brand":[],"product_cat":[359],"product_tag":[],"class_list":{"0":"post-17849","1":"product","2":"type-product","3":"status-publish","4":"has-post-thumbnail","6":"product_cat-huum-puukerise-lisatarvikud","7":"entry","8":"override","10":"first","11":"onbackorder","12":"shipping-taxable","13":"purchasable","14":"product-type-simple"},"acf":[],"_links":{"self":[{"href":"https:\/\/koduspa.ee\/en\/wp-json\/wp\/v2\/product\/17849","targetHints":{"allow":["GET"]}}],"collection":[{"href":"https:\/\/koduspa.ee\/en\/wp-json\/wp\/v2\/product"}],"about":[{"href":"https:\/\/koduspa.ee\/en\/wp-json\/wp\/v2\/types\/product"}],"replies":[{"embeddable":true,"href":"https:\/\/koduspa.ee\/en\/wp-json\/wp\/v2\/comments?post=17849"}],"wp:featuredmedia":[{"embeddable":true,"href":"https:\/\/koduspa.ee\/en\/wp-json\/wp\/v2\/media\/17853"}],"wp:attachment":[{"href":"https:\/\/koduspa.ee\/en\/wp-json\/wp\/v2\/media?parent=17849"}],"wp:term":[{"taxonomy":"product_brand","embeddable":true,"href":"https:\/\/koduspa.ee\/en\/wp-json\/wp\/v2\/product_brand?post=17849"},{"taxonomy":"product_cat","embeddable":true,"href":"https:\/\/koduspa.ee\/en\/wp-json\/wp\/v2\/product_cat?post=17849"},{"taxonomy":"product_tag","embeddable":true,"href":"https:\/\/koduspa.ee\/en\/wp-json\/wp\/v2\/product_tag?post=17849"}],"curies":[{"name":"wp","href":"https:\/\/api.w.org\/{rel}","templated":true}]}}