{"id":17838,"date":"2025-12-12T09:44:50","date_gmt":"2025-12-12T09:44:50","guid":{"rendered":"https:\/\/koduspa.ee\/?post_type=product&#038;p=17838"},"modified":"2026-01-14T06:54:50","modified_gmt":"2026-01-14T06:54:50","slug":"korstnasusteem-labi-lae","status":"publish","type":"product","link":"https:\/\/koduspa.ee\/en\/pood\/huum-puukerise-lisatarvikud-en\/korstnasusteem-labi-lae\/","title":{"rendered":"KORSTNAS\u00dcSTEEM L\u00c4BI LAE"},"content":{"rendered":"<h6>Toode sisaldab<\/h6>\n<h6>\u00dcheseinaline toru 1m<\/h6>\n<h6>Korstnap\u00f5hi (keevitatud)<\/h6>\n<h6>Kaheseinaline toru 0.5m<\/h6>\n<h6>Katteplaat lae l\u00e4biviigule (kaheseinalisele torule)<\/h6>\n<h6>Kaheseinaline toru 1m<\/h6>\n<h6>Katusel\u00e4biviik kaldega 0-20\u00b0<\/h6>\n<h6>Vihmakate<\/h6>\n<h6>Korstnam\u00fcts<\/h6>\n","protected":false},"excerpt":{"rendered":"<p>Toode sisaldab \u00dcheseinaline toru 1m Korstnap\u00f5hi (keevitatud) Kaheseinaline toru 0.5m Katteplaat lae l\u00e4biviigule (kaheseinalisele torule) Kaheseinaline toru 1m Katusel\u00e4biviik kaldega 0-20\u00b0 Vihmakate Korstnam\u00fcts<\/p>\n","protected":false},"featured_media":17839,"comment_status":"open","ping_status":"closed","template":"","meta":{"_acf_changed":false,"_genesis_hide_title":false,"_genesis_hide_breadcrumbs":false,"_genesis_hide_singular_image":false,"_genesis_hide_footer_widgets":false,"_genesis_custom_body_class":"","_genesis_custom_post_class":"","_genesis_layout":""},"product_brand":[],"product_cat":[359],"product_tag":[],"class_list":{"0":"post-17838","1":"product","2":"type-product","3":"status-publish","4":"has-post-thumbnail","6":"product_cat-huum-puukerise-lisatarvikud","7":"entry","8":"override","10":"first","11":"onbackorder","12":"shipping-taxable","13":"purchasable","14":"product-type-simple"},"acf":[],"_links":{"self":[{"href":"https:\/\/koduspa.ee\/en\/wp-json\/wp\/v2\/product\/17838","targetHints":{"allow":["GET"]}}],"collection":[{"href":"https:\/\/koduspa.ee\/en\/wp-json\/wp\/v2\/product"}],"about":[{"href":"https:\/\/koduspa.ee\/en\/wp-json\/wp\/v2\/types\/product"}],"replies":[{"embeddable":true,"href":"https:\/\/koduspa.ee\/en\/wp-json\/wp\/v2\/comments?post=17838"}],"wp:featuredmedia":[{"embeddable":true,"href":"https:\/\/koduspa.ee\/en\/wp-json\/wp\/v2\/media\/17839"}],"wp:attachment":[{"href":"https:\/\/koduspa.ee\/en\/wp-json\/wp\/v2\/media?parent=17838"}],"wp:term":[{"taxonomy":"product_brand","embeddable":true,"href":"https:\/\/koduspa.ee\/en\/wp-json\/wp\/v2\/product_brand?post=17838"},{"taxonomy":"product_cat","embeddable":true,"href":"https:\/\/koduspa.ee\/en\/wp-json\/wp\/v2\/product_cat?post=17838"},{"taxonomy":"product_tag","embeddable":true,"href":"https:\/\/koduspa.ee\/en\/wp-json\/wp\/v2\/product_tag?post=17838"}],"curies":[{"name":"wp","href":"https:\/\/api.w.org\/{rel}","templated":true}]}}