{"id":17796,"date":"2025-12-01T10:56:43","date_gmt":"2025-12-01T10:56:43","guid":{"rendered":"https:\/\/koduspa.ee\/?post_type=product&#038;p=17796"},"modified":"2026-03-24T08:40:43","modified_gmt":"2026-03-24T08:40:43","slug":"relax-aroomialus-lill","status":"publish","type":"product","link":"https:\/\/koduspa.ee\/en\/pood\/aksessuaarid-en\/relax-aroomialus-lill\/","title":{"rendered":"RELAX AROOMIALUS LILL"},"content":{"rendered":"<h6 id=\"tw-target-text\" class=\"tw-data-text tw-text-large tw-ta\" dir=\"ltr\" tabindex=\"-1\" role=\"text\" data-placeholder=\"T\u00f5lge\" data-ved=\"2ahUKEwiew4fUl5yRAxXBGRAIHQb4DBoQ3ewLegQICxAV\" aria-label=\"T\u00f5lgitud tekst: Kaunis ja kodumaine ahjuroos. Lilled on k\u00e4sit\u00f6\u00f6 ja iga\u00fcks neist on valmistatud eraldi, seega pole kahte t\u00e4pselt \u00fchesugust. Saviroosid sobivad kaunistuseks nii sise- kui ka v\u00e4listingimustes. Saunalilled taluvad k\u00fclma ja neid saab asetada ka saunakerisele v\u00f5i aia kaunistamiseks. Saunalille kroonlehtedele v\u00f5ib panna Sauna Ice'd v\u00f5i m\u00f5nda muud saunal\u00f5hna.\"><span class=\"Y2IQFc\" lang=\"et\" style=\"color: #000000;\">Lilled on k\u00e4sit\u00f6\u00f6 ja iga\u00fcks neist on valmistatud eraldi, <\/span><\/h6>\n<h6 class=\"tw-data-text tw-text-large tw-ta\" dir=\"ltr\" tabindex=\"-1\" role=\"text\" data-placeholder=\"T\u00f5lge\" data-ved=\"2ahUKEwiew4fUl5yRAxXBGRAIHQb4DBoQ3ewLegQICxAV\" aria-label=\"T\u00f5lgitud tekst: Kaunis ja kodumaine ahjuroos. Lilled on k\u00e4sit\u00f6\u00f6 ja iga\u00fcks neist on valmistatud eraldi, seega pole kahte t\u00e4pselt \u00fchesugust. Saviroosid sobivad kaunistuseks nii sise- kui ka v\u00e4listingimustes. Saunalilled taluvad k\u00fclma ja neid saab asetada ka saunakerisele v\u00f5i aia kaunistamiseks. Saunalille kroonlehtedele v\u00f5ib panna Sauna Ice'd v\u00f5i m\u00f5nda muud saunal\u00f5hna.\"><span class=\"Y2IQFc\" lang=\"et\" style=\"color: #000000;\">seega pole kahte t\u00e4pselt \u00fchesugust. <\/span><\/h6>\n<h6 class=\"tw-data-text tw-text-large tw-ta\" dir=\"ltr\" tabindex=\"-1\" role=\"text\" data-placeholder=\"T\u00f5lge\" data-ved=\"2ahUKEwiew4fUl5yRAxXBGRAIHQb4DBoQ3ewLegQICxAV\" aria-label=\"T\u00f5lgitud tekst: Kaunis ja kodumaine ahjuroos. Lilled on k\u00e4sit\u00f6\u00f6 ja iga\u00fcks neist on valmistatud eraldi, seega pole kahte t\u00e4pselt \u00fchesugust. Saviroosid sobivad kaunistuseks nii sise- kui ka v\u00e4listingimustes. Saunalilled taluvad k\u00fclma ja neid saab asetada ka saunakerisele v\u00f5i aia kaunistamiseks. Saunalille kroonlehtedele v\u00f5ib panna Sauna Ice'd v\u00f5i m\u00f5nda muud saunal\u00f5hna.\"><span class=\"Y2IQFc\" lang=\"et\" style=\"color: #000000;\">Saviroosid sobivad kaunistuseks nii sise- kui ka v\u00e4listingimustes. <\/span><\/h6>\n<h6 class=\"tw-data-text tw-text-large tw-ta\" dir=\"ltr\" tabindex=\"-1\" role=\"text\" data-placeholder=\"T\u00f5lge\" data-ved=\"2ahUKEwiew4fUl5yRAxXBGRAIHQb4DBoQ3ewLegQICxAV\" aria-label=\"T\u00f5lgitud tekst: Kaunis ja kodumaine ahjuroos. Lilled on k\u00e4sit\u00f6\u00f6 ja iga\u00fcks neist on valmistatud eraldi, seega pole kahte t\u00e4pselt \u00fchesugust. Saviroosid sobivad kaunistuseks nii sise- kui ka v\u00e4listingimustes. Saunalilled taluvad k\u00fclma ja neid saab asetada ka saunakerisele v\u00f5i aia kaunistamiseks. Saunalille kroonlehtedele v\u00f5ib panna Sauna Ice'd v\u00f5i m\u00f5nda muud saunal\u00f5hna.\"><span class=\"Y2IQFc\" lang=\"et\" style=\"color: #000000;\">Saunalilled taluvad k\u00fclma ja kuuma,<\/span><\/h6>\n<h6 class=\"tw-data-text tw-text-large tw-ta\" dir=\"ltr\" tabindex=\"-1\" role=\"text\" data-placeholder=\"T\u00f5lge\" data-ved=\"2ahUKEwiew4fUl5yRAxXBGRAIHQb4DBoQ3ewLegQICxAV\" aria-label=\"T\u00f5lgitud tekst: Kaunis ja kodumaine ahjuroos. Lilled on k\u00e4sit\u00f6\u00f6 ja iga\u00fcks neist on valmistatud eraldi, seega pole kahte t\u00e4pselt \u00fchesugust. Saviroosid sobivad kaunistuseks nii sise- kui ka v\u00e4listingimustes. Saunalilled taluvad k\u00fclma ja neid saab asetada ka saunakerisele v\u00f5i aia kaunistamiseks. Saunalille kroonlehtedele v\u00f5ib panna Sauna Ice'd v\u00f5i m\u00f5nda muud saunal\u00f5hna.\"><span class=\"Y2IQFc\" lang=\"et\" style=\"color: #000000;\">neid saab asetada\u00a0 saunakerisele v\u00f5i aia kaunistamiseks.<\/span><\/h6>\n<h6 class=\"tw-data-text tw-text-large tw-ta\" dir=\"ltr\" tabindex=\"-1\" role=\"text\" data-placeholder=\"T\u00f5lge\" data-ved=\"2ahUKEwiew4fUl5yRAxXBGRAIHQb4DBoQ3ewLegQICxAV\" aria-label=\"T\u00f5lgitud tekst: Kaunis ja kodumaine ahjuroos. Lilled on k\u00e4sit\u00f6\u00f6 ja iga\u00fcks neist on valmistatud eraldi, seega pole kahte t\u00e4pselt \u00fchesugust. Saviroosid sobivad kaunistuseks nii sise- kui ka v\u00e4listingimustes. Saunalilled taluvad k\u00fclma ja neid saab asetada ka saunakerisele v\u00f5i aia kaunistamiseks. Saunalille kroonlehtedele v\u00f5ib panna Sauna Ice'd v\u00f5i m\u00f5nda muud saunal\u00f5hna.\"><span class=\"Y2IQFc\" lang=\"et\" style=\"color: #000000;\">Relax Sauna lilled on umbes 7 cm l\u00e4bim\u00f5\u00f5duga ja umbes 2,5 cm k\u00f5rgused. <\/span><\/h6>\n","protected":false},"excerpt":{"rendered":"<p>Lilled on k\u00e4sit\u00f6\u00f6 ja iga\u00fcks neist on valmistatud eraldi, seega pole kahte t\u00e4pselt \u00fchesugust. Saviroosid sobivad kaunistuseks nii sise- kui ka v\u00e4listingimustes. Saunalilled taluvad k\u00fclma ja kuuma, neid saab asetada\u00a0 saunakerisele v\u00f5i aia kaunistamiseks. Relax Sauna lilled on umbes 7 cm l\u00e4bim\u00f5\u00f5duga ja umbes 2,5 cm k\u00f5rgused.<\/p>\n","protected":false},"featured_media":17797,"comment_status":"open","ping_status":"closed","template":"","meta":{"_acf_changed":false,"_genesis_hide_title":false,"_genesis_hide_breadcrumbs":false,"_genesis_hide_singular_image":false,"_genesis_hide_footer_widgets":false,"_genesis_custom_body_class":"","_genesis_custom_post_class":"","_genesis_layout":""},"product_brand":[],"product_cat":[184,171],"product_tag":[],"class_list":{"0":"post-17796","1":"product","2":"type-product","3":"status-publish","4":"has-post-thumbnail","6":"product_cat-aksessuaarid","7":"product_cat-pakkumised","8":"entry","9":"override","11":"first","12":"instock","13":"sale","14":"shipping-taxable","15":"purchasable","16":"product-type-simple"},"acf":[],"_links":{"self":[{"href":"https:\/\/koduspa.ee\/en\/wp-json\/wp\/v2\/product\/17796","targetHints":{"allow":["GET"]}}],"collection":[{"href":"https:\/\/koduspa.ee\/en\/wp-json\/wp\/v2\/product"}],"about":[{"href":"https:\/\/koduspa.ee\/en\/wp-json\/wp\/v2\/types\/product"}],"replies":[{"embeddable":true,"href":"https:\/\/koduspa.ee\/en\/wp-json\/wp\/v2\/comments?post=17796"}],"wp:featuredmedia":[{"embeddable":true,"href":"https:\/\/koduspa.ee\/en\/wp-json\/wp\/v2\/media\/17797"}],"wp:attachment":[{"href":"https:\/\/koduspa.ee\/en\/wp-json\/wp\/v2\/media?parent=17796"}],"wp:term":[{"taxonomy":"product_brand","embeddable":true,"href":"https:\/\/koduspa.ee\/en\/wp-json\/wp\/v2\/product_brand?post=17796"},{"taxonomy":"product_cat","embeddable":true,"href":"https:\/\/koduspa.ee\/en\/wp-json\/wp\/v2\/product_cat?post=17796"},{"taxonomy":"product_tag","embeddable":true,"href":"https:\/\/koduspa.ee\/en\/wp-json\/wp\/v2\/product_tag?post=17796"}],"curies":[{"name":"wp","href":"https:\/\/api.w.org\/{rel}","templated":true}]}}