{"id":17791,"date":"2025-12-01T10:50:43","date_gmt":"2025-12-01T10:50:43","guid":{"rendered":"https:\/\/koduspa.ee\/?post_type=product&#038;p=17791"},"modified":"2026-03-24T08:42:16","modified_gmt":"2026-03-24T08:42:16","slug":"relax-ihupesu-lapp-erinevad-varvid","status":"publish","type":"product","link":"https:\/\/koduspa.ee\/en\/pood\/aksessuaarid-en\/relax-ihupesu-lapp-erinevad-varvid\/","title":{"rendered":"RELAX IHUPESU LAPP ERINEVAD V\u00c4RVID"},"content":{"rendered":"<h6 id=\"tw-target-text\" class=\"tw-data-text tw-text-large tw-ta\" dir=\"ltr\" tabindex=\"-1\" role=\"text\" data-placeholder=\"T\u00f5lge\" data-ved=\"2ahUKEwiew4fUl5yRAxXBGRAIHQb4DBoQ3ewLegQICxAV\" aria-label=\"T\u00f5lgitud tekst: \u00d5rn pesulapp, mis sobib kogu kehale, koorib nahka ja soodustab seel\u00e4bi naha uuenemist. Sobib suurep\u00e4raselt ka kuiva harjamise jaoks. Relax pesulapp on vastupidav, h\u00fcgieeniline ja seda saab pesta pesumasinas. M\u00f5\u00f5tmed 28 x 90 cm. Valmistatud 60% nailonist ja 40% pol\u00fcestrist.\"><span class=\"Y2IQFc\" lang=\"et\" style=\"color: #000000;\">\u00d5rn pesulapp, mis sobib kogu kehale, <\/span><\/h6>\n<h6 class=\"tw-data-text tw-text-large tw-ta\" dir=\"ltr\" tabindex=\"-1\" role=\"text\" data-placeholder=\"T\u00f5lge\" data-ved=\"2ahUKEwiew4fUl5yRAxXBGRAIHQb4DBoQ3ewLegQICxAV\" aria-label=\"T\u00f5lgitud tekst: \u00d5rn pesulapp, mis sobib kogu kehale, koorib nahka ja soodustab seel\u00e4bi naha uuenemist. Sobib suurep\u00e4raselt ka kuiva harjamise jaoks. Relax pesulapp on vastupidav, h\u00fcgieeniline ja seda saab pesta pesumasinas. M\u00f5\u00f5tmed 28 x 90 cm. Valmistatud 60% nailonist ja 40% pol\u00fcestrist.\"><span class=\"Y2IQFc\" lang=\"et\" style=\"color: #000000;\">koorib nahka ja soodustab seel\u00e4bi naha uuenemist. <\/span><\/h6>\n<h6 class=\"tw-data-text tw-text-large tw-ta\" dir=\"ltr\" tabindex=\"-1\" role=\"text\" data-placeholder=\"T\u00f5lge\" data-ved=\"2ahUKEwiew4fUl5yRAxXBGRAIHQb4DBoQ3ewLegQICxAV\" aria-label=\"T\u00f5lgitud tekst: \u00d5rn pesulapp, mis sobib kogu kehale, koorib nahka ja soodustab seel\u00e4bi naha uuenemist. Sobib suurep\u00e4raselt ka kuiva harjamise jaoks. Relax pesulapp on vastupidav, h\u00fcgieeniline ja seda saab pesta pesumasinas. M\u00f5\u00f5tmed 28 x 90 cm. Valmistatud 60% nailonist ja 40% pol\u00fcestrist.\"><span class=\"Y2IQFc\" lang=\"et\" style=\"color: #000000;\">Sobib suurep\u00e4raselt ka kuiva harjamise jaoks. <\/span><\/h6>\n<h6 class=\"tw-data-text tw-text-large tw-ta\" dir=\"ltr\" tabindex=\"-1\" role=\"text\" data-placeholder=\"T\u00f5lge\" data-ved=\"2ahUKEwiew4fUl5yRAxXBGRAIHQb4DBoQ3ewLegQICxAV\" aria-label=\"T\u00f5lgitud tekst: \u00d5rn pesulapp, mis sobib kogu kehale, koorib nahka ja soodustab seel\u00e4bi naha uuenemist. Sobib suurep\u00e4raselt ka kuiva harjamise jaoks. Relax pesulapp on vastupidav, h\u00fcgieeniline ja seda saab pesta pesumasinas. M\u00f5\u00f5tmed 28 x 90 cm. Valmistatud 60% nailonist ja 40% pol\u00fcestrist.\"><span class=\"Y2IQFc\" lang=\"et\" style=\"color: #000000;\">Relax pesulapp on vastupidav, <\/span><\/h6>\n<h6 class=\"tw-data-text tw-text-large tw-ta\" dir=\"ltr\" tabindex=\"-1\" role=\"text\" data-placeholder=\"T\u00f5lge\" data-ved=\"2ahUKEwiew4fUl5yRAxXBGRAIHQb4DBoQ3ewLegQICxAV\" aria-label=\"T\u00f5lgitud tekst: \u00d5rn pesulapp, mis sobib kogu kehale, koorib nahka ja soodustab seel\u00e4bi naha uuenemist. Sobib suurep\u00e4raselt ka kuiva harjamise jaoks. Relax pesulapp on vastupidav, h\u00fcgieeniline ja seda saab pesta pesumasinas. M\u00f5\u00f5tmed 28 x 90 cm. Valmistatud 60% nailonist ja 40% pol\u00fcestrist.\"><span class=\"Y2IQFc\" lang=\"et\" style=\"color: #000000;\">h\u00fcgieeniline ja seda saab pesta pesumasinas. <\/span><\/h6>\n<h6 class=\"tw-data-text tw-text-large tw-ta\" dir=\"ltr\" tabindex=\"-1\" role=\"text\" data-placeholder=\"T\u00f5lge\" data-ved=\"2ahUKEwiew4fUl5yRAxXBGRAIHQb4DBoQ3ewLegQICxAV\" aria-label=\"T\u00f5lgitud tekst: \u00d5rn pesulapp, mis sobib kogu kehale, koorib nahka ja soodustab seel\u00e4bi naha uuenemist. Sobib suurep\u00e4raselt ka kuiva harjamise jaoks. Relax pesulapp on vastupidav, h\u00fcgieeniline ja seda saab pesta pesumasinas. M\u00f5\u00f5tmed 28 x 90 cm. Valmistatud 60% nailonist ja 40% pol\u00fcestrist.\"><span class=\"Y2IQFc\" lang=\"et\" style=\"color: #000000;\">M\u00f5\u00f5tmed 28 x 90 cm. <\/span><\/h6>\n<h6 class=\"tw-data-text tw-text-large tw-ta\" dir=\"ltr\" tabindex=\"-1\" role=\"text\" data-placeholder=\"T\u00f5lge\" data-ved=\"2ahUKEwiew4fUl5yRAxXBGRAIHQb4DBoQ3ewLegQICxAV\" aria-label=\"T\u00f5lgitud tekst: \u00d5rn pesulapp, mis sobib kogu kehale, koorib nahka ja soodustab seel\u00e4bi naha uuenemist. Sobib suurep\u00e4raselt ka kuiva harjamise jaoks. Relax pesulapp on vastupidav, h\u00fcgieeniline ja seda saab pesta pesumasinas. M\u00f5\u00f5tmed 28 x 90 cm. Valmistatud 60% nailonist ja 40% pol\u00fcestrist.\"><span class=\"Y2IQFc\" lang=\"et\" style=\"color: #000000;\">Valmistatud 60% nailonist ja 40% pol\u00fcestrist. <\/span><\/h6>\n<h6 class=\"tw-data-text tw-text-large tw-ta\" dir=\"ltr\" tabindex=\"-1\" role=\"text\" data-placeholder=\"T\u00f5lge\" data-ved=\"2ahUKEwiew4fUl5yRAxXBGRAIHQb4DBoQ3ewLegQICxAV\" aria-label=\"T\u00f5lgitud tekst: \u00d5rn pesulapp, mis sobib kogu kehale, koorib nahka ja soodustab seel\u00e4bi naha uuenemist. Sobib suurep\u00e4raselt ka kuiva harjamise jaoks. Relax pesulapp on vastupidav, h\u00fcgieeniline ja seda saab pesta pesumasinas. M\u00f5\u00f5tmed 28 x 90 cm. Valmistatud 60% nailonist ja 40% pol\u00fcestrist.\"><span class=\"Y2IQFc\" lang=\"et\" style=\"color: #000000;\">Saadaval sinine, kollane ja roosa v\u00e4rvitoon.<\/span><\/h6>\n<p>&nbsp;<\/p>\n","protected":false},"excerpt":{"rendered":"<p>\u00d5rn pesulapp, mis sobib kogu kehale, koorib nahka ja soodustab seel\u00e4bi naha uuenemist. Sobib suurep\u00e4raselt ka kuiva harjamise jaoks. Relax pesulapp on vastupidav, h\u00fcgieeniline ja seda saab pesta pesumasinas. M\u00f5\u00f5tmed 28 x 90 cm. Valmistatud 60% nailonist ja 40% pol\u00fcestrist. Saadaval sinine, kollane ja roosa v\u00e4rvitoon. &nbsp;<\/p>\n","protected":false},"featured_media":17792,"comment_status":"open","ping_status":"closed","template":"","meta":{"_acf_changed":false,"_genesis_hide_title":false,"_genesis_hide_breadcrumbs":false,"_genesis_hide_singular_image":false,"_genesis_hide_footer_widgets":false,"_genesis_custom_body_class":"","_genesis_custom_post_class":"","_genesis_layout":""},"product_brand":[],"product_cat":[184,171],"product_tag":[],"class_list":{"0":"post-17791","1":"product","2":"type-product","3":"status-publish","4":"has-post-thumbnail","6":"product_cat-aksessuaarid","7":"product_cat-pakkumised","8":"entry","9":"override","11":"first","12":"instock","13":"sale","14":"shipping-taxable","15":"purchasable","16":"product-type-simple"},"acf":[],"_links":{"self":[{"href":"https:\/\/koduspa.ee\/en\/wp-json\/wp\/v2\/product\/17791","targetHints":{"allow":["GET"]}}],"collection":[{"href":"https:\/\/koduspa.ee\/en\/wp-json\/wp\/v2\/product"}],"about":[{"href":"https:\/\/koduspa.ee\/en\/wp-json\/wp\/v2\/types\/product"}],"replies":[{"embeddable":true,"href":"https:\/\/koduspa.ee\/en\/wp-json\/wp\/v2\/comments?post=17791"}],"wp:featuredmedia":[{"embeddable":true,"href":"https:\/\/koduspa.ee\/en\/wp-json\/wp\/v2\/media\/17792"}],"wp:attachment":[{"href":"https:\/\/koduspa.ee\/en\/wp-json\/wp\/v2\/media?parent=17791"}],"wp:term":[{"taxonomy":"product_brand","embeddable":true,"href":"https:\/\/koduspa.ee\/en\/wp-json\/wp\/v2\/product_brand?post=17791"},{"taxonomy":"product_cat","embeddable":true,"href":"https:\/\/koduspa.ee\/en\/wp-json\/wp\/v2\/product_cat?post=17791"},{"taxonomy":"product_tag","embeddable":true,"href":"https:\/\/koduspa.ee\/en\/wp-json\/wp\/v2\/product_tag?post=17791"}],"curies":[{"name":"wp","href":"https:\/\/api.w.org\/{rel}","templated":true}]}}