{"id":17786,"date":"2025-12-01T10:42:47","date_gmt":"2025-12-01T10:42:47","guid":{"rendered":"https:\/\/koduspa.ee\/?post_type=product&#038;p=17786"},"modified":"2026-03-24T08:43:51","modified_gmt":"2026-03-24T08:43:51","slug":"relax-kinkekomplekt","status":"publish","type":"product","link":"https:\/\/koduspa.ee\/en\/pood\/aksessuaarid-en\/relax-kinkekomplekt\/","title":{"rendered":"RELAX KINKEKOMPLEKT"},"content":{"rendered":"<p><span class=\"Y2IQFc\" lang=\"et\"><span style=\"color: #000000;\">Saunakomplekt sisaldab: <\/span><\/span><\/p>\n<ul>\n<li class=\"tw-data-text tw-text-large tw-ta\" dir=\"ltr\" tabindex=\"-1\" role=\"text\" data-placeholder=\"T\u00f5lge\" data-ved=\"2ahUKEwiew4fUl5yRAxXBGRAIHQb4DBoQ3ewLegQICxAV\" aria-label=\"T\u00f5lgitud tekst: Saunakomplekt sisaldab: Relax Saunavihta (roheline) Relax pesulapp (v\u00e4rv v\u00f5ib varieeruda) Relax Sauna seep juustele ja kehale Relax Saunavihta Relax Saunavihta abil elavdate vereringet ja l\u00f5dvestate pinges lihaseid. Valmistame saunavihtasid k\u00e4sitsi vastupidavast materjalist. Relax Saunavihtat saate kasutada k\u00f5ikjal ja igal ajal, hankides selle koju v\u00f5i v\u00f5ttes selle suvilasse kaasa. Soovime pakkuda meeldivaid ja ergutavaid saunaelamusi k\u00f5igile saunas\u00f5pradele. Sobib ka kaseallergikutele. Relax pesulapp \u00d5rn pesulapp sobib kogu kehale. Koorib nahka ja soodustab seel\u00e4bi naha uuenemist. Sobib suurep\u00e4raselt ka kuiva harjamise jaoks. Relax pesulapp on vastupidav, h\u00fcgieeniline ja seda saab pesta pesumasinas. M\u00f5\u00f5tmed 28 x 90 cm. Valmistatud 60% nailonist ja 40% pol\u00fcestrist. Relax Sauna seep Relax Sauna seebiga pesete juukseid ja kogu keha. See turbaseep on 100% looduslik ja k\u00f5ik selle koostisosad on t\u00e4ielikult biolagunevad. Seep ei kuivata nahka, vaid puhastab seda \u00f5rnalt, s\u00e4ilitab naha niiskustasakaalu ja muudab selle pehmeks. Eemaldab nahalt rasu ja lisandid \u00f5rnalt ja loomulikult. Suurep\u00e4rane igap\u00e4evaseks kasutamiseks, sobib igale nahat\u00fc\u00fcbile ja l\u00f5hnab suurep\u00e4raselt. Turbaseep on teaduslikult t\u00f5estatud hooldava ja nahas\u00f5bralikuna. T\u00f5hus ja hooldav probleemsele nahale, n\u00e4iteks aknele.\"><span class=\"Y2IQFc\" lang=\"et\"><span style=\"color: #000000;\">Relax Saunavihta (roheline)<\/span><\/span><\/li>\n<li class=\"tw-data-text tw-text-large tw-ta\" dir=\"ltr\" tabindex=\"-1\" role=\"text\" data-placeholder=\"T\u00f5lge\" data-ved=\"2ahUKEwiew4fUl5yRAxXBGRAIHQb4DBoQ3ewLegQICxAV\" aria-label=\"T\u00f5lgitud tekst: Saunakomplekt sisaldab: Relax Saunavihta (roheline) Relax pesulapp (v\u00e4rv v\u00f5ib varieeruda) Relax Sauna seep juustele ja kehale Relax Saunavihta Relax Saunavihta abil elavdate vereringet ja l\u00f5dvestate pinges lihaseid. Valmistame saunavihtasid k\u00e4sitsi vastupidavast materjalist. Relax Saunavihtat saate kasutada k\u00f5ikjal ja igal ajal, hankides selle koju v\u00f5i v\u00f5ttes selle suvilasse kaasa. Soovime pakkuda meeldivaid ja ergutavaid saunaelamusi k\u00f5igile saunas\u00f5pradele. Sobib ka kaseallergikutele. Relax pesulapp \u00d5rn pesulapp sobib kogu kehale. Koorib nahka ja soodustab seel\u00e4bi naha uuenemist. Sobib suurep\u00e4raselt ka kuiva harjamise jaoks. Relax pesulapp on vastupidav, h\u00fcgieeniline ja seda saab pesta pesumasinas. M\u00f5\u00f5tmed 28 x 90 cm. Valmistatud 60% nailonist ja 40% pol\u00fcestrist. Relax Sauna seep Relax Sauna seebiga pesete juukseid ja kogu keha. See turbaseep on 100% looduslik ja k\u00f5ik selle koostisosad on t\u00e4ielikult biolagunevad. Seep ei kuivata nahka, vaid puhastab seda \u00f5rnalt, s\u00e4ilitab naha niiskustasakaalu ja muudab selle pehmeks. Eemaldab nahalt rasu ja lisandid \u00f5rnalt ja loomulikult. Suurep\u00e4rane igap\u00e4evaseks kasutamiseks, sobib igale nahat\u00fc\u00fcbile ja l\u00f5hnab suurep\u00e4raselt. Turbaseep on teaduslikult t\u00f5estatud hooldava ja nahas\u00f5bralikuna. T\u00f5hus ja hooldav probleemsele nahale, n\u00e4iteks aknele.\"><span class=\"Y2IQFc\" lang=\"et\"><span style=\"color: #000000;\">Relax pesulapp (v\u00e4rv v\u00f5ib varieeruda)<\/span><\/span><\/li>\n<li class=\"tw-data-text tw-text-large tw-ta\" dir=\"ltr\" tabindex=\"-1\" role=\"text\" data-placeholder=\"T\u00f5lge\" data-ved=\"2ahUKEwiew4fUl5yRAxXBGRAIHQb4DBoQ3ewLegQICxAV\" aria-label=\"T\u00f5lgitud tekst: Saunakomplekt sisaldab: Relax Saunavihta (roheline) Relax pesulapp (v\u00e4rv v\u00f5ib varieeruda) Relax Sauna seep juustele ja kehale Relax Saunavihta Relax Saunavihta abil elavdate vereringet ja l\u00f5dvestate pinges lihaseid. Valmistame saunavihtasid k\u00e4sitsi vastupidavast materjalist. Relax Saunavihtat saate kasutada k\u00f5ikjal ja igal ajal, hankides selle koju v\u00f5i v\u00f5ttes selle suvilasse kaasa. Soovime pakkuda meeldivaid ja ergutavaid saunaelamusi k\u00f5igile saunas\u00f5pradele. Sobib ka kaseallergikutele. Relax pesulapp \u00d5rn pesulapp sobib kogu kehale. Koorib nahka ja soodustab seel\u00e4bi naha uuenemist. Sobib suurep\u00e4raselt ka kuiva harjamise jaoks. Relax pesulapp on vastupidav, h\u00fcgieeniline ja seda saab pesta pesumasinas. M\u00f5\u00f5tmed 28 x 90 cm. Valmistatud 60% nailonist ja 40% pol\u00fcestrist. Relax Sauna seep Relax Sauna seebiga pesete juukseid ja kogu keha. See turbaseep on 100% looduslik ja k\u00f5ik selle koostisosad on t\u00e4ielikult biolagunevad. Seep ei kuivata nahka, vaid puhastab seda \u00f5rnalt, s\u00e4ilitab naha niiskustasakaalu ja muudab selle pehmeks. Eemaldab nahalt rasu ja lisandid \u00f5rnalt ja loomulikult. Suurep\u00e4rane igap\u00e4evaseks kasutamiseks, sobib igale nahat\u00fc\u00fcbile ja l\u00f5hnab suurep\u00e4raselt. Turbaseep on teaduslikult t\u00f5estatud hooldava ja nahas\u00f5bralikuna. T\u00f5hus ja hooldav probleemsele nahale, n\u00e4iteks aknele.\"><span class=\"Y2IQFc\" lang=\"et\"><span style=\"color: #000000;\">Relax Sauna seep juustele ja kehale<\/span><\/span><\/li>\n<\/ul>\n","protected":false},"excerpt":{"rendered":"<p>Saunakomplekt sisaldab: Relax Saunavihta (roheline) Relax pesulapp (v\u00e4rv v\u00f5ib varieeruda) Relax Sauna seep juustele ja kehale<\/p>\n","protected":false},"featured_media":17787,"comment_status":"open","ping_status":"closed","template":"","meta":{"_acf_changed":false,"_genesis_hide_title":false,"_genesis_hide_breadcrumbs":false,"_genesis_hide_singular_image":false,"_genesis_hide_footer_widgets":false,"_genesis_custom_body_class":"","_genesis_custom_post_class":"","_genesis_layout":""},"product_brand":[],"product_cat":[184,171],"product_tag":[],"class_list":{"0":"post-17786","1":"product","2":"type-product","3":"status-publish","4":"has-post-thumbnail","6":"product_cat-aksessuaarid","7":"product_cat-pakkumised","8":"entry","9":"override","11":"first","12":"instock","13":"sale","14":"shipping-taxable","15":"purchasable","16":"product-type-simple"},"acf":[],"_links":{"self":[{"href":"https:\/\/koduspa.ee\/en\/wp-json\/wp\/v2\/product\/17786","targetHints":{"allow":["GET"]}}],"collection":[{"href":"https:\/\/koduspa.ee\/en\/wp-json\/wp\/v2\/product"}],"about":[{"href":"https:\/\/koduspa.ee\/en\/wp-json\/wp\/v2\/types\/product"}],"replies":[{"embeddable":true,"href":"https:\/\/koduspa.ee\/en\/wp-json\/wp\/v2\/comments?post=17786"}],"wp:featuredmedia":[{"embeddable":true,"href":"https:\/\/koduspa.ee\/en\/wp-json\/wp\/v2\/media\/17787"}],"wp:attachment":[{"href":"https:\/\/koduspa.ee\/en\/wp-json\/wp\/v2\/media?parent=17786"}],"wp:term":[{"taxonomy":"product_brand","embeddable":true,"href":"https:\/\/koduspa.ee\/en\/wp-json\/wp\/v2\/product_brand?post=17786"},{"taxonomy":"product_cat","embeddable":true,"href":"https:\/\/koduspa.ee\/en\/wp-json\/wp\/v2\/product_cat?post=17786"},{"taxonomy":"product_tag","embeddable":true,"href":"https:\/\/koduspa.ee\/en\/wp-json\/wp\/v2\/product_tag?post=17786"}],"curies":[{"name":"wp","href":"https:\/\/api.w.org\/{rel}","templated":true}]}}