{"id":17471,"date":"2025-10-07T12:51:59","date_gmt":"2025-10-07T12:51:59","guid":{"rendered":"https:\/\/koduspa.ee\/?post_type=product&#038;p=17471"},"modified":"2026-03-16T10:14:43","modified_gmt":"2026-03-16T10:14:43","slug":"saunaruum-hanko-xl-keris","status":"publish","type":"product","link":"https:\/\/koduspa.ee\/en\/pood\/saunaruumid-en\/saunaruum-hanko-xl-keris\/","title":{"rendered":"SAUNARUUM HANKO XL + KERIS"},"content":{"rendered":"<p><span class=\"Y2IQFc\" lang=\"et\"><span style=\"color: #000000;\">Hanko XL on kollektsiooni avaram mudel, <\/span><\/span><\/p>\n<p><span class=\"Y2IQFc\" lang=\"et\"><span style=\"color: #000000;\">pakkudes esmaklassilist saunakogemust ja <\/span><\/span><\/p>\n<p><span class=\"Y2IQFc\" lang=\"et\"><span style=\"color: #000000;\">palju ruumi jagamiseks. <\/span><\/span><\/p>\n<p><span class=\"Y2IQFc\" lang=\"et\"><span style=\"color: #000000;\">Selle t\u00e4isklaasist esik\u00fclg r\u00f5hutab moodsat v\u00e4limust ja <\/span><\/span><\/p>\n<p><span class=\"Y2IQFc\" lang=\"et\"><span style=\"color: #000000;\">loob avatud, kutsuva atmosf\u00e4\u00e4ri. <\/span><\/span><\/p>\n<p><span class=\"Y2IQFc\" lang=\"et\"><span style=\"color: #000000;\">M\u00f5\u00f5tmed: 2096 \u00d7 1585 \u00d7 2073 mm,\u00a0 Maht: 6,8 m\u00b3 <\/span><\/span><\/p>\n<p><span class=\"Y2IQFc\" lang=\"et\"><span style=\"color: #000000;\">Komplektis olev keris: Hanko 80 STJ veepaagiga. <\/span><\/span><\/p>\n<p><span class=\"Y2IQFc\" lang=\"et\"><span style=\"color: #000000;\">Kerisekivid on komplektis. <\/span><\/span><\/p>\n<p><span class=\"Y2IQFc\" lang=\"et\"><span style=\"color: #000000;\">Meeleoluvalgustus: Seljatoes integreeritud LED, <\/span><\/span><\/p>\n<p><span class=\"Y2IQFc\" lang=\"et\"><span style=\"color: #000000;\">mida saab uuendada RGBW-ks t\u00e4isv\u00e4rvivalikute saamiseks. <\/span><\/span><\/p>\n<p><span class=\"Y2IQFc\" lang=\"et\"><span style=\"color: #000000;\">Hanko veepaagiga (WT) keris pakub pehmemat auru ja <\/span><\/span><\/p>\n<p><span class=\"Y2IQFc\" lang=\"et\"><span style=\"color: #000000;\">paremat niiskuse reguleerimist. <\/span><\/span><\/p>\n<p><span class=\"Y2IQFc\" lang=\"et\"><span style=\"color: #000000;\">Paindlik ukse disain: Reguleeritav hingede paigutus, <\/span><\/span><\/p>\n<p><span class=\"Y2IQFc\" lang=\"et\"><span style=\"color: #000000;\">alati v\u00e4ljapoole avanev.<\/span><\/span><\/p>\n<p><span class=\"Y2IQFc\" lang=\"et\"><span style=\"color: #000000;\">Seinad on valmistatud kvaliteetsest kuusepuidust, <\/span><\/span><\/p>\n<p><span class=\"Y2IQFc\" lang=\"et\"><span style=\"color: #000000;\">pingid aga kvaliteetsest haavapuust, <\/span><\/span><\/p>\n<p><span class=\"Y2IQFc\" lang=\"et\"><span style=\"color: #000000;\">pakkudes nii vastupidavust kui ka klassikalist saunasoojust ja -l\u00f5hna. <\/span><\/span><\/p>\n<p><span class=\"Y2IQFc\" lang=\"et\"><span style=\"color: #000000;\">Lihtne paigaldus.<\/span><\/span><\/p>\n<p><a href=\"https:\/\/cdn2.gung.io\/tylo\/pim-fi\/pim-item\/30133\/Hanko%20Sauna%20Room%20M%20L%20and%20XL%20-%20Installation%20manual.pdf\">https:\/\/cdn2.gung.io\/tylo\/pim-fi\/pim-item\/30133\/Hanko%20Sauna%20Room%20M%20L%20and%20XL%20-%20Installation%20manual.pdf<\/a><\/p>\n<p><a href=\"https:\/\/cdn2.gung.io\/tylo\/pim-fi\/pim-item\/30133\/Hanko%20STJ%20-%20Installation%20manual%20and%20user%20guide.pdf\">https:\/\/cdn2.gung.io\/tylo\/pim-fi\/pim-item\/30133\/Hanko%20STJ%20-%20Installation%20manual%20and%20user%20guide.pdf<\/a><\/p>\n","protected":false},"excerpt":{"rendered":"<p>Hanko XL on kollektsiooni avaram mudel, pakkudes esmaklassilist saunakogemust ja palju ruumi jagamiseks. Selle t\u00e4isklaasist esik\u00fclg r\u00f5hutab moodsat v\u00e4limust ja loob avatud, kutsuva atmosf\u00e4\u00e4ri. M\u00f5\u00f5tmed: 2096 \u00d7 1585 \u00d7 2073 mm,\u00a0 Maht: 6,8 m\u00b3 Komplektis olev keris: Hanko 80 STJ veepaagiga. Kerisekivid on komplektis. Meeleoluvalgustus: Seljatoes integreeritud LED, mida saab uuendada RGBW-ks t\u00e4isv\u00e4rvivalikute saamiseks. Hanko [&hellip;]<\/p>\n","protected":false},"featured_media":17464,"comment_status":"open","ping_status":"closed","template":"","meta":{"_acf_changed":false,"_genesis_hide_title":false,"_genesis_hide_breadcrumbs":false,"_genesis_hide_singular_image":false,"_genesis_hide_footer_widgets":false,"_genesis_custom_body_class":"","_genesis_custom_post_class":"","_genesis_layout":""},"product_brand":[],"product_cat":[174],"product_tag":[],"class_list":{"0":"post-17471","1":"product","2":"type-product","3":"status-publish","4":"has-post-thumbnail","6":"product_cat-saunaruumid","7":"entry","8":"override","10":"first","11":"instock","12":"shipping-taxable","13":"purchasable","14":"product-type-simple"},"acf":[],"_links":{"self":[{"href":"https:\/\/koduspa.ee\/en\/wp-json\/wp\/v2\/product\/17471","targetHints":{"allow":["GET"]}}],"collection":[{"href":"https:\/\/koduspa.ee\/en\/wp-json\/wp\/v2\/product"}],"about":[{"href":"https:\/\/koduspa.ee\/en\/wp-json\/wp\/v2\/types\/product"}],"replies":[{"embeddable":true,"href":"https:\/\/koduspa.ee\/en\/wp-json\/wp\/v2\/comments?post=17471"}],"wp:featuredmedia":[{"embeddable":true,"href":"https:\/\/koduspa.ee\/en\/wp-json\/wp\/v2\/media\/17464"}],"wp:attachment":[{"href":"https:\/\/koduspa.ee\/en\/wp-json\/wp\/v2\/media?parent=17471"}],"wp:term":[{"taxonomy":"product_brand","embeddable":true,"href":"https:\/\/koduspa.ee\/en\/wp-json\/wp\/v2\/product_brand?post=17471"},{"taxonomy":"product_cat","embeddable":true,"href":"https:\/\/koduspa.ee\/en\/wp-json\/wp\/v2\/product_cat?post=17471"},{"taxonomy":"product_tag","embeddable":true,"href":"https:\/\/koduspa.ee\/en\/wp-json\/wp\/v2\/product_tag?post=17471"}],"curies":[{"name":"wp","href":"https:\/\/api.w.org\/{rel}","templated":true}]}}