{"id":17463,"date":"2025-10-07T12:40:33","date_gmt":"2025-10-07T12:40:33","guid":{"rendered":"https:\/\/koduspa.ee\/?post_type=product&#038;p=17463"},"modified":"2026-03-16T10:13:20","modified_gmt":"2026-03-16T10:13:20","slug":"saunaruum-hanko-m-keris","status":"publish","type":"product","link":"https:\/\/koduspa.ee\/en\/pood\/saunaruumid-en\/saunaruum-hanko-m-keris\/","title":{"rendered":"SAUNARUUM HANKO M + KERIS"},"content":{"rendered":"<p><span class=\"Y2IQFc\" lang=\"et\"><span style=\"color: #000000;\">Saunaruum Hanko M on <\/span><\/span><\/p>\n<p><span class=\"Y2IQFc\" lang=\"et\"><span style=\"color: #000000;\">ideaalselt tasakaalustatud suurusega, <\/span><\/span><\/p>\n<p><span class=\"Y2IQFc\" lang=\"et\"><span style=\"color: #000000;\">mis sobib ideaalselt eramutesse. <\/span><\/span><\/p>\n<p><span class=\"Y2IQFc\" lang=\"et\"><span style=\"color: #000000;\">Selle t\u00e4isklaasist esik\u00fclg loob valgusk\u00fcllase ja moodsa tunde, <\/span><\/span><\/p>\n<p><span class=\"Y2IQFc\" lang=\"et\"><span style=\"color: #000000;\">muutes sauna elegantseks elemendiks igas keskkonnas. <\/span><\/span><\/p>\n<p><span class=\"Y2IQFc\" lang=\"et\"><span style=\"color: #000000;\">Integreeritud LED-valgustus lisab rahuliku ja kutsuva atmosf\u00e4\u00e4ri. <\/span><\/span><\/p>\n<p><span class=\"Y2IQFc\" lang=\"et\"><span style=\"color: #000000;\">M\u00f5\u00f5tmed: 1585 \u00d7 1585 \u00d7 2073 mm,\u00a0 Maht: 5,2 m\u00b3 <\/span><\/span><\/p>\n<p><span class=\"Y2IQFc\" lang=\"et\"><span style=\"color: #000000;\">Komplektis olev keris: Hanko 60 STJ WT-paagiga. <\/span><\/span><\/p>\n<p><span class=\"Y2IQFc\" lang=\"et\"><span style=\"color: #000000;\">Keriskivid on komplektis. <\/span><\/span><\/p>\n<p><span class=\"Y2IQFc\" lang=\"et\"><span style=\"color: #000000;\">Meeleoluvalgustus: Seljatoes integreeritud LED, <\/span><\/span><\/p>\n<p><span class=\"Y2IQFc\" lang=\"et\"><span style=\"color: #000000;\">mida saab uuendada RGBW-ks t\u00e4isv\u00e4rvivalikute saamiseks. <\/span><\/span><\/p>\n<p><span class=\"Y2IQFc\" lang=\"et\"><span style=\"color: #000000;\">Hanko keris veepaagiga (WT) pakub pehmemat auru ja <\/span><\/span><\/p>\n<p><span class=\"Y2IQFc\" lang=\"et\"><span style=\"color: #000000;\">paremat niiskuse reguleerimist. <\/span><\/span><\/p>\n<p><span class=\"Y2IQFc\" lang=\"et\"><span style=\"color: #000000;\">Paindlik ukse disain: Reguleeritav hingede paigutus, <\/span><\/span><\/p>\n<p><span class=\"Y2IQFc\" lang=\"et\"><span style=\"color: #000000;\">alati v\u00e4ljapoole avanev. <\/span><\/span><\/p>\n<p><span class=\"Y2IQFc\" lang=\"et\"><span style=\"color: #000000;\">Seinad on valmistatud kvaliteetsest kuusepuidust, <\/span><\/span><\/p>\n<p><span class=\"Y2IQFc\" lang=\"et\"><span style=\"color: #000000;\">pingid aga esmaklassilisest haavapuust, <\/span><\/span><\/p>\n<p><span class=\"Y2IQFc\" lang=\"et\"><span style=\"color: #000000;\">pakkudes nii vastupidavust kui ka klassikalist saunasoojust ja -l\u00f5hna. <\/span><\/span><\/p>\n<p><span class=\"Y2IQFc\" lang=\"et\"><span style=\"color: #000000;\">Lihtne paigaldus.<\/span><\/span><\/p>\n<p><span class=\"Y2IQFc\" lang=\"et\"><span style=\"color: #000000;\">NB! Piltidel on kujutatud Hanko XL mudelit. <\/span><\/span><\/p>\n<p><span class=\"Y2IQFc\" lang=\"et\"><span style=\"color: #000000;\">L-i disain j\u00e4rgib sama kontseptsiooni, mis on kohandatud selle suurusele.<\/span><\/span><\/p>\n<p><a href=\"https:\/\/cdn2.gung.io\/tylo\/pim-fi\/pim-item\/30131\/Hanko%20Sauna%20Room%20M%20L%20and%20XL%20-%20Installation%20manual.pdf\">https:\/\/cdn2.gung.io\/tylo\/pim-fi\/pim-item\/30131\/Hanko%20Sauna%20Room%20M%20L%20and%20XL%20-%20Installation%20manual.pdf<\/a><\/p>\n<p><a href=\"https:\/\/cdn2.gung.io\/tylo\/pim-fi\/pim-item\/30131\/Hanko%20STJ%20-%20Installation%20manual%20and%20user%20guide.pdf\">https:\/\/cdn2.gung.io\/tylo\/pim-fi\/pim-item\/30131\/Hanko%20STJ%20-%20Installation%20manual%20and%20user%20guide.pdf<\/a><\/p>\n","protected":false},"excerpt":{"rendered":"<p>Saunaruum Hanko M on ideaalselt tasakaalustatud suurusega, mis sobib ideaalselt eramutesse. Selle t\u00e4isklaasist esik\u00fclg loob valgusk\u00fcllase ja moodsa tunde, muutes sauna elegantseks elemendiks igas keskkonnas. Integreeritud LED-valgustus lisab rahuliku ja kutsuva atmosf\u00e4\u00e4ri. M\u00f5\u00f5tmed: 1585 \u00d7 1585 \u00d7 2073 mm,\u00a0 Maht: 5,2 m\u00b3 Komplektis olev keris: Hanko 60 STJ WT-paagiga. Keriskivid on komplektis. Meeleoluvalgustus: Seljatoes integreeritud [&hellip;]<\/p>\n","protected":false},"featured_media":17464,"comment_status":"open","ping_status":"closed","template":"","meta":{"_acf_changed":false,"_genesis_hide_title":false,"_genesis_hide_breadcrumbs":false,"_genesis_hide_singular_image":false,"_genesis_hide_footer_widgets":false,"_genesis_custom_body_class":"","_genesis_custom_post_class":"","_genesis_layout":""},"product_brand":[],"product_cat":[174],"product_tag":[],"class_list":{"0":"post-17463","1":"product","2":"type-product","3":"status-publish","4":"has-post-thumbnail","6":"product_cat-saunaruumid","7":"entry","8":"override","10":"first","11":"instock","12":"shipping-taxable","13":"purchasable","14":"product-type-simple"},"acf":[],"_links":{"self":[{"href":"https:\/\/koduspa.ee\/en\/wp-json\/wp\/v2\/product\/17463","targetHints":{"allow":["GET"]}}],"collection":[{"href":"https:\/\/koduspa.ee\/en\/wp-json\/wp\/v2\/product"}],"about":[{"href":"https:\/\/koduspa.ee\/en\/wp-json\/wp\/v2\/types\/product"}],"replies":[{"embeddable":true,"href":"https:\/\/koduspa.ee\/en\/wp-json\/wp\/v2\/comments?post=17463"}],"wp:featuredmedia":[{"embeddable":true,"href":"https:\/\/koduspa.ee\/en\/wp-json\/wp\/v2\/media\/17464"}],"wp:attachment":[{"href":"https:\/\/koduspa.ee\/en\/wp-json\/wp\/v2\/media?parent=17463"}],"wp:term":[{"taxonomy":"product_brand","embeddable":true,"href":"https:\/\/koduspa.ee\/en\/wp-json\/wp\/v2\/product_brand?post=17463"},{"taxonomy":"product_cat","embeddable":true,"href":"https:\/\/koduspa.ee\/en\/wp-json\/wp\/v2\/product_cat?post=17463"},{"taxonomy":"product_tag","embeddable":true,"href":"https:\/\/koduspa.ee\/en\/wp-json\/wp\/v2\/product_tag?post=17463"}],"curies":[{"name":"wp","href":"https:\/\/api.w.org\/{rel}","templated":true}]}}