{"id":17185,"date":"2025-04-23T11:22:52","date_gmt":"2025-04-23T11:22:52","guid":{"rendered":"https:\/\/koduspa.ee\/?post_type=product&#038;p=17185"},"modified":"2025-04-23T11:23:32","modified_gmt":"2025-04-23T11:23:32","slug":"kkuullamp-pore-50cm","status":"publish","type":"product","link":"https:\/\/koduspa.ee\/en\/pood\/valgustid-en\/kkuullamp-pore-50cm\/","title":{"rendered":"Kuullamp PORE 50cm"},"content":{"rendered":"<h6><span style=\"color: #000000;\">PORE on turvaline valik, kui soovid luua pingevaba ja meeldiva \u00f5hkkonna<\/span><\/h6>\n<h6><span style=\"color: #000000;\"> siseruumides, \u00f5ues v\u00f5i veekogu \u00e4\u00e4res.<\/span><\/h6>\n<h6><span style=\"color: #000000;\">PORE on juhtmevaba laadimisega LED-lamp. <\/span><\/h6>\n<h6><span style=\"color: #000000;\">Uus integreeritud aku ja laadimiss\u00fcsteem muudavad toote kergeks, <\/span><\/h6>\n<h6><span style=\"color: #000000;\">h\u00f5lpsasti kasutatavaks ja mitmek\u00fclgseks.<\/span><\/h6>\n<h6><span style=\"color: #000000;\"> Lambi valgusallikaks on RGBW LED-id, <\/span><\/h6>\n<h6><span style=\"color: #000000;\">mille v\u00e4rve ja intensiivsust saad reguleerida kaasasoleva puldiga. <\/span><br \/>\n<span style=\"color: #000000;\"><strong>Tehnilised andmed:<\/strong><\/span><\/h6>\n<ul>\n<li>\n<h6><span style=\"color: #000000;\">Aku: liitium 3,7 V\/1000 mA, taaslaetav. 3000 K<\/span><\/h6>\n<\/li>\n<li>\n<h6><span style=\"color: #000000;\">Trafo: sisendpinge AC100-240V, v\u00e4ljundpinge DC 5V<\/span><\/h6>\n<\/li>\n<li>\n<h6><span style=\"color: #000000;\">CE\uff0fGS\uff0fUL\uff0fPSE kinnitused<\/span><\/h6>\n<\/li>\n<li>\n<h6><span style=\"color: #000000;\">Laadija: induktiivne laadimine USB-kaabliga<\/span><\/h6>\n<\/li>\n<li>\n<h6><span style=\"color: #000000;\">6 eredat RGBW LED-i<\/span><\/h6>\n<\/li>\n<li>\n<h6><span style=\"color: #000000;\">16 v\u00e4rvi vahel valida ja v\u00e4rvi muuta<\/span><\/h6>\n<\/li>\n<li>\n<h6><span style=\"color: #000000;\">Laadimis-\/t\u00f6\u00f6aeg: 4h\uff0f8h<\/span><\/h6>\n<\/li>\n<li>\n<h6><span style=\"color: #000000;\">\u00dchendus: Alumine l\u00fcliti \/ 24-funktsiooniline kaugjuhtimispult<\/span><\/h6>\n<\/li>\n<li>\n<h6><span style=\"color: #000000;\">IP67<\/span><\/h6>\n<\/li>\n<li>\n<h6><span style=\"color: #000000;\">Materjal: valge UV-kaitsega PE plastik<\/span><\/h6>\n<\/li>\n<\/ul>\n","protected":false},"excerpt":{"rendered":"<p>PORE on turvaline valik, kui soovid luua pingevaba ja meeldiva \u00f5hkkonna siseruumides, \u00f5ues v\u00f5i veekogu \u00e4\u00e4res. PORE on juhtmevaba laadimisega LED-lamp. Uus integreeritud aku ja laadimiss\u00fcsteem muudavad toote kergeks, h\u00f5lpsasti kasutatavaks ja mitmek\u00fclgseks. Lambi valgusallikaks on RGBW LED-id, mille v\u00e4rve ja intensiivsust saad reguleerida kaasasoleva puldiga. Tehnilised andmed: Aku: liitium 3,7 V\/1000 mA, taaslaetav. 3000 [&hellip;]<\/p>\n","protected":false},"featured_media":17173,"comment_status":"open","ping_status":"closed","template":"","meta":{"_acf_changed":false,"_genesis_hide_title":false,"_genesis_hide_breadcrumbs":false,"_genesis_hide_singular_image":false,"_genesis_hide_footer_widgets":false,"_genesis_custom_body_class":"","_genesis_custom_post_class":"","_genesis_layout":""},"product_brand":[],"product_cat":[180],"product_tag":[],"class_list":{"0":"post-17185","1":"product","2":"type-product","3":"status-publish","4":"has-post-thumbnail","6":"product_cat-valgustid","7":"entry","8":"override","10":"first","11":"instock","12":"shipping-taxable","13":"purchasable","14":"product-type-simple"},"acf":[],"_links":{"self":[{"href":"https:\/\/koduspa.ee\/en\/wp-json\/wp\/v2\/product\/17185","targetHints":{"allow":["GET"]}}],"collection":[{"href":"https:\/\/koduspa.ee\/en\/wp-json\/wp\/v2\/product"}],"about":[{"href":"https:\/\/koduspa.ee\/en\/wp-json\/wp\/v2\/types\/product"}],"replies":[{"embeddable":true,"href":"https:\/\/koduspa.ee\/en\/wp-json\/wp\/v2\/comments?post=17185"}],"wp:featuredmedia":[{"embeddable":true,"href":"https:\/\/koduspa.ee\/en\/wp-json\/wp\/v2\/media\/17173"}],"wp:attachment":[{"href":"https:\/\/koduspa.ee\/en\/wp-json\/wp\/v2\/media?parent=17185"}],"wp:term":[{"taxonomy":"product_brand","embeddable":true,"href":"https:\/\/koduspa.ee\/en\/wp-json\/wp\/v2\/product_brand?post=17185"},{"taxonomy":"product_cat","embeddable":true,"href":"https:\/\/koduspa.ee\/en\/wp-json\/wp\/v2\/product_cat?post=17185"},{"taxonomy":"product_tag","embeddable":true,"href":"https:\/\/koduspa.ee\/en\/wp-json\/wp\/v2\/product_tag?post=17185"}],"curies":[{"name":"wp","href":"https:\/\/api.w.org\/{rel}","templated":true}]}}