{"id":17170,"date":"2025-04-23T10:59:02","date_gmt":"2025-04-23T10:59:02","guid":{"rendered":"https:\/\/koduspa.ee\/?post_type=product&#038;p=17170"},"modified":"2025-04-23T10:59:44","modified_gmt":"2025-04-23T10:59:44","slug":"aurusaunalamp-neo-ip67-kuldne","status":"publish","type":"product","link":"https:\/\/koduspa.ee\/en\/pood\/valgustid-en\/aurusaunalamp-neo-ip67-kuldne\/","title":{"rendered":"Aurusaunalamp NEO IP67 kuldne"},"content":{"rendered":"<div class=\"woocommerce-product-details__short-description\">\n<h6>Neo IP67 (5W) on paigaldusvalmis aurusaunalamp.<\/h6>\n<\/div>\n<h6>Sisaldab 5m \u00fchenduskaablit ja OTI Dali toiteallikat.<\/h6>\n<h6>Lihtne, veekindel paigaldamine ehitusfaasis,<\/h6>\n<h6>\u00a0eraldi tellida paigalduskrae 1553022 hind 8 eur t\u00fckk.<\/h6>\n<ul>\n<li>\n<h6>5 W \/ 150 mA \/ 3000 K \/ 474 lm<\/h6>\n<\/li>\n<li>\n<h6>Ra &gt; 90<\/h6>\n<\/li>\n<li>\n<h6>Satiinklaas<\/h6>\n<\/li>\n<li>\n<h6>L\u00e4bim\u00f5\u00f5t 74 mm<\/h6>\n<\/li>\n<li>\n<h6>Paigaldusava 50 mm<\/h6>\n<\/li>\n<li>\n<h6>Kaasas \u00fchenduskaabel 5m<\/h6>\n<\/li>\n<li>\n<h6>Sisaldab toiteallikat<\/h6>\n<\/li>\n<li>\n<h6>IP67<\/h6>\n<\/li>\n<\/ul>\n","protected":false},"excerpt":{"rendered":"<p>Neo IP67 (5W) on paigaldusvalmis aurusaunalamp. Sisaldab 5m \u00fchenduskaablit ja OTI Dali toiteallikat. Lihtne, veekindel paigaldamine ehitusfaasis, \u00a0eraldi tellida paigalduskrae 1553022 hind 8 eur t\u00fckk. 5 W \/ 150 mA \/ 3000 K \/ 474 lm Ra &gt; 90 Satiinklaas L\u00e4bim\u00f5\u00f5t 74 mm Paigaldusava 50 mm Kaasas \u00fchenduskaabel 5m Sisaldab toiteallikat IP67<\/p>\n","protected":false},"featured_media":17163,"comment_status":"open","ping_status":"closed","template":"","meta":{"_acf_changed":false,"_genesis_hide_title":false,"_genesis_hide_breadcrumbs":false,"_genesis_hide_singular_image":false,"_genesis_hide_footer_widgets":false,"_genesis_custom_body_class":"","_genesis_custom_post_class":"","_genesis_layout":""},"product_brand":[],"product_cat":[180],"product_tag":[],"class_list":{"0":"post-17170","1":"product","2":"type-product","3":"status-publish","4":"has-post-thumbnail","6":"product_cat-valgustid","7":"entry","8":"override","10":"first","11":"instock","12":"shipping-taxable","13":"purchasable","14":"product-type-simple"},"acf":[],"_links":{"self":[{"href":"https:\/\/koduspa.ee\/en\/wp-json\/wp\/v2\/product\/17170","targetHints":{"allow":["GET"]}}],"collection":[{"href":"https:\/\/koduspa.ee\/en\/wp-json\/wp\/v2\/product"}],"about":[{"href":"https:\/\/koduspa.ee\/en\/wp-json\/wp\/v2\/types\/product"}],"replies":[{"embeddable":true,"href":"https:\/\/koduspa.ee\/en\/wp-json\/wp\/v2\/comments?post=17170"}],"wp:featuredmedia":[{"embeddable":true,"href":"https:\/\/koduspa.ee\/en\/wp-json\/wp\/v2\/media\/17163"}],"wp:attachment":[{"href":"https:\/\/koduspa.ee\/en\/wp-json\/wp\/v2\/media?parent=17170"}],"wp:term":[{"taxonomy":"product_brand","embeddable":true,"href":"https:\/\/koduspa.ee\/en\/wp-json\/wp\/v2\/product_brand?post=17170"},{"taxonomy":"product_cat","embeddable":true,"href":"https:\/\/koduspa.ee\/en\/wp-json\/wp\/v2\/product_cat?post=17170"},{"taxonomy":"product_tag","embeddable":true,"href":"https:\/\/koduspa.ee\/en\/wp-json\/wp\/v2\/product_tag?post=17170"}],"curies":[{"name":"wp","href":"https:\/\/api.w.org\/{rel}","templated":true}]}}