{"id":17155,"date":"2025-04-23T10:06:56","date_gmt":"2025-04-23T10:06:56","guid":{"rendered":"https:\/\/koduspa.ee\/?post_type=product&#038;p=17155"},"modified":"2026-02-16T13:01:20","modified_gmt":"2026-02-16T13:01:20","slug":"veeanum-cariitti-glow-sangadega","status":"publish","type":"product","link":"https:\/\/koduspa.ee\/en\/pood\/aksessuaarid-en\/veeanum-cariitti-glow-sangadega\/","title":{"rendered":"VEEANUM CARIITTI GLOW sangadega"},"content":{"rendered":"<h6><span style=\"color: #000000;\">Anuma\u00a0 v\u00e4lisl\u00e4bim\u00f5\u00f5t on 320 mm, <\/span><\/h6>\n<h6><span style=\"color: #000000;\">kinnitusava l\u00e4bim\u00f5\u00f5t 285 mm ja k\u00f5rgus 180 mm,<\/span><\/h6>\n<h6><span style=\"color: #000000;\">materjal on rohekas akr\u00fc\u00fcl.<\/span><\/h6>\n","protected":false},"excerpt":{"rendered":"<p>Anuma\u00a0 v\u00e4lisl\u00e4bim\u00f5\u00f5t on 320 mm, kinnitusava l\u00e4bim\u00f5\u00f5t 285 mm ja k\u00f5rgus 180 mm, materjal on rohekas akr\u00fc\u00fcl.<\/p>\n","protected":false},"featured_media":14846,"comment_status":"open","ping_status":"closed","template":"","meta":{"_acf_changed":false,"_genesis_hide_title":false,"_genesis_hide_breadcrumbs":false,"_genesis_hide_singular_image":false,"_genesis_hide_footer_widgets":false,"_genesis_custom_body_class":"","_genesis_custom_post_class":"","_genesis_layout":""},"product_brand":[],"product_cat":[184],"product_tag":[],"class_list":{"0":"post-17155","1":"product","2":"type-product","3":"status-publish","4":"has-post-thumbnail","6":"product_cat-aksessuaarid","7":"entry","8":"override","10":"first","11":"instock","12":"shipping-taxable","13":"purchasable","14":"product-type-simple"},"acf":[],"_links":{"self":[{"href":"https:\/\/koduspa.ee\/en\/wp-json\/wp\/v2\/product\/17155","targetHints":{"allow":["GET"]}}],"collection":[{"href":"https:\/\/koduspa.ee\/en\/wp-json\/wp\/v2\/product"}],"about":[{"href":"https:\/\/koduspa.ee\/en\/wp-json\/wp\/v2\/types\/product"}],"replies":[{"embeddable":true,"href":"https:\/\/koduspa.ee\/en\/wp-json\/wp\/v2\/comments?post=17155"}],"wp:featuredmedia":[{"embeddable":true,"href":"https:\/\/koduspa.ee\/en\/wp-json\/wp\/v2\/media\/14846"}],"wp:attachment":[{"href":"https:\/\/koduspa.ee\/en\/wp-json\/wp\/v2\/media?parent=17155"}],"wp:term":[{"taxonomy":"product_brand","embeddable":true,"href":"https:\/\/koduspa.ee\/en\/wp-json\/wp\/v2\/product_brand?post=17155"},{"taxonomy":"product_cat","embeddable":true,"href":"https:\/\/koduspa.ee\/en\/wp-json\/wp\/v2\/product_cat?post=17155"},{"taxonomy":"product_tag","embeddable":true,"href":"https:\/\/koduspa.ee\/en\/wp-json\/wp\/v2\/product_tag?post=17155"}],"curies":[{"name":"wp","href":"https:\/\/api.w.org\/{rel}","templated":true}]}}