{"id":15926,"date":"2024-04-08T09:30:28","date_gmt":"2024-04-08T09:30:28","guid":{"rendered":"https:\/\/koduspa.ee\/?post_type=product&#038;p=15926"},"modified":"2024-04-08T10:10:03","modified_gmt":"2024-04-08T10:10:03","slug":"tylo-klaassein-mand-9l","status":"publish","type":"product","link":"https:\/\/koduspa.ee\/en\/pood\/klaasseinad\/tylo-klaassein-mand-9l\/","title":{"rendered":"TYL\u00d6 KLAASSEIN 9L 762&#215;1781 L\u00c4BIPAISTEV M\u00c4ND"},"content":{"rendered":"<h6><span style=\"color: #000000;\">M\u00f5\u00f5duga 762x178x92mm,<\/span><\/h6>\n<h6><span style=\"color: #000000;\"> 8mm karastatud l\u00e4bipaistvast turvaklaasist,<\/span><\/h6>\n<h6><span style=\"color: #000000;\">raam m\u00e4nnipuidust.<\/span><\/h6>\n<h6><span style=\"color: #000000;\">Juhend:<\/span><\/h6>\n<p><a href=\"https:\/\/s3-eu-west-1.amazonaws.com\/gung-images-bucket-ireland\/tylo\/pim-item\/95113800\/2900%204265%20Glass%20Wall.pdf\">https:\/\/s3-eu-west-1.amazonaws.com\/gung-images-bucket-ireland\/tylo\/pim-item\/95113800\/2900%204265%20Glass%20Wall.pdf<\/a><\/p>\n","protected":false},"excerpt":{"rendered":"<p>M\u00f5\u00f5duga 762x178x92mm, 8mm karastatud l\u00e4bipaistvast turvaklaasist, raam m\u00e4nnipuidust. Juhend: https:\/\/s3-eu-west-1.amazonaws.com\/gung-images-bucket-ireland\/tylo\/pim-item\/95113800\/2900%204265%20Glass%20Wall.pdf<\/p>\n","protected":false},"featured_media":15927,"comment_status":"open","ping_status":"closed","template":"","meta":{"_acf_changed":false,"_genesis_hide_title":false,"_genesis_hide_breadcrumbs":false,"_genesis_hide_singular_image":false,"_genesis_hide_footer_widgets":false,"_genesis_custom_body_class":"","_genesis_custom_post_class":"","_genesis_layout":""},"product_brand":[],"product_cat":[370],"product_tag":[],"class_list":{"0":"post-15926","1":"product","2":"type-product","3":"status-publish","4":"has-post-thumbnail","6":"product_cat-klaasseinad","7":"entry","8":"override","10":"first","11":"instock","12":"shipping-taxable","13":"purchasable","14":"product-type-simple"},"acf":[],"_links":{"self":[{"href":"https:\/\/koduspa.ee\/en\/wp-json\/wp\/v2\/product\/15926","targetHints":{"allow":["GET"]}}],"collection":[{"href":"https:\/\/koduspa.ee\/en\/wp-json\/wp\/v2\/product"}],"about":[{"href":"https:\/\/koduspa.ee\/en\/wp-json\/wp\/v2\/types\/product"}],"replies":[{"embeddable":true,"href":"https:\/\/koduspa.ee\/en\/wp-json\/wp\/v2\/comments?post=15926"}],"wp:featuredmedia":[{"embeddable":true,"href":"https:\/\/koduspa.ee\/en\/wp-json\/wp\/v2\/media\/15927"}],"wp:attachment":[{"href":"https:\/\/koduspa.ee\/en\/wp-json\/wp\/v2\/media?parent=15926"}],"wp:term":[{"taxonomy":"product_brand","embeddable":true,"href":"https:\/\/koduspa.ee\/en\/wp-json\/wp\/v2\/product_brand?post=15926"},{"taxonomy":"product_cat","embeddable":true,"href":"https:\/\/koduspa.ee\/en\/wp-json\/wp\/v2\/product_cat?post=15926"},{"taxonomy":"product_tag","embeddable":true,"href":"https:\/\/koduspa.ee\/en\/wp-json\/wp\/v2\/product_tag?post=15926"}],"curies":[{"name":"wp","href":"https:\/\/api.w.org\/{rel}","templated":true}]}}