{"id":15525,"date":"2024-04-03T12:20:12","date_gmt":"2024-04-03T12:20:12","guid":{"rendered":"https:\/\/koduspa.ee\/?post_type=product&#038;p=15525"},"modified":"2025-04-23T05:44:47","modified_gmt":"2025-04-23T05:44:47","slug":"cariitti-sauna-termomeeter-valgustusega-sq","status":"publish","type":"product","link":"https:\/\/koduspa.ee\/en\/pood\/aksessuaarid\/cariitti-sauna-termomeeter-valgustusega-sq\/","title":{"rendered":"CARIITTI Sauna termomeeter valgustusega SQ"},"content":{"rendered":"<h6>Ruudukujuline sauna termomeeter on valmistatud mattklaasist ja<\/h6>\n<h6>lihvitud esimesest skaalast.<\/h6>\n<h6>Valgustuse jaoks on vaja kas \u00fchte LED-i v\u00f5i \u00fchte 2-4 mm kiudu.<\/h6>\n<h6>M\u00f5\u00f5tja suurus on 120\u00d7120 mm ja s\u00fcgavus 40 mm,<\/h6>\n<h6>seinapinnast 20 mm.<\/h6>\n<h6>Kinnitub seinapaneelile kolme kaasasoleva esimese kruviga.<\/h6>\n<h6>Juhend:<\/h6>\n<p><a href=\"https:\/\/www.cariitti.fi\/app\/uploads\/2020\/05\/asennusohje-lampo-ja-kosteusmittarit-1-1.pdf\">https:\/\/www.cariitti.fi\/app\/uploads\/2020\/05\/asennusohje-lampo-ja-kosteusmittarit-1-1.pdf<\/a><\/p>\n","protected":false},"excerpt":{"rendered":"<p>Ruudukujuline sauna termomeeter on valmistatud mattklaasist ja lihvitud esimesest skaalast. Valgustuse jaoks on vaja kas \u00fchte LED-i v\u00f5i \u00fchte 2-4 mm kiudu. M\u00f5\u00f5tja suurus on 120\u00d7120 mm ja s\u00fcgavus 40 mm, seinapinnast 20 mm. Kinnitub seinapaneelile kolme kaasasoleva esimese kruviga. Juhend: https:\/\/www.cariitti.fi\/app\/uploads\/2020\/05\/asennusohje-lampo-ja-kosteusmittarit-1-1.pdf<\/p>\n","protected":false},"featured_media":15526,"comment_status":"open","ping_status":"closed","template":"","meta":{"_acf_changed":false,"_genesis_hide_title":false,"_genesis_hide_breadcrumbs":false,"_genesis_hide_singular_image":false,"_genesis_hide_footer_widgets":false,"_genesis_custom_body_class":"","_genesis_custom_post_class":"","_genesis_layout":""},"product_cat":[184],"product_tag":[],"acf":[],"_links":{"self":[{"href":"https:\/\/koduspa.ee\/en\/wp-json\/wp\/v2\/product\/15525"}],"collection":[{"href":"https:\/\/koduspa.ee\/en\/wp-json\/wp\/v2\/product"}],"about":[{"href":"https:\/\/koduspa.ee\/en\/wp-json\/wp\/v2\/types\/product"}],"replies":[{"embeddable":true,"href":"https:\/\/koduspa.ee\/en\/wp-json\/wp\/v2\/comments?post=15525"}],"wp:featuredmedia":[{"embeddable":true,"href":"https:\/\/koduspa.ee\/en\/wp-json\/wp\/v2\/media\/15526"}],"wp:attachment":[{"href":"https:\/\/koduspa.ee\/en\/wp-json\/wp\/v2\/media?parent=15525"}],"wp:term":[{"taxonomy":"product_cat","embeddable":true,"href":"https:\/\/koduspa.ee\/en\/wp-json\/wp\/v2\/product_cat?post=15525"},{"taxonomy":"product_tag","embeddable":true,"href":"https:\/\/koduspa.ee\/en\/wp-json\/wp\/v2\/product_tag?post=15525"}],"curies":[{"name":"wp","href":"https:\/\/api.w.org\/{rel}","templated":true}]}}