{"id":15472,"date":"2024-04-03T11:32:56","date_gmt":"2024-04-03T11:32:56","guid":{"rendered":"https:\/\/koduspa.ee\/?post_type=product&#038;p=15472"},"modified":"2025-04-23T05:44:02","modified_gmt":"2025-04-23T05:44:02","slug":"cariitti-sauna-termomeeter-valgustusega-must","status":"publish","type":"product","link":"https:\/\/koduspa.ee\/en\/pood\/aksessuaarid-en\/cariitti-sauna-termomeeter-valgustusega-must\/","title":{"rendered":"CARIITTI Sauna termomeeter valgustusega must"},"content":{"rendered":"<h6><span style=\"color: #000000;\">Saunatermomeetril on poleeritud mustaks v\u00e4rvitud esimene raam ja <\/span><\/h6>\n<h6><span style=\"color: #000000;\">satiinviimistlusega pol\u00fckarbonaadist taust, mille kaudu on m\u00f5\u00f5dik \u00fchtlaselt valgustatud. <\/span><\/h6>\n<h6><span style=\"color: #000000;\">Valgustuse jaoks on vaja kas \u00fchte LED-i v\u00f5i \u00fchte 2-4 mm kiudu.<\/span><\/h6>\n<h6><span style=\"color: #000000;\">Arvesti l\u00e4bim\u00f5\u00f5t on 120 mm ja keelek\u00fcmbluss\u00fcgavus 40 mm. <\/span><\/h6>\n<h6><span style=\"color: #000000;\">V\u00e4ljaulatuvus seinapinnast 20 mm. Kinnitub seinapaneelile kolme kaasasoleva esimese kruviga.<\/span><\/h6>\n<h6><span style=\"color: #000000;\">Juhend:<\/span><\/h6>\n<p><a href=\"https:\/\/www.cariitti.fi\/app\/uploads\/2020\/05\/asennusohje-lampo-ja-kosteusmittarit-1-1.pdf\">https:\/\/www.cariitti.fi\/app\/uploads\/2020\/05\/asennusohje-lampo-ja-kosteusmittarit-1-1.pdf<\/a><\/p>\n<p>&nbsp;<\/p>\n","protected":false},"excerpt":{"rendered":"<p>Saunatermomeetril on poleeritud mustaks v\u00e4rvitud esimene raam ja satiinviimistlusega pol\u00fckarbonaadist taust, mille kaudu on m\u00f5\u00f5dik \u00fchtlaselt valgustatud. Valgustuse jaoks on vaja kas \u00fchte LED-i v\u00f5i \u00fchte 2-4 mm kiudu. Arvesti l\u00e4bim\u00f5\u00f5t on 120 mm ja keelek\u00fcmbluss\u00fcgavus 40 mm. V\u00e4ljaulatuvus seinapinnast 20 mm. Kinnitub seinapaneelile kolme kaasasoleva esimese kruviga. Juhend: https:\/\/www.cariitti.fi\/app\/uploads\/2020\/05\/asennusohje-lampo-ja-kosteusmittarit-1-1.pdf &nbsp;<\/p>\n","protected":false},"featured_media":15473,"comment_status":"open","ping_status":"closed","template":"","meta":{"_acf_changed":false,"_genesis_hide_title":false,"_genesis_hide_breadcrumbs":false,"_genesis_hide_singular_image":false,"_genesis_hide_footer_widgets":false,"_genesis_custom_body_class":"","_genesis_custom_post_class":"","_genesis_layout":""},"product_brand":[],"product_cat":[184],"product_tag":[],"class_list":{"0":"post-15472","1":"product","2":"type-product","3":"status-publish","4":"has-post-thumbnail","6":"product_cat-aksessuaarid","7":"entry","8":"override","10":"first","11":"instock","12":"shipping-taxable","13":"purchasable","14":"product-type-simple"},"acf":[],"_links":{"self":[{"href":"https:\/\/koduspa.ee\/en\/wp-json\/wp\/v2\/product\/15472","targetHints":{"allow":["GET"]}}],"collection":[{"href":"https:\/\/koduspa.ee\/en\/wp-json\/wp\/v2\/product"}],"about":[{"href":"https:\/\/koduspa.ee\/en\/wp-json\/wp\/v2\/types\/product"}],"replies":[{"embeddable":true,"href":"https:\/\/koduspa.ee\/en\/wp-json\/wp\/v2\/comments?post=15472"}],"wp:featuredmedia":[{"embeddable":true,"href":"https:\/\/koduspa.ee\/en\/wp-json\/wp\/v2\/media\/15473"}],"wp:attachment":[{"href":"https:\/\/koduspa.ee\/en\/wp-json\/wp\/v2\/media?parent=15472"}],"wp:term":[{"taxonomy":"product_brand","embeddable":true,"href":"https:\/\/koduspa.ee\/en\/wp-json\/wp\/v2\/product_brand?post=15472"},{"taxonomy":"product_cat","embeddable":true,"href":"https:\/\/koduspa.ee\/en\/wp-json\/wp\/v2\/product_cat?post=15472"},{"taxonomy":"product_tag","embeddable":true,"href":"https:\/\/koduspa.ee\/en\/wp-json\/wp\/v2\/product_tag?post=15472"}],"curies":[{"name":"wp","href":"https:\/\/api.w.org\/{rel}","templated":true}]}}