{"id":15323,"date":"2024-03-27T13:18:38","date_gmt":"2024-03-27T13:18:38","guid":{"rendered":"https:\/\/koduspa.ee\/?post_type=product&#038;p=15323"},"modified":"2025-03-20T12:36:31","modified_gmt":"2025-03-20T12:36:31","slug":"cariitti-sauna-temperatuuri-niiskuse-mootja-kivi-must","status":"publish","type":"product","link":"https:\/\/koduspa.ee\/en\/pood\/aksessuaarid-en\/cariitti-sauna-temperatuuri-niiskuse-mootja-kivi-must\/","title":{"rendered":"CARIITTI Sauna temperatuuri-niiskuse m\u00f5\u00f5tja Kivi Must"},"content":{"rendered":"<h6><span style=\"color: #000000;\">Sauna soojuse ja niiskuse kombineeritud m\u00f5\u00f5tja. <\/span><\/h6>\n<h6><span style=\"color: #000000;\">Kivi loomulik kuju imiteerib mereranda uhutud kive.<\/span><\/h6>\n<h6><span style=\"color: #000000;\">Saunatermomeetril on poleeritud mustaks v\u00e4rvitud esimene <\/span><\/h6>\n<h6><span style=\"color: #000000;\">raam ja satiinviimistlusega pol\u00fckarbonaadist taust, <\/span><\/h6>\n<h6><span style=\"color: #000000;\">mille kaudu on m\u00f5\u00f5dik \u00fchtlaselt valgustatud. <\/span><\/h6>\n<h6><span style=\"color: #000000;\">Valgustuse jaoks on vaja kas 2 LED-i v\u00f5i 2 t\u00fckki 2-4 mm kiudu.<\/span><\/h6>\n<h6><span style=\"color: #000000;\">M\u00f5\u00f5diku k\u00f5rgus on 220 mm, laius 205 mm ja keelek\u00fcmbluss\u00fcgavus 40 mm. <\/span><\/h6>\n<h6><span style=\"color: #000000;\">V\u00e4ljaulatuvus seinapinnast 20 mm. <\/span><\/h6>\n<h6><span style=\"color: #000000;\">Arvesti paigaldatakse voodri k\u00fclge ja kinnitatakse viie esimese kruviga seinapaneeli k\u00fclge.<\/span><\/h6>\n<h6><span style=\"color: #000000;\">V\u00e4rvus matt must.<\/span><\/h6>\n<h6><span style=\"color: #000000;\">Kujundus: Frida Lindstr\u00f6m<\/span><\/h6>\n<h6><strong><span style=\"color: #000000;\">Juhend:<\/span><\/strong><\/h6>\n<p><a href=\"https:\/\/www.cariitti.fi\/app\/uploads\/2020\/05\/kivi-lampo-ja-kosteusmittari-1545861-1545822-1545862.pdf\">https:\/\/www.cariitti.fi\/app\/uploads\/2020\/05\/kivi-lampo-ja-kosteusmittari-1545861-1545822-1545862.pdf<\/a><\/p>\n","protected":false},"excerpt":{"rendered":"<p>Sauna soojuse ja niiskuse kombineeritud m\u00f5\u00f5tja. Kivi loomulik kuju imiteerib mereranda uhutud kive. Saunatermomeetril on poleeritud mustaks v\u00e4rvitud esimene raam ja satiinviimistlusega pol\u00fckarbonaadist taust, mille kaudu on m\u00f5\u00f5dik \u00fchtlaselt valgustatud. Valgustuse jaoks on vaja kas 2 LED-i v\u00f5i 2 t\u00fckki 2-4 mm kiudu. M\u00f5\u00f5diku k\u00f5rgus on 220 mm, laius 205 mm ja keelek\u00fcmbluss\u00fcgavus 40 mm. [&hellip;]<\/p>\n","protected":false},"featured_media":15327,"comment_status":"open","ping_status":"closed","template":"","meta":{"_acf_changed":false,"_genesis_hide_title":false,"_genesis_hide_breadcrumbs":false,"_genesis_hide_singular_image":false,"_genesis_hide_footer_widgets":false,"_genesis_custom_body_class":"","_genesis_custom_post_class":"","_genesis_layout":""},"product_brand":[],"product_cat":[184],"product_tag":[],"class_list":{"0":"post-15323","1":"product","2":"type-product","3":"status-publish","4":"has-post-thumbnail","6":"product_cat-aksessuaarid","7":"entry","8":"override","10":"first","11":"instock","12":"shipping-taxable","13":"purchasable","14":"product-type-simple"},"acf":[],"_links":{"self":[{"href":"https:\/\/koduspa.ee\/en\/wp-json\/wp\/v2\/product\/15323","targetHints":{"allow":["GET"]}}],"collection":[{"href":"https:\/\/koduspa.ee\/en\/wp-json\/wp\/v2\/product"}],"about":[{"href":"https:\/\/koduspa.ee\/en\/wp-json\/wp\/v2\/types\/product"}],"replies":[{"embeddable":true,"href":"https:\/\/koduspa.ee\/en\/wp-json\/wp\/v2\/comments?post=15323"}],"wp:featuredmedia":[{"embeddable":true,"href":"https:\/\/koduspa.ee\/en\/wp-json\/wp\/v2\/media\/15327"}],"wp:attachment":[{"href":"https:\/\/koduspa.ee\/en\/wp-json\/wp\/v2\/media?parent=15323"}],"wp:term":[{"taxonomy":"product_brand","embeddable":true,"href":"https:\/\/koduspa.ee\/en\/wp-json\/wp\/v2\/product_brand?post=15323"},{"taxonomy":"product_cat","embeddable":true,"href":"https:\/\/koduspa.ee\/en\/wp-json\/wp\/v2\/product_cat?post=15323"},{"taxonomy":"product_tag","embeddable":true,"href":"https:\/\/koduspa.ee\/en\/wp-json\/wp\/v2\/product_tag?post=15323"}],"curies":[{"name":"wp","href":"https:\/\/api.w.org\/{rel}","templated":true}]}}